{"id":17026,"date":"2024-05-20T15:52:55","date_gmt":"2024-05-20T12:52:55","guid":{"rendered":"https:\/\/www-preprod.ppcenergy.ro\/campanie\/"},"modified":"2025-06-03T17:13:59","modified_gmt":"2025-06-03T14:13:59","slug":"kampany","status":"publish","type":"page","link":"https:\/\/www-preprod.ppcenergy.ro\/hu\/kampany\/","title":{"rendered":"Kamp\u00e1ny"},"content":{"rendered":"<section id=\"\" class=\"block-top-product \">\n    <div class='top-product'>\n                <div class=\"full-slide  fullproduct  articles left slider-type-gradient\">\n                                        <div\n                    class='gradient desktop bottomleft brown full eleven_per_row'>\n                    <div class='line line1'><\/div>\n                    <div class='line line2'><\/div>\n                    <div class='line line3'><\/div>\n                    <div class='line line4'><\/div>\n                                                                <div class='line line5'><\/div>\n                        <div class='line line6'><\/div>\n                        <div class='line line7'><\/div>\n                        <div class='line line8'><\/div>\n                        <div class='line line9'><\/div>\n                        <div class='line line10'><\/div>\n                        <div class='line line11'><\/div>\n                                    <\/div>\n                                                    <div class=\"product-textbox  text-color-white\">\n                                            <div\n                            class='gradient mobile bottomleft brown full eleven_per_row'>\n                            <div class='line line1'><\/div>\n                            <div class='line line2'><\/div>\n                            <div class='line line3'><\/div>\n                            <div class='line line4'><\/div>\n                                                                                        <div class='line line5'><\/div>\n                                <div class='line line6'><\/div>\n                                <div class='line line7'><\/div>\n                                <div class='line line8'><\/div>\n                                <div class='line line9'><\/div>\n                                <div class='line line10'><\/div>\n                                <div class='line line11'><\/div>\n                                                    <\/div>\n                    \n                                                                                    <h2 class=\"title\">\n                        Campanii promo\u021bionale                        <\/h2>\n                                                                                                                        \n                                                        <\/div>\n                    <\/div>\n    <\/div>\n<\/section>\n\n<section id=\"\" class=\"block-breadcrumbs\">\n    <ul id=\"breadcrumbs\" itemprop=\"breadcrumb\" class=\"breadcrumbs\"><li><a rel=\"home\" href=\"https:\/\/www-preprod.ppcenergy.ro\/hu\/\"><span class=\"logo-breadcrumbs\"><\/span><\/a><\/li><\/ul><\/section>\n\n\n<div style=\"height:32px\" aria-hidden=\"true\" class=\"wp-block-spacer\"><\/div>\n\n\n    <section id=\"\" class=\"block-carousel background-color- is-style-border\">\n        <div class=\"gradient gradient-global  \">\n            <div class='line line1' style=\"\"><\/div>\n            <div class='line line2' style=\"\"><\/div>\n            <div class='line line3' style=\"\"><\/div>\n            <div class='line line4' style=\"\"><\/div>\n            <div class='line line5' style=\"\"><\/div>\n            <div class='line line6' style=\"\"><\/div>\n            <div class='line line7' style=\"\"><\/div>\n            <div class='line line8' style=\"\"><\/div>\n            <div class='line line9' style=\"\"><\/div>\n            <div class='line line10' style=\"\"><\/div>\n            <div class='line line11' style=\"\"><\/div>\n        <\/div>\n        <div class=\"pull-wrapper\">\n            <div class=\"upper-slider container-pull\">\n                                    <h2 class=\"title\">\n                        Centralizator campanii promo\u021bionale                    <\/h2>\n                                <\/div>\n                    <\/div>\n        <div class='carousel-global pull-wrapper carousel-slider'\n             data-slide-per-row=\"4\">\n                                 <div class=\"carousel-slide four_per_row\">\n                                            <div class=\"image-carousel\">\n                                                                                        <div class=\"image-title-carousel\">\n                                    Campanie \u00eencheiat\u0103                                <\/div>\n                                                    <\/div>\n                                                                <div class=\"text-carousel\">\n                                                            <h3 class=\"title\">\n                                    Preg\u0103tit pentru var\u0103, la un pre\u021b de neratat                                <\/h3>\n                                                                                        <div class=\"text\">\n                                    <p>Un cadou inspirat sau preg\u0103tiri pentru var\u0103? Nu te \u00eentreb\u0103m care e motivul pentru care solici\u021bi o ofert\u0103, noi doar furniz\u0103m rapid aparate de aer condi\u021bionat performante, la pre\u021buri de neratat.<\/p>\n<p>Cump\u0103r\u0103 aparat de aer condi\u021bionat de la 74,9 lei\/lun\u0103.<\/p>\n                                <\/div>\n                                                    <\/div>\n                                                                <a class=\"global-link\" href=\"https:\/\/www-preprod.ppcenergy.ro\/campanie\/pregatit-pentru-vara\/\" title=\"Vezi detalii\" target=\"_self\">\n                            <span class=\"long-arrow right\"><\/span>\n                        <\/a>\n                                    <\/div>\n                                <div class=\"carousel-slide four_per_row\">\n                                            <div class=\"image-carousel\">\n                                                                                        <div class=\"image-title-carousel\">\n                                    Campanie \u00eencheiat\u0103                                <\/div>\n                                                    <\/div>\n                                                                <div class=\"text-carousel\">\n                                                            <h3 class=\"title\">\n                                    Reduceri relaxate \u00een jude\u021bul t\u0103u                                <\/h3>\n                                                                                        <div class=\"text\">\n                                    <p>Promo\u021bie valabil\u0103 \u00een perioada 03.02.2025-16.03.2025 pentru clien\u021bii casnici, la achizi\u021bionarea produsului PPC Relaxat pentru un loc de consum nou \u00een portofoliul PPC din jude\u021bele Bac\u0103u, Buz\u0103u, Cluj, D\u00e2mbovi\u021ba, Ia\u0219i, Mure\u0219, Neam\u021b, Olt, Prahova, Sibiu, Suceava.<\/p>\n                                <\/div>\n                                                    <\/div>\n                                                                <a class=\"global-link\" href=\"https:\/\/www-preprod.ppcenergy.ro\/campanie\/reduceri-relaxate\/\" title=\"Vezi detalii\" target=\"_self\">\n                            <span class=\"long-arrow right\"><\/span>\n                        <\/a>\n                                    <\/div>\n                                <div class=\"carousel-slide four_per_row\">\n                                            <div class=\"image-carousel\">\n                                                                                        <div class=\"image-title-carousel\">\n                                    Campanie \u00eencheiat\u0103                                <\/div>\n                                                    <\/div>\n                                                                <div class=\"text-carousel\">\n                                                            <h3 class=\"title\">\n                                    Bright Friday la PPC                                <\/h3>\n                                                                                        <div class=\"text\">\n                                    <p>Profit\u0103 de cele mai avantajoase oferte ale anului \u0219i transform\u0103-\u021bi casa \u00eentr-un c\u0103min confortabil \u0219i eficient energetic.<\/p>\n                                <\/div>\n                                                    <\/div>\n                                                                <a class=\"global-link\" href=\"https:\/\/www-preprod.ppcenergy.ro\/campanie\/bright-friday\/\" title=\"Vezi detalii\" target=\"_self\">\n                            <span class=\"long-arrow right\"><\/span>\n                        <\/a>\n                                    <\/div>\n                                <div class=\"carousel-slide four_per_row\">\n                                            <div class=\"image-carousel\">\n                                                                                        <div class=\"image-title-carousel\">\n                                    Campanie \u00eencheiat\u0103                                <\/div>\n                                                    <\/div>\n                                                                <div class=\"text-carousel\">\n                                                            <h3 class=\"title\">\n                                    Ia acum aparat de aer condi\u021bionat \u0219i \u00eencepi s\u0103 pl\u0103te\u0219ti dup\u0103 2 luni                                <\/h3>\n                                                                                        <div class=\"text\">\n                                    <p>Alege aparat de aer condi\u021bionat la doar 99,9 lei\/lun\u0103, cu instalare \u0219i livrare incluse! \u00cencepi s\u0103 pl\u0103te\u0219ti dup\u0103 2 luni \u0219i te bucuri de confortul dorit, tot timpul anului.<\/p>\n                                <\/div>\n                                                    <\/div>\n                                                                <a class=\"global-link\" href=\"https:\/\/www-preprod.ppcenergy.ro\/campanie\/cumperi-aer-conditionat-si-platesti-mai-tarziu\/\" title=\"Vezi detalii\" target=\"_self\">\n                            <span class=\"long-arrow right\"><\/span>\n                        <\/a>\n                                    <\/div>\n                                <div class=\"carousel-slide four_per_row\">\n                                            <div class=\"image-carousel\">\n                                                                                        <div class=\"image-title-carousel\">\n                                    Campanie \u00eencheiat\u0103                                <\/div>\n                                                    <\/div>\n                                                                <div class=\"text-carousel\">\n                                                            <h3 class=\"title\">\n                                    Energie f\u0103r\u0103 Griji \u2013 100 RON Discount \u00een jude\u021bul t\u0103u!                                <\/h3>\n                                                                                        <div class=\"text\">\n                                    <p>Campania promo\u021bional\u0103 adresat\u0103 achizi\u021biei produsului PPC Relaxat, valabil\u0103 pentru clien\u021bii din urmatoarele jude\u021be\/localit\u00e2\u021bi: Ia\u0219i, Cluj, Dolj, Bra\u0219ov, Bucure\u0219ti, Constan\u021ba \u0219i Timi\u0219.<\/p>\n                                <\/div>\n                                                    <\/div>\n                                                                <a class=\"global-link\" href=\"https:\/\/www-preprod.ppcenergy.ro\/campanie\/energie-fara-griji\/\" title=\"Vezi detalii\" target=\"_self\">\n                            <span class=\"long-arrow right\"><\/span>\n                        <\/a>\n                                    <\/div>\n                                <div class=\"carousel-slide four_per_row\">\n                                            <div class=\"image-carousel\">\n                                                                                        <div class=\"image-title-carousel\">\n                                    Campanie \u00eencheiat\u0103                                <\/div>\n                                                    <\/div>\n                                                                <div class=\"text-carousel\">\n                                                            <h3 class=\"title\">\n                                    Activeaz\u0103 factura prin email sau SMS \u0219i po\u021bi c\u00e2\u0219tiga                                <\/h3>\n                                                                                        <div class=\"text\">\n                                    <p>Campania promo\u021bional\u0103 adresat\u0103 activ\u0103rii facturii electronice prin e-mail sau SMS.<\/p>\n                                <\/div>\n                                                    <\/div>\n                                                                <a class=\"global-link\" href=\"https:\/\/www-preprod.ppcenergy.ro\/campanie\/activeaza-factura-prin-email-sau-sms-si-poti-castiga\/\" title=\"Activeaz\u0103 factura prin email sau SMS \u0219i po\u021bi c\u00e2\u0219tiga\" target=\"_self\">\n                            <span class=\"long-arrow right\"><\/span>\n                        <\/a>\n                                    <\/div>\n                                <div class=\"carousel-slide four_per_row\">\n                                            <div class=\"image-carousel\">\n                                                                                        <div class=\"image-title-carousel\">\n                                    Campanie \u00eencheiat\u0103                                <\/div>\n                                                    <\/div>\n                                                                <div class=\"text-carousel\">\n                                                            <h3 class=\"title\">\n                                    Prinde oferta relaxat\u0103 de var\u0103                                <\/h3>\n                                                                                        <div class=\"text\">\n                                    <p>Campania promo\u021bional\u0103 adresat\u0103 achizi\u021biei produsului PPC Relaxat, valabil\u0103 pentru clien\u021bii din urmatoarele jude\u021be\/localit\u00e2\u021bi: Bra\u0219ov, Bucure\u0219ti, Cluj, Constan\u021ba, Dolj, la\u0219i, Timi\u0219.<\/p>\n                                <\/div>\n                                                    <\/div>\n                                                                <a class=\"global-link\" href=\"https:\/\/www-preprod.ppcenergy.ro\/campanie\/prinde-oferta-relaxata-de-vara\/\" title=\"Vezi detalii\" target=\"_self\">\n                            <span class=\"long-arrow right\"><\/span>\n                        <\/a>\n                                    <\/div>\n                                <div class=\"carousel-slide four_per_row\">\n                                            <div class=\"image-carousel\">\n                                                                                        <div class=\"image-title-carousel\">\n                                    Campanie \u00eencheiat\u0103                                <\/div>\n                                                    <\/div>\n                                                                <div class=\"text-carousel\">\n                                                            <h3 class=\"title\">\n                                    Energie pentru o var\u0103 relaxat\u0103, cu ceva \u00een plus                                <\/h3>\n                                                                                        <div class=\"text\">\n                                    <p>Campanie promo\u021bional\u0103 adresat\u0103 achizi\u021biei produsului PPC Relaxat, cu extragere de premii.<\/p>\n                                <\/div>\n                                                    <\/div>\n                                                                <a class=\"global-link\" href=\"https:\/\/www-preprod.ppcenergy.ro\/campanie\/energie-pentru-o-vara-relaxanta-cu-ceva-in-plus\/\" title=\"Vezi detalii\" target=\"_self\">\n                            <span class=\"long-arrow right\"><\/span>\n                        <\/a>\n                                    <\/div>\n                        <\/div>\n            <\/section>\n","protected":false},"excerpt":{"rendered":"","protected":false},"author":48,"featured_media":0,"parent":0,"menu_order":0,"comment_status":"closed","ping_status":"closed","template":"","meta":{"_acf_changed":false,"footnotes":""},"class_list":["post-17026","page","type-page","status-publish","hentry"],"acf":[],"yoast_head":"<!-- This site is optimized with the Yoast SEO Premium plugin v21.8 (Yoast SEO v27.3) - https:\/\/yoast.com\/product\/yoast-seo-premium-wordpress\/ -->\n<title>Kamp\u00e1ny - PPC<\/title>\n<meta name=\"robots\" content=\"index, follow, max-snippet:-1, max-image-preview:large, max-video-preview:-1\" \/>\n<link rel=\"canonical\" href=\"https:\/\/www-preprod.ppcenergy.ro\/hu\/kampany\/\" \/>\n<meta property=\"og:locale\" content=\"hu_HU\" \/>\n<meta property=\"og:type\" content=\"article\" \/>\n<meta property=\"og:title\" content=\"Kamp\u00e1ny\" \/>\n<meta property=\"og:url\" content=\"https:\/\/www-preprod.ppcenergy.ro\/hu\/kampany\/\" \/>\n<meta property=\"og:site_name\" content=\"PPC\" \/>\n<meta property=\"article:publisher\" content=\"https:\/\/www.facebook.com\/ppcenergy\" \/>\n<meta property=\"article:modified_time\" content=\"2025-06-03T14:13:59+00:00\" \/>\n<meta name=\"twitter:card\" content=\"summary_large_image\" \/>\n<meta name=\"twitter:site\" content=\"@PPCEnergyRo\" \/>\n<script type=\"application\/ld+json\" class=\"yoast-schema-graph\">{\"@context\":\"https:\\\/\\\/schema.org\",\"@graph\":[{\"@type\":\"WebPage\",\"@id\":\"https:\\\/\\\/www-preprod.ppcenergy.ro\\\/hu\\\/kampany\\\/\",\"url\":\"https:\\\/\\\/www-preprod.ppcenergy.ro\\\/hu\\\/kampany\\\/\",\"name\":\"Kamp\u00e1ny - PPC\",\"isPartOf\":{\"@id\":\"https:\\\/\\\/www-preprod.ppcenergy.ro\\\/#website\"},\"datePublished\":\"2024-05-20T12:52:55+00:00\",\"dateModified\":\"2025-06-03T14:13:59+00:00\",\"breadcrumb\":{\"@id\":\"https:\\\/\\\/www-preprod.ppcenergy.ro\\\/hu\\\/kampany\\\/#breadcrumb\"},\"inLanguage\":\"hu\",\"potentialAction\":[{\"@type\":\"ReadAction\",\"target\":[\"https:\\\/\\\/www-preprod.ppcenergy.ro\\\/hu\\\/kampany\\\/\"]}]},{\"@type\":\"BreadcrumbList\",\"@id\":\"https:\\\/\\\/www-preprod.ppcenergy.ro\\\/hu\\\/kampany\\\/#breadcrumb\",\"itemListElement\":[{\"@type\":\"ListItem\",\"position\":1,\"name\":\"Home\",\"item\":\"https:\\\/\\\/www-preprod.ppcenergy.ro\\\/hu\\\/\"},{\"@type\":\"ListItem\",\"position\":2,\"name\":\"Kamp\u00e1ny\"}]},{\"@type\":\"WebSite\",\"@id\":\"https:\\\/\\\/www-preprod.ppcenergy.ro\\\/#website\",\"url\":\"https:\\\/\\\/www-preprod.ppcenergy.ro\\\/\",\"name\":\"PPC\",\"description\":\"Energy\",\"publisher\":{\"@id\":\"https:\\\/\\\/www-preprod.ppcenergy.ro\\\/#organization\"},\"potentialAction\":[{\"@type\":\"SearchAction\",\"target\":{\"@type\":\"EntryPoint\",\"urlTemplate\":\"https:\\\/\\\/www-preprod.ppcenergy.ro\\\/?s={search_term_string}\"},\"query-input\":{\"@type\":\"PropertyValueSpecification\",\"valueRequired\":true,\"valueName\":\"search_term_string\"}}],\"inLanguage\":\"hu\"},{\"@type\":\"Organization\",\"@id\":\"https:\\\/\\\/www-preprod.ppcenergy.ro\\\/#organization\",\"name\":\"PPC\",\"url\":\"https:\\\/\\\/www-preprod.ppcenergy.ro\\\/\",\"logo\":{\"@type\":\"ImageObject\",\"inLanguage\":\"hu\",\"@id\":\"https:\\\/\\\/www-preprod.ppcenergy.ro\\\/#\\\/schema\\\/logo\\\/image\\\/\",\"url\":\"https:\\\/\\\/www-preprod.ppcenergy.ro\\\/wp-content\\\/uploads\\\/cropped-favicon.webp\",\"contentUrl\":\"https:\\\/\\\/www-preprod.ppcenergy.ro\\\/wp-content\\\/uploads\\\/cropped-favicon.webp\",\"width\":512,\"height\":512,\"caption\":\"PPC\"},\"image\":{\"@id\":\"https:\\\/\\\/www-preprod.ppcenergy.ro\\\/#\\\/schema\\\/logo\\\/image\\\/\"},\"sameAs\":[\"https:\\\/\\\/www.facebook.com\\\/ppcenergy\",\"https:\\\/\\\/x.com\\\/PPCEnergyRo\",\"https:\\\/\\\/www.instagram.com\\\/ppcenergyro\\\/\",\"https:\\\/\\\/www.youtube.com\\\/@PPCEnergy\",\"https:\\\/\\\/www.linkedin.com\\\/company\\\/ppc-energy\\\/\"]}]}<\/script>\n<!-- \/ Yoast SEO Premium plugin. -->","yoast_head_json":{"title":"Kamp\u00e1ny - PPC","robots":{"index":"index","follow":"follow","max-snippet":"max-snippet:-1","max-image-preview":"max-image-preview:large","max-video-preview":"max-video-preview:-1"},"canonical":"https:\/\/www-preprod.ppcenergy.ro\/hu\/kampany\/","og_locale":"hu_HU","og_type":"article","og_title":"Kamp\u00e1ny","og_url":"https:\/\/www-preprod.ppcenergy.ro\/hu\/kampany\/","og_site_name":"PPC","article_publisher":"https:\/\/www.facebook.com\/ppcenergy","article_modified_time":"2025-06-03T14:13:59+00:00","twitter_card":"summary_large_image","twitter_site":"@PPCEnergyRo","schema":{"@context":"https:\/\/schema.org","@graph":[{"@type":"WebPage","@id":"https:\/\/www-preprod.ppcenergy.ro\/hu\/kampany\/","url":"https:\/\/www-preprod.ppcenergy.ro\/hu\/kampany\/","name":"Kamp\u00e1ny - PPC","isPartOf":{"@id":"https:\/\/www-preprod.ppcenergy.ro\/#website"},"datePublished":"2024-05-20T12:52:55+00:00","dateModified":"2025-06-03T14:13:59+00:00","breadcrumb":{"@id":"https:\/\/www-preprod.ppcenergy.ro\/hu\/kampany\/#breadcrumb"},"inLanguage":"hu","potentialAction":[{"@type":"ReadAction","target":["https:\/\/www-preprod.ppcenergy.ro\/hu\/kampany\/"]}]},{"@type":"BreadcrumbList","@id":"https:\/\/www-preprod.ppcenergy.ro\/hu\/kampany\/#breadcrumb","itemListElement":[{"@type":"ListItem","position":1,"name":"Home","item":"https:\/\/www-preprod.ppcenergy.ro\/hu\/"},{"@type":"ListItem","position":2,"name":"Kamp\u00e1ny"}]},{"@type":"WebSite","@id":"https:\/\/www-preprod.ppcenergy.ro\/#website","url":"https:\/\/www-preprod.ppcenergy.ro\/","name":"PPC","description":"Energy","publisher":{"@id":"https:\/\/www-preprod.ppcenergy.ro\/#organization"},"potentialAction":[{"@type":"SearchAction","target":{"@type":"EntryPoint","urlTemplate":"https:\/\/www-preprod.ppcenergy.ro\/?s={search_term_string}"},"query-input":{"@type":"PropertyValueSpecification","valueRequired":true,"valueName":"search_term_string"}}],"inLanguage":"hu"},{"@type":"Organization","@id":"https:\/\/www-preprod.ppcenergy.ro\/#organization","name":"PPC","url":"https:\/\/www-preprod.ppcenergy.ro\/","logo":{"@type":"ImageObject","inLanguage":"hu","@id":"https:\/\/www-preprod.ppcenergy.ro\/#\/schema\/logo\/image\/","url":"https:\/\/www-preprod.ppcenergy.ro\/wp-content\/uploads\/cropped-favicon.webp","contentUrl":"https:\/\/www-preprod.ppcenergy.ro\/wp-content\/uploads\/cropped-favicon.webp","width":512,"height":512,"caption":"PPC"},"image":{"@id":"https:\/\/www-preprod.ppcenergy.ro\/#\/schema\/logo\/image\/"},"sameAs":["https:\/\/www.facebook.com\/ppcenergy","https:\/\/x.com\/PPCEnergyRo","https:\/\/www.instagram.com\/ppcenergyro\/","https:\/\/www.youtube.com\/@PPCEnergy","https:\/\/www.linkedin.com\/company\/ppc-energy\/"]}]}},"_links":{"self":[{"href":"https:\/\/www-preprod.ppcenergy.ro\/hu\/wp-json\/wp\/v2\/pages\/17026","targetHints":{"allow":["GET"]}}],"collection":[{"href":"https:\/\/www-preprod.ppcenergy.ro\/hu\/wp-json\/wp\/v2\/pages"}],"about":[{"href":"https:\/\/www-preprod.ppcenergy.ro\/hu\/wp-json\/wp\/v2\/types\/page"}],"author":[{"embeddable":true,"href":"https:\/\/www-preprod.ppcenergy.ro\/hu\/wp-json\/wp\/v2\/users\/48"}],"replies":[{"embeddable":true,"href":"https:\/\/www-preprod.ppcenergy.ro\/hu\/wp-json\/wp\/v2\/comments?post=17026"}],"version-history":[{"count":2,"href":"https:\/\/www-preprod.ppcenergy.ro\/hu\/wp-json\/wp\/v2\/pages\/17026\/revisions"}],"predecessor-version":[{"id":18487,"href":"https:\/\/www-preprod.ppcenergy.ro\/hu\/wp-json\/wp\/v2\/pages\/17026\/revisions\/18487"}],"wp:attachment":[{"href":"https:\/\/www-preprod.ppcenergy.ro\/hu\/wp-json\/wp\/v2\/media?parent=17026"}],"curies":[{"name":"wp","href":"https:\/\/api.w.org\/{rel}","templated":true}]}}