{"id":17104,"date":"2024-03-18T12:32:13","date_gmt":"2024-03-18T10:32:13","guid":{"rendered":"https:\/\/www-preprod.ppcenergy.ro\/cine-suntem\/ppc-in-romania\/"},"modified":"2025-05-30T17:37:54","modified_gmt":"2025-05-30T14:37:54","slug":"ppc-romaniaban","status":"publish","type":"page","link":"https:\/\/www-preprod.ppcenergy.ro\/hu\/kik-vagyunk\/ppc-romaniaban\/","title":{"rendered":"PPC Rom\u00e1ni\u00e1ban"},"content":{"rendered":"<section id=\"\" class=\"block-top-product \">\n    <div class='top-product'>\n                <div class=\"full-slide  gradientproduct  articles left slider-type-gradinetimage\">\n                                        <div\n                    class='gradient desktop topleft darkblue  seven_per_row'>\n                    <div class='line line1'><\/div>\n                    <div class='line line2'><\/div>\n                    <div class='line line3'><\/div>\n                    <div class='line line4'><\/div>\n                                            <div class='line line5'><\/div>\n                        <div class='line line6'><\/div>\n                        <div class='line line7'><\/div>\n                                                        <\/div>\n                                                            <div class=\"product-image topleft darkblue\">\n                        <img loading=\"lazy\" decoding=\"async\" width=\"1024\" height=\"678\" src=\"https:\/\/www-preprod.ppcenergy.ro\/wp-content\/uploads\/ppc-in-romania-1.webp?w=1024\" class=\"attachment-gradientproduct size-gradientproduct\" alt=\"\" srcset=\"https:\/\/www-preprod.ppcenergy.ro\/wp-content\/uploads\/ppc-in-romania-1.webp 4928w, https:\/\/www-preprod.ppcenergy.ro\/wp-content\/uploads\/ppc-in-romania-1.webp?resize=300,199 300w, https:\/\/www-preprod.ppcenergy.ro\/wp-content\/uploads\/ppc-in-romania-1.webp?resize=768,509 768w, https:\/\/www-preprod.ppcenergy.ro\/wp-content\/uploads\/ppc-in-romania-1.webp?resize=1024,678 1024w, https:\/\/www-preprod.ppcenergy.ro\/wp-content\/uploads\/ppc-in-romania-1.webp?resize=1536,1017 1536w, https:\/\/www-preprod.ppcenergy.ro\/wp-content\/uploads\/ppc-in-romania-1.webp?resize=2048,1356 2048w, https:\/\/www-preprod.ppcenergy.ro\/wp-content\/uploads\/ppc-in-romania-1.webp?resize=75,50 75w\" sizes=\"auto, (max-width: 1024px) 100vw, 1024px\" \/>                    <\/div>\n                \n                                        <div class=\"product-textbox  text-color-white\">\n                                            <div\n                            class='gradient mobile topleft darkblue  seven_per_row'>\n                            <div class='line line1'><\/div>\n                            <div class='line line2'><\/div>\n                            <div class='line line3'><\/div>\n                            <div class='line line4'><\/div>\n                                                            <div class='line line5'><\/div>\n                                <div class='line line6'><\/div>\n                                <div class='line line7'><\/div>\n                                                                                <\/div>\n                    \n                                                                                    <h2 class=\"title\">\n                        PPC Rom\u00e1ni\u00e1ban                        <\/h2>\n                                                                                    <div class=\"text\">\n                            <p><p>A Public Power Corporation (PPC) Rom\u00e1nia egyik legnagyobb ipari csoportja.<\/p>\n<\/p>\n                        <\/div>\n                                                                                \n                                                        <\/div>\n                    <\/div>\n    <\/div>\n<\/section>\n\n<section id=\"\" class=\"block-breadcrumbs\">\n    <ul id=\"breadcrumbs\" itemprop=\"breadcrumb\" class=\"breadcrumbs\"><li><a rel=\"home\" href=\"https:\/\/www-preprod.ppcenergy.ro\/hu\/\"><span class=\"logo-breadcrumbs\"><\/span><\/a><\/li><\/ul><\/section>\n\n\n<div style=\"height:32px\" aria-hidden=\"true\" class=\"wp-block-spacer\"><\/div>\n\n\n\n<div class=\"wp-block-columns is-layout-flex wp-container-core-columns-is-layout-28f84493 wp-block-columns-is-layout-flex\">\n<div class=\"wp-block-column is-layout-flow wp-block-column-is-layout-flow\" style=\"flex-basis:66.66%\">\n<h1 class=\"wp-block-heading\" id=\"h-ppc-romaniaban\">PPC Rom\u00e1ni\u00e1ban<\/h1>\n\n\n\n<div style=\"height:48px\" aria-hidden=\"true\" class=\"wp-block-spacer\"><\/div>\n\n\n\n<p>A PPC Csoport rom\u00e1niai v\u00e1llalatai kiemelten kezelik a k\u00f6z\u00f6ss\u00e9gek, a k\u00f6rnyezet, az \u00fcgyfelek \u00e9s a munkav\u00e1llal\u00f3k ir\u00e1nti felel\u0151ss\u00e9get. Az energiahat\u00e9konys\u00e1g el\u0151mozd\u00edt\u00e1s\u00e1t t\u0171zt\u00fck ki c\u00e9lul egy olyan id\u0151szakban, amikor a magas fogyaszt\u00e1s hat\u00e1sai k\u00e1rosnak bizonyulnak a bolyg\u00f3ra n\u00e9zve.<\/p>\n\n\n\n<p>Hisz\u00fcnk abban, hogy k\u00f6z\u00f6sen egy biztons\u00e1gosabb \u00e9s tiszt\u00e1bb helyet \u00e9p\u00edthet\u00fcnk a j\u00f6v\u0151re n\u00e9zve, \u00e9s minden egyes kezdem\u00e9nyez\u00e9s\u00fcnkkel ebbe fektet\u00fcnk be.<\/p>\n\n\n\n<div style=\"height:46px\" aria-hidden=\"true\" class=\"wp-block-spacer\"><\/div>\n\n\n\n<h3 class=\"wp-block-heading\" id=\"h-energiaellatas-es-fejlett-energetikai-megoldasok\">Energiaell\u00e1t\u00e1s \u00e9s fejlett energetikai megold\u00e1sok<\/h3>\n\n\n\n<div style=\"height:16px\" aria-hidden=\"true\" class=\"wp-block-spacer\"><\/div>\n\n\n\n<p>A PPC Energie mintegy 3 milli\u00f3 lakoss\u00e1gi, \u00fczleti \u00e9s int\u00e9zm\u00e9nyi \u00fcgyf\u00e9lk\u00f6r\u00e9vel Rom\u00e1nia legnagyobb \u00e1ramszolg\u00e1ltat\u00f3ja.<\/p>\n\n\n\n<p>A v\u00e1llalat 81 modern \u00fczletb\u0151l \u00e1ll\u00f3 h\u00e1l\u00f3zat\u00e1n kereszt\u00fcl v\u00e1laszol a mai energiatakar\u00e9kos fogyaszt\u00f3k ig\u00e9nyeire: a hat\u00e9konys\u00e1gra \u00e9s a fenntarthat\u00f3s\u00e1gra. Portof\u00f3li\u00e1nk \u00edgy olyan \u00e9rt\u00e9kn\u00f6velt term\u00e9keket \u00e9s szolg\u00e1ltat\u00e1sokat is tartalmaz, amelyek k\u00e9nyelmet \u00e9s biztons\u00e1got ny\u00fajtanak az \u00fcgyfeleknek.<\/p>\n\n\n\n<div style=\"height:20px\" aria-hidden=\"true\" class=\"wp-block-spacer\"><\/div>\n\n\n\n<h3 class=\"wp-block-heading\" id=\"h-villamosenergia-elosztasi-tevekenyseg\">Villamosenergia-eloszt\u00e1si tev\u00e9kenys\u00e9g<\/h3>\n\n\n\n<div style=\"height:16px\" aria-hidden=\"true\" class=\"wp-block-spacer\"><\/div>\n\n\n\n<p>A Re\u021bele Electrice Romania a PPC v\u00e1llalat, amely a villamosenergia-eloszt\u00e1s ter\u00fclet\u00e9n tev\u00e9kenykedik, \u00e9s a digitaliz\u00e1ci\u00f3t tekinti els\u0151dleges priorit\u00e1snak, hogy a lehet\u0151 legr\u00f6videbb id\u0151n bel\u00fcl rugalmas \u00e9s m\u0171k\u00f6d\u0151k\u00e9pes intelligens h\u00e1l\u00f3zatokat hozzon l\u00e9tre.<\/p>\n\n\n\n<p>A v\u00e1llalat \u00e9vente mintegy 15 TWh villamos energi\u00e1t oszt el t\u00f6bb mint 134 000 km h\u00e1l\u00f3zaton &#8211; nagy-, k\u00f6z\u00e9p- \u00e9s kisfesz\u00fclts\u00e9g\u0171 f\u00f6ldalatti \u00e9s fels\u0151vezet\u00e9keken &#8211; kereszt\u00fcl.<\/p>\n\n\n\n<p><a href=\"http:\/\/www.reteleelectrice.ro\"><strong>Itt<\/strong><\/a> olvashat t\u00f6bbet az eloszt\u00e1si \u00fczlet\u00e1gunkr\u00f3l.<\/p>\n\n\n\n<div style=\"height:20px\" aria-hidden=\"true\" class=\"wp-block-spacer\"><\/div>\n\n\n\n<h3 class=\"wp-block-heading\" id=\"h-zoldaram-termeles\">Z\u00f6ld\u00e1ram-termel\u00e9s<\/h3>\n\n\n\n<div style=\"height:16px\" aria-hidden=\"true\" class=\"wp-block-spacer\"><\/div>\n\n\n\n<p>Rom\u00e1ni\u00e1ban \u00e9len j\u00e1runk a fenntarthat\u00f3 energi\u00e1\u00e9rt folytatott versenyben. A PPC Renewables r\u00e9v\u00e9n sz\u00e9l-, nap- \u00e9s v\u00edzenergi\u00e1t termel\u00fcnk, amely az eg\u00e9sz orsz\u00e1gban eljut az otthonokba, int\u00e9zm\u00e9nyekbe \u00e9s v\u00e1llalkoz\u00e1sokhoz.<\/p>\n\n\n\n<p>V\u00e1llalatunk ma \u00f6sszesen t\u00f6bb mint 1330 MW be\u00e9p\u00edtett sz\u00e9l-, fotovoltaikus \u00e9s v\u00edzer\u0151m\u0171vi kapacit\u00e1st \u00fczemeltet, ebb\u0151l 1183 MW sz\u00e9ler\u0151m\u0171vet, 125,99 MW fotovoltaikus \u00e9s 22,351 MW v\u00edzenergi\u00e1t.<\/p>\n\n\n\n<p><strong>Itt<\/strong> olvashat b\u0151vebben meg\u00fajul\u00f3 energi\u00e1val kapcsolatos \u00fczlet\u00e1gunkr\u00f3l.<\/p>\n\n\n\n<div style=\"height:20px\" aria-hidden=\"true\" class=\"wp-block-spacer\"><\/div>\n\n\n\n<h3 class=\"wp-block-heading\" id=\"h-elektromos-mobilitas\">Elektromos mobilit\u00e1s<\/h3>\n\n\n\n<div style=\"height:16px\" aria-hidden=\"true\" class=\"wp-block-spacer\"><\/div>\n\n\n\n<p>A PPC Blue v\u00e1llalatunkon kereszt\u00fcl integr\u00e1lt elektromos mobilit\u00e1si megold\u00e1sokat k\u00edn\u00e1lunk mag\u00e1nszem\u00e9lyek, v\u00e1llalatok \u00e9s k\u00f6zigazgat\u00e1si szervek sz\u00e1m\u00e1ra Rom\u00e1ni\u00e1ban. A rom\u00e1niai mobilit\u00e1si piacon az &#8222;elektromos forradalom&#8221; \u00fatt\u00f6r\u0151i k\u00f6z\u00e9 tartoztunk, \u00e9s tov\u00e1bbra is t\u00e1pl\u00e1ljuk az emberek \u00e1lm\u00e1t a tiszt\u00e1bb \u00e9s fenntarthat\u00f3bb k\u00f6zleked\u00e9si eszk\u00f6z\u00f6kr\u0151l.<\/p>\n\n\n\n<p>Azzal a c\u00e9llal, hogy \u00f6r\u00f6kre megv\u00e1ltoztassuk az utaz\u00e1s m\u00f3dj\u00e1t, \u00e9s el\u00e9rhet\u0151v\u00e9 \u00e9s k\u00e9nyelmess\u00e9 tegy\u00fck az elektromos mobilit\u00e1st, mer\u00e9sz j\u00f6v\u0151k\u00e9p\u00fcnk van: a v\u00e1ltoz\u00e1s kataliz\u00e1torai szeretn\u00e9nk lenni, hogy a mai \u00e9s a holnapi gener\u00e1ci\u00f3k jobb \u00e9letmin\u0151s\u00e9get biztos\u00edthassanak.<\/p>\n\n\n\n<p>Az elektromos mobilit\u00e1ssal kapcsolatos munk\u00e1nkr\u00f3l <a href=\"http:\/\/ppcblue.ro\"><strong>itt<\/strong><\/a> olvashat b\u0151vebben.<\/p>\n<\/div>\n\n\n\n<div class=\"wp-block-column is-layout-flow wp-block-column-is-layout-flow\" style=\"flex-basis:33.33%\"><\/div>\n<\/div>\n\n\n\n<div style=\"height:96px\" aria-hidden=\"true\" class=\"wp-block-spacer\"><\/div>\n\n\n\n<p><\/p>\n","protected":false},"excerpt":{"rendered":"<p>PPC Rom\u00e1ni\u00e1ban A PPC Csoport rom\u00e1niai v\u00e1llalatai kiemelten kezelik a k\u00f6z\u00f6ss\u00e9gek, a k\u00f6rnyezet, az \u00fcgyfelek \u00e9s a munkav\u00e1llal\u00f3k ir\u00e1nti felel\u0151ss\u00e9get. Az energiahat\u00e9konys\u00e1g el\u0151mozd\u00edt\u00e1s\u00e1t t\u0171zt\u00fck ki c\u00e9lul egy olyan id\u0151szakban, amikor a magas fogyaszt\u00e1s hat\u00e1sai k\u00e1rosnak bizonyulnak a bolyg\u00f3ra n\u00e9zve. Hisz\u00fcnk abban, hogy k\u00f6z\u00f6sen egy biztons\u00e1gosabb \u00e9s tiszt\u00e1bb helyet \u00e9p\u00edthet\u00fcnk a j\u00f6v\u0151re n\u00e9zve, \u00e9s minden egyes [&hellip;]<\/p>\n","protected":false},"author":48,"featured_media":17106,"parent":17095,"menu_order":0,"comment_status":"closed","ping_status":"closed","template":"","meta":{"_acf_changed":false,"footnotes":""},"class_list":["post-17104","page","type-page","status-publish","has-post-thumbnail","hentry"],"acf":[],"yoast_head":"<!-- This site is optimized with the Yoast SEO Premium plugin v21.8 (Yoast SEO v27.3) - https:\/\/yoast.com\/product\/yoast-seo-premium-wordpress\/ -->\n<title>PPC Rom\u00e1ni\u00e1ban - PPC<\/title>\n<meta name=\"description\" content=\"Tudjon meg t\u00f6bbet a PPC csoportr\u00f3l Rom\u00e1ni\u00e1ban.\" \/>\n<meta name=\"robots\" content=\"index, follow, max-snippet:-1, max-image-preview:large, max-video-preview:-1\" \/>\n<link rel=\"canonical\" href=\"https:\/\/www-preprod.ppcenergy.ro\/hu\/kik-vagyunk\/ppc-romaniaban\/\" \/>\n<meta property=\"og:locale\" content=\"hu_HU\" \/>\n<meta property=\"og:type\" content=\"article\" \/>\n<meta property=\"og:title\" content=\"PPC Rom\u00e1ni\u00e1ban\" \/>\n<meta property=\"og:description\" content=\"Tudjon meg t\u00f6bbet a PPC csoportr\u00f3l Rom\u00e1ni\u00e1ban.\" \/>\n<meta property=\"og:url\" content=\"https:\/\/www-preprod.ppcenergy.ro\/hu\/kik-vagyunk\/ppc-romaniaban\/\" \/>\n<meta property=\"og:site_name\" content=\"PPC\" \/>\n<meta property=\"article:publisher\" content=\"https:\/\/www.facebook.com\/ppcenergy\" \/>\n<meta property=\"article:modified_time\" content=\"2025-05-30T14:37:54+00:00\" \/>\n<meta name=\"twitter:card\" content=\"summary_large_image\" \/>\n<meta name=\"twitter:title\" content=\"PPC Rom\u00e1ni\u00e1ban\" \/>\n<meta name=\"twitter:image\" content=\"https:\/\/www-preprod.ppcenergy.ro\/wp-content\/uploads\/ppc-in-romania.webp\" \/>\n<meta name=\"twitter:site\" content=\"@PPCEnergyRo\" \/>\n<meta name=\"twitter:label1\" content=\"Est. reading time\" \/>\n\t<meta name=\"twitter:data1\" content=\"2 perc\" \/>\n<script type=\"application\/ld+json\" class=\"yoast-schema-graph\">{\"@context\":\"https:\\\/\\\/schema.org\",\"@graph\":[{\"@type\":\"WebPage\",\"@id\":\"https:\\\/\\\/www-preprod.ppcenergy.ro\\\/hu\\\/kik-vagyunk\\\/ppc-romaniaban\\\/\",\"url\":\"https:\\\/\\\/www-preprod.ppcenergy.ro\\\/hu\\\/kik-vagyunk\\\/ppc-romaniaban\\\/\",\"name\":\"PPC Rom\u00e1ni\u00e1ban - PPC\",\"isPartOf\":{\"@id\":\"https:\\\/\\\/www-preprod.ppcenergy.ro\\\/#website\"},\"primaryImageOfPage\":{\"@id\":\"https:\\\/\\\/www-preprod.ppcenergy.ro\\\/hu\\\/kik-vagyunk\\\/ppc-romaniaban\\\/#primaryimage\"},\"image\":{\"@id\":\"https:\\\/\\\/www-preprod.ppcenergy.ro\\\/hu\\\/kik-vagyunk\\\/ppc-romaniaban\\\/#primaryimage\"},\"thumbnailUrl\":\"https:\\\/\\\/www-preprod.ppcenergy.ro\\\/wp-content\\\/uploads\\\/ppc-in-romania-1.webp\",\"datePublished\":\"2024-03-18T10:32:13+00:00\",\"dateModified\":\"2025-05-30T14:37:54+00:00\",\"description\":\"Tudjon meg t\u00f6bbet a PPC csoportr\u00f3l Rom\u00e1ni\u00e1ban.\",\"breadcrumb\":{\"@id\":\"https:\\\/\\\/www-preprod.ppcenergy.ro\\\/hu\\\/kik-vagyunk\\\/ppc-romaniaban\\\/#breadcrumb\"},\"inLanguage\":\"hu\",\"potentialAction\":[{\"@type\":\"ReadAction\",\"target\":[\"https:\\\/\\\/www-preprod.ppcenergy.ro\\\/hu\\\/kik-vagyunk\\\/ppc-romaniaban\\\/\"]}]},{\"@type\":\"ImageObject\",\"inLanguage\":\"hu\",\"@id\":\"https:\\\/\\\/www-preprod.ppcenergy.ro\\\/hu\\\/kik-vagyunk\\\/ppc-romaniaban\\\/#primaryimage\",\"url\":\"https:\\\/\\\/www-preprod.ppcenergy.ro\\\/wp-content\\\/uploads\\\/ppc-in-romania-1.webp\",\"contentUrl\":\"https:\\\/\\\/www-preprod.ppcenergy.ro\\\/wp-content\\\/uploads\\\/ppc-in-romania-1.webp\",\"width\":4928,\"height\":3264},{\"@type\":\"BreadcrumbList\",\"@id\":\"https:\\\/\\\/www-preprod.ppcenergy.ro\\\/hu\\\/kik-vagyunk\\\/ppc-romaniaban\\\/#breadcrumb\",\"itemListElement\":[{\"@type\":\"ListItem\",\"position\":1,\"name\":\"Home\",\"item\":\"https:\\\/\\\/www-preprod.ppcenergy.ro\\\/hu\\\/\"},{\"@type\":\"ListItem\",\"position\":2,\"name\":\"R\u00f3lunk\",\"item\":\"https:\\\/\\\/www-preprod.ppcenergy.ro\\\/hu\\\/kik-vagyunk\\\/\"},{\"@type\":\"ListItem\",\"position\":3,\"name\":\"PPC Rom\u00e1ni\u00e1ban\"}]},{\"@type\":\"WebSite\",\"@id\":\"https:\\\/\\\/www-preprod.ppcenergy.ro\\\/#website\",\"url\":\"https:\\\/\\\/www-preprod.ppcenergy.ro\\\/\",\"name\":\"PPC\",\"description\":\"Energy\",\"publisher\":{\"@id\":\"https:\\\/\\\/www-preprod.ppcenergy.ro\\\/#organization\"},\"potentialAction\":[{\"@type\":\"SearchAction\",\"target\":{\"@type\":\"EntryPoint\",\"urlTemplate\":\"https:\\\/\\\/www-preprod.ppcenergy.ro\\\/?s={search_term_string}\"},\"query-input\":{\"@type\":\"PropertyValueSpecification\",\"valueRequired\":true,\"valueName\":\"search_term_string\"}}],\"inLanguage\":\"hu\"},{\"@type\":\"Organization\",\"@id\":\"https:\\\/\\\/www-preprod.ppcenergy.ro\\\/#organization\",\"name\":\"PPC\",\"url\":\"https:\\\/\\\/www-preprod.ppcenergy.ro\\\/\",\"logo\":{\"@type\":\"ImageObject\",\"inLanguage\":\"hu\",\"@id\":\"https:\\\/\\\/www-preprod.ppcenergy.ro\\\/#\\\/schema\\\/logo\\\/image\\\/\",\"url\":\"https:\\\/\\\/www-preprod.ppcenergy.ro\\\/wp-content\\\/uploads\\\/cropped-favicon.webp\",\"contentUrl\":\"https:\\\/\\\/www-preprod.ppcenergy.ro\\\/wp-content\\\/uploads\\\/cropped-favicon.webp\",\"width\":512,\"height\":512,\"caption\":\"PPC\"},\"image\":{\"@id\":\"https:\\\/\\\/www-preprod.ppcenergy.ro\\\/#\\\/schema\\\/logo\\\/image\\\/\"},\"sameAs\":[\"https:\\\/\\\/www.facebook.com\\\/ppcenergy\",\"https:\\\/\\\/x.com\\\/PPCEnergyRo\",\"https:\\\/\\\/www.instagram.com\\\/ppcenergyro\\\/\",\"https:\\\/\\\/www.youtube.com\\\/@PPCEnergy\",\"https:\\\/\\\/www.linkedin.com\\\/company\\\/ppc-energy\\\/\"]}]}<\/script>\n<!-- \/ Yoast SEO Premium plugin. -->","yoast_head_json":{"title":"PPC Rom\u00e1ni\u00e1ban - PPC","description":"Tudjon meg t\u00f6bbet a PPC csoportr\u00f3l Rom\u00e1ni\u00e1ban.","robots":{"index":"index","follow":"follow","max-snippet":"max-snippet:-1","max-image-preview":"max-image-preview:large","max-video-preview":"max-video-preview:-1"},"canonical":"https:\/\/www-preprod.ppcenergy.ro\/hu\/kik-vagyunk\/ppc-romaniaban\/","og_locale":"hu_HU","og_type":"article","og_title":"PPC Rom\u00e1ni\u00e1ban","og_description":"Tudjon meg t\u00f6bbet a PPC csoportr\u00f3l Rom\u00e1ni\u00e1ban.","og_url":"https:\/\/www-preprod.ppcenergy.ro\/hu\/kik-vagyunk\/ppc-romaniaban\/","og_site_name":"PPC","article_publisher":"https:\/\/www.facebook.com\/ppcenergy","article_modified_time":"2025-05-30T14:37:54+00:00","twitter_card":"summary_large_image","twitter_title":"PPC Rom\u00e1ni\u00e1ban","twitter_image":"https:\/\/www-preprod.ppcenergy.ro\/wp-content\/uploads\/ppc-in-romania.webp","twitter_site":"@PPCEnergyRo","twitter_misc":{"Est. reading time":"2 perc"},"schema":{"@context":"https:\/\/schema.org","@graph":[{"@type":"WebPage","@id":"https:\/\/www-preprod.ppcenergy.ro\/hu\/kik-vagyunk\/ppc-romaniaban\/","url":"https:\/\/www-preprod.ppcenergy.ro\/hu\/kik-vagyunk\/ppc-romaniaban\/","name":"PPC Rom\u00e1ni\u00e1ban - PPC","isPartOf":{"@id":"https:\/\/www-preprod.ppcenergy.ro\/#website"},"primaryImageOfPage":{"@id":"https:\/\/www-preprod.ppcenergy.ro\/hu\/kik-vagyunk\/ppc-romaniaban\/#primaryimage"},"image":{"@id":"https:\/\/www-preprod.ppcenergy.ro\/hu\/kik-vagyunk\/ppc-romaniaban\/#primaryimage"},"thumbnailUrl":"https:\/\/www-preprod.ppcenergy.ro\/wp-content\/uploads\/ppc-in-romania-1.webp","datePublished":"2024-03-18T10:32:13+00:00","dateModified":"2025-05-30T14:37:54+00:00","description":"Tudjon meg t\u00f6bbet a PPC csoportr\u00f3l Rom\u00e1ni\u00e1ban.","breadcrumb":{"@id":"https:\/\/www-preprod.ppcenergy.ro\/hu\/kik-vagyunk\/ppc-romaniaban\/#breadcrumb"},"inLanguage":"hu","potentialAction":[{"@type":"ReadAction","target":["https:\/\/www-preprod.ppcenergy.ro\/hu\/kik-vagyunk\/ppc-romaniaban\/"]}]},{"@type":"ImageObject","inLanguage":"hu","@id":"https:\/\/www-preprod.ppcenergy.ro\/hu\/kik-vagyunk\/ppc-romaniaban\/#primaryimage","url":"https:\/\/www-preprod.ppcenergy.ro\/wp-content\/uploads\/ppc-in-romania-1.webp","contentUrl":"https:\/\/www-preprod.ppcenergy.ro\/wp-content\/uploads\/ppc-in-romania-1.webp","width":4928,"height":3264},{"@type":"BreadcrumbList","@id":"https:\/\/www-preprod.ppcenergy.ro\/hu\/kik-vagyunk\/ppc-romaniaban\/#breadcrumb","itemListElement":[{"@type":"ListItem","position":1,"name":"Home","item":"https:\/\/www-preprod.ppcenergy.ro\/hu\/"},{"@type":"ListItem","position":2,"name":"R\u00f3lunk","item":"https:\/\/www-preprod.ppcenergy.ro\/hu\/kik-vagyunk\/"},{"@type":"ListItem","position":3,"name":"PPC Rom\u00e1ni\u00e1ban"}]},{"@type":"WebSite","@id":"https:\/\/www-preprod.ppcenergy.ro\/#website","url":"https:\/\/www-preprod.ppcenergy.ro\/","name":"PPC","description":"Energy","publisher":{"@id":"https:\/\/www-preprod.ppcenergy.ro\/#organization"},"potentialAction":[{"@type":"SearchAction","target":{"@type":"EntryPoint","urlTemplate":"https:\/\/www-preprod.ppcenergy.ro\/?s={search_term_string}"},"query-input":{"@type":"PropertyValueSpecification","valueRequired":true,"valueName":"search_term_string"}}],"inLanguage":"hu"},{"@type":"Organization","@id":"https:\/\/www-preprod.ppcenergy.ro\/#organization","name":"PPC","url":"https:\/\/www-preprod.ppcenergy.ro\/","logo":{"@type":"ImageObject","inLanguage":"hu","@id":"https:\/\/www-preprod.ppcenergy.ro\/#\/schema\/logo\/image\/","url":"https:\/\/www-preprod.ppcenergy.ro\/wp-content\/uploads\/cropped-favicon.webp","contentUrl":"https:\/\/www-preprod.ppcenergy.ro\/wp-content\/uploads\/cropped-favicon.webp","width":512,"height":512,"caption":"PPC"},"image":{"@id":"https:\/\/www-preprod.ppcenergy.ro\/#\/schema\/logo\/image\/"},"sameAs":["https:\/\/www.facebook.com\/ppcenergy","https:\/\/x.com\/PPCEnergyRo","https:\/\/www.instagram.com\/ppcenergyro\/","https:\/\/www.youtube.com\/@PPCEnergy","https:\/\/www.linkedin.com\/company\/ppc-energy\/"]}]}},"_links":{"self":[{"href":"https:\/\/www-preprod.ppcenergy.ro\/hu\/wp-json\/wp\/v2\/pages\/17104","targetHints":{"allow":["GET"]}}],"collection":[{"href":"https:\/\/www-preprod.ppcenergy.ro\/hu\/wp-json\/wp\/v2\/pages"}],"about":[{"href":"https:\/\/www-preprod.ppcenergy.ro\/hu\/wp-json\/wp\/v2\/types\/page"}],"author":[{"embeddable":true,"href":"https:\/\/www-preprod.ppcenergy.ro\/hu\/wp-json\/wp\/v2\/users\/48"}],"replies":[{"embeddable":true,"href":"https:\/\/www-preprod.ppcenergy.ro\/hu\/wp-json\/wp\/v2\/comments?post=17104"}],"version-history":[{"count":4,"href":"https:\/\/www-preprod.ppcenergy.ro\/hu\/wp-json\/wp\/v2\/pages\/17104\/revisions"}],"predecessor-version":[{"id":17364,"href":"https:\/\/www-preprod.ppcenergy.ro\/hu\/wp-json\/wp\/v2\/pages\/17104\/revisions\/17364"}],"up":[{"embeddable":true,"href":"https:\/\/www-preprod.ppcenergy.ro\/hu\/wp-json\/wp\/v2\/pages\/17095"}],"wp:featuredmedia":[{"embeddable":true,"href":"https:\/\/www-preprod.ppcenergy.ro\/hu\/wp-json\/wp\/v2\/media\/17106"}],"wp:attachment":[{"href":"https:\/\/www-preprod.ppcenergy.ro\/hu\/wp-json\/wp\/v2\/media?parent=17104"}],"curies":[{"name":"wp","href":"https:\/\/api.w.org\/{rel}","templated":true}]}}