{"id":17109,"date":"2024-03-18T13:16:15","date_gmt":"2024-03-18T11:16:15","guid":{"rendered":"https:\/\/www-preprod.ppcenergy.ro\/cine-suntem\/guvernanta-corporativa\/"},"modified":"2025-06-01T22:14:51","modified_gmt":"2025-06-01T19:14:51","slug":"vallalatiranyitas","status":"publish","type":"page","link":"https:\/\/www-preprod.ppcenergy.ro\/hu\/kik-vagyunk\/vallalatiranyitas\/","title":{"rendered":"V\u00e1llalatir\u00e1ny\u00edt\u00e1s"},"content":{"rendered":"<section id=\"\" class=\"block-top-product \">\n    <div class='top-product'>\n                <div class=\"full-slide  gradientproduct  articles left slider-type-gradinetimage\">\n                                        <div\n                    class='gradient desktop topleft darkblue  seven_per_row'>\n                    <div class='line line1'><\/div>\n                    <div class='line line2'><\/div>\n                    <div class='line line3'><\/div>\n                    <div class='line line4'><\/div>\n                                            <div class='line line5'><\/div>\n                        <div class='line line6'><\/div>\n                        <div class='line line7'><\/div>\n                                                        <\/div>\n                                                            <div class=\"product-image topleft darkblue\">\n                        <img loading=\"lazy\" decoding=\"async\" width=\"1024\" height=\"683\" src=\"https:\/\/www-preprod.ppcenergy.ro\/wp-content\/uploads\/guvernanta-corporativa.webp?w=1024\" class=\"attachment-gradientproduct size-gradientproduct\" alt=\"\" srcset=\"https:\/\/www-preprod.ppcenergy.ro\/wp-content\/uploads\/guvernanta-corporativa.webp 4240w, https:\/\/www-preprod.ppcenergy.ro\/wp-content\/uploads\/guvernanta-corporativa.webp?resize=300,200 300w, https:\/\/www-preprod.ppcenergy.ro\/wp-content\/uploads\/guvernanta-corporativa.webp?resize=768,513 768w, https:\/\/www-preprod.ppcenergy.ro\/wp-content\/uploads\/guvernanta-corporativa.webp?resize=1024,683 1024w, https:\/\/www-preprod.ppcenergy.ro\/wp-content\/uploads\/guvernanta-corporativa.webp?resize=1536,1025 1536w, https:\/\/www-preprod.ppcenergy.ro\/wp-content\/uploads\/guvernanta-corporativa.webp?resize=2048,1367 2048w, https:\/\/www-preprod.ppcenergy.ro\/wp-content\/uploads\/guvernanta-corporativa.webp?resize=75,50 75w\" sizes=\"auto, (max-width: 1024px) 100vw, 1024px\" \/>                    <\/div>\n                \n                                        <div class=\"product-textbox  text-color-white\">\n                                            <div\n                            class='gradient mobile topleft darkblue  seven_per_row'>\n                            <div class='line line1'><\/div>\n                            <div class='line line2'><\/div>\n                            <div class='line line3'><\/div>\n                            <div class='line line4'><\/div>\n                                                            <div class='line line5'><\/div>\n                                <div class='line line6'><\/div>\n                                <div class='line line7'><\/div>\n                                                                                <\/div>\n                    \n                                                                                    <h2 class=\"title\">\n                        V\u00e1llalatir\u00e1ny\u00edt\u00e1s                        <\/h2>\n                                                                                    <div class=\"text\">\n                            <p><p>Ismerje meg \u00fczleti elveinket \u00e9s gyakorlatunkat.<\/p>\n<\/p>\n                        <\/div>\n                                                                                \n                                                        <\/div>\n                    <\/div>\n    <\/div>\n<\/section>\n\n<section id=\"\" class=\"block-breadcrumbs\">\n    <ul id=\"breadcrumbs\" itemprop=\"breadcrumb\" class=\"breadcrumbs\"><li><a rel=\"home\" href=\"https:\/\/www-preprod.ppcenergy.ro\/hu\/\"><span class=\"logo-breadcrumbs\"><\/span><\/a><\/li><\/ul><\/section>\n\n\n<div style=\"height:32px\" aria-hidden=\"true\" class=\"wp-block-spacer\"><\/div>\n\n\n\n<div class=\"wp-block-columns is-layout-flex wp-container-core-columns-is-layout-28f84493 wp-block-columns-is-layout-flex\">\n<div class=\"wp-block-column is-layout-flow wp-block-column-is-layout-flow\" style=\"flex-basis:66.66%\">\n<h1 class=\"wp-block-heading\" id=\"h-vallalatiranyitas\" style=\"margin-top:var(--wp--preset--spacing--30);margin-bottom:var(--wp--preset--spacing--30)\">V\u00e1llalatir\u00e1ny\u00edt\u00e1s<\/h1>\n\n\n\n<div style=\"height:16px\" aria-hidden=\"true\" class=\"wp-block-spacer\"><\/div>\n\n\n\n<p style=\"margin-top:var(--wp--preset--spacing--30);margin-bottom:var(--wp--preset--spacing--30)\">A v\u00e1llalatir\u00e1ny\u00edt\u00e1s egy v\u00e1llalat ir\u00e1ny\u00edt\u00e1si \u00e9s ellen\u0151rz\u00e9si rendszere, amely olyan strukt\u00far\u00e1k, elvek, szab\u00e1lyok, elj\u00e1r\u00e1sok \u00e9s gyakorlatok \u00f6sszess\u00e9g\u00e9t foglalja mag\u00e1ban, amelyek el\u0151seg\u00edtik a v\u00e1llalat m\u0171k\u00f6d\u00e9s\u00e9nek folyamatos javul\u00e1s\u00e1t \u00e9s hat\u00e9konys\u00e1g\u00e1t, v\u00e9dve \u00e9s n\u00f6velve a v\u00e1llalat hossz\u00fa t\u00e1v\u00fa gazdas\u00e1gi \u00e9rt\u00e9k\u00e9t.<\/p>\n\n\n\n<p>A v\u00e1llalatir\u00e1ny\u00edt\u00e1si elvek \u00e9s legjobb gyakorlatok v\u00e9grehajt\u00e1sa \u00e9s betart\u00e1sa kulcsfontoss\u00e1g\u00fa elk\u00f6telezetts\u00e9g \u00e9s priorit\u00e1s sz\u00e1munkra.<\/p>\n\n\n\n<p style=\"margin-top:var(--wp--preset--spacing--30);margin-bottom:var(--wp--preset--spacing--30)\">Keressen jogi r\u00e9szleteket a rom\u00e1niai PPC v\u00e1llalatokr\u00f3l \u00e9s arr\u00f3l, hogyan alkalmazzuk a v\u00e1llalatir\u00e1ny\u00edt\u00e1si elveket \u00e9s gyakorlatokat!<\/p>\n<\/div>\n\n\n\n<div class=\"wp-block-column is-layout-flow wp-block-column-is-layout-flow\" style=\"flex-basis:33.33%\"><\/div>\n<\/div>\n\n\n    <section id=\"\" class=\"block-carousel background-color- is-style-border\">\n        <div class=\"gradient gradient-global  \">\n            <div class='line line1' style=\"\"><\/div>\n            <div class='line line2' style=\"\"><\/div>\n            <div class='line line3' style=\"\"><\/div>\n            <div class='line line4' style=\"\"><\/div>\n            <div class='line line5' style=\"\"><\/div>\n            <div class='line line6' style=\"\"><\/div>\n            <div class='line line7' style=\"\"><\/div>\n            <div class='line line8' style=\"\"><\/div>\n            <div class='line line9' style=\"\"><\/div>\n            <div class='line line10' style=\"\"><\/div>\n            <div class='line line11' style=\"\"><\/div>\n        <\/div>\n        <div class=\"pull-wrapper\">\n            <div class=\"upper-slider container-pull\">\n                            <\/div>\n                    <\/div>\n        <div class='carousel-global pull-wrapper carousel-list'\n             data-slide-per-row=\"4\">\n                                 <div class=\"carousel-slide four_per_row\">\n                                                                <div class=\"text-carousel\">\n                                                            <h3 class=\"title\">\n                                    Jogi inform\u00e1ci\u00f3k                                <\/h3>\n                                                                                        <div class=\"text\">\n                                    <p>Inform\u00e1ci\u00f3k a PPC csoport rom\u00e1niai v\u00e1llalataira vonatkoz\u00f3an. Tudjon meg t\u00f6bbet!<\/p>\n                                <\/div>\n                                                    <\/div>\n                                                                <a class=\"global-link\" href=\"\/hu\/kik-vagyunk\/vallalatiranyitas\/jogi-informaciok\/\" title=\"Jogi inform\u00e1ci\u00f3k\" target=\"_self\">\n                            <span class=\"long-arrow right\"><\/span>\n                        <\/a>\n                                    <\/div>\n                                <div class=\"carousel-slide four_per_row\">\n                                                                <div class=\"text-carousel\">\n                                                            <h3 class=\"title\">\n                                    Magatart\u00e1si k\u00f3dex                                <\/h3>\n                                                                                        <div class=\"text\">\n                                    <p>Ismerje meg a PPC rom\u00e1niai v\u00e1llalatainak etikai \u00e9s integrit\u00e1si elveit.<\/p>\n                                <\/div>\n                                                    <\/div>\n                                                                <a class=\"global-link\" href=\"\/hu\/kik-vagyunk\/vallalatiranyitas\/magatartasi-kodex\/\" title=\"Magatart\u00e1si k\u00f3dex\" target=\"_self\">\n                            <span class=\"long-arrow right\"><\/span>\n                        <\/a>\n                                    <\/div>\n                                <div class=\"carousel-slide four_per_row\">\n                                                                <div class=\"text-carousel\">\n                                                            <h3 class=\"title\">\n                                    Figyelmeztet\u0151 csatorna                                <\/h3>\n                                                                                        <div class=\"text\">\n                                    <p>Tekintse meg a bejelent\u00e9si politik\u00e1nkat, \u00e9s n\u00e9zze meg, hogyan lehet haszn\u00e1lni a bejelent\u00e9si csatorn\u00e1t.<\/p>\n                                <\/div>\n                                                    <\/div>\n                                                                <a class=\"global-link\" href=\"\/hu\/kik-vagyunk\/vallalatiranyitas\/figyelmezteto-csatorna\/\" title=\"Figyelmeztet\u0151 csatorna\" target=\"_self\">\n                            <span class=\"long-arrow right\"><\/span>\n                        <\/a>\n                                    <\/div>\n                        <\/div>\n            <\/section>\n","protected":false},"excerpt":{"rendered":"<p>V\u00e1llalatir\u00e1ny\u00edt\u00e1s A v\u00e1llalatir\u00e1ny\u00edt\u00e1s egy v\u00e1llalat ir\u00e1ny\u00edt\u00e1si \u00e9s ellen\u0151rz\u00e9si rendszere, amely olyan strukt\u00far\u00e1k, elvek, szab\u00e1lyok, elj\u00e1r\u00e1sok \u00e9s gyakorlatok \u00f6sszess\u00e9g\u00e9t foglalja mag\u00e1ban, amelyek el\u0151seg\u00edtik a v\u00e1llalat m\u0171k\u00f6d\u00e9s\u00e9nek folyamatos javul\u00e1s\u00e1t \u00e9s hat\u00e9konys\u00e1g\u00e1t, v\u00e9dve \u00e9s n\u00f6velve a v\u00e1llalat hossz\u00fa t\u00e1v\u00fa gazdas\u00e1gi \u00e9rt\u00e9k\u00e9t. A v\u00e1llalatir\u00e1ny\u00edt\u00e1si elvek \u00e9s legjobb gyakorlatok v\u00e9grehajt\u00e1sa \u00e9s betart\u00e1sa kulcsfontoss\u00e1g\u00fa elk\u00f6telezetts\u00e9g \u00e9s priorit\u00e1s sz\u00e1munkra. Keressen jogi r\u00e9szleteket [&hellip;]<\/p>\n","protected":false},"author":48,"featured_media":17110,"parent":17095,"menu_order":0,"comment_status":"closed","ping_status":"closed","template":"","meta":{"_acf_changed":false,"footnotes":""},"class_list":["post-17109","page","type-page","status-publish","has-post-thumbnail","hentry"],"acf":[],"yoast_head":"<!-- This site is optimized with the Yoast SEO Premium plugin v21.8 (Yoast SEO v27.3) - https:\/\/yoast.com\/product\/yoast-seo-premium-wordpress\/ -->\n<title>V\u00e1llalatir\u00e1ny\u00edt\u00e1s - PPC<\/title>\n<meta name=\"description\" content=\"Fedezze fel \u00fczleti elveinket \u00e9s gyakorlatunkat.\" \/>\n<meta name=\"robots\" content=\"index, follow, max-snippet:-1, max-image-preview:large, max-video-preview:-1\" \/>\n<link rel=\"canonical\" href=\"https:\/\/www-preprod.ppcenergy.ro\/hu\/kik-vagyunk\/vallalatiranyitas\/\" \/>\n<meta property=\"og:locale\" content=\"hu_HU\" \/>\n<meta property=\"og:type\" content=\"article\" \/>\n<meta property=\"og:title\" content=\"V\u00e1llalatir\u00e1ny\u00edt\u00e1s\" \/>\n<meta property=\"og:description\" content=\"Fedezze fel \u00fczleti elveinket \u00e9s gyakorlatunkat.\" \/>\n<meta property=\"og:url\" content=\"https:\/\/www-preprod.ppcenergy.ro\/hu\/kik-vagyunk\/vallalatiranyitas\/\" \/>\n<meta property=\"og:site_name\" content=\"PPC\" \/>\n<meta property=\"article:publisher\" content=\"https:\/\/www.facebook.com\/ppcenergy\" \/>\n<meta property=\"article:modified_time\" content=\"2025-06-01T19:14:51+00:00\" \/>\n<meta name=\"twitter:card\" content=\"summary_large_image\" \/>\n<meta name=\"twitter:title\" content=\"V\u00e1llalatir\u00e1ny\u00edt\u00e1s\" \/>\n<meta name=\"twitter:image\" content=\"https:\/\/www-preprod.ppcenergy.ro\/wp-content\/uploads\/guvernanta-corporativa.webp\" \/>\n<meta name=\"twitter:site\" content=\"@PPCEnergyRo\" \/>\n<meta name=\"twitter:label1\" content=\"Est. reading time\" \/>\n\t<meta name=\"twitter:data1\" content=\"1 perc\" \/>\n<script type=\"application\/ld+json\" class=\"yoast-schema-graph\">{\"@context\":\"https:\\\/\\\/schema.org\",\"@graph\":[{\"@type\":\"WebPage\",\"@id\":\"https:\\\/\\\/www-preprod.ppcenergy.ro\\\/hu\\\/kik-vagyunk\\\/vallalatiranyitas\\\/\",\"url\":\"https:\\\/\\\/www-preprod.ppcenergy.ro\\\/hu\\\/kik-vagyunk\\\/vallalatiranyitas\\\/\",\"name\":\"V\u00e1llalatir\u00e1ny\u00edt\u00e1s - PPC\",\"isPartOf\":{\"@id\":\"https:\\\/\\\/www-preprod.ppcenergy.ro\\\/#website\"},\"primaryImageOfPage\":{\"@id\":\"https:\\\/\\\/www-preprod.ppcenergy.ro\\\/hu\\\/kik-vagyunk\\\/vallalatiranyitas\\\/#primaryimage\"},\"image\":{\"@id\":\"https:\\\/\\\/www-preprod.ppcenergy.ro\\\/hu\\\/kik-vagyunk\\\/vallalatiranyitas\\\/#primaryimage\"},\"thumbnailUrl\":\"https:\\\/\\\/www-preprod.ppcenergy.ro\\\/wp-content\\\/uploads\\\/guvernanta-corporativa.webp\",\"datePublished\":\"2024-03-18T11:16:15+00:00\",\"dateModified\":\"2025-06-01T19:14:51+00:00\",\"description\":\"Fedezze fel \u00fczleti elveinket \u00e9s gyakorlatunkat.\",\"breadcrumb\":{\"@id\":\"https:\\\/\\\/www-preprod.ppcenergy.ro\\\/hu\\\/kik-vagyunk\\\/vallalatiranyitas\\\/#breadcrumb\"},\"inLanguage\":\"hu\",\"potentialAction\":[{\"@type\":\"ReadAction\",\"target\":[\"https:\\\/\\\/www-preprod.ppcenergy.ro\\\/hu\\\/kik-vagyunk\\\/vallalatiranyitas\\\/\"]}]},{\"@type\":\"ImageObject\",\"inLanguage\":\"hu\",\"@id\":\"https:\\\/\\\/www-preprod.ppcenergy.ro\\\/hu\\\/kik-vagyunk\\\/vallalatiranyitas\\\/#primaryimage\",\"url\":\"https:\\\/\\\/www-preprod.ppcenergy.ro\\\/wp-content\\\/uploads\\\/guvernanta-corporativa.webp\",\"contentUrl\":\"https:\\\/\\\/www-preprod.ppcenergy.ro\\\/wp-content\\\/uploads\\\/guvernanta-corporativa.webp\",\"width\":4240,\"height\":2830},{\"@type\":\"BreadcrumbList\",\"@id\":\"https:\\\/\\\/www-preprod.ppcenergy.ro\\\/hu\\\/kik-vagyunk\\\/vallalatiranyitas\\\/#breadcrumb\",\"itemListElement\":[{\"@type\":\"ListItem\",\"position\":1,\"name\":\"Home\",\"item\":\"https:\\\/\\\/www-preprod.ppcenergy.ro\\\/hu\\\/\"},{\"@type\":\"ListItem\",\"position\":2,\"name\":\"R\u00f3lunk\",\"item\":\"https:\\\/\\\/www-preprod.ppcenergy.ro\\\/hu\\\/kik-vagyunk\\\/\"},{\"@type\":\"ListItem\",\"position\":3,\"name\":\"V\u00e1llalatir\u00e1ny\u00edt\u00e1s\"}]},{\"@type\":\"WebSite\",\"@id\":\"https:\\\/\\\/www-preprod.ppcenergy.ro\\\/#website\",\"url\":\"https:\\\/\\\/www-preprod.ppcenergy.ro\\\/\",\"name\":\"PPC\",\"description\":\"Energy\",\"publisher\":{\"@id\":\"https:\\\/\\\/www-preprod.ppcenergy.ro\\\/#organization\"},\"potentialAction\":[{\"@type\":\"SearchAction\",\"target\":{\"@type\":\"EntryPoint\",\"urlTemplate\":\"https:\\\/\\\/www-preprod.ppcenergy.ro\\\/?s={search_term_string}\"},\"query-input\":{\"@type\":\"PropertyValueSpecification\",\"valueRequired\":true,\"valueName\":\"search_term_string\"}}],\"inLanguage\":\"hu\"},{\"@type\":\"Organization\",\"@id\":\"https:\\\/\\\/www-preprod.ppcenergy.ro\\\/#organization\",\"name\":\"PPC\",\"url\":\"https:\\\/\\\/www-preprod.ppcenergy.ro\\\/\",\"logo\":{\"@type\":\"ImageObject\",\"inLanguage\":\"hu\",\"@id\":\"https:\\\/\\\/www-preprod.ppcenergy.ro\\\/#\\\/schema\\\/logo\\\/image\\\/\",\"url\":\"https:\\\/\\\/www-preprod.ppcenergy.ro\\\/wp-content\\\/uploads\\\/cropped-favicon.webp\",\"contentUrl\":\"https:\\\/\\\/www-preprod.ppcenergy.ro\\\/wp-content\\\/uploads\\\/cropped-favicon.webp\",\"width\":512,\"height\":512,\"caption\":\"PPC\"},\"image\":{\"@id\":\"https:\\\/\\\/www-preprod.ppcenergy.ro\\\/#\\\/schema\\\/logo\\\/image\\\/\"},\"sameAs\":[\"https:\\\/\\\/www.facebook.com\\\/ppcenergy\",\"https:\\\/\\\/x.com\\\/PPCEnergyRo\",\"https:\\\/\\\/www.instagram.com\\\/ppcenergyro\\\/\",\"https:\\\/\\\/www.youtube.com\\\/@PPCEnergy\",\"https:\\\/\\\/www.linkedin.com\\\/company\\\/ppc-energy\\\/\"]}]}<\/script>\n<!-- \/ Yoast SEO Premium plugin. -->","yoast_head_json":{"title":"V\u00e1llalatir\u00e1ny\u00edt\u00e1s - PPC","description":"Fedezze fel \u00fczleti elveinket \u00e9s gyakorlatunkat.","robots":{"index":"index","follow":"follow","max-snippet":"max-snippet:-1","max-image-preview":"max-image-preview:large","max-video-preview":"max-video-preview:-1"},"canonical":"https:\/\/www-preprod.ppcenergy.ro\/hu\/kik-vagyunk\/vallalatiranyitas\/","og_locale":"hu_HU","og_type":"article","og_title":"V\u00e1llalatir\u00e1ny\u00edt\u00e1s","og_description":"Fedezze fel \u00fczleti elveinket \u00e9s gyakorlatunkat.","og_url":"https:\/\/www-preprod.ppcenergy.ro\/hu\/kik-vagyunk\/vallalatiranyitas\/","og_site_name":"PPC","article_publisher":"https:\/\/www.facebook.com\/ppcenergy","article_modified_time":"2025-06-01T19:14:51+00:00","twitter_card":"summary_large_image","twitter_title":"V\u00e1llalatir\u00e1ny\u00edt\u00e1s","twitter_image":"https:\/\/www-preprod.ppcenergy.ro\/wp-content\/uploads\/guvernanta-corporativa.webp","twitter_site":"@PPCEnergyRo","twitter_misc":{"Est. reading time":"1 perc"},"schema":{"@context":"https:\/\/schema.org","@graph":[{"@type":"WebPage","@id":"https:\/\/www-preprod.ppcenergy.ro\/hu\/kik-vagyunk\/vallalatiranyitas\/","url":"https:\/\/www-preprod.ppcenergy.ro\/hu\/kik-vagyunk\/vallalatiranyitas\/","name":"V\u00e1llalatir\u00e1ny\u00edt\u00e1s - PPC","isPartOf":{"@id":"https:\/\/www-preprod.ppcenergy.ro\/#website"},"primaryImageOfPage":{"@id":"https:\/\/www-preprod.ppcenergy.ro\/hu\/kik-vagyunk\/vallalatiranyitas\/#primaryimage"},"image":{"@id":"https:\/\/www-preprod.ppcenergy.ro\/hu\/kik-vagyunk\/vallalatiranyitas\/#primaryimage"},"thumbnailUrl":"https:\/\/www-preprod.ppcenergy.ro\/wp-content\/uploads\/guvernanta-corporativa.webp","datePublished":"2024-03-18T11:16:15+00:00","dateModified":"2025-06-01T19:14:51+00:00","description":"Fedezze fel \u00fczleti elveinket \u00e9s gyakorlatunkat.","breadcrumb":{"@id":"https:\/\/www-preprod.ppcenergy.ro\/hu\/kik-vagyunk\/vallalatiranyitas\/#breadcrumb"},"inLanguage":"hu","potentialAction":[{"@type":"ReadAction","target":["https:\/\/www-preprod.ppcenergy.ro\/hu\/kik-vagyunk\/vallalatiranyitas\/"]}]},{"@type":"ImageObject","inLanguage":"hu","@id":"https:\/\/www-preprod.ppcenergy.ro\/hu\/kik-vagyunk\/vallalatiranyitas\/#primaryimage","url":"https:\/\/www-preprod.ppcenergy.ro\/wp-content\/uploads\/guvernanta-corporativa.webp","contentUrl":"https:\/\/www-preprod.ppcenergy.ro\/wp-content\/uploads\/guvernanta-corporativa.webp","width":4240,"height":2830},{"@type":"BreadcrumbList","@id":"https:\/\/www-preprod.ppcenergy.ro\/hu\/kik-vagyunk\/vallalatiranyitas\/#breadcrumb","itemListElement":[{"@type":"ListItem","position":1,"name":"Home","item":"https:\/\/www-preprod.ppcenergy.ro\/hu\/"},{"@type":"ListItem","position":2,"name":"R\u00f3lunk","item":"https:\/\/www-preprod.ppcenergy.ro\/hu\/kik-vagyunk\/"},{"@type":"ListItem","position":3,"name":"V\u00e1llalatir\u00e1ny\u00edt\u00e1s"}]},{"@type":"WebSite","@id":"https:\/\/www-preprod.ppcenergy.ro\/#website","url":"https:\/\/www-preprod.ppcenergy.ro\/","name":"PPC","description":"Energy","publisher":{"@id":"https:\/\/www-preprod.ppcenergy.ro\/#organization"},"potentialAction":[{"@type":"SearchAction","target":{"@type":"EntryPoint","urlTemplate":"https:\/\/www-preprod.ppcenergy.ro\/?s={search_term_string}"},"query-input":{"@type":"PropertyValueSpecification","valueRequired":true,"valueName":"search_term_string"}}],"inLanguage":"hu"},{"@type":"Organization","@id":"https:\/\/www-preprod.ppcenergy.ro\/#organization","name":"PPC","url":"https:\/\/www-preprod.ppcenergy.ro\/","logo":{"@type":"ImageObject","inLanguage":"hu","@id":"https:\/\/www-preprod.ppcenergy.ro\/#\/schema\/logo\/image\/","url":"https:\/\/www-preprod.ppcenergy.ro\/wp-content\/uploads\/cropped-favicon.webp","contentUrl":"https:\/\/www-preprod.ppcenergy.ro\/wp-content\/uploads\/cropped-favicon.webp","width":512,"height":512,"caption":"PPC"},"image":{"@id":"https:\/\/www-preprod.ppcenergy.ro\/#\/schema\/logo\/image\/"},"sameAs":["https:\/\/www.facebook.com\/ppcenergy","https:\/\/x.com\/PPCEnergyRo","https:\/\/www.instagram.com\/ppcenergyro\/","https:\/\/www.youtube.com\/@PPCEnergy","https:\/\/www.linkedin.com\/company\/ppc-energy\/"]}]}},"_links":{"self":[{"href":"https:\/\/www-preprod.ppcenergy.ro\/hu\/wp-json\/wp\/v2\/pages\/17109","targetHints":{"allow":["GET"]}}],"collection":[{"href":"https:\/\/www-preprod.ppcenergy.ro\/hu\/wp-json\/wp\/v2\/pages"}],"about":[{"href":"https:\/\/www-preprod.ppcenergy.ro\/hu\/wp-json\/wp\/v2\/types\/page"}],"author":[{"embeddable":true,"href":"https:\/\/www-preprod.ppcenergy.ro\/hu\/wp-json\/wp\/v2\/users\/48"}],"replies":[{"embeddable":true,"href":"https:\/\/www-preprod.ppcenergy.ro\/hu\/wp-json\/wp\/v2\/comments?post=17109"}],"version-history":[{"count":6,"href":"https:\/\/www-preprod.ppcenergy.ro\/hu\/wp-json\/wp\/v2\/pages\/17109\/revisions"}],"predecessor-version":[{"id":17915,"href":"https:\/\/www-preprod.ppcenergy.ro\/hu\/wp-json\/wp\/v2\/pages\/17109\/revisions\/17915"}],"up":[{"embeddable":true,"href":"https:\/\/www-preprod.ppcenergy.ro\/hu\/wp-json\/wp\/v2\/pages\/17095"}],"wp:featuredmedia":[{"embeddable":true,"href":"https:\/\/www-preprod.ppcenergy.ro\/hu\/wp-json\/wp\/v2\/media\/17110"}],"wp:attachment":[{"href":"https:\/\/www-preprod.ppcenergy.ro\/hu\/wp-json\/wp\/v2\/media?parent=17109"}],"curies":[{"name":"wp","href":"https:\/\/api.w.org\/{rel}","templated":true}]}}