{"id":17128,"date":"2024-03-22T15:36:17","date_gmt":"2024-03-22T13:36:17","guid":{"rendered":"https:\/\/www-preprod.ppcenergy.ro\/cine-suntem\/documente-generale\/"},"modified":"2025-05-30T17:38:03","modified_gmt":"2025-05-30T14:38:03","slug":"altalanos-dokumentumok","status":"publish","type":"page","link":"https:\/\/www-preprod.ppcenergy.ro\/hu\/kik-vagyunk\/altalanos-dokumentumok\/","title":{"rendered":"\u00c1ltal\u00e1nos dokumentumok"},"content":{"rendered":"<section id=\"\" class=\"block-top-product \">\n    <div class='top-product'>\n                <div class=\"full-slide  fullproduct  articles left slider-type-gradient\">\n                                        <div\n                    class='gradient desktop topleft lightblue full seven_per_row'>\n                    <div class='line line1'><\/div>\n                    <div class='line line2'><\/div>\n                    <div class='line line3'><\/div>\n                    <div class='line line4'><\/div>\n                                            <div class='line line5'><\/div>\n                        <div class='line line6'><\/div>\n                        <div class='line line7'><\/div>\n                                                        <\/div>\n                                                    <div class=\"product-textbox  text-color-white\">\n                                            <div\n                            class='gradient mobile topleft lightblue full seven_per_row'>\n                            <div class='line line1'><\/div>\n                            <div class='line line2'><\/div>\n                            <div class='line line3'><\/div>\n                            <div class='line line4'><\/div>\n                                                            <div class='line line5'><\/div>\n                                <div class='line line6'><\/div>\n                                <div class='line line7'><\/div>\n                                                                                <\/div>\n                    \n                                                                                    <h2 class=\"title\">\n                        \u00c1ltal\u00e1nos dokumentumok                        <\/h2>\n                                                                                                                        \n                                                        <\/div>\n                    <\/div>\n    <\/div>\n<\/section>\n\n<section id=\"\" class=\"block-breadcrumbs\">\n    <ul id=\"breadcrumbs\" itemprop=\"breadcrumb\" class=\"breadcrumbs\"><li><a rel=\"home\" href=\"https:\/\/www-preprod.ppcenergy.ro\/hu\/\"><span class=\"logo-breadcrumbs\"><\/span><\/a><\/li><\/ul><\/section>\n\n\n<div style=\"height:32px\" aria-hidden=\"true\" class=\"wp-block-spacer\"><\/div>\n\n\n\n<div class=\"wp-block-columns is-layout-flex wp-container-core-columns-is-layout-28f84493 wp-block-columns-is-layout-flex\">\n<div class=\"wp-block-column is-layout-flow wp-block-column-is-layout-flow\" style=\"flex-basis:66.66%\">\n<h1 class=\"wp-block-heading\" id=\"h-altalanos-dokumentumok-a-reszvenyesek-szamara\" style=\"margin-top:var(--wp--preset--spacing--30);margin-bottom:var(--wp--preset--spacing--30)\">\u00c1ltal\u00e1nos dokumentumok a r\u00e9szv\u00e9nyesek sz\u00e1m\u00e1ra<\/h1>\n\n\n\n<div style=\"height:16px\" aria-hidden=\"true\" class=\"wp-block-spacer\"><\/div>\n\n\n\n<p style=\"margin-top:var(--wp--preset--spacing--30);margin-bottom:var(--wp--preset--spacing--30)\">Tekintse meg az \u00e1ltal\u00e1nos r\u00e9szv\u00e9nyesi dokumentumokat, az egyes v\u00e1llalatok \u00e9ves p\u00e9nz\u00fcgyi jelent\u00e9seit \u00e9s egy\u00e9b dokumentumokat.<\/p>\n<\/div>\n\n\n\n<div class=\"wp-block-column is-layout-flow wp-block-column-is-layout-flow\" style=\"flex-basis:33.33%\"><\/div>\n<\/div>\n\n\n\n<div style=\"height:96px\" aria-hidden=\"true\" class=\"wp-block-spacer\"><\/div>\n\n\n<section id=\"\" class=\"block-top-download_card  container-contain\">\n    <div class='top-download_card'>\n                    <div class='gradient bottomright lightblue full four_per_row'>\n                <div class='line line1'><\/div>\n                <div class='line line2'><\/div>\n                <div class='line line3'><\/div>\n                <div class='line line4'><\/div>\n            <\/div>\n                <div class=\"full-slide fulldownload_card\">\n                            <div class=\"download_card-textbox text-color-black\">\n                                            <h2 class=\"title\">\n                            \u00c1ltal\u00e1nos dokumentumok arch\u00edvuma                        <\/h2>\n                                                                <div class=\"text\">\n                            <p>Az arch\u00edvum 2015-2023 k\u00f6z\u00f6tti dokumentumokat tartalmaz<\/p>\n                        <\/div>\n                                                                                    <div class=\"info-buttons\">\n                                                            <a class=\"global-button global-button-border-black\"\n                                   href=\"https:\/\/www-preprod.ppcenergy.ro\/arhiva-documente-generale\/\" title=\"Arch\u00edvum megtekint\u00e9se\"\n                                   target=\"_self\">\n                                       Arch\u00edvum megtekint\u00e9se                                <\/a>\n                                                                                <\/div>\n                                    <\/div>\n                                                    <div class=\"info-buttons-mobile\">\n                                            <a class=\"global-button global-button-border-black\"\n                           href=\"https:\/\/www-preprod.ppcenergy.ro\/arhiva-documente-generale\/\" title=\"Arch\u00edvum megtekint\u00e9se\"\n                           target=\"_self\">\n                               Arch\u00edvum megtekint\u00e9se                        <\/a>\n                                                        <\/div>\n                    <\/div>\n    <\/div>\n<\/section>\n\n\n<div style=\"height:48px\" aria-hidden=\"true\" class=\"wp-block-spacer\"><\/div>\n","protected":false},"excerpt":{"rendered":"<p>\u00c1ltal\u00e1nos dokumentumok a r\u00e9szv\u00e9nyesek sz\u00e1m\u00e1ra Tekintse meg az \u00e1ltal\u00e1nos r\u00e9szv\u00e9nyesi dokumentumokat, az egyes v\u00e1llalatok \u00e9ves p\u00e9nz\u00fcgyi jelent\u00e9seit \u00e9s egy\u00e9b dokumentumokat.<\/p>\n","protected":false},"author":14,"featured_media":0,"parent":17095,"menu_order":0,"comment_status":"closed","ping_status":"closed","template":"","meta":{"_acf_changed":false,"footnotes":""},"class_list":["post-17128","page","type-page","status-publish","hentry"],"acf":[],"yoast_head":"<!-- This site is optimized with the Yoast SEO Premium plugin v21.8 (Yoast SEO v27.3) - https:\/\/yoast.com\/product\/yoast-seo-premium-wordpress\/ -->\n<title>\u00c1ltal\u00e1nos dokumentumok - PPC<\/title>\n<meta name=\"description\" content=\"\u00c1ltal\u00e1nos dokumentumok a r\u00e9szv\u00e9nyesek sz\u00e1m\u00e1ra, a v\u00e1llalat \u00e9ves p\u00e9nz\u00fcgyi jelent\u00e9sei \u00e9s egy\u00e9b dokumentumok.\" \/>\n<meta name=\"robots\" content=\"index, follow, max-snippet:-1, max-image-preview:large, max-video-preview:-1\" \/>\n<link rel=\"canonical\" href=\"https:\/\/www-preprod.ppcenergy.ro\/hu\/kik-vagyunk\/altalanos-dokumentumok\/\" \/>\n<meta property=\"og:locale\" content=\"hu_HU\" \/>\n<meta property=\"og:type\" content=\"article\" \/>\n<meta property=\"og:title\" content=\"\u00c1ltal\u00e1nos dokumentumok\" \/>\n<meta property=\"og:description\" content=\"\u00c1ltal\u00e1nos dokumentumok a r\u00e9szv\u00e9nyesek sz\u00e1m\u00e1ra, a v\u00e1llalat \u00e9ves p\u00e9nz\u00fcgyi jelent\u00e9sei \u00e9s egy\u00e9b dokumentumok.\" \/>\n<meta property=\"og:url\" content=\"https:\/\/www-preprod.ppcenergy.ro\/hu\/kik-vagyunk\/altalanos-dokumentumok\/\" \/>\n<meta property=\"og:site_name\" content=\"PPC\" \/>\n<meta property=\"article:publisher\" content=\"https:\/\/www.facebook.com\/ppcenergy\" \/>\n<meta property=\"article:modified_time\" content=\"2025-05-30T14:38:03+00:00\" \/>\n<meta name=\"twitter:card\" content=\"summary_large_image\" \/>\n<meta name=\"twitter:site\" content=\"@PPCEnergyRo\" \/>\n<meta name=\"twitter:label1\" content=\"Est. reading time\" \/>\n\t<meta name=\"twitter:data1\" content=\"1 perc\" \/>\n<script type=\"application\/ld+json\" class=\"yoast-schema-graph\">{\"@context\":\"https:\\\/\\\/schema.org\",\"@graph\":[{\"@type\":\"WebPage\",\"@id\":\"https:\\\/\\\/www-preprod.ppcenergy.ro\\\/hu\\\/kik-vagyunk\\\/altalanos-dokumentumok\\\/\",\"url\":\"https:\\\/\\\/www-preprod.ppcenergy.ro\\\/hu\\\/kik-vagyunk\\\/altalanos-dokumentumok\\\/\",\"name\":\"\u00c1ltal\u00e1nos dokumentumok - PPC\",\"isPartOf\":{\"@id\":\"https:\\\/\\\/www-preprod.ppcenergy.ro\\\/#website\"},\"datePublished\":\"2024-03-22T13:36:17+00:00\",\"dateModified\":\"2025-05-30T14:38:03+00:00\",\"description\":\"\u00c1ltal\u00e1nos dokumentumok a r\u00e9szv\u00e9nyesek sz\u00e1m\u00e1ra, a v\u00e1llalat \u00e9ves p\u00e9nz\u00fcgyi jelent\u00e9sei \u00e9s egy\u00e9b dokumentumok.\",\"breadcrumb\":{\"@id\":\"https:\\\/\\\/www-preprod.ppcenergy.ro\\\/hu\\\/kik-vagyunk\\\/altalanos-dokumentumok\\\/#breadcrumb\"},\"inLanguage\":\"hu\",\"potentialAction\":[{\"@type\":\"ReadAction\",\"target\":[\"https:\\\/\\\/www-preprod.ppcenergy.ro\\\/hu\\\/kik-vagyunk\\\/altalanos-dokumentumok\\\/\"]}]},{\"@type\":\"BreadcrumbList\",\"@id\":\"https:\\\/\\\/www-preprod.ppcenergy.ro\\\/hu\\\/kik-vagyunk\\\/altalanos-dokumentumok\\\/#breadcrumb\",\"itemListElement\":[{\"@type\":\"ListItem\",\"position\":1,\"name\":\"Home\",\"item\":\"https:\\\/\\\/www-preprod.ppcenergy.ro\\\/hu\\\/\"},{\"@type\":\"ListItem\",\"position\":2,\"name\":\"R\u00f3lunk\",\"item\":\"https:\\\/\\\/www-preprod.ppcenergy.ro\\\/hu\\\/kik-vagyunk\\\/\"},{\"@type\":\"ListItem\",\"position\":3,\"name\":\"\u00c1ltal\u00e1nos dokumentumok\"}]},{\"@type\":\"WebSite\",\"@id\":\"https:\\\/\\\/www-preprod.ppcenergy.ro\\\/#website\",\"url\":\"https:\\\/\\\/www-preprod.ppcenergy.ro\\\/\",\"name\":\"PPC\",\"description\":\"Energy\",\"publisher\":{\"@id\":\"https:\\\/\\\/www-preprod.ppcenergy.ro\\\/#organization\"},\"potentialAction\":[{\"@type\":\"SearchAction\",\"target\":{\"@type\":\"EntryPoint\",\"urlTemplate\":\"https:\\\/\\\/www-preprod.ppcenergy.ro\\\/?s={search_term_string}\"},\"query-input\":{\"@type\":\"PropertyValueSpecification\",\"valueRequired\":true,\"valueName\":\"search_term_string\"}}],\"inLanguage\":\"hu\"},{\"@type\":\"Organization\",\"@id\":\"https:\\\/\\\/www-preprod.ppcenergy.ro\\\/#organization\",\"name\":\"PPC\",\"url\":\"https:\\\/\\\/www-preprod.ppcenergy.ro\\\/\",\"logo\":{\"@type\":\"ImageObject\",\"inLanguage\":\"hu\",\"@id\":\"https:\\\/\\\/www-preprod.ppcenergy.ro\\\/#\\\/schema\\\/logo\\\/image\\\/\",\"url\":\"https:\\\/\\\/www-preprod.ppcenergy.ro\\\/wp-content\\\/uploads\\\/cropped-favicon.webp\",\"contentUrl\":\"https:\\\/\\\/www-preprod.ppcenergy.ro\\\/wp-content\\\/uploads\\\/cropped-favicon.webp\",\"width\":512,\"height\":512,\"caption\":\"PPC\"},\"image\":{\"@id\":\"https:\\\/\\\/www-preprod.ppcenergy.ro\\\/#\\\/schema\\\/logo\\\/image\\\/\"},\"sameAs\":[\"https:\\\/\\\/www.facebook.com\\\/ppcenergy\",\"https:\\\/\\\/x.com\\\/PPCEnergyRo\",\"https:\\\/\\\/www.instagram.com\\\/ppcenergyro\\\/\",\"https:\\\/\\\/www.youtube.com\\\/@PPCEnergy\",\"https:\\\/\\\/www.linkedin.com\\\/company\\\/ppc-energy\\\/\"]}]}<\/script>\n<!-- \/ Yoast SEO Premium plugin. -->","yoast_head_json":{"title":"\u00c1ltal\u00e1nos dokumentumok - PPC","description":"\u00c1ltal\u00e1nos dokumentumok a r\u00e9szv\u00e9nyesek sz\u00e1m\u00e1ra, a v\u00e1llalat \u00e9ves p\u00e9nz\u00fcgyi jelent\u00e9sei \u00e9s egy\u00e9b dokumentumok.","robots":{"index":"index","follow":"follow","max-snippet":"max-snippet:-1","max-image-preview":"max-image-preview:large","max-video-preview":"max-video-preview:-1"},"canonical":"https:\/\/www-preprod.ppcenergy.ro\/hu\/kik-vagyunk\/altalanos-dokumentumok\/","og_locale":"hu_HU","og_type":"article","og_title":"\u00c1ltal\u00e1nos dokumentumok","og_description":"\u00c1ltal\u00e1nos dokumentumok a r\u00e9szv\u00e9nyesek sz\u00e1m\u00e1ra, a v\u00e1llalat \u00e9ves p\u00e9nz\u00fcgyi jelent\u00e9sei \u00e9s egy\u00e9b dokumentumok.","og_url":"https:\/\/www-preprod.ppcenergy.ro\/hu\/kik-vagyunk\/altalanos-dokumentumok\/","og_site_name":"PPC","article_publisher":"https:\/\/www.facebook.com\/ppcenergy","article_modified_time":"2025-05-30T14:38:03+00:00","twitter_card":"summary_large_image","twitter_site":"@PPCEnergyRo","twitter_misc":{"Est. reading time":"1 perc"},"schema":{"@context":"https:\/\/schema.org","@graph":[{"@type":"WebPage","@id":"https:\/\/www-preprod.ppcenergy.ro\/hu\/kik-vagyunk\/altalanos-dokumentumok\/","url":"https:\/\/www-preprod.ppcenergy.ro\/hu\/kik-vagyunk\/altalanos-dokumentumok\/","name":"\u00c1ltal\u00e1nos dokumentumok - PPC","isPartOf":{"@id":"https:\/\/www-preprod.ppcenergy.ro\/#website"},"datePublished":"2024-03-22T13:36:17+00:00","dateModified":"2025-05-30T14:38:03+00:00","description":"\u00c1ltal\u00e1nos dokumentumok a r\u00e9szv\u00e9nyesek sz\u00e1m\u00e1ra, a v\u00e1llalat \u00e9ves p\u00e9nz\u00fcgyi jelent\u00e9sei \u00e9s egy\u00e9b dokumentumok.","breadcrumb":{"@id":"https:\/\/www-preprod.ppcenergy.ro\/hu\/kik-vagyunk\/altalanos-dokumentumok\/#breadcrumb"},"inLanguage":"hu","potentialAction":[{"@type":"ReadAction","target":["https:\/\/www-preprod.ppcenergy.ro\/hu\/kik-vagyunk\/altalanos-dokumentumok\/"]}]},{"@type":"BreadcrumbList","@id":"https:\/\/www-preprod.ppcenergy.ro\/hu\/kik-vagyunk\/altalanos-dokumentumok\/#breadcrumb","itemListElement":[{"@type":"ListItem","position":1,"name":"Home","item":"https:\/\/www-preprod.ppcenergy.ro\/hu\/"},{"@type":"ListItem","position":2,"name":"R\u00f3lunk","item":"https:\/\/www-preprod.ppcenergy.ro\/hu\/kik-vagyunk\/"},{"@type":"ListItem","position":3,"name":"\u00c1ltal\u00e1nos dokumentumok"}]},{"@type":"WebSite","@id":"https:\/\/www-preprod.ppcenergy.ro\/#website","url":"https:\/\/www-preprod.ppcenergy.ro\/","name":"PPC","description":"Energy","publisher":{"@id":"https:\/\/www-preprod.ppcenergy.ro\/#organization"},"potentialAction":[{"@type":"SearchAction","target":{"@type":"EntryPoint","urlTemplate":"https:\/\/www-preprod.ppcenergy.ro\/?s={search_term_string}"},"query-input":{"@type":"PropertyValueSpecification","valueRequired":true,"valueName":"search_term_string"}}],"inLanguage":"hu"},{"@type":"Organization","@id":"https:\/\/www-preprod.ppcenergy.ro\/#organization","name":"PPC","url":"https:\/\/www-preprod.ppcenergy.ro\/","logo":{"@type":"ImageObject","inLanguage":"hu","@id":"https:\/\/www-preprod.ppcenergy.ro\/#\/schema\/logo\/image\/","url":"https:\/\/www-preprod.ppcenergy.ro\/wp-content\/uploads\/cropped-favicon.webp","contentUrl":"https:\/\/www-preprod.ppcenergy.ro\/wp-content\/uploads\/cropped-favicon.webp","width":512,"height":512,"caption":"PPC"},"image":{"@id":"https:\/\/www-preprod.ppcenergy.ro\/#\/schema\/logo\/image\/"},"sameAs":["https:\/\/www.facebook.com\/ppcenergy","https:\/\/x.com\/PPCEnergyRo","https:\/\/www.instagram.com\/ppcenergyro\/","https:\/\/www.youtube.com\/@PPCEnergy","https:\/\/www.linkedin.com\/company\/ppc-energy\/"]}]}},"_links":{"self":[{"href":"https:\/\/www-preprod.ppcenergy.ro\/hu\/wp-json\/wp\/v2\/pages\/17128","targetHints":{"allow":["GET"]}}],"collection":[{"href":"https:\/\/www-preprod.ppcenergy.ro\/hu\/wp-json\/wp\/v2\/pages"}],"about":[{"href":"https:\/\/www-preprod.ppcenergy.ro\/hu\/wp-json\/wp\/v2\/types\/page"}],"author":[{"embeddable":true,"href":"https:\/\/www-preprod.ppcenergy.ro\/hu\/wp-json\/wp\/v2\/users\/14"}],"replies":[{"embeddable":true,"href":"https:\/\/www-preprod.ppcenergy.ro\/hu\/wp-json\/wp\/v2\/comments?post=17128"}],"version-history":[{"count":2,"href":"https:\/\/www-preprod.ppcenergy.ro\/hu\/wp-json\/wp\/v2\/pages\/17128\/revisions"}],"predecessor-version":[{"id":17645,"href":"https:\/\/www-preprod.ppcenergy.ro\/hu\/wp-json\/wp\/v2\/pages\/17128\/revisions\/17645"}],"up":[{"embeddable":true,"href":"https:\/\/www-preprod.ppcenergy.ro\/hu\/wp-json\/wp\/v2\/pages\/17095"}],"wp:attachment":[{"href":"https:\/\/www-preprod.ppcenergy.ro\/hu\/wp-json\/wp\/v2\/media?parent=17128"}],"curies":[{"name":"wp","href":"https:\/\/api.w.org\/{rel}","templated":true}]}}