{"id":17273,"date":"2024-03-14T14:02:30","date_gmt":"2024-03-14T12:02:30","guid":{"rendered":"https:\/\/www-preprod.ppcenergy.ro\/reglementari\/"},"modified":"2025-06-02T16:25:42","modified_gmt":"2025-06-02T13:25:42","slug":"szabalyozas","status":"publish","type":"page","link":"https:\/\/www-preprod.ppcenergy.ro\/hu\/jogszabalyok\/szabalyozas\/","title":{"rendered":"Szab\u00e1lyoz\u00e1s"},"content":{"rendered":"<section id=\"\" class=\"block-top-product \">\n    <div class='top-product'>\n                <div class=\"full-slide  fullproduct  articles left slider-type-gradient\">\n                                        <div\n                    class='gradient desktop topleft gray full eleven_per_row'>\n                    <div class='line line1'><\/div>\n                    <div class='line line2'><\/div>\n                    <div class='line line3'><\/div>\n                    <div class='line line4'><\/div>\n                                                                <div class='line line5'><\/div>\n                        <div class='line line6'><\/div>\n                        <div class='line line7'><\/div>\n                        <div class='line line8'><\/div>\n                        <div class='line line9'><\/div>\n                        <div class='line line10'><\/div>\n                        <div class='line line11'><\/div>\n                                    <\/div>\n                                                    <div class=\"product-textbox  text-color-black\">\n                                            <div\n                            class='gradient mobile topleft gray full eleven_per_row'>\n                            <div class='line line1'><\/div>\n                            <div class='line line2'><\/div>\n                            <div class='line line3'><\/div>\n                            <div class='line line4'><\/div>\n                                                                                        <div class='line line5'><\/div>\n                                <div class='line line6'><\/div>\n                                <div class='line line7'><\/div>\n                                <div class='line line8'><\/div>\n                                <div class='line line9'><\/div>\n                                <div class='line line10'><\/div>\n                                <div class='line line11'><\/div>\n                                                    <\/div>\n                    \n                                                                                    <h2 class=\"title\">\n                        A jogalkot\u00e1si szab\u00e1lyok, amelyeket ismernie kell                        <\/h2>\n                                                                                                                        \n                                                        <\/div>\n                    <\/div>\n    <\/div>\n<\/section>\n\n<section id=\"\" class=\"block-breadcrumbs\">\n    <ul id=\"breadcrumbs\" itemprop=\"breadcrumb\" class=\"breadcrumbs\"><li><a rel=\"home\" href=\"https:\/\/www-preprod.ppcenergy.ro\/hu\/\"><span class=\"logo-breadcrumbs\"><\/span><\/a><\/li><\/ul><\/section>\n\n\n<div style=\"height:32px\" aria-hidden=\"true\" class=\"wp-block-spacer\"><\/div>\n\n\n\n<div class=\"wp-block-columns is-layout-flex wp-container-core-columns-is-layout-28f84493 wp-block-columns-is-layout-flex\">\n<div class=\"wp-block-column is-layout-flow wp-block-column-is-layout-flow\" style=\"flex-basis:66.66%\">\n<h1 class=\"wp-block-heading\" id=\"h-a-jogalkotasi-szabalyok-amelyeket-ismernie-kell\">A jogalkot\u00e1si szab\u00e1lyok, amelyeket ismernie kell<\/h1>\n<\/div>\n\n\n\n<div class=\"wp-block-column is-layout-flow wp-block-column-is-layout-flow\" style=\"flex-basis:33.33%\"><\/div>\n<\/div>\n\n\n    <section id=\"\" class=\"block-carousel background-color- is-style-border\">\n        <div class=\"gradient gradient-global   is-style-border\">\n            <div class='line line1' style=\"\"><\/div>\n            <div class='line line2' style=\"\"><\/div>\n            <div class='line line3' style=\"\"><\/div>\n            <div class='line line4' style=\"\"><\/div>\n            <div class='line line5' style=\"\"><\/div>\n            <div class='line line6' style=\"\"><\/div>\n            <div class='line line7' style=\"\"><\/div>\n            <div class='line line8' style=\"\"><\/div>\n            <div class='line line9' style=\"\"><\/div>\n            <div class='line line10' style=\"\"><\/div>\n            <div class='line line11' style=\"\"><\/div>\n        <\/div>\n        <div class=\"pull-wrapper\">\n            <div class=\"upper-slider container-pull\">\n                            <\/div>\n                    <\/div>\n        <div class='carousel-global pull-wrapper carousel-list'\n             data-slide-per-row=\"3\">\n                                 <div class=\"carousel-slide three_per_row\">\n                                            <div class=\"image-carousel\">\n                                                                                        <div class=\"image-title-carousel\">\n                                    Villamosenergia                                <\/div>\n                                                    <\/div>\n                                                                <div class=\"text-carousel\">\n                                                            <h3 class=\"title\">\n                                    Els\u0151dleges jogszab\u00e1lyok                                <\/h3>\n                                                                                        <div class=\"text\">\n                                    <p>Az ANRE rendelkez\u00e9sei szerint az \u00d6n rendelkez\u00e9s\u00e9re \u00e1llnak a villamos energi\u00e1hoz val\u00f3 hozz\u00e1f\u00e9r\u00e9st szab\u00e1lyoz\u00f3 els\u0151dleges jogszab\u00e1lyok Rom\u00e1ni\u00e1ban.<\/p>\n                                <\/div>\n                                                    <\/div>\n                                                                <a class=\"global-link\" href=\"https:\/\/www-preprod.ppcenergy.ro\/legislatie\/reglementari\/legislatie-primara-energie-electrica\/\" title=\"L\u00e1sd a r\u00e9szleteket\" target=\"_self\">\n                            <span class=\"long-arrow right\"><\/span>\n                        <\/a>\n                                    <\/div>\n                                <div class=\"carousel-slide three_per_row\">\n                                            <div class=\"image-carousel\">\n                                                                                        <div class=\"image-title-carousel\">\n                                    Villamosenergia                                <\/div>\n                                                    <\/div>\n                                                                <div class=\"text-carousel\">\n                                                            <h3 class=\"title\">\n                                    M\u00e1sodlagos jogszab\u00e1lyok                                <\/h3>\n                                                                                        <div class=\"text\">\n                                    <p>Az ANRE rendelkez\u00e9sei szerint az \u00d6n rendelkez\u00e9s\u00e9re \u00e1llnak a villamos energi\u00e1hoz val\u00f3 hozz\u00e1f\u00e9r\u00e9st szab\u00e1lyoz\u00f3 m\u00e1sodlagos jogszab\u00e1lyok Rom\u00e1ni\u00e1ban.<\/p>\n                                <\/div>\n                                                    <\/div>\n                                                                <a class=\"global-link\" href=\"https:\/\/www-preprod.ppcenergy.ro\/legislatie\/reglementari\/legislatie-secundara-energie-electrica\/\" title=\"L\u00e1sd a r\u00e9szleteket\" target=\"_self\">\n                            <span class=\"long-arrow right\"><\/span>\n                        <\/a>\n                                    <\/div>\n                                <div class=\"carousel-slide three_per_row\">\n                                            <div class=\"image-carousel\">\n                                                                                        <div class=\"image-title-carousel\">\n                                    F\u00f6ldg\u00e1z                                <\/div>\n                                                    <\/div>\n                                                                <div class=\"text-carousel\">\n                                                            <h3 class=\"title\">\n                                    Els\u0151dleges jogszab\u00e1lyok                                <\/h3>\n                                                                                        <div class=\"text\">\n                                    <p>Az ANRE rendelkez\u00e9sei szerint az \u00d6n rendelkez\u00e9s\u00e9re \u00e1llnak a rom\u00e1niai f\u00f6ldg\u00e1zhoz val\u00f3 hozz\u00e1f\u00e9r\u00e9st szab\u00e1lyoz\u00f3 els\u0151dleges jogszab\u00e1lyok.<\/p>\n                                <\/div>\n                                                    <\/div>\n                                                                <a class=\"global-link\" href=\"https:\/\/www-preprod.ppcenergy.ro\/legislatie\/reglementari\/legislatie-primara-gaze-naturale\/\" title=\"L\u00e1sd a r\u00e9szleteket\" target=\"_self\">\n                            <span class=\"long-arrow right\"><\/span>\n                        <\/a>\n                                    <\/div>\n                                <div class=\"carousel-slide three_per_row\">\n                                            <div class=\"image-carousel\">\n                                                                                        <div class=\"image-title-carousel\">\n                                    F\u00f6ldg\u00e1z                                <\/div>\n                                                    <\/div>\n                                                                <div class=\"text-carousel\">\n                                                            <h3 class=\"title\">\n                                    M\u00e1sodlagos jogszab\u00e1lyok                                <\/h3>\n                                                                                        <div class=\"text\">\n                                    <p>Az ANRE rendelkez\u00e9sei szerint az \u00d6n rendelkez\u00e9s\u00e9re \u00e1llnak a rom\u00e1niai f\u00f6ldg\u00e1zhoz val\u00f3 hozz\u00e1f\u00e9r\u00e9st szab\u00e1lyoz\u00f3 m\u00e1sodlagos jogszab\u00e1lyok.<\/p>\n                                <\/div>\n                                                    <\/div>\n                                                                <a class=\"global-link\" href=\"https:\/\/www-preprod.ppcenergy.ro\/legislatie\/reglementari\/legislatie-secundara-gaze-naturale\/\" title=\"L\u00e1sd a r\u00e9szleteket\" target=\"_self\">\n                            <span class=\"long-arrow right\"><\/span>\n                        <\/a>\n                                    <\/div>\n                                <div class=\"carousel-slide three_per_row\">\n                                            <div class=\"image-carousel\">\n                                                                                        <div class=\"image-title-carousel\">\n                                    Energiac\u00edmke                                <\/div>\n                                                    <\/div>\n                                                                <div class=\"text-carousel\">\n                                                            <h3 class=\"title\">\n                                    Energiac\u00edmke                                <\/h3>\n                                                                                        <div class=\"text\">\n                                    <p>Az \u00fcgyfelek sz\u00e1m\u00e1ra biztos\u00edtott villamosenergia-energiac\u00edmk\u00e9t megtekintheti.<\/p>\n                                <\/div>\n                                                    <\/div>\n                                                                <a class=\"global-link\" href=\"https:\/\/www-preprod.ppcenergy.ro\/legislatie\/reglementari\/eticheta-energie-electrica\/\" title=\"L\u00e1sd a r\u00e9szleteket\" target=\"_self\">\n                            <span class=\"long-arrow right\"><\/span>\n                        <\/a>\n                                    <\/div>\n                                <div class=\"carousel-slide three_per_row\">\n                                            <div class=\"image-carousel\">\n                                                                                        <div class=\"image-title-carousel\">\n                                    Dokumentumok                                <\/div>\n                                                    <\/div>\n                                                                <div class=\"text-carousel\">\n                                                            <h3 class=\"title\">\n                                    Dokumentumok                                <\/h3>\n                                                                                        <div class=\"text\">\n                                    <p>Egy\u00e9b, a villamos energi\u00e1ra vonatkoz\u00f3 dokumentumok.<\/p>\n                                <\/div>\n                                                    <\/div>\n                                                                <a class=\"global-link\" href=\"https:\/\/www-preprod.ppcenergy.ro\/legislatie\/reglementari\/documente\/\" title=\"L\u00e1sd a r\u00e9szleteket\" target=\"_self\">\n                            <span class=\"long-arrow right\"><\/span>\n                        <\/a>\n                                    <\/div>\n                        <\/div>\n            <\/section>\n\n\n\n<div style=\"height:100px\" aria-hidden=\"true\" class=\"wp-block-spacer\"><\/div>\n","protected":false},"excerpt":{"rendered":"<p>A jogalkot\u00e1si szab\u00e1lyok, amelyeket ismernie kell<\/p>\n","protected":false},"author":48,"featured_media":0,"parent":17454,"menu_order":0,"comment_status":"closed","ping_status":"closed","template":"","meta":{"_acf_changed":false,"footnotes":""},"class_list":["post-17273","page","type-page","status-publish","hentry"],"acf":[],"yoast_head":"<!-- This site is optimized with the Yoast SEO Premium plugin v21.8 (Yoast SEO v27.3) - https:\/\/yoast.com\/product\/yoast-seo-premium-wordpress\/ -->\n<title>Szab\u00e1lyoz\u00e1s - PPC<\/title>\n<meta name=\"description\" content=\"A jogalkot\u00e1si szab\u00e1lyok, amelyeket ismernie kell\" \/>\n<meta name=\"robots\" content=\"index, follow, max-snippet:-1, max-image-preview:large, max-video-preview:-1\" \/>\n<link rel=\"canonical\" href=\"https:\/\/www-preprod.ppcenergy.ro\/hu\/jogszabalyok\/szabalyozas\/\" \/>\n<meta property=\"og:locale\" content=\"hu_HU\" \/>\n<meta property=\"og:type\" content=\"article\" \/>\n<meta property=\"og:title\" content=\"Szab\u00e1lyoz\u00e1s\" \/>\n<meta property=\"og:description\" content=\"A jogalkot\u00e1si szab\u00e1lyok, amelyeket ismernie kell\" \/>\n<meta property=\"og:url\" content=\"https:\/\/www-preprod.ppcenergy.ro\/hu\/jogszabalyok\/szabalyozas\/\" \/>\n<meta property=\"og:site_name\" content=\"PPC\" \/>\n<meta property=\"article:publisher\" content=\"https:\/\/www.facebook.com\/ppcenergy\" \/>\n<meta property=\"article:modified_time\" content=\"2025-06-02T13:25:42+00:00\" \/>\n<meta name=\"twitter:card\" content=\"summary_large_image\" \/>\n<meta name=\"twitter:site\" content=\"@PPCEnergyRo\" \/>\n<meta name=\"twitter:label1\" content=\"Est. reading time\" \/>\n\t<meta name=\"twitter:data1\" content=\"1 perc\" \/>\n<script type=\"application\/ld+json\" class=\"yoast-schema-graph\">{\"@context\":\"https:\\\/\\\/schema.org\",\"@graph\":[{\"@type\":\"WebPage\",\"@id\":\"https:\\\/\\\/www-preprod.ppcenergy.ro\\\/hu\\\/jogszabalyok\\\/szabalyozas\\\/\",\"url\":\"https:\\\/\\\/www-preprod.ppcenergy.ro\\\/hu\\\/jogszabalyok\\\/szabalyozas\\\/\",\"name\":\"Szab\u00e1lyoz\u00e1s - PPC\",\"isPartOf\":{\"@id\":\"https:\\\/\\\/www-preprod.ppcenergy.ro\\\/#website\"},\"datePublished\":\"2024-03-14T12:02:30+00:00\",\"dateModified\":\"2025-06-02T13:25:42+00:00\",\"description\":\"A jogalkot\u00e1si szab\u00e1lyok, amelyeket ismernie kell\",\"breadcrumb\":{\"@id\":\"https:\\\/\\\/www-preprod.ppcenergy.ro\\\/hu\\\/jogszabalyok\\\/szabalyozas\\\/#breadcrumb\"},\"inLanguage\":\"hu\",\"potentialAction\":[{\"@type\":\"ReadAction\",\"target\":[\"https:\\\/\\\/www-preprod.ppcenergy.ro\\\/hu\\\/jogszabalyok\\\/szabalyozas\\\/\"]}]},{\"@type\":\"BreadcrumbList\",\"@id\":\"https:\\\/\\\/www-preprod.ppcenergy.ro\\\/hu\\\/jogszabalyok\\\/szabalyozas\\\/#breadcrumb\",\"itemListElement\":[{\"@type\":\"ListItem\",\"position\":1,\"name\":\"Home\",\"item\":\"https:\\\/\\\/www-preprod.ppcenergy.ro\\\/hu\\\/\"},{\"@type\":\"ListItem\",\"position\":2,\"name\":\"Jogszab\u00e1lyok\",\"item\":\"https:\\\/\\\/www-preprod.ppcenergy.ro\\\/hu\\\/jogszabalyok\\\/\"},{\"@type\":\"ListItem\",\"position\":3,\"name\":\"Szab\u00e1lyoz\u00e1s\"}]},{\"@type\":\"WebSite\",\"@id\":\"https:\\\/\\\/www-preprod.ppcenergy.ro\\\/#website\",\"url\":\"https:\\\/\\\/www-preprod.ppcenergy.ro\\\/\",\"name\":\"PPC\",\"description\":\"Energy\",\"publisher\":{\"@id\":\"https:\\\/\\\/www-preprod.ppcenergy.ro\\\/#organization\"},\"potentialAction\":[{\"@type\":\"SearchAction\",\"target\":{\"@type\":\"EntryPoint\",\"urlTemplate\":\"https:\\\/\\\/www-preprod.ppcenergy.ro\\\/?s={search_term_string}\"},\"query-input\":{\"@type\":\"PropertyValueSpecification\",\"valueRequired\":true,\"valueName\":\"search_term_string\"}}],\"inLanguage\":\"hu\"},{\"@type\":\"Organization\",\"@id\":\"https:\\\/\\\/www-preprod.ppcenergy.ro\\\/#organization\",\"name\":\"PPC\",\"url\":\"https:\\\/\\\/www-preprod.ppcenergy.ro\\\/\",\"logo\":{\"@type\":\"ImageObject\",\"inLanguage\":\"hu\",\"@id\":\"https:\\\/\\\/www-preprod.ppcenergy.ro\\\/#\\\/schema\\\/logo\\\/image\\\/\",\"url\":\"https:\\\/\\\/www-preprod.ppcenergy.ro\\\/wp-content\\\/uploads\\\/cropped-favicon.webp\",\"contentUrl\":\"https:\\\/\\\/www-preprod.ppcenergy.ro\\\/wp-content\\\/uploads\\\/cropped-favicon.webp\",\"width\":512,\"height\":512,\"caption\":\"PPC\"},\"image\":{\"@id\":\"https:\\\/\\\/www-preprod.ppcenergy.ro\\\/#\\\/schema\\\/logo\\\/image\\\/\"},\"sameAs\":[\"https:\\\/\\\/www.facebook.com\\\/ppcenergy\",\"https:\\\/\\\/x.com\\\/PPCEnergyRo\",\"https:\\\/\\\/www.instagram.com\\\/ppcenergyro\\\/\",\"https:\\\/\\\/www.youtube.com\\\/@PPCEnergy\",\"https:\\\/\\\/www.linkedin.com\\\/company\\\/ppc-energy\\\/\"]}]}<\/script>\n<!-- \/ Yoast SEO Premium plugin. -->","yoast_head_json":{"title":"Szab\u00e1lyoz\u00e1s - PPC","description":"A jogalkot\u00e1si szab\u00e1lyok, amelyeket ismernie kell","robots":{"index":"index","follow":"follow","max-snippet":"max-snippet:-1","max-image-preview":"max-image-preview:large","max-video-preview":"max-video-preview:-1"},"canonical":"https:\/\/www-preprod.ppcenergy.ro\/hu\/jogszabalyok\/szabalyozas\/","og_locale":"hu_HU","og_type":"article","og_title":"Szab\u00e1lyoz\u00e1s","og_description":"A jogalkot\u00e1si szab\u00e1lyok, amelyeket ismernie kell","og_url":"https:\/\/www-preprod.ppcenergy.ro\/hu\/jogszabalyok\/szabalyozas\/","og_site_name":"PPC","article_publisher":"https:\/\/www.facebook.com\/ppcenergy","article_modified_time":"2025-06-02T13:25:42+00:00","twitter_card":"summary_large_image","twitter_site":"@PPCEnergyRo","twitter_misc":{"Est. reading time":"1 perc"},"schema":{"@context":"https:\/\/schema.org","@graph":[{"@type":"WebPage","@id":"https:\/\/www-preprod.ppcenergy.ro\/hu\/jogszabalyok\/szabalyozas\/","url":"https:\/\/www-preprod.ppcenergy.ro\/hu\/jogszabalyok\/szabalyozas\/","name":"Szab\u00e1lyoz\u00e1s - PPC","isPartOf":{"@id":"https:\/\/www-preprod.ppcenergy.ro\/#website"},"datePublished":"2024-03-14T12:02:30+00:00","dateModified":"2025-06-02T13:25:42+00:00","description":"A jogalkot\u00e1si szab\u00e1lyok, amelyeket ismernie kell","breadcrumb":{"@id":"https:\/\/www-preprod.ppcenergy.ro\/hu\/jogszabalyok\/szabalyozas\/#breadcrumb"},"inLanguage":"hu","potentialAction":[{"@type":"ReadAction","target":["https:\/\/www-preprod.ppcenergy.ro\/hu\/jogszabalyok\/szabalyozas\/"]}]},{"@type":"BreadcrumbList","@id":"https:\/\/www-preprod.ppcenergy.ro\/hu\/jogszabalyok\/szabalyozas\/#breadcrumb","itemListElement":[{"@type":"ListItem","position":1,"name":"Home","item":"https:\/\/www-preprod.ppcenergy.ro\/hu\/"},{"@type":"ListItem","position":2,"name":"Jogszab\u00e1lyok","item":"https:\/\/www-preprod.ppcenergy.ro\/hu\/jogszabalyok\/"},{"@type":"ListItem","position":3,"name":"Szab\u00e1lyoz\u00e1s"}]},{"@type":"WebSite","@id":"https:\/\/www-preprod.ppcenergy.ro\/#website","url":"https:\/\/www-preprod.ppcenergy.ro\/","name":"PPC","description":"Energy","publisher":{"@id":"https:\/\/www-preprod.ppcenergy.ro\/#organization"},"potentialAction":[{"@type":"SearchAction","target":{"@type":"EntryPoint","urlTemplate":"https:\/\/www-preprod.ppcenergy.ro\/?s={search_term_string}"},"query-input":{"@type":"PropertyValueSpecification","valueRequired":true,"valueName":"search_term_string"}}],"inLanguage":"hu"},{"@type":"Organization","@id":"https:\/\/www-preprod.ppcenergy.ro\/#organization","name":"PPC","url":"https:\/\/www-preprod.ppcenergy.ro\/","logo":{"@type":"ImageObject","inLanguage":"hu","@id":"https:\/\/www-preprod.ppcenergy.ro\/#\/schema\/logo\/image\/","url":"https:\/\/www-preprod.ppcenergy.ro\/wp-content\/uploads\/cropped-favicon.webp","contentUrl":"https:\/\/www-preprod.ppcenergy.ro\/wp-content\/uploads\/cropped-favicon.webp","width":512,"height":512,"caption":"PPC"},"image":{"@id":"https:\/\/www-preprod.ppcenergy.ro\/#\/schema\/logo\/image\/"},"sameAs":["https:\/\/www.facebook.com\/ppcenergy","https:\/\/x.com\/PPCEnergyRo","https:\/\/www.instagram.com\/ppcenergyro\/","https:\/\/www.youtube.com\/@PPCEnergy","https:\/\/www.linkedin.com\/company\/ppc-energy\/"]}]}},"_links":{"self":[{"href":"https:\/\/www-preprod.ppcenergy.ro\/hu\/wp-json\/wp\/v2\/pages\/17273","targetHints":{"allow":["GET"]}}],"collection":[{"href":"https:\/\/www-preprod.ppcenergy.ro\/hu\/wp-json\/wp\/v2\/pages"}],"about":[{"href":"https:\/\/www-preprod.ppcenergy.ro\/hu\/wp-json\/wp\/v2\/types\/page"}],"author":[{"embeddable":true,"href":"https:\/\/www-preprod.ppcenergy.ro\/hu\/wp-json\/wp\/v2\/users\/48"}],"replies":[{"embeddable":true,"href":"https:\/\/www-preprod.ppcenergy.ro\/hu\/wp-json\/wp\/v2\/comments?post=17273"}],"version-history":[{"count":6,"href":"https:\/\/www-preprod.ppcenergy.ro\/hu\/wp-json\/wp\/v2\/pages\/17273\/revisions"}],"predecessor-version":[{"id":18858,"href":"https:\/\/www-preprod.ppcenergy.ro\/hu\/wp-json\/wp\/v2\/pages\/17273\/revisions\/18858"}],"up":[{"embeddable":true,"href":"https:\/\/www-preprod.ppcenergy.ro\/hu\/wp-json\/wp\/v2\/pages\/17454"}],"wp:attachment":[{"href":"https:\/\/www-preprod.ppcenergy.ro\/hu\/wp-json\/wp\/v2\/media?parent=17273"}],"curies":[{"name":"wp","href":"https:\/\/api.w.org\/{rel}","templated":true}]}}