{"id":17308,"date":"2024-03-16T13:30:41","date_gmt":"2024-03-16T11:30:41","guid":{"rendered":"https:\/\/www-preprod.ppcenergy.ro\/protectia-datelor\/"},"modified":"2025-06-12T13:00:45","modified_gmt":"2025-06-12T10:00:45","slug":"adatvedelem","status":"publish","type":"page","link":"https:\/\/www-preprod.ppcenergy.ro\/hu\/jogszabalyok\/adatvedelem\/","title":{"rendered":"Szem\u00e9lyes adatok v\u00e9delme"},"content":{"rendered":"<section id=\"\" class=\"block-top-product \">\n    <div class='top-product'>\n                <div class=\"full-slide  fullproduct  articles left slider-type-gradient\">\n                                        <div\n                    class='gradient desktop topleft gray full eleven_per_row'>\n                    <div class='line line1'><\/div>\n                    <div class='line line2'><\/div>\n                    <div class='line line3'><\/div>\n                    <div class='line line4'><\/div>\n                                                                <div class='line line5'><\/div>\n                        <div class='line line6'><\/div>\n                        <div class='line line7'><\/div>\n                        <div class='line line8'><\/div>\n                        <div class='line line9'><\/div>\n                        <div class='line line10'><\/div>\n                        <div class='line line11'><\/div>\n                                    <\/div>\n                                                    <div class=\"product-textbox  text-color-black\">\n                                            <div\n                            class='gradient mobile topleft gray full eleven_per_row'>\n                            <div class='line line1'><\/div>\n                            <div class='line line2'><\/div>\n                            <div class='line line3'><\/div>\n                            <div class='line line4'><\/div>\n                                                                                        <div class='line line5'><\/div>\n                                <div class='line line6'><\/div>\n                                <div class='line line7'><\/div>\n                                <div class='line line8'><\/div>\n                                <div class='line line9'><\/div>\n                                <div class='line line10'><\/div>\n                                <div class='line line11'><\/div>\n                                                    <\/div>\n                    \n                                                                                    <h2 class=\"title\">\n                        Szem\u00e9lyes adatok v\u00e9delme                        <\/h2>\n                                                                                    <div class=\"text\">\n                            <p><p>Tudja meg, hogyan kezelj\u00fck a szem\u00e9lyes adatokat, \u00e9s milyen jogai vannak.<\/p>\n<\/p>\n                        <\/div>\n                                                                                \n                                                        <\/div>\n                    <\/div>\n    <\/div>\n<\/section>\n\n<section id=\"\" class=\"block-breadcrumbs\">\n    <ul id=\"breadcrumbs\" itemprop=\"breadcrumb\" class=\"breadcrumbs\"><li><a rel=\"home\" href=\"https:\/\/www-preprod.ppcenergy.ro\/hu\/\"><span class=\"logo-breadcrumbs\"><\/span><\/a><\/li><\/ul><\/section>\n\n\n<div style=\"height:32px\" aria-hidden=\"true\" class=\"wp-block-spacer\"><\/div>\n\n\n\n<div class=\"wp-block-columns is-layout-flex wp-container-core-columns-is-layout-28f84493 wp-block-columns-is-layout-flex\">\n<div class=\"wp-block-column is-layout-flow wp-block-column-is-layout-flow\" style=\"flex-basis:66.66%\">\n<h1 class=\"wp-block-heading\" id=\"h-szemelyes-adatok-vedelme\">Szem\u00e9lyes adatok v\u00e9delme<\/h1>\n\n\n\n<p>V\u00e1llalataink minden \u00e9sszer\u0171 l\u00e9p\u00e9st megtesznek a szem\u00e9lyes adatok (&#8222;Szem\u00e9lyes adatok&#8221;) bizalmas kezel\u00e9se, v\u00e9delme \u00e9s feldolgoz\u00e1sa, valamint az \u00e9rintettek jogainak tiszteletben tart\u00e1sa \u00e9rdek\u00e9ben, a szem\u00e9lyes adatok feldolgoz\u00e1sa vonatkoz\u00e1s\u00e1ban az egy\u00e9nek v\u00e9delm\u00e9r\u0151l \u00e9s az ilyen adatok szabad \u00e1raml\u00e1s\u00e1r\u00f3l sz\u00f3l\u00f3 679\/2016\/EU rendelettel (&#8222;Rendelet&#8221;) \u00f6sszhangban.<\/p>\n\n\n\n<p>A vel\u00fcnk val\u00f3 kapcsolattart\u00e1s m\u00f3dj\u00e1t\u00f3l vagy az \u00d6n min\u0151s\u00e9g\u00e9t\u0151l f\u00fcgg\u0151en, k\u00e9rj\u00fck, tekintse meg a Hasznos dokumentumok szakaszban tal\u00e1lhat\u00f3 t\u00e1j\u00e9koztat\u00f3t, hogy az al\u00e1bbiak szerint megismerhesse az \u00f6sszes sz\u00fcks\u00e9ges inform\u00e1ci\u00f3t arr\u00f3l, hogyan kezelj\u00fck az \u00d6n szem\u00e9lyes adatait, \u00e9s milyen jogai vannak ezzel kapcsolatban:<\/p>\n\n\n\n<ul class=\"wp-block-list\">\n<li>Ha \u00d6n m\u00e1r \u00fcgyfel\u00fcnk, k\u00e9rj\u00fck, tekintse meg az \u00dcgyf\u00e9lv\u00e9delmi t\u00e1j\u00e9koztat\u00f3t.<\/li>\n\n\n\n<li>Ha \u00d6n nem \u00fcgyfel\u00fcnk, de kapcsolatba l\u00e9pett vel\u00fcnk (pl. a Call Center\u00fcnk\u00f6n kereszt\u00fcl), k\u00e9rj\u00fck, tekintse meg a nem \u00fcgyf\u00e9lnek sz\u00f3l\u00f3 adatv\u00e9delmi t\u00e1j\u00e9koztat\u00f3t.<\/li>\n\n\n\n<li>Ha \u00d6n jelentkezett egy \u00e1ll\u00e1shirdet\u00e9sre, k\u00e9rj\u00fck, tekintse meg a Jel\u00f6lteknek sz\u00f3l\u00f3 adatv\u00e9delmi t\u00e1j\u00e9koztat\u00f3t.<\/li>\n\n\n\n<li>Ha \u00d6n a telephely\u00fcnk l\u00e1togat\u00f3ja, k\u00e9rj\u00fck, olvassa el a L\u00e1togat\u00f3knak sz\u00f3l\u00f3 adatv\u00e9delmi t\u00e1j\u00e9koztat\u00f3t \u00e9s a Vide\u00f3fel\u00fcgyeleti rendszerek \u00e1ltali adatfeldolgoz\u00e1sr\u00f3l sz\u00f3l\u00f3 t\u00e1j\u00e9koztat\u00f3t.<\/li>\n\n\n\n<li>Ha \u00d6n partnereink kapcsolattart\u00f3ja, k\u00e9rj\u00fck, olvassa el a partnerek kapcsolattart\u00f3inak sz\u00f3l\u00f3 adatv\u00e9delmi t\u00e1j\u00e9koztat\u00f3t.<\/li>\n<\/ul>\n\n\n\n<p>Szeretn\u00e9nk olyan term\u00e9keket \u00e9s szolg\u00e1ltat\u00e1sokat ny\u00fajtani \u00d6nnek, amelyekr\u0151l els\u0151k\u00e9nt t\u00e1j\u00e9koz\u00f3dhat. Ha szeretne ilyen marketingk\u00f6zlem\u00e9nyeket kapni t\u0151l\u00fcnk, akkor ide kattintva hozz\u00e1j\u00e1rulhat szem\u00e9lyes adatainak marketing c\u00e9l\u00fa feldolgoz\u00e1s\u00e1hoz. A hozz\u00e1j\u00e1rul\u00e1s b\u00e1rmikor visszavonhat\u00f3, \u00e9s a visszavon\u00e1s a j\u00f6v\u0151re n\u00e9zve hat\u00e1lyos.<\/p>\n\n\n\n<p>Tiszteletben tartjuk az \u00d6n jogait \u00e9s az \u00d6n \u00e1ltal kifejezett v\u00e1laszt\u00e1si lehet\u0151s\u00e9geket, ez\u00e9rt biztos\u00edtjuk \u00d6nt arr\u00f3l, hogy szem\u00e9lyes adatait a fentiekben felt\u00fcntetett t\u00e1j\u00e9koztat\u00f3kban r\u00e9szletezett felt\u00e9telek szerint kezelj\u00fck \u00e9s biztons\u00e1gban tartjuk.<\/p>\n\n\n\n<p>A szem\u00e9lyes adatok feldolgoz\u00e1s\u00e1val kapcsolatban a rendeletben meghat\u00e1rozott felt\u00e9telek mellett az al\u00e1bbi jogokkal \u00e9lhet, az al\u00e1bbiak szerint:<\/p>\n\n\n\n<ul class=\"wp-block-list\">\n<li>a szem\u00e9lyes adatokhoz val\u00f3 hozz\u00e1f\u00e9r\u00e9shez \u00e9s azok m\u00e1solat\u00e1nak k\u00e9r\u00e9s\u00e9hez val\u00f3 jog<\/li>\n\n\n\n<li>a szem\u00e9lyes adatok helyesb\u00edt\u00e9s\u00e9hez val\u00f3 jog<\/li>\n\n\n\n<li>a szem\u00e9lyes adatok t\u00f6rl\u00e9s\u00e9hez val\u00f3 jog<\/li>\n\n\n\n<li>a szem\u00e9lyes adatok feldolgoz\u00e1s\u00e1nak korl\u00e1toz\u00e1s\u00e1hoz val\u00f3 jog<\/li>\n\n\n\n<li>a szem\u00e9lyes adatok feldolgoz\u00e1sa elleni tiltakoz\u00e1s joga<\/li>\n\n\n\n<li>az adathordozhat\u00f3s\u00e1ghoz val\u00f3 jog, amennyiben ez technikailag megval\u00f3s\u00edthat\u00f3, \u00e9s az adatkezel\u00e9s alapja az \u00d6nnel mint \u00c9rintettel k\u00f6t\u00f6tt szerz\u0151d\u00e9s vagy a hozz\u00e1j\u00e1rul\u00e1s.<\/li>\n\n\n\n<li>a szem\u00e9lyes adatok feldolgoz\u00e1s\u00e1val kapcsolatos panasz beny\u00fajt\u00e1s\u00e1nak joga a Nemzeti Adatfel\u00fcgyeleti Hat\u00f3s\u00e1gn\u00e1l, melynek sz\u00e9khelye Bukarest, B-dul G-ral. Gheorghe Magheru 28-30, Sector 1, postai ir\u00e1ny\u00edt\u00f3sz\u00e1m 010336, Rom\u00e1nia, weboldal: <a href=\"http:\/\/www.dataprotection.ro\/\">http:\/\/www.dataprotection.ro\/<\/a>.<\/li>\n<\/ul>\n\n\n\n<p>A szem\u00e9lyes adatok feldolgoz\u00e1s\u00e1val kapcsolatos tov\u00e1bbi inform\u00e1ci\u00f3k\u00e9rt, illetve a rendelet szerinti jogainak gyakorl\u00e1s\u00e1\u00e9rt az adatkezel\u0151h\u00f6z fordulhat a t\u00e1j\u00e9koztat\u00f3kban megadott el\u00e9rhet\u0151s\u00e9geken.<\/p>\n\n\n\n<p>Mivel azt szeretn\u00e9nk, hogy Szem\u00e9lyes adatait biztons\u00e1gosan kezelj\u00fck, \u00e9s hogy megakad\u00e1lyozzuk, hogy Szem\u00e9lyes adatait az \u00d6n hozz\u00e1j\u00e1rul\u00e1sa n\u00e9lk\u00fcl haszn\u00e1lj\u00e1k fel, javasoljuk, hogy:<\/p>\n\n\n\n<ol class=\"wp-block-list\">\n<li>ker\u00fclje a szem\u00e9lyes adatok k\u00f6zl\u00e9s\u00e9t k\u00fcl\u00f6n\u00f6sen olyan szem\u00e9lyekkel, akikben nem b\u00edzik meg;<\/li>\n\n\n\n<li>ne dobja ki a sz\u00e1ml\u00e1it, azok szem\u00e9lyes adatokat tartalmaznak &#8211; annak elker\u00fcl\u00e9se \u00e9rdek\u00e9ben, hogy illet\u00e9ktelenek haszn\u00e1lj\u00e1k fel \u0151ket, javasoljuk, hogy a sz\u00e1ml\u00e1kat a kidob\u00e1s el\u0151tt semmis\u00edtse meg;<\/li>\n\n\n\n<li>ne ossza meg myPPC-fi\u00f3kja felhaszn\u00e1l\u00f3nev\u00e9t \u00e9s jelszav\u00e1t m\u00e1sokkal;<\/li>\n\n\n\n<li>miel\u0151tt belev\u00e1gna egy otthoni szerz\u0151d\u00e9sk\u00f6t\u00e9si folyamatba, gy\u0151z\u0151dj\u00f6n meg arr\u00f3l, hogy az illet\u0151, akivel t\u00e1rgyal, felmutatja a munkav\u00e1llal\u00f3i azonos\u00edt\u00f3j\u00e1t;<\/li>\n\n\n\n<li>al\u00e1\u00edr\u00e1s el\u0151tt gondosan ellen\u0151rizze az \u00e1ramszolg\u00e1ltat\u00e1si szerz\u0151d\u00e9sen kit\u00f6lt\u00f6tt adatokat.<\/li>\n<\/ol>\n<\/div>\n\n\n\n<div class=\"wp-block-column is-layout-flow wp-block-column-is-layout-flow\" style=\"flex-basis:33.33%\"><\/div>\n<\/div>\n\n\n\n\n\n<div style=\"height:100px\" aria-hidden=\"true\" class=\"wp-block-spacer\"><\/div>\n","protected":false},"excerpt":{"rendered":"<p>Szem\u00e9lyes adatok v\u00e9delme V\u00e1llalataink minden \u00e9sszer\u0171 l\u00e9p\u00e9st megtesznek a szem\u00e9lyes adatok (&#8222;Szem\u00e9lyes adatok&#8221;) bizalmas kezel\u00e9se, v\u00e9delme \u00e9s feldolgoz\u00e1sa, valamint az \u00e9rintettek jogainak tiszteletben tart\u00e1sa \u00e9rdek\u00e9ben, a szem\u00e9lyes adatok feldolgoz\u00e1sa vonatkoz\u00e1s\u00e1ban az egy\u00e9nek v\u00e9delm\u00e9r\u0151l \u00e9s az ilyen adatok szabad \u00e1raml\u00e1s\u00e1r\u00f3l sz\u00f3l\u00f3 679\/2016\/EU rendelettel (&#8222;Rendelet&#8221;) \u00f6sszhangban. A vel\u00fcnk val\u00f3 kapcsolattart\u00e1s m\u00f3dj\u00e1t\u00f3l vagy az \u00d6n min\u0151s\u00e9g\u00e9t\u0151l f\u00fcgg\u0151en, k\u00e9rj\u00fck, [&hellip;]<\/p>\n","protected":false},"author":48,"featured_media":0,"parent":17454,"menu_order":0,"comment_status":"closed","ping_status":"closed","template":"","meta":{"_acf_changed":false,"footnotes":""},"class_list":["post-17308","page","type-page","status-publish","hentry"],"acf":[],"yoast_head":"<!-- This site is optimized with the Yoast SEO Premium plugin v21.8 (Yoast SEO v27.3) - https:\/\/yoast.com\/product\/yoast-seo-premium-wordpress\/ -->\n<title>Szem\u00e9lyes adatok v\u00e9delme - PPC<\/title>\n<meta name=\"description\" content=\"Szem\u00e9lyes adatok v\u00e9delme V\u00e1llalataink minden \u00e9sszer\u0171 l\u00e9p\u00e9st megtesznek a szem\u00e9lyes adatok (&quot;Szem\u00e9lyes adatok&quot;) bizalmas kezel\u00e9se, v\u00e9delme \u00e9s feldolgoz\u00e1sa \u00e9rdek\u00e9ben.\" \/>\n<meta name=\"robots\" content=\"index, follow, max-snippet:-1, max-image-preview:large, max-video-preview:-1\" \/>\n<link rel=\"canonical\" href=\"https:\/\/www-preprod.ppcenergy.ro\/hu\/jogszabalyok\/adatvedelem\/\" \/>\n<meta property=\"og:locale\" content=\"hu_HU\" \/>\n<meta property=\"og:type\" content=\"article\" \/>\n<meta property=\"og:title\" content=\"Szem\u00e9lyes adatok v\u00e9delme\" \/>\n<meta property=\"og:description\" content=\"Szem\u00e9lyes adatok v\u00e9delme V\u00e1llalataink minden \u00e9sszer\u0171 l\u00e9p\u00e9st megtesznek a szem\u00e9lyes adatok (&quot;Szem\u00e9lyes adatok&quot;) bizalmas kezel\u00e9se, v\u00e9delme \u00e9s feldolgoz\u00e1sa \u00e9rdek\u00e9ben.\" \/>\n<meta property=\"og:url\" content=\"https:\/\/www-preprod.ppcenergy.ro\/hu\/jogszabalyok\/adatvedelem\/\" \/>\n<meta property=\"og:site_name\" content=\"PPC\" \/>\n<meta property=\"article:publisher\" content=\"https:\/\/www.facebook.com\/ppcenergy\" \/>\n<meta property=\"article:modified_time\" content=\"2025-06-12T10:00:45+00:00\" \/>\n<meta name=\"twitter:card\" content=\"summary_large_image\" \/>\n<meta name=\"twitter:site\" content=\"@PPCEnergyRo\" \/>\n<meta name=\"twitter:label1\" content=\"Est. reading time\" \/>\n\t<meta name=\"twitter:data1\" content=\"2 perc\" \/>\n<script type=\"application\/ld+json\" class=\"yoast-schema-graph\">{\"@context\":\"https:\\\/\\\/schema.org\",\"@graph\":[{\"@type\":\"WebPage\",\"@id\":\"https:\\\/\\\/www-preprod.ppcenergy.ro\\\/hu\\\/jogszabalyok\\\/adatvedelem\\\/\",\"url\":\"https:\\\/\\\/www-preprod.ppcenergy.ro\\\/hu\\\/jogszabalyok\\\/adatvedelem\\\/\",\"name\":\"Szem\u00e9lyes adatok v\u00e9delme - PPC\",\"isPartOf\":{\"@id\":\"https:\\\/\\\/www-preprod.ppcenergy.ro\\\/#website\"},\"datePublished\":\"2024-03-16T11:30:41+00:00\",\"dateModified\":\"2025-06-12T10:00:45+00:00\",\"description\":\"Szem\u00e9lyes adatok v\u00e9delme V\u00e1llalataink minden \u00e9sszer\u0171 l\u00e9p\u00e9st megtesznek a szem\u00e9lyes adatok (\\\"Szem\u00e9lyes adatok\\\") bizalmas kezel\u00e9se, v\u00e9delme \u00e9s feldolgoz\u00e1sa \u00e9rdek\u00e9ben.\",\"breadcrumb\":{\"@id\":\"https:\\\/\\\/www-preprod.ppcenergy.ro\\\/hu\\\/jogszabalyok\\\/adatvedelem\\\/#breadcrumb\"},\"inLanguage\":\"hu\",\"potentialAction\":[{\"@type\":\"ReadAction\",\"target\":[\"https:\\\/\\\/www-preprod.ppcenergy.ro\\\/hu\\\/jogszabalyok\\\/adatvedelem\\\/\"]}]},{\"@type\":\"BreadcrumbList\",\"@id\":\"https:\\\/\\\/www-preprod.ppcenergy.ro\\\/hu\\\/jogszabalyok\\\/adatvedelem\\\/#breadcrumb\",\"itemListElement\":[{\"@type\":\"ListItem\",\"position\":1,\"name\":\"Home\",\"item\":\"https:\\\/\\\/www-preprod.ppcenergy.ro\\\/hu\\\/\"},{\"@type\":\"ListItem\",\"position\":2,\"name\":\"Jogszab\u00e1lyok\",\"item\":\"https:\\\/\\\/www-preprod.ppcenergy.ro\\\/hu\\\/jogszabalyok\\\/\"},{\"@type\":\"ListItem\",\"position\":3,\"name\":\"Szem\u00e9lyes adatok v\u00e9delme\"}]},{\"@type\":\"WebSite\",\"@id\":\"https:\\\/\\\/www-preprod.ppcenergy.ro\\\/#website\",\"url\":\"https:\\\/\\\/www-preprod.ppcenergy.ro\\\/\",\"name\":\"PPC\",\"description\":\"Energy\",\"publisher\":{\"@id\":\"https:\\\/\\\/www-preprod.ppcenergy.ro\\\/#organization\"},\"potentialAction\":[{\"@type\":\"SearchAction\",\"target\":{\"@type\":\"EntryPoint\",\"urlTemplate\":\"https:\\\/\\\/www-preprod.ppcenergy.ro\\\/?s={search_term_string}\"},\"query-input\":{\"@type\":\"PropertyValueSpecification\",\"valueRequired\":true,\"valueName\":\"search_term_string\"}}],\"inLanguage\":\"hu\"},{\"@type\":\"Organization\",\"@id\":\"https:\\\/\\\/www-preprod.ppcenergy.ro\\\/#organization\",\"name\":\"PPC\",\"url\":\"https:\\\/\\\/www-preprod.ppcenergy.ro\\\/\",\"logo\":{\"@type\":\"ImageObject\",\"inLanguage\":\"hu\",\"@id\":\"https:\\\/\\\/www-preprod.ppcenergy.ro\\\/#\\\/schema\\\/logo\\\/image\\\/\",\"url\":\"https:\\\/\\\/www-preprod.ppcenergy.ro\\\/wp-content\\\/uploads\\\/cropped-favicon.webp\",\"contentUrl\":\"https:\\\/\\\/www-preprod.ppcenergy.ro\\\/wp-content\\\/uploads\\\/cropped-favicon.webp\",\"width\":512,\"height\":512,\"caption\":\"PPC\"},\"image\":{\"@id\":\"https:\\\/\\\/www-preprod.ppcenergy.ro\\\/#\\\/schema\\\/logo\\\/image\\\/\"},\"sameAs\":[\"https:\\\/\\\/www.facebook.com\\\/ppcenergy\",\"https:\\\/\\\/x.com\\\/PPCEnergyRo\",\"https:\\\/\\\/www.instagram.com\\\/ppcenergyro\\\/\",\"https:\\\/\\\/www.youtube.com\\\/@PPCEnergy\",\"https:\\\/\\\/www.linkedin.com\\\/company\\\/ppc-energy\\\/\"]}]}<\/script>\n<!-- \/ Yoast SEO Premium plugin. -->","yoast_head_json":{"title":"Szem\u00e9lyes adatok v\u00e9delme - PPC","description":"Szem\u00e9lyes adatok v\u00e9delme V\u00e1llalataink minden \u00e9sszer\u0171 l\u00e9p\u00e9st megtesznek a szem\u00e9lyes adatok (\"Szem\u00e9lyes adatok\") bizalmas kezel\u00e9se, v\u00e9delme \u00e9s feldolgoz\u00e1sa \u00e9rdek\u00e9ben.","robots":{"index":"index","follow":"follow","max-snippet":"max-snippet:-1","max-image-preview":"max-image-preview:large","max-video-preview":"max-video-preview:-1"},"canonical":"https:\/\/www-preprod.ppcenergy.ro\/hu\/jogszabalyok\/adatvedelem\/","og_locale":"hu_HU","og_type":"article","og_title":"Szem\u00e9lyes adatok v\u00e9delme","og_description":"Szem\u00e9lyes adatok v\u00e9delme V\u00e1llalataink minden \u00e9sszer\u0171 l\u00e9p\u00e9st megtesznek a szem\u00e9lyes adatok (\"Szem\u00e9lyes adatok\") bizalmas kezel\u00e9se, v\u00e9delme \u00e9s feldolgoz\u00e1sa \u00e9rdek\u00e9ben.","og_url":"https:\/\/www-preprod.ppcenergy.ro\/hu\/jogszabalyok\/adatvedelem\/","og_site_name":"PPC","article_publisher":"https:\/\/www.facebook.com\/ppcenergy","article_modified_time":"2025-06-12T10:00:45+00:00","twitter_card":"summary_large_image","twitter_site":"@PPCEnergyRo","twitter_misc":{"Est. reading time":"2 perc"},"schema":{"@context":"https:\/\/schema.org","@graph":[{"@type":"WebPage","@id":"https:\/\/www-preprod.ppcenergy.ro\/hu\/jogszabalyok\/adatvedelem\/","url":"https:\/\/www-preprod.ppcenergy.ro\/hu\/jogszabalyok\/adatvedelem\/","name":"Szem\u00e9lyes adatok v\u00e9delme - PPC","isPartOf":{"@id":"https:\/\/www-preprod.ppcenergy.ro\/#website"},"datePublished":"2024-03-16T11:30:41+00:00","dateModified":"2025-06-12T10:00:45+00:00","description":"Szem\u00e9lyes adatok v\u00e9delme V\u00e1llalataink minden \u00e9sszer\u0171 l\u00e9p\u00e9st megtesznek a szem\u00e9lyes adatok (\"Szem\u00e9lyes adatok\") bizalmas kezel\u00e9se, v\u00e9delme \u00e9s feldolgoz\u00e1sa \u00e9rdek\u00e9ben.","breadcrumb":{"@id":"https:\/\/www-preprod.ppcenergy.ro\/hu\/jogszabalyok\/adatvedelem\/#breadcrumb"},"inLanguage":"hu","potentialAction":[{"@type":"ReadAction","target":["https:\/\/www-preprod.ppcenergy.ro\/hu\/jogszabalyok\/adatvedelem\/"]}]},{"@type":"BreadcrumbList","@id":"https:\/\/www-preprod.ppcenergy.ro\/hu\/jogszabalyok\/adatvedelem\/#breadcrumb","itemListElement":[{"@type":"ListItem","position":1,"name":"Home","item":"https:\/\/www-preprod.ppcenergy.ro\/hu\/"},{"@type":"ListItem","position":2,"name":"Jogszab\u00e1lyok","item":"https:\/\/www-preprod.ppcenergy.ro\/hu\/jogszabalyok\/"},{"@type":"ListItem","position":3,"name":"Szem\u00e9lyes adatok v\u00e9delme"}]},{"@type":"WebSite","@id":"https:\/\/www-preprod.ppcenergy.ro\/#website","url":"https:\/\/www-preprod.ppcenergy.ro\/","name":"PPC","description":"Energy","publisher":{"@id":"https:\/\/www-preprod.ppcenergy.ro\/#organization"},"potentialAction":[{"@type":"SearchAction","target":{"@type":"EntryPoint","urlTemplate":"https:\/\/www-preprod.ppcenergy.ro\/?s={search_term_string}"},"query-input":{"@type":"PropertyValueSpecification","valueRequired":true,"valueName":"search_term_string"}}],"inLanguage":"hu"},{"@type":"Organization","@id":"https:\/\/www-preprod.ppcenergy.ro\/#organization","name":"PPC","url":"https:\/\/www-preprod.ppcenergy.ro\/","logo":{"@type":"ImageObject","inLanguage":"hu","@id":"https:\/\/www-preprod.ppcenergy.ro\/#\/schema\/logo\/image\/","url":"https:\/\/www-preprod.ppcenergy.ro\/wp-content\/uploads\/cropped-favicon.webp","contentUrl":"https:\/\/www-preprod.ppcenergy.ro\/wp-content\/uploads\/cropped-favicon.webp","width":512,"height":512,"caption":"PPC"},"image":{"@id":"https:\/\/www-preprod.ppcenergy.ro\/#\/schema\/logo\/image\/"},"sameAs":["https:\/\/www.facebook.com\/ppcenergy","https:\/\/x.com\/PPCEnergyRo","https:\/\/www.instagram.com\/ppcenergyro\/","https:\/\/www.youtube.com\/@PPCEnergy","https:\/\/www.linkedin.com\/company\/ppc-energy\/"]}]}},"_links":{"self":[{"href":"https:\/\/www-preprod.ppcenergy.ro\/hu\/wp-json\/wp\/v2\/pages\/17308","targetHints":{"allow":["GET"]}}],"collection":[{"href":"https:\/\/www-preprod.ppcenergy.ro\/hu\/wp-json\/wp\/v2\/pages"}],"about":[{"href":"https:\/\/www-preprod.ppcenergy.ro\/hu\/wp-json\/wp\/v2\/types\/page"}],"author":[{"embeddable":true,"href":"https:\/\/www-preprod.ppcenergy.ro\/hu\/wp-json\/wp\/v2\/users\/48"}],"replies":[{"embeddable":true,"href":"https:\/\/www-preprod.ppcenergy.ro\/hu\/wp-json\/wp\/v2\/comments?post=17308"}],"version-history":[{"count":9,"href":"https:\/\/www-preprod.ppcenergy.ro\/hu\/wp-json\/wp\/v2\/pages\/17308\/revisions"}],"predecessor-version":[{"id":19101,"href":"https:\/\/www-preprod.ppcenergy.ro\/hu\/wp-json\/wp\/v2\/pages\/17308\/revisions\/19101"}],"up":[{"embeddable":true,"href":"https:\/\/www-preprod.ppcenergy.ro\/hu\/wp-json\/wp\/v2\/pages\/17454"}],"wp:attachment":[{"href":"https:\/\/www-preprod.ppcenergy.ro\/hu\/wp-json\/wp\/v2\/media?parent=17308"}],"curies":[{"name":"wp","href":"https:\/\/api.w.org\/{rel}","templated":true}]}}