{"id":17350,"date":"2024-03-16T13:31:12","date_gmt":"2024-03-16T11:31:12","guid":{"rendered":"https:\/\/www-preprod.ppcenergy.ro\/certificare-smi\/"},"modified":"2025-06-24T10:10:05","modified_gmt":"2025-06-24T07:10:05","slug":"smi-tanusitas","status":"publish","type":"page","link":"https:\/\/www-preprod.ppcenergy.ro\/hu\/jogszabalyok\/smi-tanusitas\/","title":{"rendered":"SMI Tan\u00fas\u00edt\u00e1s"},"content":{"rendered":"<section id=\"\" class=\"block-top-product \">\n    <div class='top-product'>\n                <div class=\"full-slide  fullproduct  articles left slider-type-gradient\">\n                                        <div\n                    class='gradient desktop topleft gray full eleven_per_row'>\n                    <div class='line line1'><\/div>\n                    <div class='line line2'><\/div>\n                    <div class='line line3'><\/div>\n                    <div class='line line4'><\/div>\n                                                                <div class='line line5'><\/div>\n                        <div class='line line6'><\/div>\n                        <div class='line line7'><\/div>\n                        <div class='line line8'><\/div>\n                        <div class='line line9'><\/div>\n                        <div class='line line10'><\/div>\n                        <div class='line line11'><\/div>\n                                    <\/div>\n                                                    <div class=\"product-textbox  text-color-black\">\n                                            <div\n                            class='gradient mobile topleft gray full eleven_per_row'>\n                            <div class='line line1'><\/div>\n                            <div class='line line2'><\/div>\n                            <div class='line line3'><\/div>\n                            <div class='line line4'><\/div>\n                                                                                        <div class='line line5'><\/div>\n                                <div class='line line6'><\/div>\n                                <div class='line line7'><\/div>\n                                <div class='line line8'><\/div>\n                                <div class='line line9'><\/div>\n                                <div class='line line10'><\/div>\n                                <div class='line line11'><\/div>\n                                                    <\/div>\n                    \n                                                                                    <h2 class=\"title\">\n                        PPC v\u00e1llalatok SMI tan\u00fas\u00edt\u00e1sa                         <\/h2>\n                                                                                    <div class=\"text\">\n                            <p><p>Elk\u00f6telezettek vagyunk \u00fcgyfeleink \u00e9s partnereink ir\u00e1nt, \u00e9s mindent megtesz\u00fcnk k\u00f6telezetts\u00e9gv\u00e1llal\u00e1saink teljes\u00edt\u00e9se \u00e9rdek\u00e9ben.<\/p>\n<\/p>\n                        <\/div>\n                                                                                \n                                                        <\/div>\n                    <\/div>\n    <\/div>\n<\/section>\n\n<section id=\"\" class=\"block-breadcrumbs\">\n    <ul id=\"breadcrumbs\" itemprop=\"breadcrumb\" class=\"breadcrumbs\"><li><a rel=\"home\" href=\"https:\/\/www-preprod.ppcenergy.ro\/hu\/\"><span class=\"logo-breadcrumbs\"><\/span><\/a><\/li><\/ul><\/section>\n\n\n<div style=\"height:32px\" aria-hidden=\"true\" class=\"wp-block-spacer\"><\/div>\n\n\n\n<div class=\"wp-block-columns is-layout-flex wp-container-core-columns-is-layout-28f84493 wp-block-columns-is-layout-flex\">\n<div class=\"wp-block-column is-layout-flow wp-block-column-is-layout-flow\" style=\"flex-basis:66.66%\">\n<h1 class=\"wp-block-heading\" id=\"h-ppc-vallalatok-smi-tanusitasa\"><strong>PPC v\u00e1llalatok SMI tan\u00fas\u00edt\u00e1sa<\/strong><\/h1>\n\n\n\n<p><\/p>\n\n\n\n<p>Biztos\u00edtjuk, hogy az \u00fcgyf\u00e9lkiszolg\u00e1l\u00e1s min\u0151s\u00e9ge, munkat\u00e1rsaink eg\u00e9szs\u00e9g\u00e9nek \u00e9s biztons\u00e1g\u00e1nak v\u00e9delme, valamint a k\u00f6rnyezetv\u00e9delem azokon a ter\u00fcleteken, ahol m\u0171k\u00f6d\u00fcnk, egy\u00e9rtelm\u0171en meghat\u00e1rozott \u00e9s tan\u00fas\u00edtott legyen, mik\u00f6zben hat\u00e9kony energiafogyaszt\u00e1st val\u00f3s\u00edtunk meg.<\/p>\n\n\n\n<p><strong>A PPC Csoport<\/strong> valamennyi v\u00e1llalata bevezetett \u00e9s fenntart<strong> egy integr\u00e1lt min\u0151s\u00e9g-, munkahelyi eg\u00e9szs\u00e9g- \u00e9s biztons\u00e1g-, k\u00f6rnyezet- \u00e9s energiamenedzsment rendszert (IMS)<\/strong>, \u00e9s rendelkezik a megfelel\u0151s\u00e9gi tan\u00fas\u00edtv\u00e1nyokkal:<\/p>\n\n\n\n<ul class=\"wp-block-list\">\n<li><strong>ISO 9001:2015<\/strong> (min\u0151s\u00e9gir\u00e1ny\u00edt\u00e1s &#8211; \u00fcgyfeleink optim\u00e1lis szolg\u00e1ltat\u00e1st kapnak, amikor kapcsolatba l\u00e9pnek vel\u00fcnk);<\/li>\n<\/ul>\n\n\n\n<ul class=\"wp-block-list\">\n<li><strong>ISO 45001:2018<\/strong> (munkahelyi eg\u00e9szs\u00e9g- \u00e9s biztons\u00e1gir\u00e1ny\u00edt\u00e1s &#8211; a munkav\u00e1llal\u00f3k \u00e9s munkat\u00e1rsak v\u00e9delme \u00e9s a s\u00e9r\u00fcl\u00e9svesz\u00e9lyek kord\u00e1ban tart\u00e1sa);<\/li>\n<\/ul>\n\n\n\n<ul class=\"wp-block-list\">\n<li><strong><strong>ISO 14001:2015<\/strong><\/strong> (k\u00f6rnyezetgazd\u00e1lkod\u00e1s &#8211; gondoskodunk arr\u00f3l, hogy tev\u00e9kenys\u00e9g\u00fcnknek alacsony legyen a k\u00f6rnyezetre gyakorolt hat\u00e1sa, l\u00e9tes\u00edtm\u00e9nyeink nem befoly\u00e1solj\u00e1k a k\u00f6rnyezeti t\u00e9nyez\u0151ket: talaj, altalaj, leveg\u0151, v\u00edz, term\u00e9szeti er\u0151forr\u00e1sok, n\u00f6v\u00e9nyvil\u00e1g, \u00e1llatvil\u00e1g, lakoss\u00e1g).<\/li>\n<\/ul>\n\n\n\n<p>V\u00e1llalatainkat rendszeresen ellen\u0151rzik a tan\u00fas\u00edtv\u00e1nyokat kiad\u00f3 akkredit\u00e1lt szervek is, \u00e9s rendszeres \u00e9rt\u00e9kel\u00e9seket, folyamatokat v\u00e9geznek, amelyek biztos\u00edtj\u00e1k \u00e9s garant\u00e1lj\u00e1k a kapcsol\u00f3d\u00f3 felt\u00e9telek folyamatos teljes\u00edt\u00e9s\u00e9t.<\/p>\n\n\n    <section id=\"\" class=\"block-documents aside-title-block\">\n                    <h3 class=\"title-aside\">Hasznos dokumentumok<\/h3>\n                                            <div class=\"list-aside documents-list\">\n                    \n                                <div class=\"document\">\n                                    <div class=\"left-document\">\n                                                                                                                            <div class=\"title-document\">2025-\u00f6s politikai nyilatkozat<\/div>\n                                                                                <div class=\"category-date\">\n                                                                                            <div class=\"category-document\">PPC AES<\/div>\n                                                                                                                                <\/div>\n                                    <\/div>\n                                                                            <a href=\"https:\/\/www-preprod.ppcenergy.ro\/wp-content\/uploads\/declaratie-de-politica-2025-ppc-aes.pdf\" target=\"_blank\" class=\"right-document\">\n                                                                                            <div class=\"size-document\">pdf (182,58 KB)<\/div>\n                                                                                    <\/a>\n                                                                    <\/div>\n                                                                        \n                                <div class=\"document\">\n                                    <div class=\"left-document\">\n                                                                                                                            <div class=\"title-document\">2025-\u00f6s politikai nyilatkozat<\/div>\n                                                                                <div class=\"category-date\">\n                                                                                            <div class=\"category-document\">PPCE<\/div>\n                                                                                                                                <\/div>\n                                    <\/div>\n                                                                            <a href=\"https:\/\/www-preprod.ppcenergy.ro\/wp-content\/uploads\/declaratie-de-politica-2025-ppce.pdf\" target=\"_blank\" class=\"right-document\">\n                                                                                            <div class=\"size-document\">pdf (169,32 KB)<\/div>\n                                                                                    <\/a>\n                                                                    <\/div>\n                                                                        \n                                <div class=\"document\">\n                                    <div class=\"left-document\">\n                                                                                                                            <div class=\"title-document\">ISO 45001\/2018 tan\u00fas\u00edtv\u00e1ny<\/div>\n                                                                                <div class=\"category-date\">\n                                                                                            <div class=\"category-document\"><\/div>\n                                                                                                                                <\/div>\n                                    <\/div>\n                                                                            <a href=\"https:\/\/www-preprod.ppcenergy.ro\/wp-content\/uploads\/certificat-iso-45001-2018-ppce.pdf\" target=\"_blank\" class=\"right-document\">\n                                                                                            <div class=\"size-document\">pdf (792,74 KB)<\/div>\n                                                                                    <\/a>\n                                                                    <\/div>\n                                                                        \n                                <div class=\"document\">\n                                    <div class=\"left-document\">\n                                                                                                                            <div class=\"title-document\">ISO 14001\/2015 tan\u00fas\u00edtv\u00e1ny<\/div>\n                                                                                <div class=\"category-date\">\n                                                                                            <div class=\"category-document\"><\/div>\n                                                                                                                                <\/div>\n                                    <\/div>\n                                                                            <a href=\"https:\/\/www-preprod.ppcenergy.ro\/wp-content\/uploads\/certificat-iso-14001-2015-ppce.pdf\" target=\"_blank\" class=\"right-document\">\n                                                                                            <div class=\"size-document\">pdf (778,25 KB)<\/div>\n                                                                                    <\/a>\n                                                                    <\/div>\n                                                                        \n                                <div class=\"document\">\n                                    <div class=\"left-document\">\n                                                                                                                            <div class=\"title-document\">ISO 9001\/2015 tan\u00fas\u00edtv\u00e1ny<\/div>\n                                                                                <div class=\"category-date\">\n                                                                                            <div class=\"category-document\"><\/div>\n                                                                                                                                <\/div>\n                                    <\/div>\n                                                                            <a href=\"https:\/\/www-preprod.ppcenergy.ro\/wp-content\/uploads\/certificat-iso-9001-2015-ppce.pdf\" target=\"_blank\" class=\"right-document\">\n                                                                                            <div class=\"size-document\">pdf (864,14 KB)<\/div>\n                                                                                    <\/a>\n                                                                    <\/div>\n                                                                                        <\/div>\n                                <\/section>\n<\/div>\n\n\n\n<div class=\"wp-block-column is-layout-flow wp-block-column-is-layout-flow\" style=\"flex-basis:33.33%\"><\/div>\n<\/div>\n\n\n\n<div style=\"height:44px\" aria-hidden=\"true\" class=\"wp-block-spacer\"><\/div>\n","protected":false},"excerpt":{"rendered":"<p>PPC v\u00e1llalatok SMI tan\u00fas\u00edt\u00e1sa Biztos\u00edtjuk, hogy az \u00fcgyf\u00e9lkiszolg\u00e1l\u00e1s min\u0151s\u00e9ge, munkat\u00e1rsaink eg\u00e9szs\u00e9g\u00e9nek \u00e9s biztons\u00e1g\u00e1nak v\u00e9delme, valamint a k\u00f6rnyezetv\u00e9delem azokon a ter\u00fcleteken, ahol m\u0171k\u00f6d\u00fcnk, egy\u00e9rtelm\u0171en meghat\u00e1rozott \u00e9s tan\u00fas\u00edtott legyen, mik\u00f6zben hat\u00e9kony energiafogyaszt\u00e1st val\u00f3s\u00edtunk meg. A PPC Csoport valamennyi v\u00e1llalata bevezetett \u00e9s fenntart egy integr\u00e1lt min\u0151s\u00e9g-, munkahelyi eg\u00e9szs\u00e9g- \u00e9s biztons\u00e1g-, k\u00f6rnyezet- \u00e9s energiamenedzsment rendszert (IMS), \u00e9s rendelkezik a [&hellip;]<\/p>\n","protected":false},"author":48,"featured_media":0,"parent":17454,"menu_order":0,"comment_status":"closed","ping_status":"closed","template":"","meta":{"_acf_changed":false,"footnotes":""},"class_list":["post-17350","page","type-page","status-publish","hentry"],"acf":[],"yoast_head":"<!-- This site is optimized with the Yoast SEO Premium plugin v21.8 (Yoast SEO v27.3) - https:\/\/yoast.com\/product\/yoast-seo-premium-wordpress\/ -->\n<title>A PPC v\u00e1llalatok SMI-tan\u00fas\u00edt\u00e1sa SMI-tan\u00fas\u00edt\u00e1s<\/title>\n<meta name=\"description\" content=\"Integr\u00e1lt min\u0151s\u00e9g-, eg\u00e9szs\u00e9g- \u00e9s biztons\u00e1gir\u00e1ny\u00edt\u00e1si rendszer\" \/>\n<meta name=\"robots\" content=\"index, follow, max-snippet:-1, max-image-preview:large, max-video-preview:-1\" \/>\n<link rel=\"canonical\" href=\"https:\/\/www-preprod.ppcenergy.ro\/hu\/jogszabalyok\/smi-tanusitas\/\" \/>\n<meta property=\"og:locale\" content=\"hu_HU\" \/>\n<meta property=\"og:type\" content=\"article\" \/>\n<meta property=\"og:title\" content=\"Certificarea SMI a companiilor PPC SMI Tan\u00fas\u00edt\u00e1s\" \/>\n<meta property=\"og:description\" content=\"Sistemul de Management Integrat al Calitatii, Sanatatii si securitatii in munca\" \/>\n<meta property=\"og:url\" content=\"https:\/\/www-preprod.ppcenergy.ro\/hu\/jogszabalyok\/smi-tanusitas\/\" \/>\n<meta property=\"og:site_name\" content=\"PPC\" \/>\n<meta property=\"article:publisher\" content=\"https:\/\/www.facebook.com\/ppcenergy\" \/>\n<meta property=\"article:modified_time\" content=\"2025-06-24T07:10:05+00:00\" \/>\n<meta name=\"twitter:card\" content=\"summary_large_image\" \/>\n<meta name=\"twitter:title\" content=\"SMI Tan\u00fas\u00edt\u00e1s\" \/>\n<meta name=\"twitter:site\" content=\"@PPCEnergyRo\" \/>\n<meta name=\"twitter:label1\" content=\"Est. reading time\" \/>\n\t<meta name=\"twitter:data1\" content=\"1 perc\" \/>\n<script type=\"application\/ld+json\" class=\"yoast-schema-graph\">{\"@context\":\"https:\\\/\\\/schema.org\",\"@graph\":[{\"@type\":\"WebPage\",\"@id\":\"https:\\\/\\\/www-preprod.ppcenergy.ro\\\/hu\\\/jogszabalyok\\\/smi-tanusitas\\\/\",\"url\":\"https:\\\/\\\/www-preprod.ppcenergy.ro\\\/hu\\\/jogszabalyok\\\/smi-tanusitas\\\/\",\"name\":\"A PPC v\u00e1llalatok SMI-tan\u00fas\u00edt\u00e1sa SMI-tan\u00fas\u00edt\u00e1s\",\"isPartOf\":{\"@id\":\"https:\\\/\\\/www-preprod.ppcenergy.ro\\\/#website\"},\"datePublished\":\"2024-03-16T11:31:12+00:00\",\"dateModified\":\"2025-06-24T07:10:05+00:00\",\"description\":\"Integr\u00e1lt min\u0151s\u00e9g-, eg\u00e9szs\u00e9g- \u00e9s biztons\u00e1gir\u00e1ny\u00edt\u00e1si rendszer\",\"breadcrumb\":{\"@id\":\"https:\\\/\\\/www-preprod.ppcenergy.ro\\\/hu\\\/jogszabalyok\\\/smi-tanusitas\\\/#breadcrumb\"},\"inLanguage\":\"hu\",\"potentialAction\":[{\"@type\":\"ReadAction\",\"target\":[\"https:\\\/\\\/www-preprod.ppcenergy.ro\\\/hu\\\/jogszabalyok\\\/smi-tanusitas\\\/\"]}]},{\"@type\":\"BreadcrumbList\",\"@id\":\"https:\\\/\\\/www-preprod.ppcenergy.ro\\\/hu\\\/jogszabalyok\\\/smi-tanusitas\\\/#breadcrumb\",\"itemListElement\":[{\"@type\":\"ListItem\",\"position\":1,\"name\":\"Home\",\"item\":\"https:\\\/\\\/www-preprod.ppcenergy.ro\\\/hu\\\/\"},{\"@type\":\"ListItem\",\"position\":2,\"name\":\"Jogszab\u00e1lyok\",\"item\":\"https:\\\/\\\/www-preprod.ppcenergy.ro\\\/hu\\\/jogszabalyok\\\/\"},{\"@type\":\"ListItem\",\"position\":3,\"name\":\"SMI Tan\u00fas\u00edt\u00e1s\"}]},{\"@type\":\"WebSite\",\"@id\":\"https:\\\/\\\/www-preprod.ppcenergy.ro\\\/#website\",\"url\":\"https:\\\/\\\/www-preprod.ppcenergy.ro\\\/\",\"name\":\"PPC\",\"description\":\"Energy\",\"publisher\":{\"@id\":\"https:\\\/\\\/www-preprod.ppcenergy.ro\\\/#organization\"},\"potentialAction\":[{\"@type\":\"SearchAction\",\"target\":{\"@type\":\"EntryPoint\",\"urlTemplate\":\"https:\\\/\\\/www-preprod.ppcenergy.ro\\\/?s={search_term_string}\"},\"query-input\":{\"@type\":\"PropertyValueSpecification\",\"valueRequired\":true,\"valueName\":\"search_term_string\"}}],\"inLanguage\":\"hu\"},{\"@type\":\"Organization\",\"@id\":\"https:\\\/\\\/www-preprod.ppcenergy.ro\\\/#organization\",\"name\":\"PPC\",\"url\":\"https:\\\/\\\/www-preprod.ppcenergy.ro\\\/\",\"logo\":{\"@type\":\"ImageObject\",\"inLanguage\":\"hu\",\"@id\":\"https:\\\/\\\/www-preprod.ppcenergy.ro\\\/#\\\/schema\\\/logo\\\/image\\\/\",\"url\":\"https:\\\/\\\/www-preprod.ppcenergy.ro\\\/wp-content\\\/uploads\\\/cropped-favicon.webp\",\"contentUrl\":\"https:\\\/\\\/www-preprod.ppcenergy.ro\\\/wp-content\\\/uploads\\\/cropped-favicon.webp\",\"width\":512,\"height\":512,\"caption\":\"PPC\"},\"image\":{\"@id\":\"https:\\\/\\\/www-preprod.ppcenergy.ro\\\/#\\\/schema\\\/logo\\\/image\\\/\"},\"sameAs\":[\"https:\\\/\\\/www.facebook.com\\\/ppcenergy\",\"https:\\\/\\\/x.com\\\/PPCEnergyRo\",\"https:\\\/\\\/www.instagram.com\\\/ppcenergyro\\\/\",\"https:\\\/\\\/www.youtube.com\\\/@PPCEnergy\",\"https:\\\/\\\/www.linkedin.com\\\/company\\\/ppc-energy\\\/\"]}]}<\/script>\n<!-- \/ Yoast SEO Premium plugin. -->","yoast_head_json":{"title":"A PPC v\u00e1llalatok SMI-tan\u00fas\u00edt\u00e1sa SMI-tan\u00fas\u00edt\u00e1s","description":"Integr\u00e1lt min\u0151s\u00e9g-, eg\u00e9szs\u00e9g- \u00e9s biztons\u00e1gir\u00e1ny\u00edt\u00e1si rendszer","robots":{"index":"index","follow":"follow","max-snippet":"max-snippet:-1","max-image-preview":"max-image-preview:large","max-video-preview":"max-video-preview:-1"},"canonical":"https:\/\/www-preprod.ppcenergy.ro\/hu\/jogszabalyok\/smi-tanusitas\/","og_locale":"hu_HU","og_type":"article","og_title":"Certificarea SMI a companiilor PPC SMI Tan\u00fas\u00edt\u00e1s","og_description":"Sistemul de Management Integrat al Calitatii, Sanatatii si securitatii in munca","og_url":"https:\/\/www-preprod.ppcenergy.ro\/hu\/jogszabalyok\/smi-tanusitas\/","og_site_name":"PPC","article_publisher":"https:\/\/www.facebook.com\/ppcenergy","article_modified_time":"2025-06-24T07:10:05+00:00","twitter_card":"summary_large_image","twitter_title":"SMI Tan\u00fas\u00edt\u00e1s","twitter_site":"@PPCEnergyRo","twitter_misc":{"Est. reading time":"1 perc"},"schema":{"@context":"https:\/\/schema.org","@graph":[{"@type":"WebPage","@id":"https:\/\/www-preprod.ppcenergy.ro\/hu\/jogszabalyok\/smi-tanusitas\/","url":"https:\/\/www-preprod.ppcenergy.ro\/hu\/jogszabalyok\/smi-tanusitas\/","name":"A PPC v\u00e1llalatok SMI-tan\u00fas\u00edt\u00e1sa SMI-tan\u00fas\u00edt\u00e1s","isPartOf":{"@id":"https:\/\/www-preprod.ppcenergy.ro\/#website"},"datePublished":"2024-03-16T11:31:12+00:00","dateModified":"2025-06-24T07:10:05+00:00","description":"Integr\u00e1lt min\u0151s\u00e9g-, eg\u00e9szs\u00e9g- \u00e9s biztons\u00e1gir\u00e1ny\u00edt\u00e1si rendszer","breadcrumb":{"@id":"https:\/\/www-preprod.ppcenergy.ro\/hu\/jogszabalyok\/smi-tanusitas\/#breadcrumb"},"inLanguage":"hu","potentialAction":[{"@type":"ReadAction","target":["https:\/\/www-preprod.ppcenergy.ro\/hu\/jogszabalyok\/smi-tanusitas\/"]}]},{"@type":"BreadcrumbList","@id":"https:\/\/www-preprod.ppcenergy.ro\/hu\/jogszabalyok\/smi-tanusitas\/#breadcrumb","itemListElement":[{"@type":"ListItem","position":1,"name":"Home","item":"https:\/\/www-preprod.ppcenergy.ro\/hu\/"},{"@type":"ListItem","position":2,"name":"Jogszab\u00e1lyok","item":"https:\/\/www-preprod.ppcenergy.ro\/hu\/jogszabalyok\/"},{"@type":"ListItem","position":3,"name":"SMI Tan\u00fas\u00edt\u00e1s"}]},{"@type":"WebSite","@id":"https:\/\/www-preprod.ppcenergy.ro\/#website","url":"https:\/\/www-preprod.ppcenergy.ro\/","name":"PPC","description":"Energy","publisher":{"@id":"https:\/\/www-preprod.ppcenergy.ro\/#organization"},"potentialAction":[{"@type":"SearchAction","target":{"@type":"EntryPoint","urlTemplate":"https:\/\/www-preprod.ppcenergy.ro\/?s={search_term_string}"},"query-input":{"@type":"PropertyValueSpecification","valueRequired":true,"valueName":"search_term_string"}}],"inLanguage":"hu"},{"@type":"Organization","@id":"https:\/\/www-preprod.ppcenergy.ro\/#organization","name":"PPC","url":"https:\/\/www-preprod.ppcenergy.ro\/","logo":{"@type":"ImageObject","inLanguage":"hu","@id":"https:\/\/www-preprod.ppcenergy.ro\/#\/schema\/logo\/image\/","url":"https:\/\/www-preprod.ppcenergy.ro\/wp-content\/uploads\/cropped-favicon.webp","contentUrl":"https:\/\/www-preprod.ppcenergy.ro\/wp-content\/uploads\/cropped-favicon.webp","width":512,"height":512,"caption":"PPC"},"image":{"@id":"https:\/\/www-preprod.ppcenergy.ro\/#\/schema\/logo\/image\/"},"sameAs":["https:\/\/www.facebook.com\/ppcenergy","https:\/\/x.com\/PPCEnergyRo","https:\/\/www.instagram.com\/ppcenergyro\/","https:\/\/www.youtube.com\/@PPCEnergy","https:\/\/www.linkedin.com\/company\/ppc-energy\/"]}]}},"_links":{"self":[{"href":"https:\/\/www-preprod.ppcenergy.ro\/hu\/wp-json\/wp\/v2\/pages\/17350","targetHints":{"allow":["GET"]}}],"collection":[{"href":"https:\/\/www-preprod.ppcenergy.ro\/hu\/wp-json\/wp\/v2\/pages"}],"about":[{"href":"https:\/\/www-preprod.ppcenergy.ro\/hu\/wp-json\/wp\/v2\/types\/page"}],"author":[{"embeddable":true,"href":"https:\/\/www-preprod.ppcenergy.ro\/hu\/wp-json\/wp\/v2\/users\/48"}],"replies":[{"embeddable":true,"href":"https:\/\/www-preprod.ppcenergy.ro\/hu\/wp-json\/wp\/v2\/comments?post=17350"}],"version-history":[{"count":4,"href":"https:\/\/www-preprod.ppcenergy.ro\/hu\/wp-json\/wp\/v2\/pages\/17350\/revisions"}],"predecessor-version":[{"id":24420,"href":"https:\/\/www-preprod.ppcenergy.ro\/hu\/wp-json\/wp\/v2\/pages\/17350\/revisions\/24420"}],"up":[{"embeddable":true,"href":"https:\/\/www-preprod.ppcenergy.ro\/hu\/wp-json\/wp\/v2\/pages\/17454"}],"wp:attachment":[{"href":"https:\/\/www-preprod.ppcenergy.ro\/hu\/wp-json\/wp\/v2\/media?parent=17350"}],"curies":[{"name":"wp","href":"https:\/\/api.w.org\/{rel}","templated":true}]}}