{"id":17481,"date":"2024-03-14T14:01:28","date_gmt":"2024-03-14T12:01:28","guid":{"rendered":"https:\/\/www-preprod.ppcenergy.ro\/legislatie\/furnizor-de-ultima-instanta\/"},"modified":"2025-06-12T12:56:23","modified_gmt":"2025-06-12T09:56:23","slug":"vegso-ellato","status":"publish","type":"page","link":"https:\/\/www-preprod.ppcenergy.ro\/hu\/jogszabalyok\/vegso-ellato\/","title":{"rendered":"V\u00e9gs\u0151 mened\u00e9khelyi sz\u00e1ll\u00edt\u00f3"},"content":{"rendered":"<section id=\"\" class=\"block-top-product \">\n    <div class='top-product'>\n                <div class=\"full-slide  fullproduct  articles left slider-type-gradient\">\n                                        <div\n                    class='gradient desktop topleft gray full eleven_per_row'>\n                    <div class='line line1'><\/div>\n                    <div class='line line2'><\/div>\n                    <div class='line line3'><\/div>\n                    <div class='line line4'><\/div>\n                                                                <div class='line line5'><\/div>\n                        <div class='line line6'><\/div>\n                        <div class='line line7'><\/div>\n                        <div class='line line8'><\/div>\n                        <div class='line line9'><\/div>\n                        <div class='line line10'><\/div>\n                        <div class='line line11'><\/div>\n                                    <\/div>\n                                                    <div class=\"product-textbox  text-color-black\">\n                                            <div\n                            class='gradient mobile topleft gray full eleven_per_row'>\n                            <div class='line line1'><\/div>\n                            <div class='line line2'><\/div>\n                            <div class='line line3'><\/div>\n                            <div class='line line4'><\/div>\n                                                                                        <div class='line line5'><\/div>\n                                <div class='line line6'><\/div>\n                                <div class='line line7'><\/div>\n                                <div class='line line8'><\/div>\n                                <div class='line line9'><\/div>\n                                <div class='line line10'><\/div>\n                                <div class='line line11'><\/div>\n                                                    <\/div>\n                    \n                                                                                    <h2 class=\"title\">\n                        V\u00e9gs\u0151 mened\u00e9khelyi sz\u00e1ll\u00edt\u00f3                        <\/h2>\n                                                                                    <div class=\"text\">\n                            <p><p>A v\u00e9gs\u0151 szolg\u00e1ltat\u00f3t az A.N.R.E. jel\u00f6li ki a f\u00f6ldg\u00e1z- \u00e9s villamosenergia-ell\u00e1t\u00e1sr\u00f3l sz\u00f3l\u00f3 rendeletek alapj\u00e1n.<\/p>\n<\/p>\n                        <\/div>\n                                                                                \n                                                        <\/div>\n                    <\/div>\n    <\/div>\n<\/section>\n\n<section id=\"\" class=\"block-breadcrumbs\">\n    <ul id=\"breadcrumbs\" itemprop=\"breadcrumb\" class=\"breadcrumbs\"><li><a rel=\"home\" href=\"https:\/\/www-preprod.ppcenergy.ro\/hu\/\"><span class=\"logo-breadcrumbs\"><\/span><\/a><\/li><\/ul><\/section>\n\n\n<div style=\"height:32px\" aria-hidden=\"true\" class=\"wp-block-spacer\"><\/div>\n\n\n\n<div class=\"wp-block-columns is-layout-flex wp-container-core-columns-is-layout-28f84493 wp-block-columns-is-layout-flex\">\n<div class=\"wp-block-column is-layout-flow wp-block-column-is-layout-flow\" style=\"flex-basis:66.66%\">\n<h1 class=\"wp-block-heading\" id=\"h-mi-az-a-vegso-menedekes-szallito\"><strong>Mi az a v\u00e9gs\u0151 mened\u00e9kes sz\u00e1ll\u00edt\u00f3?<\/strong><\/h1>\n\n\n\n<h5 class=\"wp-block-heading\" id=\"h-hogyan-mukodik-a-vegso-menedekes-szallitora-vonatkozo-anre-rendelet\"><strong>Hogyan m\u0171k\u00f6dik a v\u00e9gs\u0151 mened\u00e9kes sz\u00e1ll\u00edt\u00f3ra vonatkoz\u00f3 ANRE-rendelet?<\/strong><\/h5>\n\n\n\n<p>A szab\u00e1lyoz\u00e1st a Nemzeti Energiaszab\u00e1lyoz\u00f3 Hat\u00f3s\u00e1g (ANRE) eln\u00f6k\u00e9nek rendeleteivel hagyj\u00e1k j\u00f3v\u00e1, \u00e9s k\u00f6telesek biztos\u00edtani a g\u00e1z- \u00e9s villamosenergia-ell\u00e1t\u00e1st a v\u00e9gs\u0151 mened\u00e9kes fogyaszt\u00f3k sz\u00e1m\u00e1ra korl\u00e1tozott ideig.<\/p>\n\n\n\n<h5 class=\"wp-block-heading\" id=\"h-mikor-veszik-fel-a-vegso-menedekhelyen-torteno-ellatasra\"><strong>Mikor veszik fel a v\u00e9gs\u0151 mened\u00e9khelyen t\u00f6rt\u00e9n\u0151 ell\u00e1t\u00e1sra?<\/strong><\/h5>\n\n\n\n<p>A hat\u00e1lyos jogszab\u00e1lyok szerint a fogyaszt\u00f3 a k\u00f6vetkez\u0151 helyzetekben v\u00e1lik v\u00e9gs\u0151 soron ell\u00e1tand\u00f3 \u00fcgyf\u00e9ll\u00e9:<\/p>\n\n\n\n<ul class=\"wp-block-list\">\n<li>A kor\u00e1bbi szolg\u00e1ltat\u00f3 elvesz\u00edti szolg\u00e1ltat\u00f3i st\u00e1tusz\u00e1t (az ell\u00e1t\u00e1si enged\u00e9ly visszavon\u00e1sa, lej\u00e1rta, felf\u00fcggeszt\u00e9se);<\/li>\n\n\n\n<li>A kor\u00e1bbi sz\u00e1ll\u00edt\u00f3 nem teljes\u00edt sz\u00e1mos, a piaci szerepl\u0151kkel (\u00e1tvitelirendszer-\u00fczemeltet\u0151, h\u00e1l\u00f3zat\u00fczemeltet\u0151) k\u00f6t\u00f6tt szerz\u0151d\u00e9sekkel kapcsolatos k\u00f6telezetts\u00e9get;<\/li>\n\n\n\n<li>A kor\u00e1bbi szolg\u00e1ltat\u00f3 m\u00e1r nem k\u00e9pes a jogszab\u00e1lyban el\u0151\u00edrt felt\u00e9telek mellett villamos energi\u00e1t\/f\u00f6ldg\u00e1zt szolg\u00e1ltatni.<\/li>\n<\/ul>\n<\/div>\n\n\n\n<div class=\"wp-block-column is-layout-flow wp-block-column-is-layout-flow\" style=\"flex-basis:33.33%\"><\/div>\n<\/div>\n\n\n    <section id=\"\" class=\"block-carousel background-color- is-style-border\">\n        <div class=\"gradient gradient-global   is-style-border\">\n            <div class='line line1' style=\"\"><\/div>\n            <div class='line line2' style=\"\"><\/div>\n            <div class='line line3' style=\"\"><\/div>\n            <div class='line line4' style=\"\"><\/div>\n            <div class='line line5' style=\"\"><\/div>\n            <div class='line line6' style=\"\"><\/div>\n            <div class='line line7' style=\"\"><\/div>\n            <div class='line line8' style=\"\"><\/div>\n            <div class='line line9' style=\"\"><\/div>\n            <div class='line line10' style=\"\"><\/div>\n            <div class='line line11' style=\"\"><\/div>\n        <\/div>\n        <div class=\"pull-wrapper\">\n            <div class=\"upper-slider container-pull\">\n                            <\/div>\n                    <\/div>\n        <div class='carousel-global pull-wrapper carousel-list'\n             data-slide-per-row=\"3\">\n                                 <div class=\"carousel-slide three_per_row\">\n                                            <div class=\"image-carousel\">\n                            <img decoding=\"async\" width=\"1024\" src=\"https:\/\/www-preprod.ppcenergy.ro\/wp-content\/uploads\/icon-electricty.svg?w=1024\" class=\"attachment-iconcarousel size-iconcarousel\" alt=\"\" \/>                                                    <\/div>\n                                                                <div class=\"text-carousel\">\n                                                            <h3 class=\"title\">\n                                    Villamosenergia                                <\/h3>\n                                                                                <\/div>\n                                                                <a class=\"global-link\" href=\"https:\/\/www-preprod.ppcenergy.ro\/hu\/jogszabalyok\/vegso-ellato\/villamos-energia\/\" title=\"Vezi detalii\" target=\"_self\">\n                            <span class=\"long-arrow right\"><\/span>\n                        <\/a>\n                                    <\/div>\n                                <div class=\"carousel-slide three_per_row\">\n                                            <div class=\"image-carousel\">\n                            <img decoding=\"async\" width=\"1024\" src=\"https:\/\/www-preprod.ppcenergy.ro\/wp-content\/uploads\/icon-gaz_b6ef03.svg?w=1024\" class=\"attachment-iconcarousel size-iconcarousel\" alt=\"\" \/>                                                    <\/div>\n                                                                <div class=\"text-carousel\">\n                                                            <h3 class=\"title\">\n                                    F\u00f6ldg\u00e1z                                <\/h3>\n                                                                                <\/div>\n                                                                <a class=\"global-link\" href=\"https:\/\/www-preprod.ppcenergy.ro\/hu\/jogszabalyok\/vegso-ellato\/foldgaz\/\" title=\"Vezi detalii\" target=\"_self\">\n                            <span class=\"long-arrow right\"><\/span>\n                        <\/a>\n                                    <\/div>\n                        <\/div>\n            <\/section>\n\n\n\n<div style=\"height:100px\" aria-hidden=\"true\" class=\"wp-block-spacer\"><\/div>\n","protected":false},"excerpt":{"rendered":"<p>Mi az a v\u00e9gs\u0151 mened\u00e9kes sz\u00e1ll\u00edt\u00f3? Hogyan m\u0171k\u00f6dik a v\u00e9gs\u0151 mened\u00e9kes sz\u00e1ll\u00edt\u00f3ra vonatkoz\u00f3 ANRE-rendelet? A szab\u00e1lyoz\u00e1st a Nemzeti Energiaszab\u00e1lyoz\u00f3 Hat\u00f3s\u00e1g (ANRE) eln\u00f6k\u00e9nek rendeleteivel hagyj\u00e1k j\u00f3v\u00e1, \u00e9s k\u00f6telesek biztos\u00edtani a g\u00e1z- \u00e9s villamosenergia-ell\u00e1t\u00e1st a v\u00e9gs\u0151 mened\u00e9kes fogyaszt\u00f3k sz\u00e1m\u00e1ra korl\u00e1tozott ideig. Mikor veszik fel a v\u00e9gs\u0151 mened\u00e9khelyen t\u00f6rt\u00e9n\u0151 ell\u00e1t\u00e1sra? A hat\u00e1lyos jogszab\u00e1lyok szerint a fogyaszt\u00f3 a k\u00f6vetkez\u0151 [&hellip;]<\/p>\n","protected":false},"author":48,"featured_media":0,"parent":17454,"menu_order":0,"comment_status":"closed","ping_status":"closed","template":"","meta":{"_acf_changed":false,"footnotes":""},"class_list":["post-17481","page","type-page","status-publish","hentry"],"acf":[],"yoast_head":"<!-- This site is optimized with the Yoast SEO Premium plugin v21.8 (Yoast SEO v27.3) - https:\/\/yoast.com\/product\/yoast-seo-premium-wordpress\/ -->\n<title>V\u00e9gs\u0151 mened\u00e9khelyi sz\u00e1ll\u00edt\u00f3 - PPC<\/title>\n<meta name=\"description\" content=\"Ha a v\u00e9g\u00e9n az \u00e1ram- vagy g\u00e1zszolg\u00e1ltat\u00f3 veszi \u00e1t a v\u00e9gs\u0151 mened\u00e9ket.\" \/>\n<meta name=\"robots\" content=\"index, follow, max-snippet:-1, max-image-preview:large, max-video-preview:-1\" \/>\n<link rel=\"canonical\" href=\"https:\/\/www-preprod.ppcenergy.ro\/hu\/jogszabalyok\/vegso-ellato\/\" \/>\n<meta property=\"og:locale\" content=\"hu_HU\" \/>\n<meta property=\"og:type\" content=\"article\" \/>\n<meta property=\"og:title\" content=\"Furnizorul de ultima instanta\" \/>\n<meta property=\"og:description\" content=\"Cand ajungi sa fii preluat de furnizorul de ultima instanta de energie electrica sau gaze naturale.\" \/>\n<meta property=\"og:url\" content=\"https:\/\/www-preprod.ppcenergy.ro\/hu\/jogszabalyok\/vegso-ellato\/\" \/>\n<meta property=\"og:site_name\" content=\"PPC\" \/>\n<meta property=\"article:publisher\" content=\"https:\/\/www.facebook.com\/ppcenergy\" \/>\n<meta property=\"article:modified_time\" content=\"2025-06-12T09:56:23+00:00\" \/>\n<meta name=\"twitter:card\" content=\"summary_large_image\" \/>\n<meta name=\"twitter:title\" content=\"V\u00e9gs\u0151 mened\u00e9khelyi sz\u00e1ll\u00edt\u00f3\" \/>\n<meta name=\"twitter:site\" content=\"@PPCEnergyRo\" \/>\n<meta name=\"twitter:label1\" content=\"Est. reading time\" \/>\n\t<meta name=\"twitter:data1\" content=\"1 perc\" \/>\n<script type=\"application\/ld+json\" class=\"yoast-schema-graph\">{\"@context\":\"https:\\\/\\\/schema.org\",\"@graph\":[{\"@type\":\"WebPage\",\"@id\":\"https:\\\/\\\/www-preprod.ppcenergy.ro\\\/hu\\\/jogszabalyok\\\/vegso-ellato\\\/\",\"url\":\"https:\\\/\\\/www-preprod.ppcenergy.ro\\\/hu\\\/jogszabalyok\\\/vegso-ellato\\\/\",\"name\":\"V\u00e9gs\u0151 mened\u00e9khelyi sz\u00e1ll\u00edt\u00f3 - PPC\",\"isPartOf\":{\"@id\":\"https:\\\/\\\/www-preprod.ppcenergy.ro\\\/#website\"},\"datePublished\":\"2024-03-14T12:01:28+00:00\",\"dateModified\":\"2025-06-12T09:56:23+00:00\",\"description\":\"Ha a v\u00e9g\u00e9n az \u00e1ram- vagy g\u00e1zszolg\u00e1ltat\u00f3 veszi \u00e1t a v\u00e9gs\u0151 mened\u00e9ket.\",\"breadcrumb\":{\"@id\":\"https:\\\/\\\/www-preprod.ppcenergy.ro\\\/hu\\\/jogszabalyok\\\/vegso-ellato\\\/#breadcrumb\"},\"inLanguage\":\"hu\",\"potentialAction\":[{\"@type\":\"ReadAction\",\"target\":[\"https:\\\/\\\/www-preprod.ppcenergy.ro\\\/hu\\\/jogszabalyok\\\/vegso-ellato\\\/\"]}]},{\"@type\":\"BreadcrumbList\",\"@id\":\"https:\\\/\\\/www-preprod.ppcenergy.ro\\\/hu\\\/jogszabalyok\\\/vegso-ellato\\\/#breadcrumb\",\"itemListElement\":[{\"@type\":\"ListItem\",\"position\":1,\"name\":\"Home\",\"item\":\"https:\\\/\\\/www-preprod.ppcenergy.ro\\\/hu\\\/\"},{\"@type\":\"ListItem\",\"position\":2,\"name\":\"Jogszab\u00e1lyok\",\"item\":\"https:\\\/\\\/www-preprod.ppcenergy.ro\\\/hu\\\/jogszabalyok\\\/\"},{\"@type\":\"ListItem\",\"position\":3,\"name\":\"V\u00e9gs\u0151 mened\u00e9khelyi sz\u00e1ll\u00edt\u00f3\"}]},{\"@type\":\"WebSite\",\"@id\":\"https:\\\/\\\/www-preprod.ppcenergy.ro\\\/#website\",\"url\":\"https:\\\/\\\/www-preprod.ppcenergy.ro\\\/\",\"name\":\"PPC\",\"description\":\"Energy\",\"publisher\":{\"@id\":\"https:\\\/\\\/www-preprod.ppcenergy.ro\\\/#organization\"},\"potentialAction\":[{\"@type\":\"SearchAction\",\"target\":{\"@type\":\"EntryPoint\",\"urlTemplate\":\"https:\\\/\\\/www-preprod.ppcenergy.ro\\\/?s={search_term_string}\"},\"query-input\":{\"@type\":\"PropertyValueSpecification\",\"valueRequired\":true,\"valueName\":\"search_term_string\"}}],\"inLanguage\":\"hu\"},{\"@type\":\"Organization\",\"@id\":\"https:\\\/\\\/www-preprod.ppcenergy.ro\\\/#organization\",\"name\":\"PPC\",\"url\":\"https:\\\/\\\/www-preprod.ppcenergy.ro\\\/\",\"logo\":{\"@type\":\"ImageObject\",\"inLanguage\":\"hu\",\"@id\":\"https:\\\/\\\/www-preprod.ppcenergy.ro\\\/#\\\/schema\\\/logo\\\/image\\\/\",\"url\":\"https:\\\/\\\/www-preprod.ppcenergy.ro\\\/wp-content\\\/uploads\\\/cropped-favicon.webp\",\"contentUrl\":\"https:\\\/\\\/www-preprod.ppcenergy.ro\\\/wp-content\\\/uploads\\\/cropped-favicon.webp\",\"width\":512,\"height\":512,\"caption\":\"PPC\"},\"image\":{\"@id\":\"https:\\\/\\\/www-preprod.ppcenergy.ro\\\/#\\\/schema\\\/logo\\\/image\\\/\"},\"sameAs\":[\"https:\\\/\\\/www.facebook.com\\\/ppcenergy\",\"https:\\\/\\\/x.com\\\/PPCEnergyRo\",\"https:\\\/\\\/www.instagram.com\\\/ppcenergyro\\\/\",\"https:\\\/\\\/www.youtube.com\\\/@PPCEnergy\",\"https:\\\/\\\/www.linkedin.com\\\/company\\\/ppc-energy\\\/\"]}]}<\/script>\n<!-- \/ Yoast SEO Premium plugin. -->","yoast_head_json":{"title":"V\u00e9gs\u0151 mened\u00e9khelyi sz\u00e1ll\u00edt\u00f3 - PPC","description":"Ha a v\u00e9g\u00e9n az \u00e1ram- vagy g\u00e1zszolg\u00e1ltat\u00f3 veszi \u00e1t a v\u00e9gs\u0151 mened\u00e9ket.","robots":{"index":"index","follow":"follow","max-snippet":"max-snippet:-1","max-image-preview":"max-image-preview:large","max-video-preview":"max-video-preview:-1"},"canonical":"https:\/\/www-preprod.ppcenergy.ro\/hu\/jogszabalyok\/vegso-ellato\/","og_locale":"hu_HU","og_type":"article","og_title":"Furnizorul de ultima instanta","og_description":"Cand ajungi sa fii preluat de furnizorul de ultima instanta de energie electrica sau gaze naturale.","og_url":"https:\/\/www-preprod.ppcenergy.ro\/hu\/jogszabalyok\/vegso-ellato\/","og_site_name":"PPC","article_publisher":"https:\/\/www.facebook.com\/ppcenergy","article_modified_time":"2025-06-12T09:56:23+00:00","twitter_card":"summary_large_image","twitter_title":"V\u00e9gs\u0151 mened\u00e9khelyi sz\u00e1ll\u00edt\u00f3","twitter_site":"@PPCEnergyRo","twitter_misc":{"Est. reading time":"1 perc"},"schema":{"@context":"https:\/\/schema.org","@graph":[{"@type":"WebPage","@id":"https:\/\/www-preprod.ppcenergy.ro\/hu\/jogszabalyok\/vegso-ellato\/","url":"https:\/\/www-preprod.ppcenergy.ro\/hu\/jogszabalyok\/vegso-ellato\/","name":"V\u00e9gs\u0151 mened\u00e9khelyi sz\u00e1ll\u00edt\u00f3 - PPC","isPartOf":{"@id":"https:\/\/www-preprod.ppcenergy.ro\/#website"},"datePublished":"2024-03-14T12:01:28+00:00","dateModified":"2025-06-12T09:56:23+00:00","description":"Ha a v\u00e9g\u00e9n az \u00e1ram- vagy g\u00e1zszolg\u00e1ltat\u00f3 veszi \u00e1t a v\u00e9gs\u0151 mened\u00e9ket.","breadcrumb":{"@id":"https:\/\/www-preprod.ppcenergy.ro\/hu\/jogszabalyok\/vegso-ellato\/#breadcrumb"},"inLanguage":"hu","potentialAction":[{"@type":"ReadAction","target":["https:\/\/www-preprod.ppcenergy.ro\/hu\/jogszabalyok\/vegso-ellato\/"]}]},{"@type":"BreadcrumbList","@id":"https:\/\/www-preprod.ppcenergy.ro\/hu\/jogszabalyok\/vegso-ellato\/#breadcrumb","itemListElement":[{"@type":"ListItem","position":1,"name":"Home","item":"https:\/\/www-preprod.ppcenergy.ro\/hu\/"},{"@type":"ListItem","position":2,"name":"Jogszab\u00e1lyok","item":"https:\/\/www-preprod.ppcenergy.ro\/hu\/jogszabalyok\/"},{"@type":"ListItem","position":3,"name":"V\u00e9gs\u0151 mened\u00e9khelyi sz\u00e1ll\u00edt\u00f3"}]},{"@type":"WebSite","@id":"https:\/\/www-preprod.ppcenergy.ro\/#website","url":"https:\/\/www-preprod.ppcenergy.ro\/","name":"PPC","description":"Energy","publisher":{"@id":"https:\/\/www-preprod.ppcenergy.ro\/#organization"},"potentialAction":[{"@type":"SearchAction","target":{"@type":"EntryPoint","urlTemplate":"https:\/\/www-preprod.ppcenergy.ro\/?s={search_term_string}"},"query-input":{"@type":"PropertyValueSpecification","valueRequired":true,"valueName":"search_term_string"}}],"inLanguage":"hu"},{"@type":"Organization","@id":"https:\/\/www-preprod.ppcenergy.ro\/#organization","name":"PPC","url":"https:\/\/www-preprod.ppcenergy.ro\/","logo":{"@type":"ImageObject","inLanguage":"hu","@id":"https:\/\/www-preprod.ppcenergy.ro\/#\/schema\/logo\/image\/","url":"https:\/\/www-preprod.ppcenergy.ro\/wp-content\/uploads\/cropped-favicon.webp","contentUrl":"https:\/\/www-preprod.ppcenergy.ro\/wp-content\/uploads\/cropped-favicon.webp","width":512,"height":512,"caption":"PPC"},"image":{"@id":"https:\/\/www-preprod.ppcenergy.ro\/#\/schema\/logo\/image\/"},"sameAs":["https:\/\/www.facebook.com\/ppcenergy","https:\/\/x.com\/PPCEnergyRo","https:\/\/www.instagram.com\/ppcenergyro\/","https:\/\/www.youtube.com\/@PPCEnergy","https:\/\/www.linkedin.com\/company\/ppc-energy\/"]}]}},"_links":{"self":[{"href":"https:\/\/www-preprod.ppcenergy.ro\/hu\/wp-json\/wp\/v2\/pages\/17481","targetHints":{"allow":["GET"]}}],"collection":[{"href":"https:\/\/www-preprod.ppcenergy.ro\/hu\/wp-json\/wp\/v2\/pages"}],"about":[{"href":"https:\/\/www-preprod.ppcenergy.ro\/hu\/wp-json\/wp\/v2\/types\/page"}],"author":[{"embeddable":true,"href":"https:\/\/www-preprod.ppcenergy.ro\/hu\/wp-json\/wp\/v2\/users\/48"}],"replies":[{"embeddable":true,"href":"https:\/\/www-preprod.ppcenergy.ro\/hu\/wp-json\/wp\/v2\/comments?post=17481"}],"version-history":[{"count":4,"href":"https:\/\/www-preprod.ppcenergy.ro\/hu\/wp-json\/wp\/v2\/pages\/17481\/revisions"}],"predecessor-version":[{"id":19099,"href":"https:\/\/www-preprod.ppcenergy.ro\/hu\/wp-json\/wp\/v2\/pages\/17481\/revisions\/19099"}],"up":[{"embeddable":true,"href":"https:\/\/www-preprod.ppcenergy.ro\/hu\/wp-json\/wp\/v2\/pages\/17454"}],"wp:attachment":[{"href":"https:\/\/www-preprod.ppcenergy.ro\/hu\/wp-json\/wp\/v2\/media?parent=17481"}],"curies":[{"name":"wp","href":"https:\/\/api.w.org\/{rel}","templated":true}]}}