{"id":17624,"date":"2024-03-16T13:30:37","date_gmt":"2024-03-16T11:30:37","guid":{"rendered":"https:\/\/www-preprod.ppcenergy.ro\/legislatie\/eficienta-energetica\/"},"modified":"2025-07-07T15:31:50","modified_gmt":"2025-07-07T12:31:50","slug":"energiahatekonysag","status":"publish","type":"page","link":"https:\/\/www-preprod.ppcenergy.ro\/hu\/jogszabalyok\/energiahatekonysag\/","title":{"rendered":"Energiahat\u00e9konys\u00e1g"},"content":{"rendered":"<section id=\"\" class=\"block-top-product \">\n    <div class='top-product'>\n                <div class=\"full-slide  fullproduct  articles left slider-type-gradient\">\n                                        <div\n                    class='gradient desktop topleft gray full eleven_per_row'>\n                    <div class='line line1'><\/div>\n                    <div class='line line2'><\/div>\n                    <div class='line line3'><\/div>\n                    <div class='line line4'><\/div>\n                                                                <div class='line line5'><\/div>\n                        <div class='line line6'><\/div>\n                        <div class='line line7'><\/div>\n                        <div class='line line8'><\/div>\n                        <div class='line line9'><\/div>\n                        <div class='line line10'><\/div>\n                        <div class='line line11'><\/div>\n                                    <\/div>\n                                                    <div class=\"product-textbox  text-color-black\">\n                                            <div\n                            class='gradient mobile topleft gray full eleven_per_row'>\n                            <div class='line line1'><\/div>\n                            <div class='line line2'><\/div>\n                            <div class='line line3'><\/div>\n                            <div class='line line4'><\/div>\n                                                                                        <div class='line line5'><\/div>\n                                <div class='line line6'><\/div>\n                                <div class='line line7'><\/div>\n                                <div class='line line8'><\/div>\n                                <div class='line line9'><\/div>\n                                <div class='line line10'><\/div>\n                                <div class='line line11'><\/div>\n                                                    <\/div>\n                    \n                                                                                    <h2 class=\"title\">\n                        Energiahat\u00e9konys\u00e1g \u00e9s k\u00f6lts\u00e9gmegtakar\u00edt\u00e1s                        <\/h2>\n                                                                                    <div class=\"text\">\n                            <p><p>Az energiahat\u00e9konys\u00e1g energiamegtakar\u00edt\u00e1st, k\u00f6lts\u00e9gcs\u00f6kkent\u00e9st \u00e9s k\u00f6rnyezetv\u00e9delmet eredm\u00e9nyez.<\/p>\n<\/p>\n                        <\/div>\n                                                                                \n                                                        <\/div>\n                    <\/div>\n    <\/div>\n<\/section>\n\n<section id=\"\" class=\"block-breadcrumbs\">\n    <ul id=\"breadcrumbs\" itemprop=\"breadcrumb\" class=\"breadcrumbs\"><li><a rel=\"home\" href=\"https:\/\/www-preprod.ppcenergy.ro\/hu\/\"><span class=\"logo-breadcrumbs\"><\/span><\/a><\/li><\/ul><\/section>\n\n\n<div style=\"height:32px\" aria-hidden=\"true\" class=\"wp-block-spacer\"><\/div>\n\n\n\n<div class=\"wp-block-columns is-layout-flex wp-container-core-columns-is-layout-28f84493 wp-block-columns-is-layout-flex\">\n<div class=\"wp-block-column is-layout-flow wp-block-column-is-layout-flow\" style=\"flex-basis:66.66%\">\n<h2 class=\"wp-block-heading\" id=\"h-energiahatekonysag-es-koltsegmegtakaritas\"><strong>Energiahat\u00e9konys\u00e1g \u00e9s k\u00f6lts\u00e9gmegtakar\u00edt\u00e1s<\/strong><\/h2>\n\n\n\n<p>Ha szeretne \u00e1tfog\u00f3 k\u00e9pet kapni arr\u00f3l, hogyan j\u00e1rulhat hozz\u00e1 az energiamegtakar\u00edt\u00e1shoz, a k\u00f6lts\u00e9gek cs\u00f6kkent\u00e9s\u00e9hez \u00e9s a k\u00f6rnyezet v\u00e9delm\u00e9hez, l\u00e1togasson el erre az oldalra. Itt \u00fatmutat\u00f3kat, plak\u00e1tokat \u00e9s bros\u00far\u00e1kat tal\u00e1l a leghat\u00e9konyabb megold\u00e1sokr\u00f3l.<\/p>\n\n\n    <section id=\"\" class=\"block-documents aside-title-block\">\n                    <h3 class=\"title-aside\">Hasznos dokumentumok<\/h3>\n                                            <div class=\"list-aside documents-list\">\n                    \n                                <div class=\"document\">\n                                    <div class=\"left-document\">\n                                                                                                                            <div class=\"title-document\">Az energiahat\u00e9konys\u00e1gr\u00f3l sz\u00f3l\u00f3 121\/2014. sz. t\u00f6rv\u00e9ny<\/div>\n                                                                                <div class=\"category-date\">\n                                                                                            <div class=\"category-document\"><\/div>\n                                                                                                                                <\/div>\n                                    <\/div>\n                                                                            <a href=\"https:\/\/www-preprod.ppcenergy.ro\/wp-content\/uploads\/legea-121-2014-privind-eficienta-energetica.pdf\" target=\"_blank\" class=\"right-document\">\n                                                                                            <div class=\"size-document\">pdf (210,96 KB)<\/div>\n                                                                                    <\/a>\n                                                                    <\/div>\n                                                                                        <\/div>\n                                <\/section>\n<\/div>\n\n\n\n<div class=\"wp-block-column is-layout-flow wp-block-column-is-layout-flow\" style=\"flex-basis:33.33%\"><\/div>\n<\/div>\n\n\n\n<div style=\"height:100px\" aria-hidden=\"true\" class=\"wp-block-spacer\"><\/div>\n","protected":false},"excerpt":{"rendered":"<p>Energiahat\u00e9konys\u00e1g \u00e9s k\u00f6lts\u00e9gmegtakar\u00edt\u00e1s Ha szeretne \u00e1tfog\u00f3 k\u00e9pet kapni arr\u00f3l, hogyan j\u00e1rulhat hozz\u00e1 az energiamegtakar\u00edt\u00e1shoz, a k\u00f6lts\u00e9gek cs\u00f6kkent\u00e9s\u00e9hez \u00e9s a k\u00f6rnyezet v\u00e9delm\u00e9hez, l\u00e1togasson el erre az oldalra. Itt \u00fatmutat\u00f3kat, plak\u00e1tokat \u00e9s bros\u00far\u00e1kat tal\u00e1l a leghat\u00e9konyabb megold\u00e1sokr\u00f3l.<\/p>\n","protected":false},"author":48,"featured_media":0,"parent":17454,"menu_order":0,"comment_status":"closed","ping_status":"closed","template":"","meta":{"_acf_changed":false,"footnotes":""},"class_list":["post-17624","page","type-page","status-publish","hentry"],"acf":[],"yoast_head":"<!-- This site is optimized with the Yoast SEO Premium plugin v21.8 (Yoast SEO v27.3) - https:\/\/yoast.com\/product\/yoast-seo-premium-wordpress\/ -->\n<title>Energiahat\u00e9konys\u00e1g | Hogyan cs\u00f6kkenthet\u0151k az energiak\u00f6lts\u00e9gek<\/title>\n<meta name=\"description\" content=\"Energiahat\u00e9konys\u00e1g, energiatakar\u00e9koss\u00e1g, k\u00f6lts\u00e9gcs\u00f6kkent\u00e9s \u00e9s k\u00f6rnyezetv\u00e9delem.\" \/>\n<meta name=\"robots\" content=\"index, follow, max-snippet:-1, max-image-preview:large, max-video-preview:-1\" \/>\n<link rel=\"canonical\" href=\"https:\/\/www-preprod.ppcenergy.ro\/hu\/jogszabalyok\/energiahatekonysag\/\" \/>\n<meta property=\"og:locale\" content=\"hu_HU\" \/>\n<meta property=\"og:type\" content=\"article\" \/>\n<meta property=\"og:title\" content=\"Eficienta energetica | Cum sa reduci cheltuielile la energie\" \/>\n<meta property=\"og:description\" content=\"Eficienta energetica, economisirea energiei, reducerea cheltuielilor si protectia mediului.\" \/>\n<meta property=\"og:url\" content=\"https:\/\/www-preprod.ppcenergy.ro\/hu\/jogszabalyok\/energiahatekonysag\/\" \/>\n<meta property=\"og:site_name\" content=\"PPC\" \/>\n<meta property=\"article:publisher\" content=\"https:\/\/www.facebook.com\/ppcenergy\" \/>\n<meta property=\"article:modified_time\" content=\"2025-07-07T12:31:50+00:00\" \/>\n<meta name=\"twitter:card\" content=\"summary_large_image\" \/>\n<meta name=\"twitter:title\" content=\"Energiahat\u00e9konys\u00e1g\" \/>\n<meta name=\"twitter:site\" content=\"@PPCEnergyRo\" \/>\n<meta name=\"twitter:label1\" content=\"Est. reading time\" \/>\n\t<meta name=\"twitter:data1\" content=\"1 perc\" \/>\n<script type=\"application\/ld+json\" class=\"yoast-schema-graph\">{\"@context\":\"https:\\\/\\\/schema.org\",\"@graph\":[{\"@type\":\"WebPage\",\"@id\":\"https:\\\/\\\/www-preprod.ppcenergy.ro\\\/hu\\\/jogszabalyok\\\/energiahatekonysag\\\/\",\"url\":\"https:\\\/\\\/www-preprod.ppcenergy.ro\\\/hu\\\/jogszabalyok\\\/energiahatekonysag\\\/\",\"name\":\"Energiahat\u00e9konys\u00e1g | Hogyan cs\u00f6kkenthet\u0151k az energiak\u00f6lts\u00e9gek\",\"isPartOf\":{\"@id\":\"https:\\\/\\\/www-preprod.ppcenergy.ro\\\/#website\"},\"datePublished\":\"2024-03-16T11:30:37+00:00\",\"dateModified\":\"2025-07-07T12:31:50+00:00\",\"description\":\"Energiahat\u00e9konys\u00e1g, energiatakar\u00e9koss\u00e1g, k\u00f6lts\u00e9gcs\u00f6kkent\u00e9s \u00e9s k\u00f6rnyezetv\u00e9delem.\",\"breadcrumb\":{\"@id\":\"https:\\\/\\\/www-preprod.ppcenergy.ro\\\/hu\\\/jogszabalyok\\\/energiahatekonysag\\\/#breadcrumb\"},\"inLanguage\":\"hu\",\"potentialAction\":[{\"@type\":\"ReadAction\",\"target\":[\"https:\\\/\\\/www-preprod.ppcenergy.ro\\\/hu\\\/jogszabalyok\\\/energiahatekonysag\\\/\"]}]},{\"@type\":\"BreadcrumbList\",\"@id\":\"https:\\\/\\\/www-preprod.ppcenergy.ro\\\/hu\\\/jogszabalyok\\\/energiahatekonysag\\\/#breadcrumb\",\"itemListElement\":[{\"@type\":\"ListItem\",\"position\":1,\"name\":\"Home\",\"item\":\"https:\\\/\\\/www-preprod.ppcenergy.ro\\\/hu\\\/\"},{\"@type\":\"ListItem\",\"position\":2,\"name\":\"Jogszab\u00e1lyok\",\"item\":\"https:\\\/\\\/www-preprod.ppcenergy.ro\\\/hu\\\/jogszabalyok\\\/\"},{\"@type\":\"ListItem\",\"position\":3,\"name\":\"Energiahat\u00e9konys\u00e1g\"}]},{\"@type\":\"WebSite\",\"@id\":\"https:\\\/\\\/www-preprod.ppcenergy.ro\\\/#website\",\"url\":\"https:\\\/\\\/www-preprod.ppcenergy.ro\\\/\",\"name\":\"PPC\",\"description\":\"Energy\",\"publisher\":{\"@id\":\"https:\\\/\\\/www-preprod.ppcenergy.ro\\\/#organization\"},\"potentialAction\":[{\"@type\":\"SearchAction\",\"target\":{\"@type\":\"EntryPoint\",\"urlTemplate\":\"https:\\\/\\\/www-preprod.ppcenergy.ro\\\/?s={search_term_string}\"},\"query-input\":{\"@type\":\"PropertyValueSpecification\",\"valueRequired\":true,\"valueName\":\"search_term_string\"}}],\"inLanguage\":\"hu\"},{\"@type\":\"Organization\",\"@id\":\"https:\\\/\\\/www-preprod.ppcenergy.ro\\\/#organization\",\"name\":\"PPC\",\"url\":\"https:\\\/\\\/www-preprod.ppcenergy.ro\\\/\",\"logo\":{\"@type\":\"ImageObject\",\"inLanguage\":\"hu\",\"@id\":\"https:\\\/\\\/www-preprod.ppcenergy.ro\\\/#\\\/schema\\\/logo\\\/image\\\/\",\"url\":\"https:\\\/\\\/www-preprod.ppcenergy.ro\\\/wp-content\\\/uploads\\\/cropped-favicon.webp\",\"contentUrl\":\"https:\\\/\\\/www-preprod.ppcenergy.ro\\\/wp-content\\\/uploads\\\/cropped-favicon.webp\",\"width\":512,\"height\":512,\"caption\":\"PPC\"},\"image\":{\"@id\":\"https:\\\/\\\/www-preprod.ppcenergy.ro\\\/#\\\/schema\\\/logo\\\/image\\\/\"},\"sameAs\":[\"https:\\\/\\\/www.facebook.com\\\/ppcenergy\",\"https:\\\/\\\/x.com\\\/PPCEnergyRo\",\"https:\\\/\\\/www.instagram.com\\\/ppcenergyro\\\/\",\"https:\\\/\\\/www.youtube.com\\\/@PPCEnergy\",\"https:\\\/\\\/www.linkedin.com\\\/company\\\/ppc-energy\\\/\"]}]}<\/script>\n<!-- \/ Yoast SEO Premium plugin. -->","yoast_head_json":{"title":"Energiahat\u00e9konys\u00e1g | Hogyan cs\u00f6kkenthet\u0151k az energiak\u00f6lts\u00e9gek","description":"Energiahat\u00e9konys\u00e1g, energiatakar\u00e9koss\u00e1g, k\u00f6lts\u00e9gcs\u00f6kkent\u00e9s \u00e9s k\u00f6rnyezetv\u00e9delem.","robots":{"index":"index","follow":"follow","max-snippet":"max-snippet:-1","max-image-preview":"max-image-preview:large","max-video-preview":"max-video-preview:-1"},"canonical":"https:\/\/www-preprod.ppcenergy.ro\/hu\/jogszabalyok\/energiahatekonysag\/","og_locale":"hu_HU","og_type":"article","og_title":"Eficienta energetica | Cum sa reduci cheltuielile la energie","og_description":"Eficienta energetica, economisirea energiei, reducerea cheltuielilor si protectia mediului.","og_url":"https:\/\/www-preprod.ppcenergy.ro\/hu\/jogszabalyok\/energiahatekonysag\/","og_site_name":"PPC","article_publisher":"https:\/\/www.facebook.com\/ppcenergy","article_modified_time":"2025-07-07T12:31:50+00:00","twitter_card":"summary_large_image","twitter_title":"Energiahat\u00e9konys\u00e1g","twitter_site":"@PPCEnergyRo","twitter_misc":{"Est. reading time":"1 perc"},"schema":{"@context":"https:\/\/schema.org","@graph":[{"@type":"WebPage","@id":"https:\/\/www-preprod.ppcenergy.ro\/hu\/jogszabalyok\/energiahatekonysag\/","url":"https:\/\/www-preprod.ppcenergy.ro\/hu\/jogszabalyok\/energiahatekonysag\/","name":"Energiahat\u00e9konys\u00e1g | Hogyan cs\u00f6kkenthet\u0151k az energiak\u00f6lts\u00e9gek","isPartOf":{"@id":"https:\/\/www-preprod.ppcenergy.ro\/#website"},"datePublished":"2024-03-16T11:30:37+00:00","dateModified":"2025-07-07T12:31:50+00:00","description":"Energiahat\u00e9konys\u00e1g, energiatakar\u00e9koss\u00e1g, k\u00f6lts\u00e9gcs\u00f6kkent\u00e9s \u00e9s k\u00f6rnyezetv\u00e9delem.","breadcrumb":{"@id":"https:\/\/www-preprod.ppcenergy.ro\/hu\/jogszabalyok\/energiahatekonysag\/#breadcrumb"},"inLanguage":"hu","potentialAction":[{"@type":"ReadAction","target":["https:\/\/www-preprod.ppcenergy.ro\/hu\/jogszabalyok\/energiahatekonysag\/"]}]},{"@type":"BreadcrumbList","@id":"https:\/\/www-preprod.ppcenergy.ro\/hu\/jogszabalyok\/energiahatekonysag\/#breadcrumb","itemListElement":[{"@type":"ListItem","position":1,"name":"Home","item":"https:\/\/www-preprod.ppcenergy.ro\/hu\/"},{"@type":"ListItem","position":2,"name":"Jogszab\u00e1lyok","item":"https:\/\/www-preprod.ppcenergy.ro\/hu\/jogszabalyok\/"},{"@type":"ListItem","position":3,"name":"Energiahat\u00e9konys\u00e1g"}]},{"@type":"WebSite","@id":"https:\/\/www-preprod.ppcenergy.ro\/#website","url":"https:\/\/www-preprod.ppcenergy.ro\/","name":"PPC","description":"Energy","publisher":{"@id":"https:\/\/www-preprod.ppcenergy.ro\/#organization"},"potentialAction":[{"@type":"SearchAction","target":{"@type":"EntryPoint","urlTemplate":"https:\/\/www-preprod.ppcenergy.ro\/?s={search_term_string}"},"query-input":{"@type":"PropertyValueSpecification","valueRequired":true,"valueName":"search_term_string"}}],"inLanguage":"hu"},{"@type":"Organization","@id":"https:\/\/www-preprod.ppcenergy.ro\/#organization","name":"PPC","url":"https:\/\/www-preprod.ppcenergy.ro\/","logo":{"@type":"ImageObject","inLanguage":"hu","@id":"https:\/\/www-preprod.ppcenergy.ro\/#\/schema\/logo\/image\/","url":"https:\/\/www-preprod.ppcenergy.ro\/wp-content\/uploads\/cropped-favicon.webp","contentUrl":"https:\/\/www-preprod.ppcenergy.ro\/wp-content\/uploads\/cropped-favicon.webp","width":512,"height":512,"caption":"PPC"},"image":{"@id":"https:\/\/www-preprod.ppcenergy.ro\/#\/schema\/logo\/image\/"},"sameAs":["https:\/\/www.facebook.com\/ppcenergy","https:\/\/x.com\/PPCEnergyRo","https:\/\/www.instagram.com\/ppcenergyro\/","https:\/\/www.youtube.com\/@PPCEnergy","https:\/\/www.linkedin.com\/company\/ppc-energy\/"]}]}},"_links":{"self":[{"href":"https:\/\/www-preprod.ppcenergy.ro\/hu\/wp-json\/wp\/v2\/pages\/17624","targetHints":{"allow":["GET"]}}],"collection":[{"href":"https:\/\/www-preprod.ppcenergy.ro\/hu\/wp-json\/wp\/v2\/pages"}],"about":[{"href":"https:\/\/www-preprod.ppcenergy.ro\/hu\/wp-json\/wp\/v2\/types\/page"}],"author":[{"embeddable":true,"href":"https:\/\/www-preprod.ppcenergy.ro\/hu\/wp-json\/wp\/v2\/users\/48"}],"replies":[{"embeddable":true,"href":"https:\/\/www-preprod.ppcenergy.ro\/hu\/wp-json\/wp\/v2\/comments?post=17624"}],"version-history":[{"count":5,"href":"https:\/\/www-preprod.ppcenergy.ro\/hu\/wp-json\/wp\/v2\/pages\/17624\/revisions"}],"predecessor-version":[{"id":25404,"href":"https:\/\/www-preprod.ppcenergy.ro\/hu\/wp-json\/wp\/v2\/pages\/17624\/revisions\/25404"}],"up":[{"embeddable":true,"href":"https:\/\/www-preprod.ppcenergy.ro\/hu\/wp-json\/wp\/v2\/pages\/17454"}],"wp:attachment":[{"href":"https:\/\/www-preprod.ppcenergy.ro\/hu\/wp-json\/wp\/v2\/media?parent=17624"}],"curies":[{"name":"wp","href":"https:\/\/api.w.org\/{rel}","templated":true}]}}