{"id":17795,"date":"2024-03-18T13:49:11","date_gmt":"2024-03-18T11:49:11","guid":{"rendered":"https:\/\/www-preprod.ppcenergy.ro\/kik-vagyunk\/vallalatiranyitas\/legal\/"},"modified":"2025-06-01T22:11:35","modified_gmt":"2025-06-01T19:11:35","slug":"jogi-informaciok","status":"publish","type":"page","link":"https:\/\/www-preprod.ppcenergy.ro\/hu\/kik-vagyunk\/vallalatiranyitas\/jogi-informaciok\/","title":{"rendered":"Jogi"},"content":{"rendered":"<section id=\"\" class=\"block-top-product \">\n    <div class='top-product'>\n                <div class=\"full-slide  fullproduct  articles left slider-type-gradient\">\n                                        <div\n                    class='gradient desktop topleft darkblue full seven_per_row'>\n                    <div class='line line1'><\/div>\n                    <div class='line line2'><\/div>\n                    <div class='line line3'><\/div>\n                    <div class='line line4'><\/div>\n                                            <div class='line line5'><\/div>\n                        <div class='line line6'><\/div>\n                        <div class='line line7'><\/div>\n                                                        <\/div>\n                                                    <div class=\"product-textbox  text-color-white\">\n                                            <div\n                            class='gradient mobile topleft darkblue full seven_per_row'>\n                            <div class='line line1'><\/div>\n                            <div class='line line2'><\/div>\n                            <div class='line line3'><\/div>\n                            <div class='line line4'><\/div>\n                                                            <div class='line line5'><\/div>\n                                <div class='line line6'><\/div>\n                                <div class='line line7'><\/div>\n                                                                                <\/div>\n                    \n                                                                                    <h2 class=\"title\">\n                        C\u00e9ginform\u00e1ci\u00f3                        <\/h2>\n                                                                                    <div class=\"text\">\n                            <p><p>A rom\u00e1niai PPC c\u00e9gek jogi adatai.<\/p>\n<\/p>\n                        <\/div>\n                                                                                \n                                                        <\/div>\n                    <\/div>\n    <\/div>\n<\/section>\n\n<section id=\"\" class=\"block-breadcrumbs\">\n    <ul id=\"breadcrumbs\" itemprop=\"breadcrumb\" class=\"breadcrumbs\"><li><a rel=\"home\" href=\"https:\/\/www-preprod.ppcenergy.ro\/hu\/\"><span class=\"logo-breadcrumbs\"><\/span><\/a><\/li><\/ul><\/section>\n\n\n<div style=\"height:16px\" aria-hidden=\"true\" class=\"wp-block-spacer\"><\/div>\n\n\n\n<h2 class=\"wp-block-heading\" id=\"h-jogi-adatok\">Jogi adatok<\/h2>\n\n\n\n<div style=\"height:32px\" aria-hidden=\"true\" class=\"wp-block-spacer\"><\/div>\n\n\n\n<div class=\"wp-block-columns is-layout-flex wp-container-core-columns-is-layout-28f84493 wp-block-columns-is-layout-flex\">\n<div class=\"wp-block-column is-layout-flow wp-block-column-is-layout-flow\" style=\"flex-basis:66.66%\">\n<h2 class=\"wp-block-heading\" id=\"h-ppc-energie-s-a\" style=\"margin-top:var(--wp--preset--spacing--30);margin-bottom:var(--wp--preset--spacing--30);text-transform:capitalize\">PPC  Energie S.A.<\/h2>\n\n\n\n<div style=\"height:16px\" aria-hidden=\"true\" class=\"wp-block-spacer\"><\/div>\n\n\n\n<p>Bd. Mircea Vod\u0103, nr. 30, etaj 6, camera 6.8, sector 3, Bucure\u0219ti<br>C\u00e9gjegyz\u00e9ksz\u00e1m: J2007012303406<br>Egyedi nyilv\u00e1ntart\u00e1si k\u00f3d (CUI): 22000460<br>Jegyzett \u00e9s befizetett alapt\u0151ke (RON): 330 883 610<br>IBAN: RO54 CITI CITI 0000 0000 0007 0007 0007 2507 2507 1019, a Citibank Europe PLC dublini rom\u00e1niai fi\u00f3kj\u00e1ban nyitott sz\u00e1mla.<\/p>\n\n\n\n<div style=\"height:46px\" aria-hidden=\"true\" class=\"wp-block-spacer\"><\/div>\n\n\n\n<h2 class=\"wp-block-heading\" id=\"h-re\u021bele-electrice-nbsp-romania-s-a\" style=\"margin-top:var(--wp--preset--spacing--30);margin-bottom:var(--wp--preset--spacing--30);text-transform:capitalize\">Re\u021bele Electrice&nbsp;Rom\u00e2nia S.A.<\/h2>\n\n\n\n<div style=\"height:16px\" aria-hidden=\"true\" class=\"wp-block-spacer\"><\/div>\n\n\n\n<p>Bejegyzett sz\u00e9khely: Bd. Mircea Vod\u0103, nr. 30, etaj 3, sector 3, Bucure\u0219ti<br>C\u00e9gjegyz\u00e9ksz\u00e1m: J2002001859405<br>Egyedi nyilv\u00e1ntart\u00e1si k\u00f3d (CUI): 14507322&nbsp;<br>Jegyzett \u00e9s befizetett alapt\u0151ke (RON): 580 355 660<\/p>\n\n\n\n<div style=\"height:48px\" aria-hidden=\"true\" class=\"wp-block-spacer\"><\/div>\n\n\n\n<h2 class=\"wp-block-heading\" id=\"h-ppc-renewables-romania-s-r-l\" style=\"margin-top:var(--wp--preset--spacing--30);margin-bottom:var(--wp--preset--spacing--30);text-transform:capitalize\">PPC Renewables Romania S.R.L.<\/h2>\n\n\n\n<div style=\"height:16px\" aria-hidden=\"true\" class=\"wp-block-spacer\"><\/div>\n\n\n\n<p>Bejegyzett sz\u00e9khely: Bd. Mircea Vod\u0103, nr. 30, et. 4, camera 4.2, sector 3, Bucure\u0219ti<br>Kereskedelmi nyilv\u00e1ntart\u00e1si sz\u00e1m: J2011007000409<br>Egyedi regisztr\u00e1ci\u00f3s k\u00f3d (CUI): 15034770<br>Jegyzett \u00e9s befizetett alapt\u0151ke (RON): 2.930.631.631.631.000<\/p>\n\n\n\n<div style=\"height:48px\" aria-hidden=\"true\" class=\"wp-block-spacer\"><\/div>\n\n\n\n<h2 class=\"wp-block-heading\" id=\"h-ppc-nbsp-blue-romania-s-r-l\" style=\"margin-top:var(--wp--preset--spacing--30);margin-bottom:var(--wp--preset--spacing--30);text-transform:capitalize\">PPC&nbsp;Blue Romania S.R.L.<\/h2>\n\n\n\n<div style=\"height:16px\" aria-hidden=\"true\" class=\"wp-block-spacer\"><\/div>\n\n\n\n<p>Bejegyzett sz\u00e9khely: Bd. Mircea Vod\u0103, nr. 30, cam. 4.7, etaj 4, sector 3, Bucure\u0219ti<br>C\u00e9gjegyz\u00e9ksz\u00e1m: J2019001951406<br>Egyedi nyilv\u00e1ntart\u00e1si k\u00f3d (CUI): 40645073.<br>Jegyzett \u00e9s befizetett alapt\u0151ke (RON): 7.993.840<\/p>\n\n\n\n<div style=\"height:48px\" aria-hidden=\"true\" class=\"wp-block-spacer\"><\/div>\n\n\n\n<h2 class=\"wp-block-heading\" id=\"h-ppc-advanced-energy-services-romania-s-r-l\" style=\"margin-top:var(--wp--preset--spacing--30);margin-bottom:var(--wp--preset--spacing--30);text-transform:capitalize\">PPC Advanced Energy Services Romania S.R.L.<\/h2>\n\n\n\n<div style=\"height:16px\" aria-hidden=\"true\" class=\"wp-block-spacer\"><\/div>\n\n\n\n<p>Bd. Mircea Vod\u0103, nr. 30, etaj 4, camera 4.11, sector 3, Bucure\u0219ti<br>C\u00e9gjegyz\u00e9ksz\u00e1m: J2019001952407<br>Egyedi nyilv\u00e1ntart\u00e1si k\u00f3d (CUI): 40645170<br>Jegyzett \u00e9s befizetett r\u00e9szv\u00e9nyt\u0151ke (RON): 7 044 450<\/p>\n\n\n\n<div style=\"height:48px\" aria-hidden=\"true\" class=\"wp-block-spacer\"><\/div>\n\n\n\n<h2 class=\"wp-block-heading\" id=\"h-ppc-trading-s-r-l\" style=\"margin-top:var(--wp--preset--spacing--30);margin-bottom:var(--wp--preset--spacing--30);text-transform:capitalize\">PPC Trading S.R.L.<\/h2>\n\n\n\n<div style=\"height:16px\" aria-hidden=\"true\" class=\"wp-block-spacer\"><\/div>\n\n\n\n<p>Bejegyzett sz\u00e9khely: Bd. Mircea Vod\u0103, nr. 30, etaj 7, camera 7.6, sector 3, Bucure\u0219ti<br>Kereskedelmi nyilv\u00e1ntart\u00e1si sz\u00e1m: J2020015554402<br>Ad\u00f3azonos\u00edt\u00f3 k\u00f3d (CIF): 43335379<br>Jegyzett \u00e9s befizetett alapt\u0151ke (RON): 2.737.050<br>IBAN: RO20 BACX 0000 0000 0000 0020 8793 0001, az Unicredit Bank &#8211; Grigore Mora fi\u00f3kban nyitott sz\u00e1mla.<\/p>\n\n\n\n<div style=\"height:48px\" aria-hidden=\"true\" class=\"wp-block-spacer\"><\/div>\n\n\n\n<h2 class=\"wp-block-heading\" id=\"h-ppc-public-power-corporation-romania-s-a\" style=\"margin-top:var(--wp--preset--spacing--30);margin-bottom:var(--wp--preset--spacing--30);text-transform:capitalize\">PPC &#8211; Public Power Corporation Romania S.A.<\/h2>\n\n\n\n<div style=\"height:16px\" aria-hidden=\"true\" class=\"wp-block-spacer\"><\/div>\n\n\n\n<p>Bejegyzett sz\u00e9khely: Bd. Mircea Vod\u0103, nr. 30, 8. emelet, Bukarest<br>Kereskedelmi nyilv\u00e1ntart\u00e1si sorsz\u00e1m: J2024007495401<br>Egyedi nyilv\u00e1ntart\u00e1si k\u00f3d (CUI): 17043219<br>Jegyzett \u00e9s befizetett alapt\u0151ke (RON): 863.540.950<\/p>\n\n\n\n<div style=\"height:48px\" aria-hidden=\"true\" class=\"wp-block-spacer\"><\/div>\n\n\n\n<h2 class=\"wp-block-heading\" id=\"h-ppc-servicii-comune-s-r-l\" style=\"margin-top:var(--wp--preset--spacing--30);margin-bottom:var(--wp--preset--spacing--30);text-transform:capitalize\">PPC Servicii Comune S.R.L.<\/h2>\n\n\n\n<div style=\"height:16px\" aria-hidden=\"true\" class=\"wp-block-spacer\"><\/div>\n\n\n\n<p>Bejegyzett sz\u00e9khely: Bd. Mircea Vod\u0103, nr. 30, 7. emelet, 7.9. szoba, 3. szektor, Bucure\u0219ti, Bucure\u0219ti<br>C\u00e9gjegyz\u00e9ksz\u00e1m: J2007012896403<br>Egyedi nyilv\u00e1ntart\u00e1si k\u00f3d (CUI): 22054362.<br>Jegyzett \u00e9s befizetett alapt\u0151ke (RON): 33.000.000<\/p>\n<\/div>\n\n\n\n<div class=\"wp-block-column is-layout-flow wp-block-column-is-layout-flow\" style=\"flex-basis:33.33%\"><\/div>\n<\/div>\n\n\n\n<div style=\"height:96px\" aria-hidden=\"true\" class=\"wp-block-spacer\"><\/div>\n","protected":false},"excerpt":{"rendered":"<p>Jogi adatok PPC Energie S.A. Bd. Mircea Vod\u0103, nr. 30, etaj 6, camera 6.8, sector 3, Bucure\u0219tiC\u00e9gjegyz\u00e9ksz\u00e1m: J2007012303406Egyedi nyilv\u00e1ntart\u00e1si k\u00f3d (CUI): 22000460Jegyzett \u00e9s befizetett alapt\u0151ke (RON): 330 883 610IBAN: RO54 CITI CITI 0000 0000 0007 0007 0007 2507 2507 1019, a Citibank Europe PLC dublini rom\u00e1niai fi\u00f3kj\u00e1ban nyitott sz\u00e1mla. Re\u021bele Electrice&nbsp;Rom\u00e2nia S.A. Bejegyzett sz\u00e9khely: Bd. [&hellip;]<\/p>\n","protected":false},"author":48,"featured_media":0,"parent":17109,"menu_order":0,"comment_status":"closed","ping_status":"closed","template":"","meta":{"_acf_changed":false,"footnotes":""},"class_list":["post-17795","page","type-page","status-publish","hentry"],"acf":[],"yoast_head":"<!-- This site is optimized with the Yoast SEO Premium plugin v21.8 (Yoast SEO v27.3) - https:\/\/yoast.com\/product\/yoast-seo-premium-wordpress\/ -->\n<title>Jogi - PPC<\/title>\n<meta name=\"description\" content=\"Inform\u00e1ci\u00f3k a PPC Csoport rom\u00e1niai v\u00e1llalatair\u00f3l.\" \/>\n<meta name=\"robots\" content=\"index, follow, max-snippet:-1, max-image-preview:large, max-video-preview:-1\" \/>\n<link rel=\"canonical\" href=\"https:\/\/www-preprod.ppcenergy.ro\/hu\/kik-vagyunk\/vallalatiranyitas\/jogi-informaciok\/\" \/>\n<meta property=\"og:locale\" content=\"hu_HU\" \/>\n<meta property=\"og:type\" content=\"article\" \/>\n<meta property=\"og:title\" content=\"Jogi\" \/>\n<meta property=\"og:description\" content=\"Inform\u00e1ci\u00f3k a PPC Csoport rom\u00e1niai v\u00e1llalatair\u00f3l.\" \/>\n<meta property=\"og:url\" content=\"https:\/\/www-preprod.ppcenergy.ro\/hu\/kik-vagyunk\/vallalatiranyitas\/jogi-informaciok\/\" \/>\n<meta property=\"og:site_name\" content=\"PPC\" \/>\n<meta property=\"article:publisher\" content=\"https:\/\/www.facebook.com\/ppcenergy\" \/>\n<meta property=\"article:modified_time\" content=\"2025-06-01T19:11:35+00:00\" \/>\n<meta name=\"twitter:card\" content=\"summary_large_image\" \/>\n<meta name=\"twitter:title\" content=\"Jogi\" \/>\n<meta name=\"twitter:site\" content=\"@PPCEnergyRo\" \/>\n<meta name=\"twitter:label1\" content=\"Est. reading time\" \/>\n\t<meta name=\"twitter:data1\" content=\"2 perc\" \/>\n<script type=\"application\/ld+json\" class=\"yoast-schema-graph\">{\"@context\":\"https:\\\/\\\/schema.org\",\"@graph\":[{\"@type\":\"WebPage\",\"@id\":\"https:\\\/\\\/www-preprod.ppcenergy.ro\\\/hu\\\/kik-vagyunk\\\/vallalatiranyitas\\\/jogi-informaciok\\\/\",\"url\":\"https:\\\/\\\/www-preprod.ppcenergy.ro\\\/hu\\\/kik-vagyunk\\\/vallalatiranyitas\\\/jogi-informaciok\\\/\",\"name\":\"Jogi - PPC\",\"isPartOf\":{\"@id\":\"https:\\\/\\\/www-preprod.ppcenergy.ro\\\/#website\"},\"datePublished\":\"2024-03-18T11:49:11+00:00\",\"dateModified\":\"2025-06-01T19:11:35+00:00\",\"description\":\"Inform\u00e1ci\u00f3k a PPC Csoport rom\u00e1niai v\u00e1llalatair\u00f3l.\",\"breadcrumb\":{\"@id\":\"https:\\\/\\\/www-preprod.ppcenergy.ro\\\/hu\\\/kik-vagyunk\\\/vallalatiranyitas\\\/jogi-informaciok\\\/#breadcrumb\"},\"inLanguage\":\"hu\",\"potentialAction\":[{\"@type\":\"ReadAction\",\"target\":[\"https:\\\/\\\/www-preprod.ppcenergy.ro\\\/hu\\\/kik-vagyunk\\\/vallalatiranyitas\\\/jogi-informaciok\\\/\"]}]},{\"@type\":\"BreadcrumbList\",\"@id\":\"https:\\\/\\\/www-preprod.ppcenergy.ro\\\/hu\\\/kik-vagyunk\\\/vallalatiranyitas\\\/jogi-informaciok\\\/#breadcrumb\",\"itemListElement\":[{\"@type\":\"ListItem\",\"position\":1,\"name\":\"Home\",\"item\":\"https:\\\/\\\/www-preprod.ppcenergy.ro\\\/hu\\\/\"},{\"@type\":\"ListItem\",\"position\":2,\"name\":\"R\u00f3lunk\",\"item\":\"https:\\\/\\\/www-preprod.ppcenergy.ro\\\/hu\\\/kik-vagyunk\\\/\"},{\"@type\":\"ListItem\",\"position\":3,\"name\":\"V\u00e1llalatir\u00e1ny\u00edt\u00e1s\",\"item\":\"https:\\\/\\\/www-preprod.ppcenergy.ro\\\/hu\\\/kik-vagyunk\\\/vallalatiranyitas\\\/\"},{\"@type\":\"ListItem\",\"position\":4,\"name\":\"Jogi\"}]},{\"@type\":\"WebSite\",\"@id\":\"https:\\\/\\\/www-preprod.ppcenergy.ro\\\/#website\",\"url\":\"https:\\\/\\\/www-preprod.ppcenergy.ro\\\/\",\"name\":\"PPC\",\"description\":\"Energy\",\"publisher\":{\"@id\":\"https:\\\/\\\/www-preprod.ppcenergy.ro\\\/#organization\"},\"potentialAction\":[{\"@type\":\"SearchAction\",\"target\":{\"@type\":\"EntryPoint\",\"urlTemplate\":\"https:\\\/\\\/www-preprod.ppcenergy.ro\\\/?s={search_term_string}\"},\"query-input\":{\"@type\":\"PropertyValueSpecification\",\"valueRequired\":true,\"valueName\":\"search_term_string\"}}],\"inLanguage\":\"hu\"},{\"@type\":\"Organization\",\"@id\":\"https:\\\/\\\/www-preprod.ppcenergy.ro\\\/#organization\",\"name\":\"PPC\",\"url\":\"https:\\\/\\\/www-preprod.ppcenergy.ro\\\/\",\"logo\":{\"@type\":\"ImageObject\",\"inLanguage\":\"hu\",\"@id\":\"https:\\\/\\\/www-preprod.ppcenergy.ro\\\/#\\\/schema\\\/logo\\\/image\\\/\",\"url\":\"https:\\\/\\\/www-preprod.ppcenergy.ro\\\/wp-content\\\/uploads\\\/cropped-favicon.webp\",\"contentUrl\":\"https:\\\/\\\/www-preprod.ppcenergy.ro\\\/wp-content\\\/uploads\\\/cropped-favicon.webp\",\"width\":512,\"height\":512,\"caption\":\"PPC\"},\"image\":{\"@id\":\"https:\\\/\\\/www-preprod.ppcenergy.ro\\\/#\\\/schema\\\/logo\\\/image\\\/\"},\"sameAs\":[\"https:\\\/\\\/www.facebook.com\\\/ppcenergy\",\"https:\\\/\\\/x.com\\\/PPCEnergyRo\",\"https:\\\/\\\/www.instagram.com\\\/ppcenergyro\\\/\",\"https:\\\/\\\/www.youtube.com\\\/@PPCEnergy\",\"https:\\\/\\\/www.linkedin.com\\\/company\\\/ppc-energy\\\/\"]}]}<\/script>\n<!-- \/ Yoast SEO Premium plugin. -->","yoast_head_json":{"title":"Jogi - PPC","description":"Inform\u00e1ci\u00f3k a PPC Csoport rom\u00e1niai v\u00e1llalatair\u00f3l.","robots":{"index":"index","follow":"follow","max-snippet":"max-snippet:-1","max-image-preview":"max-image-preview:large","max-video-preview":"max-video-preview:-1"},"canonical":"https:\/\/www-preprod.ppcenergy.ro\/hu\/kik-vagyunk\/vallalatiranyitas\/jogi-informaciok\/","og_locale":"hu_HU","og_type":"article","og_title":"Jogi","og_description":"Inform\u00e1ci\u00f3k a PPC Csoport rom\u00e1niai v\u00e1llalatair\u00f3l.","og_url":"https:\/\/www-preprod.ppcenergy.ro\/hu\/kik-vagyunk\/vallalatiranyitas\/jogi-informaciok\/","og_site_name":"PPC","article_publisher":"https:\/\/www.facebook.com\/ppcenergy","article_modified_time":"2025-06-01T19:11:35+00:00","twitter_card":"summary_large_image","twitter_title":"Jogi","twitter_site":"@PPCEnergyRo","twitter_misc":{"Est. reading time":"2 perc"},"schema":{"@context":"https:\/\/schema.org","@graph":[{"@type":"WebPage","@id":"https:\/\/www-preprod.ppcenergy.ro\/hu\/kik-vagyunk\/vallalatiranyitas\/jogi-informaciok\/","url":"https:\/\/www-preprod.ppcenergy.ro\/hu\/kik-vagyunk\/vallalatiranyitas\/jogi-informaciok\/","name":"Jogi - PPC","isPartOf":{"@id":"https:\/\/www-preprod.ppcenergy.ro\/#website"},"datePublished":"2024-03-18T11:49:11+00:00","dateModified":"2025-06-01T19:11:35+00:00","description":"Inform\u00e1ci\u00f3k a PPC Csoport rom\u00e1niai v\u00e1llalatair\u00f3l.","breadcrumb":{"@id":"https:\/\/www-preprod.ppcenergy.ro\/hu\/kik-vagyunk\/vallalatiranyitas\/jogi-informaciok\/#breadcrumb"},"inLanguage":"hu","potentialAction":[{"@type":"ReadAction","target":["https:\/\/www-preprod.ppcenergy.ro\/hu\/kik-vagyunk\/vallalatiranyitas\/jogi-informaciok\/"]}]},{"@type":"BreadcrumbList","@id":"https:\/\/www-preprod.ppcenergy.ro\/hu\/kik-vagyunk\/vallalatiranyitas\/jogi-informaciok\/#breadcrumb","itemListElement":[{"@type":"ListItem","position":1,"name":"Home","item":"https:\/\/www-preprod.ppcenergy.ro\/hu\/"},{"@type":"ListItem","position":2,"name":"R\u00f3lunk","item":"https:\/\/www-preprod.ppcenergy.ro\/hu\/kik-vagyunk\/"},{"@type":"ListItem","position":3,"name":"V\u00e1llalatir\u00e1ny\u00edt\u00e1s","item":"https:\/\/www-preprod.ppcenergy.ro\/hu\/kik-vagyunk\/vallalatiranyitas\/"},{"@type":"ListItem","position":4,"name":"Jogi"}]},{"@type":"WebSite","@id":"https:\/\/www-preprod.ppcenergy.ro\/#website","url":"https:\/\/www-preprod.ppcenergy.ro\/","name":"PPC","description":"Energy","publisher":{"@id":"https:\/\/www-preprod.ppcenergy.ro\/#organization"},"potentialAction":[{"@type":"SearchAction","target":{"@type":"EntryPoint","urlTemplate":"https:\/\/www-preprod.ppcenergy.ro\/?s={search_term_string}"},"query-input":{"@type":"PropertyValueSpecification","valueRequired":true,"valueName":"search_term_string"}}],"inLanguage":"hu"},{"@type":"Organization","@id":"https:\/\/www-preprod.ppcenergy.ro\/#organization","name":"PPC","url":"https:\/\/www-preprod.ppcenergy.ro\/","logo":{"@type":"ImageObject","inLanguage":"hu","@id":"https:\/\/www-preprod.ppcenergy.ro\/#\/schema\/logo\/image\/","url":"https:\/\/www-preprod.ppcenergy.ro\/wp-content\/uploads\/cropped-favicon.webp","contentUrl":"https:\/\/www-preprod.ppcenergy.ro\/wp-content\/uploads\/cropped-favicon.webp","width":512,"height":512,"caption":"PPC"},"image":{"@id":"https:\/\/www-preprod.ppcenergy.ro\/#\/schema\/logo\/image\/"},"sameAs":["https:\/\/www.facebook.com\/ppcenergy","https:\/\/x.com\/PPCEnergyRo","https:\/\/www.instagram.com\/ppcenergyro\/","https:\/\/www.youtube.com\/@PPCEnergy","https:\/\/www.linkedin.com\/company\/ppc-energy\/"]}]}},"_links":{"self":[{"href":"https:\/\/www-preprod.ppcenergy.ro\/hu\/wp-json\/wp\/v2\/pages\/17795","targetHints":{"allow":["GET"]}}],"collection":[{"href":"https:\/\/www-preprod.ppcenergy.ro\/hu\/wp-json\/wp\/v2\/pages"}],"about":[{"href":"https:\/\/www-preprod.ppcenergy.ro\/hu\/wp-json\/wp\/v2\/types\/page"}],"author":[{"embeddable":true,"href":"https:\/\/www-preprod.ppcenergy.ro\/hu\/wp-json\/wp\/v2\/users\/48"}],"replies":[{"embeddable":true,"href":"https:\/\/www-preprod.ppcenergy.ro\/hu\/wp-json\/wp\/v2\/comments?post=17795"}],"version-history":[{"count":3,"href":"https:\/\/www-preprod.ppcenergy.ro\/hu\/wp-json\/wp\/v2\/pages\/17795\/revisions"}],"predecessor-version":[{"id":17909,"href":"https:\/\/www-preprod.ppcenergy.ro\/hu\/wp-json\/wp\/v2\/pages\/17795\/revisions\/17909"}],"up":[{"embeddable":true,"href":"https:\/\/www-preprod.ppcenergy.ro\/hu\/wp-json\/wp\/v2\/pages\/17109"}],"wp:attachment":[{"href":"https:\/\/www-preprod.ppcenergy.ro\/hu\/wp-json\/wp\/v2\/media?parent=17795"}],"curies":[{"name":"wp","href":"https:\/\/api.w.org\/{rel}","templated":true}]}}