{"id":17800,"date":"2024-03-14T13:37:43","date_gmt":"2024-03-14T11:37:43","guid":{"rendered":"https:\/\/www-preprod.ppcenergy.ro\/gaze-naturale\/"},"modified":"2025-09-08T10:55:52","modified_gmt":"2025-09-08T07:55:52","slug":"foldgaz","status":"publish","type":"page","link":"https:\/\/www-preprod.ppcenergy.ro\/hu\/uzleti-ugyfelek\/foldgaz\/","title":{"rendered":"F\u00f6ldg\u00e1z"},"content":{"rendered":"<section id=\"\" class=\"block-top-product \">\n    <div class='top-product'>\n                <div class=\"full-slide  gradientproduct  articles left slider-type-gradinetimage\">\n                                        <div\n                    class='gradient desktop bottomleft lightblue  seven_per_row'>\n                    <div class='line line1'><\/div>\n                    <div class='line line2'><\/div>\n                    <div class='line line3'><\/div>\n                    <div class='line line4'><\/div>\n                                            <div class='line line5'><\/div>\n                        <div class='line line6'><\/div>\n                        <div class='line line7'><\/div>\n                                                        <\/div>\n                                                            <div class=\"product-image bottomleft lightblue\">\n                        <img loading=\"lazy\" decoding=\"async\" width=\"1024\" height=\"693\" src=\"https:\/\/www-preprod.ppcenergy.ro\/wp-content\/uploads\/bus-gaze.webp?w=1024\" class=\"attachment-gradientproduct size-gradientproduct\" alt=\"\" srcset=\"https:\/\/www-preprod.ppcenergy.ro\/wp-content\/uploads\/bus-gaze.webp 5384w, https:\/\/www-preprod.ppcenergy.ro\/wp-content\/uploads\/bus-gaze.webp?resize=300,203 300w, https:\/\/www-preprod.ppcenergy.ro\/wp-content\/uploads\/bus-gaze.webp?resize=768,520 768w, https:\/\/www-preprod.ppcenergy.ro\/wp-content\/uploads\/bus-gaze.webp?resize=1024,693 1024w, https:\/\/www-preprod.ppcenergy.ro\/wp-content\/uploads\/bus-gaze.webp?resize=1536,1040 1536w, https:\/\/www-preprod.ppcenergy.ro\/wp-content\/uploads\/bus-gaze.webp?resize=2048,1387 2048w, https:\/\/www-preprod.ppcenergy.ro\/wp-content\/uploads\/bus-gaze.webp?resize=648,440 648w, https:\/\/www-preprod.ppcenergy.ro\/wp-content\/uploads\/bus-gaze.webp?resize=74,50 74w\" sizes=\"auto, (max-width: 1024px) 100vw, 1024px\" \/>                    <\/div>\n                \n                                        <div class=\"product-textbox  text-color-black\">\n                                            <div\n                            class='gradient mobile bottomleft lightblue  seven_per_row'>\n                            <div class='line line1'><\/div>\n                            <div class='line line2'><\/div>\n                            <div class='line line3'><\/div>\n                            <div class='line line4'><\/div>\n                                                            <div class='line line5'><\/div>\n                                <div class='line line6'><\/div>\n                                <div class='line line7'><\/div>\n                                                                                <\/div>\n                    \n                                            <div class=\"logo-title\">\n                                                            <div class=\"product-slider-logo\">\n                                    <img loading=\"lazy\" decoding=\"async\" width=\"2000\" height=\"50\" src=\"https:\/\/www-preprod.ppcenergy.ro\/wp-content\/uploads\/PPC_logo_positive.svg?w=2000\" class=\"attachment-product-slider-logo size-product-slider-logo\" alt=\"\" \/>                                <\/div>\n                                                                                        <div>\n                                    <p>\u00dczleti \u00fcgyfelek<\/p>\n                                <\/div>\n                                                    <\/div>\n                                                                                    <h2 class=\"title\">\n                        F\u00f6ldg\u00e1z aj\u00e1nlatok                        <\/h2>\n                                                                                    <div class=\"text\">\n                            <p><p>Fedezze fel a PPC f\u00f6ldg\u00e1z aj\u00e1nlat\u00e1t 280 MWh\/\u00e9v vagy ann\u00e1l kevesebb fogyaszt\u00e1s\u00fa v\u00e1llalkoz\u00e1sok sz\u00e1m\u00e1ra.<\/p>\n<\/p>\n                        <\/div>\n                                                                                \n                                                        <\/div>\n                    <\/div>\n    <\/div>\n<\/section>\n\n<section id=\"\" class=\"block-breadcrumbs\">\n    <ul id=\"breadcrumbs\" itemprop=\"breadcrumb\" class=\"breadcrumbs\"><li><a rel=\"home\" href=\"https:\/\/www-preprod.ppcenergy.ro\/hu\/\"><span class=\"logo-breadcrumbs\"><\/span><\/a><\/li><\/ul><\/section>\n\n\n<div style=\"height:32px\" aria-hidden=\"true\" class=\"wp-block-spacer\"><\/div>\n\n\n\n<div class=\"wp-block-columns is-layout-flex wp-container-core-columns-is-layout-28f84493 wp-block-columns-is-layout-flex\">\n<div class=\"wp-block-column is-layout-flow wp-block-column-is-layout-flow\" style=\"flex-basis:66.66%\">\n<h1 class=\"wp-block-heading\" id=\"h-foldgazajanlat-uzleti-fogyasztok-szamara\">F\u00f6ldg\u00e1zaj\u00e1nlat \u00fczleti fogyaszt\u00f3k sz\u00e1m\u00e1ra<\/h1>\n<\/div>\n\n\n\n<div class=\"wp-block-column is-layout-flow wp-block-column-is-layout-flow\" style=\"flex-basis:33.33%\"><\/div>\n<\/div>\n\n\n\n<div style=\"height:25px\" aria-hidden=\"true\" class=\"wp-block-spacer\"><\/div>\n\n\n<section id=\"\" class=\"block-top-download_card  container-contain\">\n    <div class='top-download_card'>\n                    <div class='gradient bottomright lightblue full four_per_row'>\n                <div class='line line1'><\/div>\n                <div class='line line2'><\/div>\n                <div class='line line3'><\/div>\n                <div class='line line4'><\/div>\n            <\/div>\n                <div class=\"full-slide fulldownload_card\">\n                            <div class=\"download_card-textbox text-color-black\">\n                                            <h2 class=\"title\">\n                            PPC Gaz                        <\/h2>\n                                                                <div class=\"text\">\n                            <ul>\n<li class=\"ewa-rteLine\">2025. m\u00e1rcius 31-ig automatikusan \u00e9lvezheti a g\u00e1z\u00e1rplafon el\u0151nyeit.<\/li>\n<li class=\"ewa-rteLine\">A 0,37 lej\/kWh maxim\u00e1lt \u00e1r f\u00fcggetlen a havi fogyaszt\u00e1st\u00f3l.<\/li>\n<li class=\"ewa-rteLine\">Ingyenes hozz\u00e1f\u00e9r\u00e9ssel rendelkezik a digit\u00e1lis szolg\u00e1ltat\u00e1sokhoz, \u00edgy b\u00e1rmilyen probl\u00e9m\u00e1val kapcsolatban k\u00f6zvetlen\u00fcl a mobiltelefonj\u00e1r\u00f3l k\u00e9rhet seg\u00edts\u00e9get.<\/li>\n<li class=\"ewa-rteLine\">Adja le m\u00e9r\u0151\u00e1ll\u00e1s\u00e1t, fizesse ki sz\u00e1ml\u00e1it, kezelje g\u00e1zszerz\u0151d\u00e9seit egyszer\u0171en \u00e9s gyorsan a myPPC alkalmaz\u00e1sb\u00f3l.<\/li>\n<\/ul>\n                        <\/div>\n                                                                                    <div class=\"info-buttons\">\n                                                            <a class=\"global-button global-button-border-black\"\n                                   href=\"https:\/\/www-preprod.ppcenergy.ro\/hu\/uzleti-ugyfelek\/foldgaz\/ppc-gaz\/\" title=\"R\u00e9szletek\"\n                                   target=\"_self\">\n                                       R\u00e9szletek                                <\/a>\n                                                                                <\/div>\n                                    <\/div>\n                                                    <div class=\"info-buttons-mobile\">\n                                            <a class=\"global-button global-button-border-black\"\n                           href=\"https:\/\/www-preprod.ppcenergy.ro\/hu\/uzleti-ugyfelek\/foldgaz\/ppc-gaz\/\" title=\"R\u00e9szletek\"\n                           target=\"_self\">\n                               R\u00e9szletek                        <\/a>\n                                                        <\/div>\n                    <\/div>\n    <\/div>\n<\/section>\n\n\n<div style=\"height:25px\" aria-hidden=\"true\" class=\"wp-block-spacer\"><\/div>\n","protected":false},"excerpt":{"rendered":"<p>F\u00f6ldg\u00e1zaj\u00e1nlat \u00fczleti fogyaszt\u00f3k sz\u00e1m\u00e1ra<\/p>\n","protected":false},"author":48,"featured_media":0,"parent":18146,"menu_order":0,"comment_status":"closed","ping_status":"closed","template":"","meta":{"_acf_changed":false,"footnotes":""},"class_list":["post-17800","page","type-page","status-publish","hentry"],"acf":[],"yoast_head":"<!-- This site is optimized with the Yoast SEO Premium plugin v21.8 (Yoast SEO v27.3) - https:\/\/yoast.com\/product\/yoast-seo-premium-wordpress\/ -->\n<title>Oferta gaze naturale pentru persoane juridice - PPC<\/title>\n<meta name=\"description\" content=\"Afla oferta de gaze naturale pentru persoanele juridice - Adresata companiilor cu consum maxim de 280 MWh\/an.\" \/>\n<meta name=\"robots\" content=\"index, follow, max-snippet:-1, max-image-preview:large, max-video-preview:-1\" \/>\n<link rel=\"canonical\" href=\"https:\/\/www-preprod.ppcenergy.ro\/hu\/uzleti-ugyfelek\/foldgaz\/\" \/>\n<meta property=\"og:locale\" content=\"hu_HU\" \/>\n<meta property=\"og:type\" content=\"article\" \/>\n<meta property=\"og:title\" content=\"F\u00f6ldg\u00e1z\" \/>\n<meta property=\"og:description\" content=\"Afla oferta de gaze naturale pentru persoanele juridice - Adresata companiilor cu consum maxim de 280 MWh\/an.\" \/>\n<meta property=\"og:url\" content=\"https:\/\/www-preprod.ppcenergy.ro\/hu\/uzleti-ugyfelek\/foldgaz\/\" \/>\n<meta property=\"og:site_name\" content=\"PPC\" \/>\n<meta property=\"article:publisher\" content=\"https:\/\/www.facebook.com\/ppcenergy\" \/>\n<meta property=\"article:modified_time\" content=\"2025-09-08T07:55:52+00:00\" \/>\n<meta name=\"twitter:card\" content=\"summary_large_image\" \/>\n<meta name=\"twitter:site\" content=\"@PPCEnergyRo\" \/>\n<meta name=\"twitter:label1\" content=\"Est. reading time\" \/>\n\t<meta name=\"twitter:data1\" content=\"1 perc\" \/>\n<script type=\"application\/ld+json\" class=\"yoast-schema-graph\">{\"@context\":\"https:\\\/\\\/schema.org\",\"@graph\":[{\"@type\":\"WebPage\",\"@id\":\"https:\\\/\\\/www-preprod.ppcenergy.ro\\\/hu\\\/uzleti-ugyfelek\\\/foldgaz\\\/\",\"url\":\"https:\\\/\\\/www-preprod.ppcenergy.ro\\\/hu\\\/uzleti-ugyfelek\\\/foldgaz\\\/\",\"name\":\"Oferta gaze naturale pentru persoane juridice - PPC\",\"isPartOf\":{\"@id\":\"https:\\\/\\\/www-preprod.ppcenergy.ro\\\/#website\"},\"datePublished\":\"2024-03-14T11:37:43+00:00\",\"dateModified\":\"2025-09-08T07:55:52+00:00\",\"description\":\"Afla oferta de gaze naturale pentru persoanele juridice - Adresata companiilor cu consum maxim de 280 MWh\\\/an.\",\"breadcrumb\":{\"@id\":\"https:\\\/\\\/www-preprod.ppcenergy.ro\\\/hu\\\/uzleti-ugyfelek\\\/foldgaz\\\/#breadcrumb\"},\"inLanguage\":\"hu\",\"potentialAction\":[{\"@type\":\"ReadAction\",\"target\":[\"https:\\\/\\\/www-preprod.ppcenergy.ro\\\/hu\\\/uzleti-ugyfelek\\\/foldgaz\\\/\"]}]},{\"@type\":\"BreadcrumbList\",\"@id\":\"https:\\\/\\\/www-preprod.ppcenergy.ro\\\/hu\\\/uzleti-ugyfelek\\\/foldgaz\\\/#breadcrumb\",\"itemListElement\":[{\"@type\":\"ListItem\",\"position\":1,\"name\":\"Home\",\"item\":\"https:\\\/\\\/www-preprod.ppcenergy.ro\\\/hu\\\/\"},{\"@type\":\"ListItem\",\"position\":2,\"name\":\"\u00dczleti \u00fcgyfelek\",\"item\":\"https:\\\/\\\/www-preprod.ppcenergy.ro\\\/hu\\\/uzleti-ugyfelek\\\/\"},{\"@type\":\"ListItem\",\"position\":3,\"name\":\"F\u00f6ldg\u00e1z\"}]},{\"@type\":\"WebSite\",\"@id\":\"https:\\\/\\\/www-preprod.ppcenergy.ro\\\/#website\",\"url\":\"https:\\\/\\\/www-preprod.ppcenergy.ro\\\/\",\"name\":\"PPC\",\"description\":\"Energy\",\"publisher\":{\"@id\":\"https:\\\/\\\/www-preprod.ppcenergy.ro\\\/#organization\"},\"potentialAction\":[{\"@type\":\"SearchAction\",\"target\":{\"@type\":\"EntryPoint\",\"urlTemplate\":\"https:\\\/\\\/www-preprod.ppcenergy.ro\\\/?s={search_term_string}\"},\"query-input\":{\"@type\":\"PropertyValueSpecification\",\"valueRequired\":true,\"valueName\":\"search_term_string\"}}],\"inLanguage\":\"hu\"},{\"@type\":\"Organization\",\"@id\":\"https:\\\/\\\/www-preprod.ppcenergy.ro\\\/#organization\",\"name\":\"PPC\",\"url\":\"https:\\\/\\\/www-preprod.ppcenergy.ro\\\/\",\"logo\":{\"@type\":\"ImageObject\",\"inLanguage\":\"hu\",\"@id\":\"https:\\\/\\\/www-preprod.ppcenergy.ro\\\/#\\\/schema\\\/logo\\\/image\\\/\",\"url\":\"https:\\\/\\\/www-preprod.ppcenergy.ro\\\/wp-content\\\/uploads\\\/cropped-favicon.webp\",\"contentUrl\":\"https:\\\/\\\/www-preprod.ppcenergy.ro\\\/wp-content\\\/uploads\\\/cropped-favicon.webp\",\"width\":512,\"height\":512,\"caption\":\"PPC\"},\"image\":{\"@id\":\"https:\\\/\\\/www-preprod.ppcenergy.ro\\\/#\\\/schema\\\/logo\\\/image\\\/\"},\"sameAs\":[\"https:\\\/\\\/www.facebook.com\\\/ppcenergy\",\"https:\\\/\\\/x.com\\\/PPCEnergyRo\",\"https:\\\/\\\/www.instagram.com\\\/ppcenergyro\\\/\",\"https:\\\/\\\/www.youtube.com\\\/@PPCEnergy\",\"https:\\\/\\\/www.linkedin.com\\\/company\\\/ppc-energy\\\/\"]}]}<\/script>\n<!-- \/ Yoast SEO Premium plugin. -->","yoast_head_json":{"title":"Oferta gaze naturale pentru persoane juridice - PPC","description":"Afla oferta de gaze naturale pentru persoanele juridice - Adresata companiilor cu consum maxim de 280 MWh\/an.","robots":{"index":"index","follow":"follow","max-snippet":"max-snippet:-1","max-image-preview":"max-image-preview:large","max-video-preview":"max-video-preview:-1"},"canonical":"https:\/\/www-preprod.ppcenergy.ro\/hu\/uzleti-ugyfelek\/foldgaz\/","og_locale":"hu_HU","og_type":"article","og_title":"F\u00f6ldg\u00e1z","og_description":"Afla oferta de gaze naturale pentru persoanele juridice - Adresata companiilor cu consum maxim de 280 MWh\/an.","og_url":"https:\/\/www-preprod.ppcenergy.ro\/hu\/uzleti-ugyfelek\/foldgaz\/","og_site_name":"PPC","article_publisher":"https:\/\/www.facebook.com\/ppcenergy","article_modified_time":"2025-09-08T07:55:52+00:00","twitter_card":"summary_large_image","twitter_site":"@PPCEnergyRo","twitter_misc":{"Est. reading time":"1 perc"},"schema":{"@context":"https:\/\/schema.org","@graph":[{"@type":"WebPage","@id":"https:\/\/www-preprod.ppcenergy.ro\/hu\/uzleti-ugyfelek\/foldgaz\/","url":"https:\/\/www-preprod.ppcenergy.ro\/hu\/uzleti-ugyfelek\/foldgaz\/","name":"Oferta gaze naturale pentru persoane juridice - PPC","isPartOf":{"@id":"https:\/\/www-preprod.ppcenergy.ro\/#website"},"datePublished":"2024-03-14T11:37:43+00:00","dateModified":"2025-09-08T07:55:52+00:00","description":"Afla oferta de gaze naturale pentru persoanele juridice - Adresata companiilor cu consum maxim de 280 MWh\/an.","breadcrumb":{"@id":"https:\/\/www-preprod.ppcenergy.ro\/hu\/uzleti-ugyfelek\/foldgaz\/#breadcrumb"},"inLanguage":"hu","potentialAction":[{"@type":"ReadAction","target":["https:\/\/www-preprod.ppcenergy.ro\/hu\/uzleti-ugyfelek\/foldgaz\/"]}]},{"@type":"BreadcrumbList","@id":"https:\/\/www-preprod.ppcenergy.ro\/hu\/uzleti-ugyfelek\/foldgaz\/#breadcrumb","itemListElement":[{"@type":"ListItem","position":1,"name":"Home","item":"https:\/\/www-preprod.ppcenergy.ro\/hu\/"},{"@type":"ListItem","position":2,"name":"\u00dczleti \u00fcgyfelek","item":"https:\/\/www-preprod.ppcenergy.ro\/hu\/uzleti-ugyfelek\/"},{"@type":"ListItem","position":3,"name":"F\u00f6ldg\u00e1z"}]},{"@type":"WebSite","@id":"https:\/\/www-preprod.ppcenergy.ro\/#website","url":"https:\/\/www-preprod.ppcenergy.ro\/","name":"PPC","description":"Energy","publisher":{"@id":"https:\/\/www-preprod.ppcenergy.ro\/#organization"},"potentialAction":[{"@type":"SearchAction","target":{"@type":"EntryPoint","urlTemplate":"https:\/\/www-preprod.ppcenergy.ro\/?s={search_term_string}"},"query-input":{"@type":"PropertyValueSpecification","valueRequired":true,"valueName":"search_term_string"}}],"inLanguage":"hu"},{"@type":"Organization","@id":"https:\/\/www-preprod.ppcenergy.ro\/#organization","name":"PPC","url":"https:\/\/www-preprod.ppcenergy.ro\/","logo":{"@type":"ImageObject","inLanguage":"hu","@id":"https:\/\/www-preprod.ppcenergy.ro\/#\/schema\/logo\/image\/","url":"https:\/\/www-preprod.ppcenergy.ro\/wp-content\/uploads\/cropped-favicon.webp","contentUrl":"https:\/\/www-preprod.ppcenergy.ro\/wp-content\/uploads\/cropped-favicon.webp","width":512,"height":512,"caption":"PPC"},"image":{"@id":"https:\/\/www-preprod.ppcenergy.ro\/#\/schema\/logo\/image\/"},"sameAs":["https:\/\/www.facebook.com\/ppcenergy","https:\/\/x.com\/PPCEnergyRo","https:\/\/www.instagram.com\/ppcenergyro\/","https:\/\/www.youtube.com\/@PPCEnergy","https:\/\/www.linkedin.com\/company\/ppc-energy\/"]}]}},"_links":{"self":[{"href":"https:\/\/www-preprod.ppcenergy.ro\/hu\/wp-json\/wp\/v2\/pages\/17800","targetHints":{"allow":["GET"]}}],"collection":[{"href":"https:\/\/www-preprod.ppcenergy.ro\/hu\/wp-json\/wp\/v2\/pages"}],"about":[{"href":"https:\/\/www-preprod.ppcenergy.ro\/hu\/wp-json\/wp\/v2\/types\/page"}],"author":[{"embeddable":true,"href":"https:\/\/www-preprod.ppcenergy.ro\/hu\/wp-json\/wp\/v2\/users\/48"}],"replies":[{"embeddable":true,"href":"https:\/\/www-preprod.ppcenergy.ro\/hu\/wp-json\/wp\/v2\/comments?post=17800"}],"version-history":[{"count":7,"href":"https:\/\/www-preprod.ppcenergy.ro\/hu\/wp-json\/wp\/v2\/pages\/17800\/revisions"}],"predecessor-version":[{"id":28640,"href":"https:\/\/www-preprod.ppcenergy.ro\/hu\/wp-json\/wp\/v2\/pages\/17800\/revisions\/28640"}],"up":[{"embeddable":true,"href":"https:\/\/www-preprod.ppcenergy.ro\/hu\/wp-json\/wp\/v2\/pages\/18146"}],"wp:attachment":[{"href":"https:\/\/www-preprod.ppcenergy.ro\/hu\/wp-json\/wp\/v2\/media?parent=17800"}],"curies":[{"name":"wp","href":"https:\/\/api.w.org\/{rel}","templated":true}]}}