{"id":17824,"date":"2024-03-16T13:30:40","date_gmt":"2024-03-16T11:30:40","guid":{"rendered":"https:\/\/www-preprod.ppcenergy.ro\/legislatie\/liberalizare-piata\/"},"modified":"2025-06-12T13:12:46","modified_gmt":"2025-06-12T10:12:46","slug":"piaci-liberalizacio","status":"publish","type":"page","link":"https:\/\/www-preprod.ppcenergy.ro\/hu\/jogszabalyok\/piaci-liberalizacio\/","title":{"rendered":"Piaci liberaliz\u00e1ci\u00f3"},"content":{"rendered":"<section id=\"\" class=\"block-top-product \">\n    <div class='top-product'>\n                <div class=\"full-slide  fullproduct  articles left slider-type-gradient\">\n                                        <div\n                    class='gradient desktop topleft gray full eleven_per_row'>\n                    <div class='line line1'><\/div>\n                    <div class='line line2'><\/div>\n                    <div class='line line3'><\/div>\n                    <div class='line line4'><\/div>\n                                                                <div class='line line5'><\/div>\n                        <div class='line line6'><\/div>\n                        <div class='line line7'><\/div>\n                        <div class='line line8'><\/div>\n                        <div class='line line9'><\/div>\n                        <div class='line line10'><\/div>\n                        <div class='line line11'><\/div>\n                                    <\/div>\n                                                    <div class=\"product-textbox  text-color-black\">\n                                            <div\n                            class='gradient mobile topleft gray full eleven_per_row'>\n                            <div class='line line1'><\/div>\n                            <div class='line line2'><\/div>\n                            <div class='line line3'><\/div>\n                            <div class='line line4'><\/div>\n                                                                                        <div class='line line5'><\/div>\n                                <div class='line line6'><\/div>\n                                <div class='line line7'><\/div>\n                                <div class='line line8'><\/div>\n                                <div class='line line9'><\/div>\n                                <div class='line line10'><\/div>\n                                <div class='line line11'><\/div>\n                                                    <\/div>\n                    \n                                                                                    <h2 class=\"title\">\n                        A villamosenergia-piac liberaliz\u00e1ci\u00f3ja                        <\/h2>\n                                                                                    <div class=\"text\">\n                            <p><p>A villamosenergia-ell\u00e1t\u00e1si piac 2021. janu\u00e1r 1-j\u00e9t\u0151l teljes m\u00e9rt\u00e9kben liberaliz\u00e1lt, ami azt jelenti, hogy a villamosenergia-\u00e1rakat versenyalapon hat\u00e1rozz\u00e1k meg.<\/p>\n<\/p>\n                        <\/div>\n                                                                                \n                                                        <\/div>\n                    <\/div>\n    <\/div>\n<\/section>\n\n<section id=\"\" class=\"block-breadcrumbs\">\n    <ul id=\"breadcrumbs\" itemprop=\"breadcrumb\" class=\"breadcrumbs\"><li><a rel=\"home\" href=\"https:\/\/www-preprod.ppcenergy.ro\/hu\/\"><span class=\"logo-breadcrumbs\"><\/span><\/a><\/li><\/ul><\/section>\n\n\n<div style=\"height:32px\" aria-hidden=\"true\" class=\"wp-block-spacer\"><\/div>\n\n\n\n<div class=\"wp-block-columns is-layout-flex wp-container-core-columns-is-layout-28f84493 wp-block-columns-is-layout-flex\">\n<div class=\"wp-block-column is-layout-flow wp-block-column-is-layout-flow\" style=\"flex-basis:66.66%\">\n<h1 class=\"wp-block-heading\" id=\"h-mit-jelent-a-villamosenergia-piac-liberalizacioja\"><strong>Mit jelent a villamosenergia-piac liberaliz\u00e1ci\u00f3ja?<\/strong><\/h1>\n\n\n\n<p>A villamosenergia-ell\u00e1t\u00e1si piac 2021. janu\u00e1r 1-j\u00e9t\u0151l teljes m\u00e9rt\u00e9kben liberaliz\u00e1lt, ami azt jelenti, hogy a villamosenergia-\u00e1rakat versenyalapon hat\u00e1rozz\u00e1k meg. A versenypiaci villamosenergia-piac (m\u00e1s n\u00e9ven szabad villamosenergia-piac) lehet\u0151v\u00e9 teszi a fogyaszt\u00f3k sz\u00e1m\u00e1ra, hogy az ig\u00e9nyeiknek legink\u00e1bb megfelel\u0151 szolg\u00e1ltat\u00f3t \u00e9s aj\u00e1nlatot v\u00e1lasszanak versenyk\u00e9pes \u00e1ron.<\/p>\n\n\n\n<p><\/p>\n\n\n\n<ol class=\"wp-block-list\">\n<li><strong><span style=\"text-decoration: underline;\"><a href=\"#dereglementare\">Mit jelent a villamosenergia-piac liberaliz\u00e1ci\u00f3ja?<\/a><\/span><\/strong><\/li>\n\n\n\n<li><strong><span style=\"text-decoration: underline;\"><a href=\"#tip-client\">\u00d6n szabadpiaci fogyaszt\u00f3 vagy egyetemes szolg\u00e1ltat\u00e1si szerz\u0151d\u00e9ssel rendelkezik?<\/a><\/span><\/strong><\/li>\n\n\n\n<li><strong><span style=\"text-decoration: underline;\"><a href=\"#optiuni\">Ismeri a jelenlegi villamosenergia-szerz\u0151d\u00e9si lehet\u0151s\u00e9geit?<\/a><\/span><\/strong><\/li>\n\n\n\n<li><strong><span style=\"text-decoration: underline;\"><a href=\"#tip-contract\">Milyen t\u00edpus\u00fa szerz\u0151d\u00e9sekkel rendelkezik a legt\u00f6bb h\u00e1ztart\u00e1si fogyaszt\u00f3 a szabadpiacon?<\/a><\/span><\/strong><\/li>\n<\/ol>\n\n\n\n<div style=\"height:25px\" aria-hidden=\"true\" class=\"wp-block-spacer\"><\/div>\n\n\n\n<h1 class=\"wp-block-heading\" id=\"dereglementare\">Mit jelent a villamosenergia-piaci deregul\u00e1ci\u00f3?<\/h1>\n\n\n\n<p>A piac deregul\u00e1ci\u00f3ja el\u0151seg\u00edti, hogy a fogyaszt\u00f3k versenyk\u00e9pes, \u00e1tl\u00e1that\u00f3 \u00e9s a fogyaszt\u00e1s alapj\u00e1n szem\u00e9lyre szabott aj\u00e1nlatokhoz jussanak, ami sz\u00e1mos el\u0151nnyel j\u00e1r. A fogyaszt\u00f3k emellett szabadon v\u00e1laszthatnak b\u00e1rmilyen energiaszolg\u00e1ltat\u00f3t, b\u00e1rhol is legyenek.<\/p>\n\n\n\n<p>A PPC Csoport rom\u00e1niai \u00e1ramszolg\u00e1ltat\u00f3 v\u00e1llalatai az orsz\u00e1g eg\u00e9sz ter\u00fclet\u00e9n versenyk\u00e9pes aj\u00e1nlatok r\u00e9v\u00e9n fedezik a fogyaszt\u00f3k ig\u00e9nyeit, amelyek olyan c\u00e9lzott szolg\u00e1ltat\u00e1sokat is tartalmazhatnak, mint a myPPC, az online sz\u00e1mlafizet\u00e9s vagy a sz\u00e1mlam\u00e1sol\u00e1s, valamint egy\u00e9b \u00e9rt\u00e9kn\u00f6velt szolg\u00e1ltat\u00e1sokat, mint p\u00e9ld\u00e1ul az otthoni seg\u00edts\u00e9gny\u00fajt\u00e1s.<\/p>\n\n\n\n<h1 class=\"wp-block-heading\" id=\"tip-client\">\u00d6n szabadpiaci fogyaszt\u00f3 vagy egyetemes szolg\u00e1ltat\u00e1si szerz\u0151d\u00e9ssel rendelkezik?<\/h1>\n\n\n\n<p>K\u00f6nnyen megtudhatja, hogy van-e szerz\u0151d\u00e9se a versenypiaci villamosenergia-piacon. A sz\u00e1mla els\u0151 oldal\u00e1n megkapja a v\u00e1laszt. Ha a bal fels\u0151 sarokban az \u00e1ll: &#8222;Versenypiaci sz\u00e1mla&#8221;, akkor \u00d6n m\u00e1r a szabad villamosenergia-piacon l\u00e9v\u0151 \u00fcgyfel\u00fcnk, \u00e9s szerz\u0151d\u00e9se v\u00e1ltozatlanul fut.<\/p>\n\n\n\n<p>Ha az energiasz\u00e1mla els\u0151 oldal\u00e1n nem szerepel a &#8222;Versenypiaci sz\u00e1mla&#8221; felirat, \u00fcres vagy valami m\u00e1s \u00e1ll rajta, akkor \u00d6nnek egyetemes szolg\u00e1ltat\u00e1si szerz\u0151d\u00e9se van.<\/p>\n\n\n\n<h1 class=\"wp-block-heading\" id=\"optiuni\">Ismeri a jelenlegi villamosenergia-szerz\u0151d\u00e9s\u00e9vel kapcsolatos lehet\u0151s\u00e9geit?<\/h1>\n\n\n\n<p>F\u00fcggetlen\u00fcl att\u00f3l, hogy van-e hat\u00e1lyos villamosenergia-szerz\u0151d\u00e9se, szabadpiaci vagy egyetemes szolg\u00e1ltat\u00e1si szerz\u0151d\u00e9se, az al\u00e1bbi lehet\u0151s\u00e9gek k\u00f6z\u00fcl b\u00e1rmelyiket v\u00e1laszthatja.<\/p>\n\n\n\n<p>A v\u00e1lt\u00e1si folyamat 21 napot vesz ig\u00e9nybe, \u00e9s nem j\u00e1r a megl\u00e9v\u0151 berendez\u00e9sek m\u0171szaki v\u00e1ltoztat\u00e1s\u00e1val.<\/p>\n\n\n    <section id=\"\" class=\"block-benefits aside-title-block\">\n                            <div class=\"list-aside benefits-list\">\n                                    <div class=\"benefit\">\n                                                                            <div class=\"text-benefit\">tartsa meg jelenlegi szerz\u0151d\u00e9s\u00e9t<\/div>\n                                            <\/div>\n                                    <div class=\"benefit\">\n                                                                            <div class=\"text-benefit\">azt ugyanazon szolg\u00e1ltat\u00f3val k\u00f6t\u00f6tt szerz\u0151d\u00e9sre cser\u00e9lheti (versenyk\u00e9pes vagy egyetemes szolg\u00e1ltat\u00e1si aj\u00e1nlat).<\/div>\n                                            <\/div>\n                                    <div class=\"benefit\">\n                                                                            <div class=\"text-benefit\">lecser\u00e9lheti egy m\u00e1sik szolg\u00e1ltat\u00f3 szerz\u0151d\u00e9s\u00e9re (versenyk\u00e9pes vagy egyetemes szolg\u00e1ltat\u00e1si aj\u00e1nlat).<\/div>\n                                            <\/div>\n                            <\/div>\n            <\/section>\n\n\n\n<h1 class=\"wp-block-heading\" id=\"tip-contract\"><strong>Milyen t\u00edpus\u00fa szerz\u0151d\u00e9seket k\u00f6t a legt\u00f6bb h\u00e1ztart\u00e1si fogyaszt\u00f3 a szabadpiacon?<\/strong><\/h1>\n\n\n\n<p>H\u00e1ztart\u00e1si villamosenergia-\u00fcgyfeleink mintegy 75 sz\u00e1zal\u00e9k\u00e1nak (2,1 milli\u00f3nak) 2021. febru\u00e1r elej\u00e9n a versenypiacon volt szerz\u0151d\u00e9se (mintegy 2,9 milli\u00f3).<\/p>\n\n\n\n<p>Mindegyik \u00fcgyf\u00e9l m\u00e1r most is 12 h\u00f3napra r\u00f6gz\u00edtett \u00e1ram\u00e1rban r\u00e9szes\u00fcl, \u00edgy az energiapiac liberaliz\u00e1ci\u00f3ja nem \u00e9rinti \u0151ket. Az orsz\u00e1g \u00f6sszes villamosenergia-szolg\u00e1ltat\u00f3ja k\u00f6z\u00fcl n\u00e1lunk van a legt\u00f6bb szerz\u0151d\u00e9ssel rendelkez\u0151 \u00fcgyf\u00e9l a versenypiacon. A PPC Csoport az elm\u00falt \u00e9vekben jelent\u0151s felvil\u00e1gos\u00edt\u00f3 \u00e9s kereskedelmi er\u0151fesz\u00edt\u00e9seket tett a versenypiaci aj\u00e1nlatokban r\u00e9szes\u00fcl\u0151 \u00fcgyfelek portf\u00f3li\u00f3j\u00e1nak er\u0151s\u00edt\u00e9se \u00e9rdek\u00e9ben.<\/p>\n<\/div>\n\n\n\n<div class=\"wp-block-column is-layout-flow wp-block-column-is-layout-flow\" style=\"flex-basis:33.33%\"><\/div>\n<\/div>\n\n\n    <section id=\"\" class=\"block-carousel background-color- is-style-border\">\n        <div class=\"gradient gradient-global  \">\n            <div class='line line1' style=\"\"><\/div>\n            <div class='line line2' style=\"\"><\/div>\n            <div class='line line3' style=\"\"><\/div>\n            <div class='line line4' style=\"\"><\/div>\n            <div class='line line5' style=\"\"><\/div>\n            <div class='line line6' style=\"\"><\/div>\n            <div class='line line7' style=\"\"><\/div>\n            <div class='line line8' style=\"\"><\/div>\n            <div class='line line9' style=\"\"><\/div>\n            <div class='line line10' style=\"\"><\/div>\n            <div class='line line11' style=\"\"><\/div>\n        <\/div>\n        <div class=\"pull-wrapper\">\n            <div class=\"upper-slider container-pull\">\n                                    <h2 class=\"title\">\n                        V\u00e1lassza ki a megfelel\u0151 aj\u00e1nlatot                    <\/h2>\n                                <\/div>\n                    <\/div>\n        <div class='carousel-global pull-wrapper carousel-list'\n             data-slide-per-row=\"3\">\n                                 <div class=\"carousel-slide three_per_row\">\n                                                                <div class=\"text-carousel\">\n                                                            <h3 class=\"title\">\n                                    Lakoss\u00e1gi \u00fcgyfelek                                 <\/h3>\n                                                                                <\/div>\n                                                                <a class=\"global-link\" href=\"https:\/\/www-preprod.ppcenergy.ro\/\" title=\"L\u00e1sd a r\u00e9szleteket\" target=\"_self\">\n                            <span class=\"long-arrow right\"><\/span>\n                        <\/a>\n                                    <\/div>\n                                <div class=\"carousel-slide three_per_row\">\n                                                                <div class=\"text-carousel\">\n                                                            <h3 class=\"title\">\n                                    \u00dczleti \u00fcgyfelek                                 <\/h3>\n                                                                                <\/div>\n                                                                <a class=\"global-link\" href=\"https:\/\/www-preprod.ppcenergy.ro\/hu\/uzleti-ugyfelek\/\" title=\"L\u00e1sd a r\u00e9szleteket\" target=\"_self\">\n                            <span class=\"long-arrow right\"><\/span>\n                        <\/a>\n                                    <\/div>\n                        <\/div>\n            <\/section>\n\n\n<section id=\"\" class=\"block-accordion\">\n    <div class=\"accordion\">\n                    <div class=\"gradient brown\">\n                <div class='line line1'><\/div>\n                <div class='line line2'><\/div>\n                <div class='line line3'><\/div>\n                <div class='line line4'><\/div>\n            <\/div>\n                <div class=\"accordion-title\">\n            <div class=\"image-text\">\n                                    <div class=\"imageaccordion\"><img decoding=\"async\" width=\"1024\" src=\"https:\/\/www-preprod.ppcenergy.ro\/wp-content\/uploads\/logo.svg?w=1024\" class=\"attachment-iconcardsaccordion size-iconcardsaccordion\" alt=\"\" \/><\/div>\n                                                    <div class=\"titleaccordion\">Egyetemes szolg\u00e1ltat\u00e1s<\/div>\n                            <\/div>\n                                        <h3 class=\"title\">Tudjon meg mindent, amit az egyetemes szolg\u00e1ltat\u00e1sr\u00f3l tudni kell, \u00e9s v\u00e1lassza ki az \u00d6nnek megfelel\u0151 <\/h3>\n                    <\/div>\n        <div class=\"accordion-desc\">\n                                                    <a class=\"global-button global-button-border-gray\" href=\"https:\/\/www-preprod.ppcenergy.ro\/hu\/jogszabalyok\/piaci-liberalizacio\/univerzalis-szolgaltatas\/\" title=\"L\u00e1sd a r\u00e9szleteket\" target=\"_self\">\n                    L\u00e1sd a r\u00e9szleteket                <\/a>\n                    <\/div>\n    <\/div>\n<\/section>\n\n\n<div style=\"height:100px\" aria-hidden=\"true\" class=\"wp-block-spacer\"><\/div>\n","protected":false},"excerpt":{"rendered":"<p>Mit jelent a villamosenergia-piac liberaliz\u00e1ci\u00f3ja? A villamosenergia-ell\u00e1t\u00e1si piac 2021. janu\u00e1r 1-j\u00e9t\u0151l teljes m\u00e9rt\u00e9kben liberaliz\u00e1lt, ami azt jelenti, hogy a villamosenergia-\u00e1rakat versenyalapon hat\u00e1rozz\u00e1k meg. A versenypiaci villamosenergia-piac (m\u00e1s n\u00e9ven szabad villamosenergia-piac) lehet\u0151v\u00e9 teszi a fogyaszt\u00f3k sz\u00e1m\u00e1ra, hogy az ig\u00e9nyeiknek legink\u00e1bb megfelel\u0151 szolg\u00e1ltat\u00f3t \u00e9s aj\u00e1nlatot v\u00e1lasszanak versenyk\u00e9pes \u00e1ron. Mit jelent a villamosenergia-piaci deregul\u00e1ci\u00f3? A piac deregul\u00e1ci\u00f3ja el\u0151seg\u00edti, [&hellip;]<\/p>\n","protected":false},"author":48,"featured_media":0,"parent":17454,"menu_order":0,"comment_status":"closed","ping_status":"closed","template":"","meta":{"_acf_changed":false,"footnotes":""},"class_list":["post-17824","page","type-page","status-publish","hentry"],"acf":[],"yoast_head":"<!-- This site is optimized with the Yoast SEO Premium plugin v21.8 (Yoast SEO v27.3) - https:\/\/yoast.com\/product\/yoast-seo-premium-wordpress\/ -->\n<title>A villamosenergia-piac liberaliz\u00e1ci\u00f3ja<\/title>\n<meta name=\"description\" content=\"Mit jelent a villamosenergia-piac liberaliz\u00e1ci\u00f3ja \u00e9s hogyan m\u0171k\u00f6dnek a villamosenergia-\u00e1rak?\" \/>\n<meta name=\"robots\" content=\"index, follow, max-snippet:-1, max-image-preview:large, max-video-preview:-1\" \/>\n<link rel=\"canonical\" href=\"https:\/\/www-preprod.ppcenergy.ro\/hu\/jogszabalyok\/piaci-liberalizacio\/\" \/>\n<meta property=\"og:locale\" content=\"hu_HU\" \/>\n<meta property=\"og:type\" content=\"article\" \/>\n<meta property=\"og:title\" content=\"Liberalizarea pietei de energie electrica\" \/>\n<meta property=\"og:description\" content=\"Ce inseamna liberalizarea pietei de energie electrica si cum functioneaza pretul energiei electrice\" \/>\n<meta property=\"og:url\" content=\"https:\/\/www-preprod.ppcenergy.ro\/hu\/jogszabalyok\/piaci-liberalizacio\/\" \/>\n<meta property=\"og:site_name\" content=\"PPC\" \/>\n<meta property=\"article:publisher\" content=\"https:\/\/www.facebook.com\/ppcenergy\" \/>\n<meta property=\"article:modified_time\" content=\"2025-06-12T10:12:46+00:00\" \/>\n<meta name=\"twitter:card\" content=\"summary_large_image\" \/>\n<meta name=\"twitter:title\" content=\"Piaci liberaliz\u00e1ci\u00f3\" \/>\n<meta name=\"twitter:site\" content=\"@PPCEnergyRo\" \/>\n<meta name=\"twitter:label1\" content=\"Est. reading time\" \/>\n\t<meta name=\"twitter:data1\" content=\"2 perc\" \/>\n<script type=\"application\/ld+json\" class=\"yoast-schema-graph\">{\"@context\":\"https:\\\/\\\/schema.org\",\"@graph\":[{\"@type\":\"WebPage\",\"@id\":\"https:\\\/\\\/www-preprod.ppcenergy.ro\\\/hu\\\/jogszabalyok\\\/piaci-liberalizacio\\\/\",\"url\":\"https:\\\/\\\/www-preprod.ppcenergy.ro\\\/hu\\\/jogszabalyok\\\/piaci-liberalizacio\\\/\",\"name\":\"A villamosenergia-piac liberaliz\u00e1ci\u00f3ja\",\"isPartOf\":{\"@id\":\"https:\\\/\\\/www-preprod.ppcenergy.ro\\\/#website\"},\"datePublished\":\"2024-03-16T11:30:40+00:00\",\"dateModified\":\"2025-06-12T10:12:46+00:00\",\"description\":\"Mit jelent a villamosenergia-piac liberaliz\u00e1ci\u00f3ja \u00e9s hogyan m\u0171k\u00f6dnek a villamosenergia-\u00e1rak?\",\"breadcrumb\":{\"@id\":\"https:\\\/\\\/www-preprod.ppcenergy.ro\\\/hu\\\/jogszabalyok\\\/piaci-liberalizacio\\\/#breadcrumb\"},\"inLanguage\":\"hu\",\"potentialAction\":[{\"@type\":\"ReadAction\",\"target\":[\"https:\\\/\\\/www-preprod.ppcenergy.ro\\\/hu\\\/jogszabalyok\\\/piaci-liberalizacio\\\/\"]}]},{\"@type\":\"BreadcrumbList\",\"@id\":\"https:\\\/\\\/www-preprod.ppcenergy.ro\\\/hu\\\/jogszabalyok\\\/piaci-liberalizacio\\\/#breadcrumb\",\"itemListElement\":[{\"@type\":\"ListItem\",\"position\":1,\"name\":\"Home\",\"item\":\"https:\\\/\\\/www-preprod.ppcenergy.ro\\\/hu\\\/\"},{\"@type\":\"ListItem\",\"position\":2,\"name\":\"Jogszab\u00e1lyok\",\"item\":\"https:\\\/\\\/www-preprod.ppcenergy.ro\\\/hu\\\/jogszabalyok\\\/\"},{\"@type\":\"ListItem\",\"position\":3,\"name\":\"Piaci liberaliz\u00e1ci\u00f3\"}]},{\"@type\":\"WebSite\",\"@id\":\"https:\\\/\\\/www-preprod.ppcenergy.ro\\\/#website\",\"url\":\"https:\\\/\\\/www-preprod.ppcenergy.ro\\\/\",\"name\":\"PPC\",\"description\":\"Energy\",\"publisher\":{\"@id\":\"https:\\\/\\\/www-preprod.ppcenergy.ro\\\/#organization\"},\"potentialAction\":[{\"@type\":\"SearchAction\",\"target\":{\"@type\":\"EntryPoint\",\"urlTemplate\":\"https:\\\/\\\/www-preprod.ppcenergy.ro\\\/?s={search_term_string}\"},\"query-input\":{\"@type\":\"PropertyValueSpecification\",\"valueRequired\":true,\"valueName\":\"search_term_string\"}}],\"inLanguage\":\"hu\"},{\"@type\":\"Organization\",\"@id\":\"https:\\\/\\\/www-preprod.ppcenergy.ro\\\/#organization\",\"name\":\"PPC\",\"url\":\"https:\\\/\\\/www-preprod.ppcenergy.ro\\\/\",\"logo\":{\"@type\":\"ImageObject\",\"inLanguage\":\"hu\",\"@id\":\"https:\\\/\\\/www-preprod.ppcenergy.ro\\\/#\\\/schema\\\/logo\\\/image\\\/\",\"url\":\"https:\\\/\\\/www-preprod.ppcenergy.ro\\\/wp-content\\\/uploads\\\/cropped-favicon.webp\",\"contentUrl\":\"https:\\\/\\\/www-preprod.ppcenergy.ro\\\/wp-content\\\/uploads\\\/cropped-favicon.webp\",\"width\":512,\"height\":512,\"caption\":\"PPC\"},\"image\":{\"@id\":\"https:\\\/\\\/www-preprod.ppcenergy.ro\\\/#\\\/schema\\\/logo\\\/image\\\/\"},\"sameAs\":[\"https:\\\/\\\/www.facebook.com\\\/ppcenergy\",\"https:\\\/\\\/x.com\\\/PPCEnergyRo\",\"https:\\\/\\\/www.instagram.com\\\/ppcenergyro\\\/\",\"https:\\\/\\\/www.youtube.com\\\/@PPCEnergy\",\"https:\\\/\\\/www.linkedin.com\\\/company\\\/ppc-energy\\\/\"]}]}<\/script>\n<!-- \/ Yoast SEO Premium plugin. -->","yoast_head_json":{"title":"A villamosenergia-piac liberaliz\u00e1ci\u00f3ja","description":"Mit jelent a villamosenergia-piac liberaliz\u00e1ci\u00f3ja \u00e9s hogyan m\u0171k\u00f6dnek a villamosenergia-\u00e1rak?","robots":{"index":"index","follow":"follow","max-snippet":"max-snippet:-1","max-image-preview":"max-image-preview:large","max-video-preview":"max-video-preview:-1"},"canonical":"https:\/\/www-preprod.ppcenergy.ro\/hu\/jogszabalyok\/piaci-liberalizacio\/","og_locale":"hu_HU","og_type":"article","og_title":"Liberalizarea pietei de energie electrica","og_description":"Ce inseamna liberalizarea pietei de energie electrica si cum functioneaza pretul energiei electrice","og_url":"https:\/\/www-preprod.ppcenergy.ro\/hu\/jogszabalyok\/piaci-liberalizacio\/","og_site_name":"PPC","article_publisher":"https:\/\/www.facebook.com\/ppcenergy","article_modified_time":"2025-06-12T10:12:46+00:00","twitter_card":"summary_large_image","twitter_title":"Piaci liberaliz\u00e1ci\u00f3","twitter_site":"@PPCEnergyRo","twitter_misc":{"Est. reading time":"2 perc"},"schema":{"@context":"https:\/\/schema.org","@graph":[{"@type":"WebPage","@id":"https:\/\/www-preprod.ppcenergy.ro\/hu\/jogszabalyok\/piaci-liberalizacio\/","url":"https:\/\/www-preprod.ppcenergy.ro\/hu\/jogszabalyok\/piaci-liberalizacio\/","name":"A villamosenergia-piac liberaliz\u00e1ci\u00f3ja","isPartOf":{"@id":"https:\/\/www-preprod.ppcenergy.ro\/#website"},"datePublished":"2024-03-16T11:30:40+00:00","dateModified":"2025-06-12T10:12:46+00:00","description":"Mit jelent a villamosenergia-piac liberaliz\u00e1ci\u00f3ja \u00e9s hogyan m\u0171k\u00f6dnek a villamosenergia-\u00e1rak?","breadcrumb":{"@id":"https:\/\/www-preprod.ppcenergy.ro\/hu\/jogszabalyok\/piaci-liberalizacio\/#breadcrumb"},"inLanguage":"hu","potentialAction":[{"@type":"ReadAction","target":["https:\/\/www-preprod.ppcenergy.ro\/hu\/jogszabalyok\/piaci-liberalizacio\/"]}]},{"@type":"BreadcrumbList","@id":"https:\/\/www-preprod.ppcenergy.ro\/hu\/jogszabalyok\/piaci-liberalizacio\/#breadcrumb","itemListElement":[{"@type":"ListItem","position":1,"name":"Home","item":"https:\/\/www-preprod.ppcenergy.ro\/hu\/"},{"@type":"ListItem","position":2,"name":"Jogszab\u00e1lyok","item":"https:\/\/www-preprod.ppcenergy.ro\/hu\/jogszabalyok\/"},{"@type":"ListItem","position":3,"name":"Piaci liberaliz\u00e1ci\u00f3"}]},{"@type":"WebSite","@id":"https:\/\/www-preprod.ppcenergy.ro\/#website","url":"https:\/\/www-preprod.ppcenergy.ro\/","name":"PPC","description":"Energy","publisher":{"@id":"https:\/\/www-preprod.ppcenergy.ro\/#organization"},"potentialAction":[{"@type":"SearchAction","target":{"@type":"EntryPoint","urlTemplate":"https:\/\/www-preprod.ppcenergy.ro\/?s={search_term_string}"},"query-input":{"@type":"PropertyValueSpecification","valueRequired":true,"valueName":"search_term_string"}}],"inLanguage":"hu"},{"@type":"Organization","@id":"https:\/\/www-preprod.ppcenergy.ro\/#organization","name":"PPC","url":"https:\/\/www-preprod.ppcenergy.ro\/","logo":{"@type":"ImageObject","inLanguage":"hu","@id":"https:\/\/www-preprod.ppcenergy.ro\/#\/schema\/logo\/image\/","url":"https:\/\/www-preprod.ppcenergy.ro\/wp-content\/uploads\/cropped-favicon.webp","contentUrl":"https:\/\/www-preprod.ppcenergy.ro\/wp-content\/uploads\/cropped-favicon.webp","width":512,"height":512,"caption":"PPC"},"image":{"@id":"https:\/\/www-preprod.ppcenergy.ro\/#\/schema\/logo\/image\/"},"sameAs":["https:\/\/www.facebook.com\/ppcenergy","https:\/\/x.com\/PPCEnergyRo","https:\/\/www.instagram.com\/ppcenergyro\/","https:\/\/www.youtube.com\/@PPCEnergy","https:\/\/www.linkedin.com\/company\/ppc-energy\/"]}]}},"_links":{"self":[{"href":"https:\/\/www-preprod.ppcenergy.ro\/hu\/wp-json\/wp\/v2\/pages\/17824","targetHints":{"allow":["GET"]}}],"collection":[{"href":"https:\/\/www-preprod.ppcenergy.ro\/hu\/wp-json\/wp\/v2\/pages"}],"about":[{"href":"https:\/\/www-preprod.ppcenergy.ro\/hu\/wp-json\/wp\/v2\/types\/page"}],"author":[{"embeddable":true,"href":"https:\/\/www-preprod.ppcenergy.ro\/hu\/wp-json\/wp\/v2\/users\/48"}],"replies":[{"embeddable":true,"href":"https:\/\/www-preprod.ppcenergy.ro\/hu\/wp-json\/wp\/v2\/comments?post=17824"}],"version-history":[{"count":8,"href":"https:\/\/www-preprod.ppcenergy.ro\/hu\/wp-json\/wp\/v2\/pages\/17824\/revisions"}],"predecessor-version":[{"id":19104,"href":"https:\/\/www-preprod.ppcenergy.ro\/hu\/wp-json\/wp\/v2\/pages\/17824\/revisions\/19104"}],"up":[{"embeddable":true,"href":"https:\/\/www-preprod.ppcenergy.ro\/hu\/wp-json\/wp\/v2\/pages\/17454"}],"wp:attachment":[{"href":"https:\/\/www-preprod.ppcenergy.ro\/hu\/wp-json\/wp\/v2\/media?parent=17824"}],"curies":[{"name":"wp","href":"https:\/\/api.w.org\/{rel}","templated":true}]}}