{"id":17920,"date":"2024-03-16T13:31:29","date_gmt":"2024-03-16T11:31:29","guid":{"rendered":"https:\/\/www-preprod.ppcenergy.ro\/gaze-naturale\/ppc-gaz\/"},"modified":"2026-02-27T17:37:53","modified_gmt":"2026-02-27T15:37:53","slug":"ppc-gaz","status":"publish","type":"page","link":"https:\/\/www-preprod.ppcenergy.ro\/hu\/uzleti-ugyfelek\/foldgaz\/ppc-gaz\/","title":{"rendered":"PPC Gaz"},"content":{"rendered":"<section id=\"\" class=\"block-top-product \">\n    <div class='top-product'>\n                <div class=\"full-slide  gradientproduct  articles left slider-type-gradinetimage\">\n                                        <div\n                    class='gradient desktop bottomleft lightblue  four_per_row'>\n                    <div class='line line1'><\/div>\n                    <div class='line line2'><\/div>\n                    <div class='line line3'><\/div>\n                    <div class='line line4'><\/div>\n                                                        <\/div>\n                                                            <div class=\"product-image bottomleft lightblue\">\n                        <img loading=\"lazy\" decoding=\"async\" width=\"1024\" height=\"683\" src=\"https:\/\/www-preprod.ppcenergy.ro\/wp-content\/uploads\/bus-gaze-produs.webp?w=1024\" class=\"attachment-gradientproduct size-gradientproduct\" alt=\"\" srcset=\"https:\/\/www-preprod.ppcenergy.ro\/wp-content\/uploads\/bus-gaze-produs.webp 7360w, https:\/\/www-preprod.ppcenergy.ro\/wp-content\/uploads\/bus-gaze-produs.webp?resize=300,200 300w, https:\/\/www-preprod.ppcenergy.ro\/wp-content\/uploads\/bus-gaze-produs.webp?resize=768,513 768w, https:\/\/www-preprod.ppcenergy.ro\/wp-content\/uploads\/bus-gaze-produs.webp?resize=1024,683 1024w, https:\/\/www-preprod.ppcenergy.ro\/wp-content\/uploads\/bus-gaze-produs.webp?resize=1536,1025 1536w, https:\/\/www-preprod.ppcenergy.ro\/wp-content\/uploads\/bus-gaze-produs.webp?resize=2048,1367 2048w, https:\/\/www-preprod.ppcenergy.ro\/wp-content\/uploads\/bus-gaze-produs.webp?resize=75,50 75w\" sizes=\"auto, (max-width: 1024px) 100vw, 1024px\" \/>                    <\/div>\n                \n                                        <div class=\"product-textbox  text-color-black\">\n                                            <div\n                            class='gradient mobile bottomleft lightblue  four_per_row'>\n                            <div class='line line1'><\/div>\n                            <div class='line line2'><\/div>\n                            <div class='line line3'><\/div>\n                            <div class='line line4'><\/div>\n                                                                                <\/div>\n                    \n                                                                                    <h2 class=\"title\">\n                        PPC Gaz                        <\/h2>\n                                                                                    <div class=\"text\">\n                            <p><p>V\u00e1lassza a PPC Gaz aj\u00e1nlat\u00e1t az \u00fczleti \u00fcgyfeleknek, \u00e9s \u00e9lvezze a maxim\u00e1lis \u00e1rplafon \u00e9s a g\u00e1zhelyzetekkel kapcsolatos c\u00e9lzott t\u00e1mogat\u00e1s el\u0151nyeit.<\/p>\n<\/p>\n                        <\/div>\n                                                                                \n                                            <a class=\"global-button global-button-border-black\" href=\"https:\/\/contract.ppcenergy.ro\/\"\n                           title=\"Online v\u00e1s\u00e1rl\u00e1s\" target=\"_blank\">\n                               Online v\u00e1s\u00e1rl\u00e1s                        <\/a>\n                                                        <\/div>\n                    <\/div>\n    <\/div>\n<\/section>\n\n<section id=\"\" class=\"block-breadcrumbs\">\n    <ul id=\"breadcrumbs\" itemprop=\"breadcrumb\" class=\"breadcrumbs\"><li><a rel=\"home\" href=\"https:\/\/www-preprod.ppcenergy.ro\/hu\/\"><span class=\"logo-breadcrumbs\"><\/span><\/a><\/li><\/ul><\/section>\n\n\n<div style=\"height:32px\" aria-hidden=\"true\" class=\"wp-block-spacer\"><\/div>\n\n\n\n<div class=\"wp-block-columns is-layout-flex wp-container-core-columns-is-layout-28f84493 wp-block-columns-is-layout-flex\">\n<div class=\"wp-block-column is-layout-flow wp-block-column-is-layout-flow\" style=\"flex-basis:66.66%\">\n<h1 class=\"wp-block-heading\" id=\"h-fedezze-fel-a-ppc-gaz-elonyeit\">Fedezze fel a PPC Gaz el\u0151nyeit<\/h1>\n\n\n    <section id=\"\" class=\"block-benefits aside-title-block\">\n                    <h3 class=\"title-aside\">Legfontosabb el\u0151ny\u00f6k<\/h3>\n                            <div class=\"list-aside benefits-list\">\n                                    <div class=\"benefit\">\n                                                    <div class=\"title-benefit\">12 h\u00f3napos szerz\u0151d\u00e9si felt\u00e9telek<\/div>\n                                                                            <div class=\"text-benefit\">Vonz\u00f3 f\u00f6ldg\u00e1z\u00e1r fogyasztott kWh-k\u00e9nt.<\/div>\n                                            <\/div>\n                                    <div class=\"benefit\">\n                                                    <div class=\"title-benefit\">Dedik\u00e1lt tan\u00e1csad\u00f3i t\u00e1mogat\u00e1s<\/div>\n                                                                            <div class=\"text-benefit\">Egy PPC-tan\u00e1csad\u00f3 dedik\u00e1lt seg\u00edts\u00e9get ny\u00fajt \u00d6nnek a g\u00e1zzal kapcsolatos helyzetek megold\u00e1s\u00e1hoz.<\/div>\n                                            <\/div>\n                                    <div class=\"benefit\">\n                                                    <div class=\"title-benefit\">Ingyenes hozz\u00e1f\u00e9r\u00e9s a myPPC alkalmaz\u00e1sban<\/div>\n                                                                            <div class=\"text-benefit\">A myPPCPC alkalmaz\u00e1ssal kezelheti f\u00f6ldg\u00e1zszerz\u0151d\u00e9seit, fizetheti sz\u00e1ml\u00e1it \u00e9s b\u00e1rmikor seg\u00edts\u00e9get k\u00e9rhet.<\/div>\n                                            <\/div>\n                                    <div class=\"benefit\">\n                                                    <div class=\"title-benefit\">T\u00e9teles sz\u00e1ml\u00e1k, a k\u00f6lts\u00e9gek kiemel\u00e9s\u00e9vel<\/div>\n                                                                            <div class=\"text-benefit\">apja meg havi sz\u00e1ml\u00e1j\u00e1t nyomtatott form\u00e1ban, postai \u00faton vagy elektronikusan.<\/div>\n                                            <\/div>\n                            <\/div>\n            <\/section>\n\n\n<section id=\"\" class=\"block-productcolumn aside-title-block\">\n            <h3 class=\"title-aside\">Az \u00e1r 2026. \u00e1prilis 01-t\u0151l alkalmazand\u00f3<\/h3>\n    \n    <div class=\"list-aside\">\n        <div class=\"product-column-blocks\">\n\n<p>2026. \u00e1prilis 01-t\u0151l \u00d6n szerz\u0151d\u00e9sk\u00f6t\u00e9skor <strong><strong>0.233 lej\/kWh<\/strong><\/strong> fix f\u00f6ldg\u00e1z\u00e1rban r\u00e9szes\u00fcl. A kisz\u00e1ml\u00e1zott v\u00e9gs\u0151 \u00e1r tartalmazza a szab\u00e1lyozott ad\u00f3kat \u00e9s tarif\u00e1kat, \u00e9s az al\u00e1bbiakban el\u00e9rhet\u0151 aj\u00e1nlatban megtekintheti.<\/p>\n\n<\/div>\n    <\/div>\n\n<\/section>\n\n\n<section id=\"\" class=\"block-productcolumn aside-title-block\">\n            <h3 class=\"title-aside\">A 2026. m\u00e1rcius 31-ig \u00e9rv\u00e9nyes \u00e1r<\/h3>\n    \n    <div class=\"list-aside\">\n        <div class=\"product-column-blocks\">\n\n<h4 class=\"wp-block-heading\" id=\"h-maximalis-szamlazott-ar-0-37-lej-kwh\">Maxim\u00e1lis sz\u00e1ml\u00e1zott \u00e1r: 0.37 lej\/kWh<\/h4>\n\n\n\n<p>Az aj\u00e1nlat a nem h\u00e1ztart\u00e1si fogyaszt\u00e1s\u00fa fogyaszt\u00f3knak sz\u00f3l, \u00e9s a GEO 6\/2025-\u00f6s sz\u00e1mla szerinti, fogyasztott kWh-ra vonatkoz\u00f3 f\u00f6ldg\u00e1z\u00e1rat tartalmazza.<\/p>\n\n\n\n<p>2025. \u00e1prilis 1. \u00e9s 2026. m\u00e1rcius 31. k\u00f6z\u00f6tt minden fogyaszt\u00f3 automatikusan r\u00e9szes\u00fcl a f\u00f6ldg\u00e1z \u00e1rplafonb\u00f3l, minden fogyaszt\u00f3 automatikusan r\u00e9szes\u00fcl a f\u00f6ldg\u00e1z \u00e1rplafonb\u00f3l.<\/p>\n\n\n\n<p>A kWh-k\u00e9nt kisz\u00e1ml\u00e1zott v\u00e9gs\u0151 \u00e1rat nem befoly\u00e1solja a havi fogyaszt\u00e1s, \u00e9s tartalmazza a f\u00f6ldg\u00e1z\u00f6sszetev\u0151t, valamint az \u00f6sszes szab\u00e1lyozott d\u00edjat, bele\u00e9rtve az \u00c1FA-t is.<\/p>\n\n<\/div>\n    <\/div>\n\n<\/section>\n<\/div>\n\n\n\n<div class=\"wp-block-column is-layout-flow wp-block-column-is-layout-flow\" style=\"flex-basis:33.33%\"><\/div>\n<\/div>\n\n\n<section id=\"\" class=\"block-top-download_card  container-contain\">\n    <div class='top-download_card'>\n                    <div class='gradient topleft lightblue  four_per_row'>\n                <div class='line line1'><\/div>\n                <div class='line line2'><\/div>\n                <div class='line line3'><\/div>\n                <div class='line line4'><\/div>\n            <\/div>\n                <div class=\"full-slide gradientdownload_card\">\n                            <div class=\"download_card-textbox text-color-black\">\n                                            <h2 class=\"title\">\n                            Online szerz\u0151d\u00e9sk\u00f6t\u00e9s vagy f\u00f6ldg\u00e1z \u00e1raj\u00e1nlat k\u00e9r\u00e9se                        <\/h2>\n                                                                                                        <div class=\"info-buttons\">\n                                                                                        <a class=\"global-button global-button-black desktop-button\"\n                                   href=\"https:\/\/contract.ppcenergy.ro\/\" title=\"V\u00e1s\u00e1roljon online\"\n                                   target=\"_blank\">\n                                       V\u00e1s\u00e1roljon online                                <\/a>\n                                                    <\/div>\n                                    <\/div>\n                                                    <div class=\"info-buttons-mobile\">\n                                                                <a class=\"global-button global-button-black desktop-button\"\n                           href=\"https:\/\/contract.ppcenergy.ro\/\" title=\"V\u00e1s\u00e1roljon online\"\n                           target=\"_blank\">\n                               V\u00e1s\u00e1roljon online                        <\/a>\n                                    <\/div>\n                    <\/div>\n    <\/div>\n<\/section>\n\n    <section id=\"\" class=\"block-faq aside-title-block\">\n                    <h3 class=\"title-aside\">Gyakran ism\u00e9telt k\u00e9rd\u00e9sek:<\/h3>\n                            <div class=\"list-aside faq-list\">\n                                    <div class=\"faq\">\n                                                    <div class=\"faq-title\">Mi\u00e9rt \u00e9rdemes telep\u00edteni a myPPC alkalmaz\u00e1st?<\/div>\n                                                                            <div class=\"faq-content\">\n                                                                    <div class=\"text-faq\"><p>A myPPC alkalmaz\u00e1s \u00e9jjel-nappal ingyenesen el\u00e9rhet\u0151. A mobilalkalmaz\u00e1son kereszt\u00fcl b\u00e1rmikor, b\u00e1rhonnan, val\u00f3s id\u0151ben hozz\u00e1f\u00e9rhet myPPC-fi\u00f3kj\u00e1hoz, ahol sz\u00e1ml\u00e1z\u00e1si \u00e9s fizet\u00e9si inform\u00e1ci\u00f3kat tal\u00e1l.<\/p>\n<\/div>\n                                                                                                    <a class=\"global-button global-button-border-gray\" href=\"https:\/\/onelink.to\/wa2zgh\" target=\"_blank\">A myPPC let\u00f6lt\u00e9se<\/a>\n                                                            <\/div>\n                                            <\/div>\n                                    <div class=\"faq\">\n                                                    <div class=\"faq-title\">Hogyan fizethetem be a g\u00e1zsz\u00e1ml\u00e1mat?<\/div>\n                                                                            <div class=\"faq-content\">\n                                                                    <div class=\"text-faq\"><p>G\u00e1zsz\u00e1ml\u00e1j\u00e1t fizikai form\u00e1ban postai \u00faton vagy elektronikusan, e-mailben vagy SMS-ben kaphatja meg. A fizet\u00e9s k\u00fcl\u00f6nb\u00f6z\u0151 fizet\u00e9si m\u00f3dokon t\u00f6rt\u00e9nhet.<\/p>\n<\/div>\n                                                                                            <\/div>\n                                            <\/div>\n                            <\/div>\n            <\/section>\n\n\n    <section id=\"\" class=\"block-documents aside-title-block\">\n                    <h3 class=\"title-aside\">Hasznos dokumentumok<\/h3>\n                                            <div class=\"list-aside documents-list\">\n                    \n                                <div class=\"document\">\n                                    <div class=\"left-document\">\n                                                                                    <div class=\"date-document date-document-mobile\">31 m\u00e1rcius 2026<\/div>\n                                                                                                                            <div class=\"title-document\">Aj\u00e1nlat<\/div>\n                                                                                <div class=\"category-date\">\n                                                                                            <div class=\"category-document\">\u00c9rv\u00e9nyes a k\u00f6vetkez\u0151 id\u0151pontig<\/div>\n                                                                                                                                        <div class=\"date-document\">31 m\u00e1rcius 2026<\/div>\n                                                                                    <\/div>\n                                    <\/div>\n                                                                            <a href=\"https:\/\/www-preprod.ppcenergy.ro\/wp-content\/uploads\/oferta-ppc-gaz.pdf\" target=\"_blank\" class=\"right-document\">\n                                                                                            <div class=\"size-document\">pdf (248,17 KB)<\/div>\n                                                                                    <\/a>\n                                                                    <\/div>\n                                                                                        <\/div>\n                                <\/section>\n","protected":false},"excerpt":{"rendered":"<p>Fedezze fel a PPC Gaz el\u0151nyeit<\/p>\n","protected":false},"author":48,"featured_media":17921,"parent":17800,"menu_order":0,"comment_status":"closed","ping_status":"closed","template":"","meta":{"_acf_changed":false,"footnotes":""},"class_list":["post-17920","page","type-page","status-publish","has-post-thumbnail","hentry"],"acf":[],"yoast_head":"<!-- This site is optimized with the Yoast SEO Premium plugin v21.8 (Yoast SEO v27.3) - https:\/\/yoast.com\/product\/yoast-seo-premium-wordpress\/ -->\n<title>PPC Gaz - PPC<\/title>\n<meta name=\"description\" content=\"Fedezze fel a lakoss\u00e1gi \u00fcgyfeleknek sz\u00f3l\u00f3 g\u00e1zaj\u00e1nlatunkat - Tekintse meg a d\u00edjakat \u00e9s el\u0151ny\u00f6ket itt - Itt tal\u00e1l minden sz\u00fcks\u00e9ges inform\u00e1ci\u00f3t.\" \/>\n<meta name=\"robots\" content=\"index, follow, max-snippet:-1, max-image-preview:large, max-video-preview:-1\" \/>\n<link rel=\"canonical\" href=\"https:\/\/www-preprod.ppcenergy.ro\/hu\/uzleti-ugyfelek\/foldgaz\/ppc-gaz\/\" \/>\n<meta property=\"og:locale\" content=\"hu_HU\" \/>\n<meta property=\"og:type\" content=\"article\" \/>\n<meta property=\"og:title\" content=\"PPC Gaz\" \/>\n<meta property=\"og:description\" content=\"Descopera oferta noastra de gaze pentru clientii rezidentiali - Vezi aici tarife si beneficii - Afla toate informatiile de care ai nevoie.\" \/>\n<meta property=\"og:url\" content=\"https:\/\/www-preprod.ppcenergy.ro\/hu\/uzleti-ugyfelek\/foldgaz\/ppc-gaz\/\" \/>\n<meta property=\"og:site_name\" content=\"PPC\" \/>\n<meta property=\"article:publisher\" content=\"https:\/\/www.facebook.com\/ppcenergy\" \/>\n<meta property=\"article:modified_time\" content=\"2026-02-27T15:37:53+00:00\" \/>\n<meta name=\"twitter:card\" content=\"summary_large_image\" \/>\n<meta name=\"twitter:title\" content=\"PPC Gaz\" \/>\n<meta name=\"twitter:image\" content=\"https:\/\/www-preprod.ppcenergy.ro\/wp-content\/uploads\/bus-gaze-produs.webp\" \/>\n<meta name=\"twitter:site\" content=\"@PPCEnergyRo\" \/>\n<meta name=\"twitter:label1\" content=\"Est. reading time\" \/>\n\t<meta name=\"twitter:data1\" content=\"1 perc\" \/>\n<script type=\"application\/ld+json\" class=\"yoast-schema-graph\">{\"@context\":\"https:\\\/\\\/schema.org\",\"@graph\":[{\"@type\":\"WebPage\",\"@id\":\"https:\\\/\\\/www-preprod.ppcenergy.ro\\\/hu\\\/uzleti-ugyfelek\\\/foldgaz\\\/ppc-gaz\\\/\",\"url\":\"https:\\\/\\\/www-preprod.ppcenergy.ro\\\/hu\\\/uzleti-ugyfelek\\\/foldgaz\\\/ppc-gaz\\\/\",\"name\":\"PPC Gaz - PPC\",\"isPartOf\":{\"@id\":\"https:\\\/\\\/www-preprod.ppcenergy.ro\\\/#website\"},\"primaryImageOfPage\":{\"@id\":\"https:\\\/\\\/www-preprod.ppcenergy.ro\\\/hu\\\/uzleti-ugyfelek\\\/foldgaz\\\/ppc-gaz\\\/#primaryimage\"},\"image\":{\"@id\":\"https:\\\/\\\/www-preprod.ppcenergy.ro\\\/hu\\\/uzleti-ugyfelek\\\/foldgaz\\\/ppc-gaz\\\/#primaryimage\"},\"thumbnailUrl\":\"https:\\\/\\\/www-preprod.ppcenergy.ro\\\/wp-content\\\/uploads\\\/bus-gaze-produs.webp\",\"datePublished\":\"2024-03-16T11:31:29+00:00\",\"dateModified\":\"2026-02-27T15:37:53+00:00\",\"description\":\"Fedezze fel a lakoss\u00e1gi \u00fcgyfeleknek sz\u00f3l\u00f3 g\u00e1zaj\u00e1nlatunkat - Tekintse meg a d\u00edjakat \u00e9s el\u0151ny\u00f6ket itt - Itt tal\u00e1l minden sz\u00fcks\u00e9ges inform\u00e1ci\u00f3t.\",\"breadcrumb\":{\"@id\":\"https:\\\/\\\/www-preprod.ppcenergy.ro\\\/hu\\\/uzleti-ugyfelek\\\/foldgaz\\\/ppc-gaz\\\/#breadcrumb\"},\"inLanguage\":\"hu\",\"potentialAction\":[{\"@type\":\"ReadAction\",\"target\":[\"https:\\\/\\\/www-preprod.ppcenergy.ro\\\/hu\\\/uzleti-ugyfelek\\\/foldgaz\\\/ppc-gaz\\\/\"]}]},{\"@type\":\"ImageObject\",\"inLanguage\":\"hu\",\"@id\":\"https:\\\/\\\/www-preprod.ppcenergy.ro\\\/hu\\\/uzleti-ugyfelek\\\/foldgaz\\\/ppc-gaz\\\/#primaryimage\",\"url\":\"https:\\\/\\\/www-preprod.ppcenergy.ro\\\/wp-content\\\/uploads\\\/bus-gaze-produs.webp\",\"contentUrl\":\"https:\\\/\\\/www-preprod.ppcenergy.ro\\\/wp-content\\\/uploads\\\/bus-gaze-produs.webp\",\"width\":7360,\"height\":4912},{\"@type\":\"BreadcrumbList\",\"@id\":\"https:\\\/\\\/www-preprod.ppcenergy.ro\\\/hu\\\/uzleti-ugyfelek\\\/foldgaz\\\/ppc-gaz\\\/#breadcrumb\",\"itemListElement\":[{\"@type\":\"ListItem\",\"position\":1,\"name\":\"Home\",\"item\":\"https:\\\/\\\/www-preprod.ppcenergy.ro\\\/hu\\\/\"},{\"@type\":\"ListItem\",\"position\":2,\"name\":\"\u00dczleti \u00fcgyfelek\",\"item\":\"https:\\\/\\\/www-preprod.ppcenergy.ro\\\/hu\\\/uzleti-ugyfelek\\\/\"},{\"@type\":\"ListItem\",\"position\":3,\"name\":\"F\u00f6ldg\u00e1z\",\"item\":\"https:\\\/\\\/www-preprod.ppcenergy.ro\\\/hu\\\/uzleti-ugyfelek\\\/foldgaz\\\/\"},{\"@type\":\"ListItem\",\"position\":4,\"name\":\"PPC Gaz\"}]},{\"@type\":\"WebSite\",\"@id\":\"https:\\\/\\\/www-preprod.ppcenergy.ro\\\/#website\",\"url\":\"https:\\\/\\\/www-preprod.ppcenergy.ro\\\/\",\"name\":\"PPC\",\"description\":\"Energy\",\"publisher\":{\"@id\":\"https:\\\/\\\/www-preprod.ppcenergy.ro\\\/#organization\"},\"potentialAction\":[{\"@type\":\"SearchAction\",\"target\":{\"@type\":\"EntryPoint\",\"urlTemplate\":\"https:\\\/\\\/www-preprod.ppcenergy.ro\\\/?s={search_term_string}\"},\"query-input\":{\"@type\":\"PropertyValueSpecification\",\"valueRequired\":true,\"valueName\":\"search_term_string\"}}],\"inLanguage\":\"hu\"},{\"@type\":\"Organization\",\"@id\":\"https:\\\/\\\/www-preprod.ppcenergy.ro\\\/#organization\",\"name\":\"PPC\",\"url\":\"https:\\\/\\\/www-preprod.ppcenergy.ro\\\/\",\"logo\":{\"@type\":\"ImageObject\",\"inLanguage\":\"hu\",\"@id\":\"https:\\\/\\\/www-preprod.ppcenergy.ro\\\/#\\\/schema\\\/logo\\\/image\\\/\",\"url\":\"https:\\\/\\\/www-preprod.ppcenergy.ro\\\/wp-content\\\/uploads\\\/cropped-favicon.webp\",\"contentUrl\":\"https:\\\/\\\/www-preprod.ppcenergy.ro\\\/wp-content\\\/uploads\\\/cropped-favicon.webp\",\"width\":512,\"height\":512,\"caption\":\"PPC\"},\"image\":{\"@id\":\"https:\\\/\\\/www-preprod.ppcenergy.ro\\\/#\\\/schema\\\/logo\\\/image\\\/\"},\"sameAs\":[\"https:\\\/\\\/www.facebook.com\\\/ppcenergy\",\"https:\\\/\\\/x.com\\\/PPCEnergyRo\",\"https:\\\/\\\/www.instagram.com\\\/ppcenergyro\\\/\",\"https:\\\/\\\/www.youtube.com\\\/@PPCEnergy\",\"https:\\\/\\\/www.linkedin.com\\\/company\\\/ppc-energy\\\/\"]}]}<\/script>\n<!-- \/ Yoast SEO Premium plugin. -->","yoast_head_json":{"title":"PPC Gaz - PPC","description":"Fedezze fel a lakoss\u00e1gi \u00fcgyfeleknek sz\u00f3l\u00f3 g\u00e1zaj\u00e1nlatunkat - Tekintse meg a d\u00edjakat \u00e9s el\u0151ny\u00f6ket itt - Itt tal\u00e1l minden sz\u00fcks\u00e9ges inform\u00e1ci\u00f3t.","robots":{"index":"index","follow":"follow","max-snippet":"max-snippet:-1","max-image-preview":"max-image-preview:large","max-video-preview":"max-video-preview:-1"},"canonical":"https:\/\/www-preprod.ppcenergy.ro\/hu\/uzleti-ugyfelek\/foldgaz\/ppc-gaz\/","og_locale":"hu_HU","og_type":"article","og_title":"PPC Gaz","og_description":"Descopera oferta noastra de gaze pentru clientii rezidentiali - Vezi aici tarife si beneficii - Afla toate informatiile de care ai nevoie.","og_url":"https:\/\/www-preprod.ppcenergy.ro\/hu\/uzleti-ugyfelek\/foldgaz\/ppc-gaz\/","og_site_name":"PPC","article_publisher":"https:\/\/www.facebook.com\/ppcenergy","article_modified_time":"2026-02-27T15:37:53+00:00","twitter_card":"summary_large_image","twitter_title":"PPC Gaz","twitter_image":"https:\/\/www-preprod.ppcenergy.ro\/wp-content\/uploads\/bus-gaze-produs.webp","twitter_site":"@PPCEnergyRo","twitter_misc":{"Est. reading time":"1 perc"},"schema":{"@context":"https:\/\/schema.org","@graph":[{"@type":"WebPage","@id":"https:\/\/www-preprod.ppcenergy.ro\/hu\/uzleti-ugyfelek\/foldgaz\/ppc-gaz\/","url":"https:\/\/www-preprod.ppcenergy.ro\/hu\/uzleti-ugyfelek\/foldgaz\/ppc-gaz\/","name":"PPC Gaz - PPC","isPartOf":{"@id":"https:\/\/www-preprod.ppcenergy.ro\/#website"},"primaryImageOfPage":{"@id":"https:\/\/www-preprod.ppcenergy.ro\/hu\/uzleti-ugyfelek\/foldgaz\/ppc-gaz\/#primaryimage"},"image":{"@id":"https:\/\/www-preprod.ppcenergy.ro\/hu\/uzleti-ugyfelek\/foldgaz\/ppc-gaz\/#primaryimage"},"thumbnailUrl":"https:\/\/www-preprod.ppcenergy.ro\/wp-content\/uploads\/bus-gaze-produs.webp","datePublished":"2024-03-16T11:31:29+00:00","dateModified":"2026-02-27T15:37:53+00:00","description":"Fedezze fel a lakoss\u00e1gi \u00fcgyfeleknek sz\u00f3l\u00f3 g\u00e1zaj\u00e1nlatunkat - Tekintse meg a d\u00edjakat \u00e9s el\u0151ny\u00f6ket itt - Itt tal\u00e1l minden sz\u00fcks\u00e9ges inform\u00e1ci\u00f3t.","breadcrumb":{"@id":"https:\/\/www-preprod.ppcenergy.ro\/hu\/uzleti-ugyfelek\/foldgaz\/ppc-gaz\/#breadcrumb"},"inLanguage":"hu","potentialAction":[{"@type":"ReadAction","target":["https:\/\/www-preprod.ppcenergy.ro\/hu\/uzleti-ugyfelek\/foldgaz\/ppc-gaz\/"]}]},{"@type":"ImageObject","inLanguage":"hu","@id":"https:\/\/www-preprod.ppcenergy.ro\/hu\/uzleti-ugyfelek\/foldgaz\/ppc-gaz\/#primaryimage","url":"https:\/\/www-preprod.ppcenergy.ro\/wp-content\/uploads\/bus-gaze-produs.webp","contentUrl":"https:\/\/www-preprod.ppcenergy.ro\/wp-content\/uploads\/bus-gaze-produs.webp","width":7360,"height":4912},{"@type":"BreadcrumbList","@id":"https:\/\/www-preprod.ppcenergy.ro\/hu\/uzleti-ugyfelek\/foldgaz\/ppc-gaz\/#breadcrumb","itemListElement":[{"@type":"ListItem","position":1,"name":"Home","item":"https:\/\/www-preprod.ppcenergy.ro\/hu\/"},{"@type":"ListItem","position":2,"name":"\u00dczleti \u00fcgyfelek","item":"https:\/\/www-preprod.ppcenergy.ro\/hu\/uzleti-ugyfelek\/"},{"@type":"ListItem","position":3,"name":"F\u00f6ldg\u00e1z","item":"https:\/\/www-preprod.ppcenergy.ro\/hu\/uzleti-ugyfelek\/foldgaz\/"},{"@type":"ListItem","position":4,"name":"PPC Gaz"}]},{"@type":"WebSite","@id":"https:\/\/www-preprod.ppcenergy.ro\/#website","url":"https:\/\/www-preprod.ppcenergy.ro\/","name":"PPC","description":"Energy","publisher":{"@id":"https:\/\/www-preprod.ppcenergy.ro\/#organization"},"potentialAction":[{"@type":"SearchAction","target":{"@type":"EntryPoint","urlTemplate":"https:\/\/www-preprod.ppcenergy.ro\/?s={search_term_string}"},"query-input":{"@type":"PropertyValueSpecification","valueRequired":true,"valueName":"search_term_string"}}],"inLanguage":"hu"},{"@type":"Organization","@id":"https:\/\/www-preprod.ppcenergy.ro\/#organization","name":"PPC","url":"https:\/\/www-preprod.ppcenergy.ro\/","logo":{"@type":"ImageObject","inLanguage":"hu","@id":"https:\/\/www-preprod.ppcenergy.ro\/#\/schema\/logo\/image\/","url":"https:\/\/www-preprod.ppcenergy.ro\/wp-content\/uploads\/cropped-favicon.webp","contentUrl":"https:\/\/www-preprod.ppcenergy.ro\/wp-content\/uploads\/cropped-favicon.webp","width":512,"height":512,"caption":"PPC"},"image":{"@id":"https:\/\/www-preprod.ppcenergy.ro\/#\/schema\/logo\/image\/"},"sameAs":["https:\/\/www.facebook.com\/ppcenergy","https:\/\/x.com\/PPCEnergyRo","https:\/\/www.instagram.com\/ppcenergyro\/","https:\/\/www.youtube.com\/@PPCEnergy","https:\/\/www.linkedin.com\/company\/ppc-energy\/"]}]}},"_links":{"self":[{"href":"https:\/\/www-preprod.ppcenergy.ro\/hu\/wp-json\/wp\/v2\/pages\/17920","targetHints":{"allow":["GET"]}}],"collection":[{"href":"https:\/\/www-preprod.ppcenergy.ro\/hu\/wp-json\/wp\/v2\/pages"}],"about":[{"href":"https:\/\/www-preprod.ppcenergy.ro\/hu\/wp-json\/wp\/v2\/types\/page"}],"author":[{"embeddable":true,"href":"https:\/\/www-preprod.ppcenergy.ro\/hu\/wp-json\/wp\/v2\/users\/48"}],"replies":[{"embeddable":true,"href":"https:\/\/www-preprod.ppcenergy.ro\/hu\/wp-json\/wp\/v2\/comments?post=17920"}],"version-history":[{"count":14,"href":"https:\/\/www-preprod.ppcenergy.ro\/hu\/wp-json\/wp\/v2\/pages\/17920\/revisions"}],"predecessor-version":[{"id":40681,"href":"https:\/\/www-preprod.ppcenergy.ro\/hu\/wp-json\/wp\/v2\/pages\/17920\/revisions\/40681"}],"up":[{"embeddable":true,"href":"https:\/\/www-preprod.ppcenergy.ro\/hu\/wp-json\/wp\/v2\/pages\/17800"}],"wp:featuredmedia":[{"embeddable":true,"href":"https:\/\/www-preprod.ppcenergy.ro\/hu\/wp-json\/wp\/v2\/media\/17921"}],"wp:attachment":[{"href":"https:\/\/www-preprod.ppcenergy.ro\/hu\/wp-json\/wp\/v2\/media?parent=17920"}],"curies":[{"name":"wp","href":"https:\/\/api.w.org\/{rel}","templated":true}]}}