{"id":18044,"date":"2024-03-19T09:06:38","date_gmt":"2024-03-19T07:06:38","guid":{"rendered":"https:\/\/www-preprod.ppcenergy.ro\/ppcrenewables\/megujulo-energiaforrasok\/parcuri-eoliene\/"},"modified":"2025-08-08T12:55:37","modified_gmt":"2025-08-08T09:55:37","slug":"szeleromuveit","status":"publish","type":"page","link":"https:\/\/www-preprod.ppcenergy.ro\/hu\/ppcrenewables\/ppcrenewables-romania\/szeleromuveit\/","title":{"rendered":"Sz\u00e9ler\u0151m\u0171veit"},"content":{"rendered":"<section id=\"\" class=\"block-top-product \">\n    <div class='top-product'>\n                <div class=\"full-slide  gradientproduct  articles left slider-type-gradinetimage\">\n                                        <div\n                    class='gradient desktop bottomleft green  seven_per_row'>\n                    <div class='line line1'><\/div>\n                    <div class='line line2'><\/div>\n                    <div class='line line3'><\/div>\n                    <div class='line line4'><\/div>\n                                            <div class='line line5'><\/div>\n                        <div class='line line6'><\/div>\n                        <div class='line line7'><\/div>\n                                                        <\/div>\n                                                            <div class=\"product-image bottomleft green\">\n                        <img loading=\"lazy\" decoding=\"async\" width=\"1024\" height=\"768\" src=\"https:\/\/www-preprod.ppcenergy.ro\/wp-content\/uploads\/parcuri_eoliene.webp?w=1024\" class=\"attachment-gradientproduct size-gradientproduct\" alt=\"\" srcset=\"https:\/\/www-preprod.ppcenergy.ro\/wp-content\/uploads\/parcuri_eoliene.webp 6287w, https:\/\/www-preprod.ppcenergy.ro\/wp-content\/uploads\/parcuri_eoliene.webp?resize=300,225 300w, https:\/\/www-preprod.ppcenergy.ro\/wp-content\/uploads\/parcuri_eoliene.webp?resize=768,576 768w, https:\/\/www-preprod.ppcenergy.ro\/wp-content\/uploads\/parcuri_eoliene.webp?resize=1024,768 1024w, https:\/\/www-preprod.ppcenergy.ro\/wp-content\/uploads\/parcuri_eoliene.webp?resize=1536,1152 1536w, https:\/\/www-preprod.ppcenergy.ro\/wp-content\/uploads\/parcuri_eoliene.webp?resize=2048,1536 2048w, https:\/\/www-preprod.ppcenergy.ro\/wp-content\/uploads\/parcuri_eoliene.webp?resize=67,50 67w\" sizes=\"auto, (max-width: 1024px) 100vw, 1024px\" \/>                    <\/div>\n                \n                                        <div class=\"product-textbox  text-color-white\">\n                                            <div\n                            class='gradient mobile bottomleft green  seven_per_row'>\n                            <div class='line line1'><\/div>\n                            <div class='line line2'><\/div>\n                            <div class='line line3'><\/div>\n                            <div class='line line4'><\/div>\n                                                            <div class='line line5'><\/div>\n                                <div class='line line6'><\/div>\n                                <div class='line line7'><\/div>\n                                                                                <\/div>\n                    \n                                                                                    <h2 class=\"title\">\n                        Sz\u00e9lenergia                        <\/h2>\n                                                                                    <div class=\"text\">\n                            <p><p>Fedezze fel sz\u00e9ler\u0151m\u0171parkjainkat \u00e9s azt, hogy hol vagyunk jelen.<\/p>\n<\/p>\n                        <\/div>\n                                                                                \n                                                        <\/div>\n                    <\/div>\n    <\/div>\n<\/section>\n\n<section id=\"\" class=\"block-breadcrumbs\">\n    <ul id=\"breadcrumbs\" itemprop=\"breadcrumb\" class=\"breadcrumbs\"><li><a rel=\"home\" href=\"https:\/\/www-preprod.ppcenergy.ro\/hu\/\"><span class=\"logo-breadcrumbs\"><\/span><\/a><\/li><\/ul><\/section>\n\n\n<div style=\"height:32px\" aria-hidden=\"true\" class=\"wp-block-spacer\"><\/div>\n\n\n\n<div class=\"wp-block-columns is-layout-flex wp-container-core-columns-is-layout-28f84493 wp-block-columns-is-layout-flex\">\n<div class=\"wp-block-column is-layout-flow wp-block-column-is-layout-flow\" style=\"flex-basis:66.66%\">\n<h1 class=\"wp-block-heading\" id=\"h-szeleromuveit\" style=\"margin-top:var(--wp--preset--spacing--30);margin-bottom:var(--wp--preset--spacing--30);text-transform:none\">Sz\u00e9ler\u0151m\u0171veit<\/h1>\n\n\n\n<div style=\"height:16px\" aria-hidden=\"true\" class=\"wp-block-spacer\"><\/div>\n\n\n\n<p style=\"margin-top:var(--wp--preset--spacing--30);margin-bottom:var(--wp--preset--spacing--30)\">A PPC Renewables Rom\u00e1nia sz\u00e9ler\u0151m\u0171vei az orsz\u00e1g keleti \u00e9s d\u00e9lnyugati r\u00e9sz\u00e9n, Dobrudzsa \u00e9s B\u00e1n\u00e1t t\u00f6rt\u00e9nelmi r\u00e9gi\u00f3iban tal\u00e1lhat\u00f3k, \u00e9s kulcsszerepet j\u00e1tszanak a 2050-ig megval\u00f3s\u00edtand\u00f3 sz\u00e9n-dioxid-semlegess\u00e9g el\u00e9r\u00e9s\u00e9ben. Fedezze fel \u0151ket!<\/p>\n\n\n\n<div style=\"height:48px\" aria-hidden=\"true\" class=\"wp-block-spacer\"><\/div>\n\n\n\n<h3 class=\"wp-block-heading\" id=\"h-dobrogea-szeleromupark\" style=\"margin-top:var(--wp--preset--spacing--30);margin-bottom:var(--wp--preset--spacing--30);text-transform:none\">Dobrogea sz\u00e9ler\u0151m\u0171park<\/h3>\n\n\n\n<p style=\"margin-top:var(--wp--preset--spacing--30);margin-bottom:var(--wp--preset--spacing--30)\">Amikor \u00e1tkel\u00fcnk a kelet-rom\u00e1niai Dobrogea tengerparti r\u00e9gi\u00f3j\u00e1n, nem sz\u00e1m\u00edtunk arra, hogy egy nagy sz\u00e9ler\u0151m\u0171parkot l\u00e1tunk. A szem el\u0151l elrejtve az egyik legfejlettebb z\u00f6ldenergia-termel\u0151 l\u00e9tes\u00edtm\u00e9ny egyben az egyik legrejt\u00e9lyesebb is marad.<\/p>\n\n\n\n<p style=\"margin-top:var(--wp--preset--spacing--30);margin-bottom:var(--wp--preset--spacing--30)\">Dobrogea e tengerparti r\u00e9gi\u00f3j\u00e1ban, a Tulcea megyei Agighiol faluban tal\u00e1lhat\u00f3 a Valea Nucarilor 3 sz\u00e9ler\u0151m\u0171park. Ez az els\u0151 sz\u00e9ler\u0151m\u0171park, amelyet 2011 \u00f3ta \u00fczemeltet\u00fcnk, 17 sz\u00e9lturbin\u00e1val \u00e9s 34 MW be\u00e9p\u00edtett kapacit\u00e1ssal.<\/p>\n\n\n\n<div style=\"height:48px\" aria-hidden=\"true\" class=\"wp-block-spacer\"><\/div>\n\n\n\n<h3 class=\"wp-block-heading\" id=\"h-banati-szeleromupark\" style=\"margin-top:var(--wp--preset--spacing--30);margin-bottom:var(--wp--preset--spacing--30);text-transform:none\">B\u00e1n\u00e1ti sz\u00e9ler\u0151m\u0171park<\/h3>\n\n\n\n<div style=\"height:16px\" aria-hidden=\"true\" class=\"wp-block-spacer\"><\/div>\n\n\n\n<p style=\"margin-top:var(--wp--preset--spacing--30);margin-bottom:var(--wp--preset--spacing--30)\">A Sf\u00e2nta Elena sz\u00e9ler\u0151m\u0171park Moldova Noua fest\u0151i vid\u00e9k\u00e9n, Sf\u00e2nta Elena faluban, Coronini k\u00f6zs\u00e9gben, Caras-Severin megy\u00e9ben tal\u00e1lhat\u00f3, \u00e9s 100 m\u00e9teres tengerszint feletti magass\u00e1gba sz\u00e1ll\u00edtja a l\u00e1togat\u00f3t.<\/p>\n\n\n\n<p style=\"margin-top:var(--wp--preset--spacing--30);margin-bottom:var(--wp--preset--spacing--30)\">Az itteni sz\u00e9ler\u0151m\u0171parkot t\u00f6bb mint egy \u00e9vtizede avatt\u00e1k fel, \u00e9s az Alm\u0103jului-hegys\u00e9g l\u00e1b\u00e1n\u00e1l, a Vaskapu Nemzeti Parkban, a Dunakanyar idilli t\u00e1jain elhelyezked\u0151 fenns\u00edkj\u00e1r\u00f3l l\u00e9legzetel\u00e1ll\u00edt\u00f3 kil\u00e1t\u00e1s ny\u00edlik a k\u00f6rny\u00e9kre, d\u00e9lre a Dun\u00e1val, \u00e9s n\u00e9h\u00e1ny kilom\u00e9terre Ostrovul Moldova Veche telep\u00fcl\u00e9ssel.<\/p>\n\n\n\n<div style=\"height:48px\" aria-hidden=\"true\" class=\"wp-block-spacer\"><\/div>\n<\/div>\n\n\n\n<div class=\"wp-block-column is-layout-flow wp-block-column-is-layout-flow\" style=\"flex-basis:33.33%\"><\/div>\n<\/div>\n\n\n\n<figure class=\"wp-block-image size-large\"><img loading=\"lazy\" decoding=\"async\" height=\"485\" width=\"1024\" src=\"https:\/\/www-preprod.ppcenergy.ro\/wp-content\/uploads\/parcuri-eoliene-harta-h-.webp?w=1024\" alt=\"\" class=\"wp-image-27225\" srcset=\"https:\/\/www-preprod.ppcenergy.ro\/wp-content\/uploads\/parcuri-eoliene-harta-h-.webp 1358w, https:\/\/www-preprod.ppcenergy.ro\/wp-content\/uploads\/parcuri-eoliene-harta-h-.webp?resize=300,142 300w, https:\/\/www-preprod.ppcenergy.ro\/wp-content\/uploads\/parcuri-eoliene-harta-h-.webp?resize=768,364 768w, https:\/\/www-preprod.ppcenergy.ro\/wp-content\/uploads\/parcuri-eoliene-harta-h-.webp?resize=1024,485 1024w, https:\/\/www-preprod.ppcenergy.ro\/wp-content\/uploads\/parcuri-eoliene-harta-h-.webp?resize=106,50 106w\" sizes=\"auto, (max-width: 1024px) 100vw, 1024px\" \/><\/figure>\n\n\n\n<div style=\"height:96px\" aria-hidden=\"true\" class=\"wp-block-spacer\"><\/div>\n","protected":false},"excerpt":{"rendered":"<p>Sz\u00e9ler\u0151m\u0171veit A PPC Renewables Rom\u00e1nia sz\u00e9ler\u0151m\u0171vei az orsz\u00e1g keleti \u00e9s d\u00e9lnyugati r\u00e9sz\u00e9n, Dobrudzsa \u00e9s B\u00e1n\u00e1t t\u00f6rt\u00e9nelmi r\u00e9gi\u00f3iban tal\u00e1lhat\u00f3k, \u00e9s kulcsszerepet j\u00e1tszanak a 2050-ig megval\u00f3s\u00edtand\u00f3 sz\u00e9n-dioxid-semlegess\u00e9g el\u00e9r\u00e9s\u00e9ben. Fedezze fel \u0151ket! Dobrogea sz\u00e9ler\u0151m\u0171park Amikor \u00e1tkel\u00fcnk a kelet-rom\u00e1niai Dobrogea tengerparti r\u00e9gi\u00f3j\u00e1n, nem sz\u00e1m\u00edtunk arra, hogy egy nagy sz\u00e9ler\u0151m\u0171parkot l\u00e1tunk. A szem el\u0151l elrejtve az egyik legfejlettebb z\u00f6ldenergia-termel\u0151 l\u00e9tes\u00edtm\u00e9ny [&hellip;]<\/p>\n","protected":false},"author":48,"featured_media":18045,"parent":17926,"menu_order":0,"comment_status":"closed","ping_status":"closed","template":"","meta":{"_acf_changed":false,"footnotes":""},"class_list":["post-18044","page","type-page","status-publish","has-post-thumbnail","hentry"],"acf":[],"yoast_head":"<!-- This site is optimized with the Yoast SEO Premium plugin v21.8 (Yoast SEO v27.3) - https:\/\/yoast.com\/product\/yoast-seo-premium-wordpress\/ -->\n<title>Sz\u00e9ler\u0151m\u0171veit - PPC<\/title>\n<meta name=\"description\" content=\"Fedezze fel a PPC Renewables Rom\u00e1nia sz\u00e9ler\u0151m\u0171veit!\" \/>\n<meta name=\"robots\" content=\"index, follow, max-snippet:-1, max-image-preview:large, max-video-preview:-1\" \/>\n<link rel=\"canonical\" href=\"https:\/\/www-preprod.ppcenergy.ro\/hu\/ppcrenewables\/megujulo-energiaforrasok\/szeleromuveit\/\" \/>\n<meta property=\"og:locale\" content=\"hu_HU\" \/>\n<meta property=\"og:type\" content=\"article\" \/>\n<meta property=\"og:title\" content=\"Sz\u00e9ler\u0151m\u0171veit\" \/>\n<meta property=\"og:description\" content=\"Fedezze fel a PPC Renewables Rom\u00e1nia sz\u00e9ler\u0151m\u0171veit!\" \/>\n<meta property=\"og:url\" content=\"https:\/\/www-preprod.ppcenergy.ro\/hu\/ppcrenewables\/megujulo-energiaforrasok\/szeleromuveit\/\" \/>\n<meta property=\"og:site_name\" content=\"PPC\" \/>\n<meta property=\"article:publisher\" content=\"https:\/\/www.facebook.com\/ppcenergy\" \/>\n<meta property=\"article:modified_time\" content=\"2025-08-08T09:55:37+00:00\" \/>\n<meta property=\"og:image\" content=\"https:\/\/www-preprod.ppcenergy.ro\/wp-content\/uploads\/parcuri_eoliene.webp\" \/>\n\t<meta property=\"og:image:width\" content=\"6287\" \/>\n\t<meta property=\"og:image:height\" content=\"4715\" \/>\n\t<meta property=\"og:image:type\" content=\"image\/webp\" \/>\n<meta name=\"twitter:card\" content=\"summary_large_image\" \/>\n<meta name=\"twitter:title\" content=\"Sz\u00e9ler\u0151m\u0171veit\" \/>\n<meta name=\"twitter:site\" content=\"@PPCEnergyRo\" \/>\n<meta name=\"twitter:label1\" content=\"Est. reading time\" \/>\n\t<meta name=\"twitter:data1\" content=\"2 perc\" \/>\n<script type=\"application\/ld+json\" class=\"yoast-schema-graph\">{\"@context\":\"https:\\\/\\\/schema.org\",\"@graph\":[{\"@type\":\"WebPage\",\"@id\":\"https:\\\/\\\/www-preprod.ppcenergy.ro\\\/hu\\\/ppcrenewables\\\/megujulo-energiaforrasok\\\/szeleromuveit\\\/\",\"url\":\"https:\\\/\\\/www-preprod.ppcenergy.ro\\\/hu\\\/ppcrenewables\\\/megujulo-energiaforrasok\\\/szeleromuveit\\\/\",\"name\":\"Sz\u00e9ler\u0151m\u0171veit - PPC\",\"isPartOf\":{\"@id\":\"https:\\\/\\\/www-preprod.ppcenergy.ro\\\/#website\"},\"primaryImageOfPage\":{\"@id\":\"https:\\\/\\\/www-preprod.ppcenergy.ro\\\/hu\\\/ppcrenewables\\\/megujulo-energiaforrasok\\\/szeleromuveit\\\/#primaryimage\"},\"image\":{\"@id\":\"https:\\\/\\\/www-preprod.ppcenergy.ro\\\/hu\\\/ppcrenewables\\\/megujulo-energiaforrasok\\\/szeleromuveit\\\/#primaryimage\"},\"thumbnailUrl\":\"https:\\\/\\\/www-preprod.ppcenergy.ro\\\/wp-content\\\/uploads\\\/parcuri_eoliene.webp\",\"datePublished\":\"2024-03-19T07:06:38+00:00\",\"dateModified\":\"2025-08-08T09:55:37+00:00\",\"description\":\"Fedezze fel a PPC Renewables Rom\u00e1nia sz\u00e9ler\u0151m\u0171veit!\",\"breadcrumb\":{\"@id\":\"https:\\\/\\\/www-preprod.ppcenergy.ro\\\/hu\\\/ppcrenewables\\\/megujulo-energiaforrasok\\\/szeleromuveit\\\/#breadcrumb\"},\"inLanguage\":\"hu\",\"potentialAction\":[{\"@type\":\"ReadAction\",\"target\":[\"https:\\\/\\\/www-preprod.ppcenergy.ro\\\/hu\\\/ppcrenewables\\\/megujulo-energiaforrasok\\\/szeleromuveit\\\/\"]}]},{\"@type\":\"ImageObject\",\"inLanguage\":\"hu\",\"@id\":\"https:\\\/\\\/www-preprod.ppcenergy.ro\\\/hu\\\/ppcrenewables\\\/megujulo-energiaforrasok\\\/szeleromuveit\\\/#primaryimage\",\"url\":\"https:\\\/\\\/www-preprod.ppcenergy.ro\\\/wp-content\\\/uploads\\\/parcuri_eoliene.webp\",\"contentUrl\":\"https:\\\/\\\/www-preprod.ppcenergy.ro\\\/wp-content\\\/uploads\\\/parcuri_eoliene.webp\",\"width\":6287,\"height\":4715},{\"@type\":\"BreadcrumbList\",\"@id\":\"https:\\\/\\\/www-preprod.ppcenergy.ro\\\/hu\\\/ppcrenewables\\\/megujulo-energiaforrasok\\\/szeleromuveit\\\/#breadcrumb\",\"itemListElement\":[{\"@type\":\"ListItem\",\"position\":1,\"name\":\"Home\",\"item\":\"https:\\\/\\\/www-preprod.ppcenergy.ro\\\/hu\\\/\"},{\"@type\":\"ListItem\",\"position\":2,\"name\":\"PPC Renewables\",\"item\":\"https:\\\/\\\/www-preprod.ppcenergy.ro\\\/hu\\\/ppcrenewables\\\/\"},{\"@type\":\"ListItem\",\"position\":3,\"name\":\"Meg\u00fajul\u00f3 energiaforr\u00e1sok\",\"item\":\"https:\\\/\\\/www-preprod.ppcenergy.ro\\\/hu\\\/ppcrenewables\\\/megujulo-energiaforrasok\\\/\"},{\"@type\":\"ListItem\",\"position\":4,\"name\":\"Sz\u00e9ler\u0151m\u0171veit\"}]},{\"@type\":\"WebSite\",\"@id\":\"https:\\\/\\\/www-preprod.ppcenergy.ro\\\/#website\",\"url\":\"https:\\\/\\\/www-preprod.ppcenergy.ro\\\/\",\"name\":\"PPC\",\"description\":\"Energy\",\"publisher\":{\"@id\":\"https:\\\/\\\/www-preprod.ppcenergy.ro\\\/#organization\"},\"potentialAction\":[{\"@type\":\"SearchAction\",\"target\":{\"@type\":\"EntryPoint\",\"urlTemplate\":\"https:\\\/\\\/www-preprod.ppcenergy.ro\\\/?s={search_term_string}\"},\"query-input\":{\"@type\":\"PropertyValueSpecification\",\"valueRequired\":true,\"valueName\":\"search_term_string\"}}],\"inLanguage\":\"hu\"},{\"@type\":\"Organization\",\"@id\":\"https:\\\/\\\/www-preprod.ppcenergy.ro\\\/#organization\",\"name\":\"PPC\",\"url\":\"https:\\\/\\\/www-preprod.ppcenergy.ro\\\/\",\"logo\":{\"@type\":\"ImageObject\",\"inLanguage\":\"hu\",\"@id\":\"https:\\\/\\\/www-preprod.ppcenergy.ro\\\/#\\\/schema\\\/logo\\\/image\\\/\",\"url\":\"https:\\\/\\\/www-preprod.ppcenergy.ro\\\/wp-content\\\/uploads\\\/cropped-favicon.webp\",\"contentUrl\":\"https:\\\/\\\/www-preprod.ppcenergy.ro\\\/wp-content\\\/uploads\\\/cropped-favicon.webp\",\"width\":512,\"height\":512,\"caption\":\"PPC\"},\"image\":{\"@id\":\"https:\\\/\\\/www-preprod.ppcenergy.ro\\\/#\\\/schema\\\/logo\\\/image\\\/\"},\"sameAs\":[\"https:\\\/\\\/www.facebook.com\\\/ppcenergy\",\"https:\\\/\\\/x.com\\\/PPCEnergyRo\",\"https:\\\/\\\/www.instagram.com\\\/ppcenergyro\\\/\",\"https:\\\/\\\/www.youtube.com\\\/@PPCEnergy\",\"https:\\\/\\\/www.linkedin.com\\\/company\\\/ppc-energy\\\/\"]}]}<\/script>\n<!-- \/ Yoast SEO Premium plugin. -->","yoast_head_json":{"title":"Sz\u00e9ler\u0151m\u0171veit - PPC","description":"Fedezze fel a PPC Renewables Rom\u00e1nia sz\u00e9ler\u0151m\u0171veit!","robots":{"index":"index","follow":"follow","max-snippet":"max-snippet:-1","max-image-preview":"max-image-preview:large","max-video-preview":"max-video-preview:-1"},"canonical":"https:\/\/www-preprod.ppcenergy.ro\/hu\/ppcrenewables\/megujulo-energiaforrasok\/szeleromuveit\/","og_locale":"hu_HU","og_type":"article","og_title":"Sz\u00e9ler\u0151m\u0171veit","og_description":"Fedezze fel a PPC Renewables Rom\u00e1nia sz\u00e9ler\u0151m\u0171veit!","og_url":"https:\/\/www-preprod.ppcenergy.ro\/hu\/ppcrenewables\/megujulo-energiaforrasok\/szeleromuveit\/","og_site_name":"PPC","article_publisher":"https:\/\/www.facebook.com\/ppcenergy","article_modified_time":"2025-08-08T09:55:37+00:00","og_image":[{"width":6287,"height":4715,"url":"https:\/\/www-preprod.ppcenergy.ro\/wp-content\/uploads\/parcuri_eoliene.webp","type":"image\/webp"}],"twitter_card":"summary_large_image","twitter_title":"Sz\u00e9ler\u0151m\u0171veit","twitter_site":"@PPCEnergyRo","twitter_misc":{"Est. reading time":"2 perc"},"schema":{"@context":"https:\/\/schema.org","@graph":[{"@type":"WebPage","@id":"https:\/\/www-preprod.ppcenergy.ro\/hu\/ppcrenewables\/megujulo-energiaforrasok\/szeleromuveit\/","url":"https:\/\/www-preprod.ppcenergy.ro\/hu\/ppcrenewables\/megujulo-energiaforrasok\/szeleromuveit\/","name":"Sz\u00e9ler\u0151m\u0171veit - PPC","isPartOf":{"@id":"https:\/\/www-preprod.ppcenergy.ro\/#website"},"primaryImageOfPage":{"@id":"https:\/\/www-preprod.ppcenergy.ro\/hu\/ppcrenewables\/megujulo-energiaforrasok\/szeleromuveit\/#primaryimage"},"image":{"@id":"https:\/\/www-preprod.ppcenergy.ro\/hu\/ppcrenewables\/megujulo-energiaforrasok\/szeleromuveit\/#primaryimage"},"thumbnailUrl":"https:\/\/www-preprod.ppcenergy.ro\/wp-content\/uploads\/parcuri_eoliene.webp","datePublished":"2024-03-19T07:06:38+00:00","dateModified":"2025-08-08T09:55:37+00:00","description":"Fedezze fel a PPC Renewables Rom\u00e1nia sz\u00e9ler\u0151m\u0171veit!","breadcrumb":{"@id":"https:\/\/www-preprod.ppcenergy.ro\/hu\/ppcrenewables\/megujulo-energiaforrasok\/szeleromuveit\/#breadcrumb"},"inLanguage":"hu","potentialAction":[{"@type":"ReadAction","target":["https:\/\/www-preprod.ppcenergy.ro\/hu\/ppcrenewables\/megujulo-energiaforrasok\/szeleromuveit\/"]}]},{"@type":"ImageObject","inLanguage":"hu","@id":"https:\/\/www-preprod.ppcenergy.ro\/hu\/ppcrenewables\/megujulo-energiaforrasok\/szeleromuveit\/#primaryimage","url":"https:\/\/www-preprod.ppcenergy.ro\/wp-content\/uploads\/parcuri_eoliene.webp","contentUrl":"https:\/\/www-preprod.ppcenergy.ro\/wp-content\/uploads\/parcuri_eoliene.webp","width":6287,"height":4715},{"@type":"BreadcrumbList","@id":"https:\/\/www-preprod.ppcenergy.ro\/hu\/ppcrenewables\/megujulo-energiaforrasok\/szeleromuveit\/#breadcrumb","itemListElement":[{"@type":"ListItem","position":1,"name":"Home","item":"https:\/\/www-preprod.ppcenergy.ro\/hu\/"},{"@type":"ListItem","position":2,"name":"PPC Renewables","item":"https:\/\/www-preprod.ppcenergy.ro\/hu\/ppcrenewables\/"},{"@type":"ListItem","position":3,"name":"Meg\u00fajul\u00f3 energiaforr\u00e1sok","item":"https:\/\/www-preprod.ppcenergy.ro\/hu\/ppcrenewables\/megujulo-energiaforrasok\/"},{"@type":"ListItem","position":4,"name":"Sz\u00e9ler\u0151m\u0171veit"}]},{"@type":"WebSite","@id":"https:\/\/www-preprod.ppcenergy.ro\/#website","url":"https:\/\/www-preprod.ppcenergy.ro\/","name":"PPC","description":"Energy","publisher":{"@id":"https:\/\/www-preprod.ppcenergy.ro\/#organization"},"potentialAction":[{"@type":"SearchAction","target":{"@type":"EntryPoint","urlTemplate":"https:\/\/www-preprod.ppcenergy.ro\/?s={search_term_string}"},"query-input":{"@type":"PropertyValueSpecification","valueRequired":true,"valueName":"search_term_string"}}],"inLanguage":"hu"},{"@type":"Organization","@id":"https:\/\/www-preprod.ppcenergy.ro\/#organization","name":"PPC","url":"https:\/\/www-preprod.ppcenergy.ro\/","logo":{"@type":"ImageObject","inLanguage":"hu","@id":"https:\/\/www-preprod.ppcenergy.ro\/#\/schema\/logo\/image\/","url":"https:\/\/www-preprod.ppcenergy.ro\/wp-content\/uploads\/cropped-favicon.webp","contentUrl":"https:\/\/www-preprod.ppcenergy.ro\/wp-content\/uploads\/cropped-favicon.webp","width":512,"height":512,"caption":"PPC"},"image":{"@id":"https:\/\/www-preprod.ppcenergy.ro\/#\/schema\/logo\/image\/"},"sameAs":["https:\/\/www.facebook.com\/ppcenergy","https:\/\/x.com\/PPCEnergyRo","https:\/\/www.instagram.com\/ppcenergyro\/","https:\/\/www.youtube.com\/@PPCEnergy","https:\/\/www.linkedin.com\/company\/ppc-energy\/"]}]}},"_links":{"self":[{"href":"https:\/\/www-preprod.ppcenergy.ro\/hu\/wp-json\/wp\/v2\/pages\/18044","targetHints":{"allow":["GET"]}}],"collection":[{"href":"https:\/\/www-preprod.ppcenergy.ro\/hu\/wp-json\/wp\/v2\/pages"}],"about":[{"href":"https:\/\/www-preprod.ppcenergy.ro\/hu\/wp-json\/wp\/v2\/types\/page"}],"author":[{"embeddable":true,"href":"https:\/\/www-preprod.ppcenergy.ro\/hu\/wp-json\/wp\/v2\/users\/48"}],"replies":[{"embeddable":true,"href":"https:\/\/www-preprod.ppcenergy.ro\/hu\/wp-json\/wp\/v2\/comments?post=18044"}],"version-history":[{"count":5,"href":"https:\/\/www-preprod.ppcenergy.ro\/hu\/wp-json\/wp\/v2\/pages\/18044\/revisions"}],"predecessor-version":[{"id":27226,"href":"https:\/\/www-preprod.ppcenergy.ro\/hu\/wp-json\/wp\/v2\/pages\/18044\/revisions\/27226"}],"up":[{"embeddable":true,"href":"https:\/\/www-preprod.ppcenergy.ro\/hu\/wp-json\/wp\/v2\/pages\/17926"}],"wp:featuredmedia":[{"embeddable":true,"href":"https:\/\/www-preprod.ppcenergy.ro\/hu\/wp-json\/wp\/v2\/media\/18045"}],"wp:attachment":[{"href":"https:\/\/www-preprod.ppcenergy.ro\/hu\/wp-json\/wp\/v2\/media?parent=18044"}],"curies":[{"name":"wp","href":"https:\/\/api.w.org\/{rel}","templated":true}]}}