{"id":18074,"date":"2024-03-13T10:27:10","date_gmt":"2024-03-13T08:27:10","guid":{"rendered":"https:\/\/www-preprod.ppcenergy.ro\/ppc-trading\/"},"modified":"2025-06-02T13:36:04","modified_gmt":"2025-06-02T10:36:04","slug":"ppctrading","status":"publish","type":"page","link":"https:\/\/www-preprod.ppcenergy.ro\/hu\/ppctrading\/","title":{"rendered":"PPC Trading"},"content":{"rendered":"<section id=\"\" class=\"block-top-product \">\n    <div class='top-product'>\n                <div class=\"full-slide  fullproduct  articles left slider-type-gradient\">\n                                        <div\n                    class='gradient desktop bottomright darkblue full eleven_per_row'>\n                    <div class='line line1'><\/div>\n                    <div class='line line2'><\/div>\n                    <div class='line line3'><\/div>\n                    <div class='line line4'><\/div>\n                                                                <div class='line line5'><\/div>\n                        <div class='line line6'><\/div>\n                        <div class='line line7'><\/div>\n                        <div class='line line8'><\/div>\n                        <div class='line line9'><\/div>\n                        <div class='line line10'><\/div>\n                        <div class='line line11'><\/div>\n                                    <\/div>\n                                                    <div class=\"product-textbox  text-color-white\">\n                                            <div\n                            class='gradient mobile bottomright darkblue full eleven_per_row'>\n                            <div class='line line1'><\/div>\n                            <div class='line line2'><\/div>\n                            <div class='line line3'><\/div>\n                            <div class='line line4'><\/div>\n                                                                                        <div class='line line5'><\/div>\n                                <div class='line line6'><\/div>\n                                <div class='line line7'><\/div>\n                                <div class='line line8'><\/div>\n                                <div class='line line9'><\/div>\n                                <div class='line line10'><\/div>\n                                <div class='line line11'><\/div>\n                                                    <\/div>\n                    \n                                                                                    <h2 class=\"title\">\n                        PPC Trading                        <\/h2>\n                                                                                    <div class=\"text\">\n                            <p><p>Fedezze fel a PPC Tradinget, egy tapasztalt eur\u00f3pai keresked\u0151t.<\/p>\n<\/p>\n                        <\/div>\n                                                                                \n                                                        <\/div>\n                    <\/div>\n    <\/div>\n<\/section>\n\n<section id=\"\" class=\"block-breadcrumbs\">\n    <ul id=\"breadcrumbs\" itemprop=\"breadcrumb\" class=\"breadcrumbs\"><li><a rel=\"home\" href=\"https:\/\/www-preprod.ppcenergy.ro\/hu\/\"><span class=\"logo-breadcrumbs\"><\/span><\/a><\/li><\/ul><\/section>\n\n\n<div style=\"height:32px\" aria-hidden=\"true\" class=\"wp-block-spacer\"><\/div>\n\n\n\n<h1 class=\"wp-block-heading\" id=\"h-kereskedes\">Keresked\u00e9s<\/h1>\n\n\n\n<div class=\"wp-block-columns is-layout-flex wp-container-core-columns-is-layout-28f84493 wp-block-columns-is-layout-flex\">\n<div class=\"wp-block-column is-layout-flow wp-block-column-is-layout-flow\" style=\"flex-basis:66.6%\">\n<p>A PPC Trading az energiakereskedelmi tev\u00e9kenys\u00e9g v\u00e9gz\u00e9s\u00e9re enged\u00e9llyel rendelkez\u0151 v\u00e1llalatunk.<\/p>\n\n\n\n<div style=\"height:12px\" aria-hidden=\"true\" class=\"wp-block-spacer\"><\/div>\n\n\n\n<p>Mintegy t\u00edz\u00e9ves kereskedelmi tev\u00e9kenys\u00e9ggel, nagy m\u00falt\u00fa eur\u00f3pai csoportok r\u00e9szek\u00e9nt eur\u00f3pai szinten keresked\u00fcnk energi\u00e1val mind fizikai sz\u00e1ll\u00edt\u00e1si szerz\u0151d\u00e9sek, mind p\u00e9nz\u00fcgyi tranzakci\u00f3k r\u00e9v\u00e9n. Teljes k\u00f6r\u0171 piaci megold\u00e1sokra szakosodtunk, t\u00f6bbek k\u00f6z\u00f6tt a meg\u00fajul\u00f3 energiatermel\u0151k sz\u00e1m\u00e1ra.<\/p>\n\n\n\n<div style=\"height:12px\" aria-hidden=\"true\" class=\"wp-block-spacer\"><\/div>\n\n\n\n<p>Tov\u00e1bbi inform\u00e1ci\u00f3k hamarosan el\u00e9rhet\u0151k lesznek.<\/p>\n<\/div>\n\n\n\n<div class=\"wp-block-column is-layout-flow wp-block-column-is-layout-flow\" style=\"flex-basis:50%\"><\/div>\n<\/div>\n\n\n    <section id=\"\" class=\"block-carousel background-color- is-style-border\">\n        <div class=\"gradient gradient-global  \">\n            <div class='line line1' style=\"\"><\/div>\n            <div class='line line2' style=\"\"><\/div>\n            <div class='line line3' style=\"\"><\/div>\n            <div class='line line4' style=\"\"><\/div>\n            <div class='line line5' style=\"\"><\/div>\n            <div class='line line6' style=\"\"><\/div>\n            <div class='line line7' style=\"\"><\/div>\n            <div class='line line8' style=\"\"><\/div>\n            <div class='line line9' style=\"\"><\/div>\n            <div class='line line10' style=\"\"><\/div>\n            <div class='line line11' style=\"\"><\/div>\n        <\/div>\n        <div class=\"pull-wrapper\">\n            <div class=\"upper-slider container-pull\">\n                                    <h2 class=\"title\">\n                        Kapcsolatfelv\u00e9tel a PPC Trading S.R.L.-vel.                    <\/h2>\n                                <\/div>\n                    <\/div>\n        <div class='carousel-global pull-wrapper carousel-list'\n             data-slide-per-row=\"3\">\n                                 <div class=\"carousel-slide three_per_row\">\n                                            <div class=\"image-carousel\">\n                            <img decoding=\"async\" width=\"1024\" src=\"https:\/\/www-preprod.ppcenergy.ro\/wp-content\/uploads\/icon-email_52be41.svg?w=1024\" class=\"attachment-iconcarousel size-iconcarousel\" alt=\"\" \/>                                                            <div class=\"image-title-carousel\">\n                                    E-mail                                <\/div>\n                                                    <\/div>\n                                                                <div class=\"text-carousel\">\n                                                                                        <div class=\"text\">\n                                    <p>ppctrading-romania@ppcgroup.com<\/p>\n                                <\/div>\n                                                    <\/div>\n                                                        <\/div>\n                                <div class=\"carousel-slide three_per_row\">\n                                            <div class=\"image-carousel\">\n                            <img decoding=\"async\" width=\"1024\" src=\"https:\/\/www-preprod.ppcenergy.ro\/wp-content\/uploads\/icon-harta.svg?w=1024\" class=\"attachment-iconcarousel size-iconcarousel\" alt=\"\" \/>                                                            <div class=\"image-title-carousel\">\n                                    C\u00edm                                <\/div>\n                                                    <\/div>\n                                                                <div class=\"text-carousel\">\n                                                                                        <div class=\"text\">\n                                    <p>Bd. Mircea Vod\u0103, nr. 30, 7. emelet, 7.6 szoba, 3. szektor, Bukarest, Rom\u00e1nia<\/p>\n                                <\/div>\n                                                    <\/div>\n                                                        <\/div>\n                        <\/div>\n            <\/section>\n","protected":false},"excerpt":{"rendered":"<p>Keresked\u00e9s A PPC Trading az energiakereskedelmi tev\u00e9kenys\u00e9g v\u00e9gz\u00e9s\u00e9re enged\u00e9llyel rendelkez\u0151 v\u00e1llalatunk. Mintegy t\u00edz\u00e9ves kereskedelmi tev\u00e9kenys\u00e9ggel, nagy m\u00falt\u00fa eur\u00f3pai csoportok r\u00e9szek\u00e9nt eur\u00f3pai szinten keresked\u00fcnk energi\u00e1val mind fizikai sz\u00e1ll\u00edt\u00e1si szerz\u0151d\u00e9sek, mind p\u00e9nz\u00fcgyi tranzakci\u00f3k r\u00e9v\u00e9n. Teljes k\u00f6r\u0171 piaci megold\u00e1sokra szakosodtunk, t\u00f6bbek k\u00f6z\u00f6tt a meg\u00fajul\u00f3 energiatermel\u0151k sz\u00e1m\u00e1ra. Tov\u00e1bbi inform\u00e1ci\u00f3k hamarosan el\u00e9rhet\u0151k lesznek.<\/p>\n","protected":false},"author":48,"featured_media":18075,"parent":0,"menu_order":0,"comment_status":"closed","ping_status":"closed","template":"","meta":{"_acf_changed":false,"footnotes":""},"class_list":["post-18074","page","type-page","status-publish","has-post-thumbnail","hentry"],"acf":[],"yoast_head":"<!-- This site is optimized with the Yoast SEO Premium plugin v21.8 (Yoast SEO v27.3) - https:\/\/yoast.com\/product\/yoast-seo-premium-wordpress\/ -->\n<title>PPC TradingPPC Trading - PPC<\/title>\n<meta name=\"description\" content=\"PPC Trading, egy keresked\u0151 eur\u00f3pai tapasztalattal.\" \/>\n<meta name=\"robots\" content=\"index, follow, max-snippet:-1, max-image-preview:large, max-video-preview:-1\" \/>\n<link rel=\"canonical\" href=\"https:\/\/www-preprod.ppcenergy.ro\/hu\/ppctrading\/\" \/>\n<meta property=\"og:locale\" content=\"hu_HU\" \/>\n<meta property=\"og:type\" content=\"article\" \/>\n<meta property=\"og:title\" content=\"PPC Trading\" \/>\n<meta property=\"og:description\" content=\"PPC Trading, egy keresked\u0151 eur\u00f3pai tapasztalattal.\" \/>\n<meta property=\"og:url\" content=\"https:\/\/www-preprod.ppcenergy.ro\/hu\/ppctrading\/\" \/>\n<meta property=\"og:site_name\" content=\"PPC\" \/>\n<meta property=\"article:publisher\" content=\"https:\/\/www.facebook.com\/ppcenergy\" \/>\n<meta property=\"article:modified_time\" content=\"2025-06-02T10:36:04+00:00\" \/>\n<meta property=\"og:image\" content=\"https:\/\/www-preprod.ppcenergy.ro\/wp-content\/uploads\/trading.webp\" \/>\n\t<meta property=\"og:image:width\" content=\"2255\" \/>\n\t<meta property=\"og:image:height\" content=\"1330\" \/>\n\t<meta property=\"og:image:type\" content=\"image\/webp\" \/>\n<meta name=\"twitter:card\" content=\"summary_large_image\" \/>\n<meta name=\"twitter:title\" content=\"PPC Trading\" \/>\n<meta name=\"twitter:site\" content=\"@PPCEnergyRo\" \/>\n<meta name=\"twitter:label1\" content=\"Est. reading time\" \/>\n\t<meta name=\"twitter:data1\" content=\"1 perc\" \/>\n<script type=\"application\/ld+json\" class=\"yoast-schema-graph\">{\"@context\":\"https:\\\/\\\/schema.org\",\"@graph\":[{\"@type\":\"WebPage\",\"@id\":\"https:\\\/\\\/www-preprod.ppcenergy.ro\\\/hu\\\/ppctrading\\\/\",\"url\":\"https:\\\/\\\/www-preprod.ppcenergy.ro\\\/hu\\\/ppctrading\\\/\",\"name\":\"PPC TradingPPC Trading - PPC\",\"isPartOf\":{\"@id\":\"https:\\\/\\\/www-preprod.ppcenergy.ro\\\/#website\"},\"primaryImageOfPage\":{\"@id\":\"https:\\\/\\\/www-preprod.ppcenergy.ro\\\/hu\\\/ppctrading\\\/#primaryimage\"},\"image\":{\"@id\":\"https:\\\/\\\/www-preprod.ppcenergy.ro\\\/hu\\\/ppctrading\\\/#primaryimage\"},\"thumbnailUrl\":\"https:\\\/\\\/www-preprod.ppcenergy.ro\\\/wp-content\\\/uploads\\\/trading.webp\",\"datePublished\":\"2024-03-13T08:27:10+00:00\",\"dateModified\":\"2025-06-02T10:36:04+00:00\",\"description\":\"PPC Trading, egy keresked\u0151 eur\u00f3pai tapasztalattal.\",\"breadcrumb\":{\"@id\":\"https:\\\/\\\/www-preprod.ppcenergy.ro\\\/hu\\\/ppctrading\\\/#breadcrumb\"},\"inLanguage\":\"hu\",\"potentialAction\":[{\"@type\":\"ReadAction\",\"target\":[\"https:\\\/\\\/www-preprod.ppcenergy.ro\\\/hu\\\/ppctrading\\\/\"]}]},{\"@type\":\"ImageObject\",\"inLanguage\":\"hu\",\"@id\":\"https:\\\/\\\/www-preprod.ppcenergy.ro\\\/hu\\\/ppctrading\\\/#primaryimage\",\"url\":\"https:\\\/\\\/www-preprod.ppcenergy.ro\\\/wp-content\\\/uploads\\\/trading.webp\",\"contentUrl\":\"https:\\\/\\\/www-preprod.ppcenergy.ro\\\/wp-content\\\/uploads\\\/trading.webp\",\"width\":2255,\"height\":1330},{\"@type\":\"BreadcrumbList\",\"@id\":\"https:\\\/\\\/www-preprod.ppcenergy.ro\\\/hu\\\/ppctrading\\\/#breadcrumb\",\"itemListElement\":[{\"@type\":\"ListItem\",\"position\":1,\"name\":\"Home\",\"item\":\"https:\\\/\\\/www-preprod.ppcenergy.ro\\\/hu\\\/\"},{\"@type\":\"ListItem\",\"position\":2,\"name\":\"PPC Trading\"}]},{\"@type\":\"WebSite\",\"@id\":\"https:\\\/\\\/www-preprod.ppcenergy.ro\\\/#website\",\"url\":\"https:\\\/\\\/www-preprod.ppcenergy.ro\\\/\",\"name\":\"PPC\",\"description\":\"Energy\",\"publisher\":{\"@id\":\"https:\\\/\\\/www-preprod.ppcenergy.ro\\\/#organization\"},\"potentialAction\":[{\"@type\":\"SearchAction\",\"target\":{\"@type\":\"EntryPoint\",\"urlTemplate\":\"https:\\\/\\\/www-preprod.ppcenergy.ro\\\/?s={search_term_string}\"},\"query-input\":{\"@type\":\"PropertyValueSpecification\",\"valueRequired\":true,\"valueName\":\"search_term_string\"}}],\"inLanguage\":\"hu\"},{\"@type\":\"Organization\",\"@id\":\"https:\\\/\\\/www-preprod.ppcenergy.ro\\\/#organization\",\"name\":\"PPC\",\"url\":\"https:\\\/\\\/www-preprod.ppcenergy.ro\\\/\",\"logo\":{\"@type\":\"ImageObject\",\"inLanguage\":\"hu\",\"@id\":\"https:\\\/\\\/www-preprod.ppcenergy.ro\\\/#\\\/schema\\\/logo\\\/image\\\/\",\"url\":\"https:\\\/\\\/www-preprod.ppcenergy.ro\\\/wp-content\\\/uploads\\\/cropped-favicon.webp\",\"contentUrl\":\"https:\\\/\\\/www-preprod.ppcenergy.ro\\\/wp-content\\\/uploads\\\/cropped-favicon.webp\",\"width\":512,\"height\":512,\"caption\":\"PPC\"},\"image\":{\"@id\":\"https:\\\/\\\/www-preprod.ppcenergy.ro\\\/#\\\/schema\\\/logo\\\/image\\\/\"},\"sameAs\":[\"https:\\\/\\\/www.facebook.com\\\/ppcenergy\",\"https:\\\/\\\/x.com\\\/PPCEnergyRo\",\"https:\\\/\\\/www.instagram.com\\\/ppcenergyro\\\/\",\"https:\\\/\\\/www.youtube.com\\\/@PPCEnergy\",\"https:\\\/\\\/www.linkedin.com\\\/company\\\/ppc-energy\\\/\"]}]}<\/script>\n<!-- \/ Yoast SEO Premium plugin. -->","yoast_head_json":{"title":"PPC TradingPPC Trading - PPC","description":"PPC Trading, egy keresked\u0151 eur\u00f3pai tapasztalattal.","robots":{"index":"index","follow":"follow","max-snippet":"max-snippet:-1","max-image-preview":"max-image-preview:large","max-video-preview":"max-video-preview:-1"},"canonical":"https:\/\/www-preprod.ppcenergy.ro\/hu\/ppctrading\/","og_locale":"hu_HU","og_type":"article","og_title":"PPC Trading","og_description":"PPC Trading, egy keresked\u0151 eur\u00f3pai tapasztalattal.","og_url":"https:\/\/www-preprod.ppcenergy.ro\/hu\/ppctrading\/","og_site_name":"PPC","article_publisher":"https:\/\/www.facebook.com\/ppcenergy","article_modified_time":"2025-06-02T10:36:04+00:00","og_image":[{"width":2255,"height":1330,"url":"https:\/\/www-preprod.ppcenergy.ro\/wp-content\/uploads\/trading.webp","type":"image\/webp"}],"twitter_card":"summary_large_image","twitter_title":"PPC Trading","twitter_site":"@PPCEnergyRo","twitter_misc":{"Est. reading time":"1 perc"},"schema":{"@context":"https:\/\/schema.org","@graph":[{"@type":"WebPage","@id":"https:\/\/www-preprod.ppcenergy.ro\/hu\/ppctrading\/","url":"https:\/\/www-preprod.ppcenergy.ro\/hu\/ppctrading\/","name":"PPC TradingPPC Trading - PPC","isPartOf":{"@id":"https:\/\/www-preprod.ppcenergy.ro\/#website"},"primaryImageOfPage":{"@id":"https:\/\/www-preprod.ppcenergy.ro\/hu\/ppctrading\/#primaryimage"},"image":{"@id":"https:\/\/www-preprod.ppcenergy.ro\/hu\/ppctrading\/#primaryimage"},"thumbnailUrl":"https:\/\/www-preprod.ppcenergy.ro\/wp-content\/uploads\/trading.webp","datePublished":"2024-03-13T08:27:10+00:00","dateModified":"2025-06-02T10:36:04+00:00","description":"PPC Trading, egy keresked\u0151 eur\u00f3pai tapasztalattal.","breadcrumb":{"@id":"https:\/\/www-preprod.ppcenergy.ro\/hu\/ppctrading\/#breadcrumb"},"inLanguage":"hu","potentialAction":[{"@type":"ReadAction","target":["https:\/\/www-preprod.ppcenergy.ro\/hu\/ppctrading\/"]}]},{"@type":"ImageObject","inLanguage":"hu","@id":"https:\/\/www-preprod.ppcenergy.ro\/hu\/ppctrading\/#primaryimage","url":"https:\/\/www-preprod.ppcenergy.ro\/wp-content\/uploads\/trading.webp","contentUrl":"https:\/\/www-preprod.ppcenergy.ro\/wp-content\/uploads\/trading.webp","width":2255,"height":1330},{"@type":"BreadcrumbList","@id":"https:\/\/www-preprod.ppcenergy.ro\/hu\/ppctrading\/#breadcrumb","itemListElement":[{"@type":"ListItem","position":1,"name":"Home","item":"https:\/\/www-preprod.ppcenergy.ro\/hu\/"},{"@type":"ListItem","position":2,"name":"PPC Trading"}]},{"@type":"WebSite","@id":"https:\/\/www-preprod.ppcenergy.ro\/#website","url":"https:\/\/www-preprod.ppcenergy.ro\/","name":"PPC","description":"Energy","publisher":{"@id":"https:\/\/www-preprod.ppcenergy.ro\/#organization"},"potentialAction":[{"@type":"SearchAction","target":{"@type":"EntryPoint","urlTemplate":"https:\/\/www-preprod.ppcenergy.ro\/?s={search_term_string}"},"query-input":{"@type":"PropertyValueSpecification","valueRequired":true,"valueName":"search_term_string"}}],"inLanguage":"hu"},{"@type":"Organization","@id":"https:\/\/www-preprod.ppcenergy.ro\/#organization","name":"PPC","url":"https:\/\/www-preprod.ppcenergy.ro\/","logo":{"@type":"ImageObject","inLanguage":"hu","@id":"https:\/\/www-preprod.ppcenergy.ro\/#\/schema\/logo\/image\/","url":"https:\/\/www-preprod.ppcenergy.ro\/wp-content\/uploads\/cropped-favicon.webp","contentUrl":"https:\/\/www-preprod.ppcenergy.ro\/wp-content\/uploads\/cropped-favicon.webp","width":512,"height":512,"caption":"PPC"},"image":{"@id":"https:\/\/www-preprod.ppcenergy.ro\/#\/schema\/logo\/image\/"},"sameAs":["https:\/\/www.facebook.com\/ppcenergy","https:\/\/x.com\/PPCEnergyRo","https:\/\/www.instagram.com\/ppcenergyro\/","https:\/\/www.youtube.com\/@PPCEnergy","https:\/\/www.linkedin.com\/company\/ppc-energy\/"]}]}},"_links":{"self":[{"href":"https:\/\/www-preprod.ppcenergy.ro\/hu\/wp-json\/wp\/v2\/pages\/18074","targetHints":{"allow":["GET"]}}],"collection":[{"href":"https:\/\/www-preprod.ppcenergy.ro\/hu\/wp-json\/wp\/v2\/pages"}],"about":[{"href":"https:\/\/www-preprod.ppcenergy.ro\/hu\/wp-json\/wp\/v2\/types\/page"}],"author":[{"embeddable":true,"href":"https:\/\/www-preprod.ppcenergy.ro\/hu\/wp-json\/wp\/v2\/users\/48"}],"replies":[{"embeddable":true,"href":"https:\/\/www-preprod.ppcenergy.ro\/hu\/wp-json\/wp\/v2\/comments?post=18074"}],"version-history":[{"count":2,"href":"https:\/\/www-preprod.ppcenergy.ro\/hu\/wp-json\/wp\/v2\/pages\/18074\/revisions"}],"predecessor-version":[{"id":18079,"href":"https:\/\/www-preprod.ppcenergy.ro\/hu\/wp-json\/wp\/v2\/pages\/18074\/revisions\/18079"}],"wp:featuredmedia":[{"embeddable":true,"href":"https:\/\/www-preprod.ppcenergy.ro\/hu\/wp-json\/wp\/v2\/media\/18075"}],"wp:attachment":[{"href":"https:\/\/www-preprod.ppcenergy.ro\/hu\/wp-json\/wp\/v2\/media?parent=18074"}],"curies":[{"name":"wp","href":"https:\/\/api.w.org\/{rel}","templated":true}]}}