{"id":18365,"date":"2024-03-18T12:46:41","date_gmt":"2024-03-18T10:46:41","guid":{"rendered":"https:\/\/www-preprod.ppcenergy.ro\/media\/"},"modified":"2025-06-04T09:36:51","modified_gmt":"2025-06-04T06:36:51","slug":"ppc-media","status":"publish","type":"page","link":"https:\/\/www-preprod.ppcenergy.ro\/hu\/ppc-media\/","title":{"rendered":"M\u00e9dia"},"content":{"rendered":"<section id=\"\" class=\"block-top-product \">\n    <div class='top-product'>\n                <div class=\"full-slide  fullproduct  articles left slider-type-gradient\">\n                                        <div\n                    class='gradient desktop bottomright darkblue full eleven_per_row'>\n                    <div class='line line1'><\/div>\n                    <div class='line line2'><\/div>\n                    <div class='line line3'><\/div>\n                    <div class='line line4'><\/div>\n                                                                <div class='line line5'><\/div>\n                        <div class='line line6'><\/div>\n                        <div class='line line7'><\/div>\n                        <div class='line line8'><\/div>\n                        <div class='line line9'><\/div>\n                        <div class='line line10'><\/div>\n                        <div class='line line11'><\/div>\n                                    <\/div>\n                                                    <div class=\"product-textbox  text-color-white\">\n                                            <div\n                            class='gradient mobile bottomright darkblue full eleven_per_row'>\n                            <div class='line line1'><\/div>\n                            <div class='line line2'><\/div>\n                            <div class='line line3'><\/div>\n                            <div class='line line4'><\/div>\n                                                                                        <div class='line line5'><\/div>\n                                <div class='line line6'><\/div>\n                                <div class='line line7'><\/div>\n                                <div class='line line8'><\/div>\n                                <div class='line line9'><\/div>\n                                <div class='line line10'><\/div>\n                                <div class='line line11'><\/div>\n                                                    <\/div>\n                    \n                                                                                    <h2 class=\"title\">\n                        M\u00e9dia                        <\/h2>\n                                                                                    <div class=\"text\">\n                            <p><p>Fedezze fel a PPC Csoport legfrissebb rom\u00e1niai h\u00edreit, v\u00e1llalati k\u00f6zlem\u00e9nyeket \u00e9s hasznos audiovizu\u00e1lis anyagokat.<\/p>\n<\/p>\n                        <\/div>\n                                                                                \n                                                        <\/div>\n                    <\/div>\n    <\/div>\n<\/section>\n\n<section id=\"\" class=\"block-breadcrumbs\">\n    <ul id=\"breadcrumbs\" itemprop=\"breadcrumb\" class=\"breadcrumbs\"><li><a rel=\"home\" href=\"https:\/\/www-preprod.ppcenergy.ro\/hu\/\"><span class=\"logo-breadcrumbs\"><\/span><\/a><\/li><\/ul><\/section>\n\n\n<div style=\"height:32px\" aria-hidden=\"true\" class=\"wp-block-spacer\"><\/div>\n\n\n\n<h1 class=\"wp-block-heading\" id=\"h-media\">M\u00e9dia<\/h1>\n\n\n    <section id=\"\" class=\"block-carousel background-color- is-style-border\">\n        <div class=\"gradient gradient-global  \">\n            <div class='line line1' style=\"\"><\/div>\n            <div class='line line2' style=\"\"><\/div>\n            <div class='line line3' style=\"\"><\/div>\n            <div class='line line4' style=\"\"><\/div>\n            <div class='line line5' style=\"\"><\/div>\n            <div class='line line6' style=\"\"><\/div>\n            <div class='line line7' style=\"\"><\/div>\n            <div class='line line8' style=\"\"><\/div>\n            <div class='line line9' style=\"\"><\/div>\n            <div class='line line10' style=\"\"><\/div>\n            <div class='line line11' style=\"\"><\/div>\n        <\/div>\n        <div class=\"pull-wrapper\">\n            <div class=\"upper-slider container-pull\">\n                            <\/div>\n                    <\/div>\n        <div class='carousel-global pull-wrapper carousel-list'\n             data-slide-per-row=\"3\">\n                                 <div class=\"carousel-slide three_per_row\">\n                                                                <div class=\"text-carousel\">\n                                                            <h3 class=\"title\">\n                                    Sajt\u00f3k\u00f6zlem\u00e9nyek                                <\/h3>\n                                                                                        <div class=\"text\">\n                                    <p>Tekintse meg sajt\u00f3k\u00f6zlem\u00e9nyeinket.<\/p>\n                                <\/div>\n                                                    <\/div>\n                                                                <a class=\"global-link\" href=\"https:\/\/www-preprod.ppcenergy.ro\/hu\/ppc-media\/sajtokozlemenyek\/\" title=\"Sajt\u00f3k\u00f6zlem\u00e9nyek\" target=\"_self\">\n                            <span class=\"long-arrow right\"><\/span>\n                        <\/a>\n                                    <\/div>\n                                <div class=\"carousel-slide three_per_row\">\n                                                                <div class=\"text-carousel\">\n                                                            <h3 class=\"title\">\n                                    Sajt\u00f3iroda                                <\/h3>\n                                                                                        <div class=\"text\">\n                                    <p>L\u00e9pjen kapcsolatba a sajt\u00f3irod\u00e1val.<\/p>\n                                <\/div>\n                                                    <\/div>\n                                                                <a class=\"global-link\" href=\"https:\/\/www-preprod.ppcenergy.ro\/hu\/ppc-media\/sajtoiroda\/\" title=\"Sajt\u00f3iroda\" target=\"_self\">\n                            <span class=\"long-arrow right\"><\/span>\n                        <\/a>\n                                    <\/div>\n                                <div class=\"carousel-slide three_per_row\">\n                                                                <div class=\"text-carousel\">\n                                                            <h3 class=\"title\">\n                                    T\u00f6rt\u00e9netek                                <\/h3>\n                                                                                        <div class=\"text\">\n                                    <p>Tudja meg a legfrissebb h\u00edreket szolg\u00e1ltat\u00e1sainkr\u00f3l \u00e9s az energetikai trendekr\u0151l.<\/p>\n                                <\/div>\n                                                    <\/div>\n                                                                <a class=\"global-link\" href=\"https:\/\/www-preprod.ppcenergy.ro\/hu\/ppc-media\/tortenetek\/\" title=\"T\u00f6rt\u00e9netek\" target=\"_self\">\n                            <span class=\"long-arrow right\"><\/span>\n                        <\/a>\n                                    <\/div>\n                                <div class=\"carousel-slide three_per_row\">\n                                                                <div class=\"text-carousel\">\n                                                            <h3 class=\"title\">\n                                    Esem\u00e9nyek                                <\/h3>\n                                                                                        <div class=\"text\">\n                                    <p>Minden a PPC Csoport rom\u00e1niai esem\u00e9nyeir\u0151l.<\/p>\n                                <\/div>\n                                                    <\/div>\n                                                                <a class=\"global-link\" href=\"\/hu\/ppc-media\/esemenyek\/\" title=\"Esem\u00e9nyek\" target=\"_self\">\n                            <span class=\"long-arrow right\"><\/span>\n                        <\/a>\n                                    <\/div>\n                                <div class=\"carousel-slide three_per_row\">\n                                                                <div class=\"text-carousel\">\n                                                            <h3 class=\"title\">\n                                    Video k\u00f6zpont                                <\/h3>\n                                                                                        <div class=\"text\">\n                                    <p>N\u00e9zzen vide\u00f3kat akci\u00f3inkr\u00f3l \u00e9s esem\u00e9nyeinkr\u0151l.<\/p>\n                                <\/div>\n                                                    <\/div>\n                                                                <a class=\"global-link\" href=\"https:\/\/www-preprod.ppcenergy.ro\/hu\/ppc-media\/videokozpont\/\" title=\"Videok\u00f6zpont\" target=\"_self\">\n                            <span class=\"long-arrow right\"><\/span>\n                        <\/a>\n                                    <\/div>\n                        <\/div>\n            <\/section>\n","protected":false},"excerpt":{"rendered":"<p>M\u00e9dia<\/p>\n","protected":false},"author":48,"featured_media":18366,"parent":0,"menu_order":0,"comment_status":"closed","ping_status":"closed","template":"","meta":{"_acf_changed":false,"footnotes":""},"class_list":["post-18365","page","type-page","status-publish","has-post-thumbnail","hentry"],"acf":[],"yoast_head":"<!-- This site is optimized with the Yoast SEO Premium plugin v21.8 (Yoast SEO v27.3) - https:\/\/yoast.com\/product\/yoast-seo-premium-wordpress\/ -->\n<title>Media - PPC - PPC<\/title>\n<meta name=\"description\" content=\"A rom\u00e1niai PPC Csoport legfrissebb h\u00edrei, v\u00e1llalati bejelent\u00e9sek \u00e9s hasznos audiovizu\u00e1lis anyagok.\" \/>\n<meta name=\"robots\" content=\"index, follow, max-snippet:-1, max-image-preview:large, max-video-preview:-1\" \/>\n<link rel=\"canonical\" href=\"https:\/\/www-preprod.ppcenergy.ro\/hu\/ppc-media\/\" \/>\n<meta property=\"og:locale\" content=\"hu_HU\" \/>\n<meta property=\"og:type\" content=\"article\" \/>\n<meta property=\"og:title\" content=\"M\u00e9dia\" \/>\n<meta property=\"og:description\" content=\"A rom\u00e1niai PPC Csoport legfrissebb h\u00edrei, v\u00e1llalati bejelent\u00e9sek \u00e9s hasznos audiovizu\u00e1lis anyagok.\" \/>\n<meta property=\"og:url\" content=\"https:\/\/www-preprod.ppcenergy.ro\/hu\/ppc-media\/\" \/>\n<meta property=\"og:site_name\" content=\"PPC\" \/>\n<meta property=\"article:publisher\" content=\"https:\/\/www.facebook.com\/ppcenergy\" \/>\n<meta property=\"article:modified_time\" content=\"2025-06-04T06:36:51+00:00\" \/>\n<meta property=\"og:image\" content=\"https:\/\/www-preprod.ppcenergy.ro\/wp-content\/uploads\/media.webp\" \/>\n\t<meta property=\"og:image:width\" content=\"2121\" \/>\n\t<meta property=\"og:image:height\" content=\"1414\" \/>\n\t<meta property=\"og:image:type\" content=\"image\/webp\" \/>\n<meta name=\"twitter:card\" content=\"summary_large_image\" \/>\n<meta name=\"twitter:title\" content=\"M\u00e9dia\" \/>\n<meta name=\"twitter:site\" content=\"@PPCEnergyRo\" \/>\n<meta name=\"twitter:label1\" content=\"Est. reading time\" \/>\n\t<meta name=\"twitter:data1\" content=\"1 perc\" \/>\n<script type=\"application\/ld+json\" class=\"yoast-schema-graph\">{\"@context\":\"https:\\\/\\\/schema.org\",\"@graph\":[{\"@type\":\"WebPage\",\"@id\":\"https:\\\/\\\/www-preprod.ppcenergy.ro\\\/hu\\\/ppc-media\\\/\",\"url\":\"https:\\\/\\\/www-preprod.ppcenergy.ro\\\/hu\\\/ppc-media\\\/\",\"name\":\"Media - PPC - PPC\",\"isPartOf\":{\"@id\":\"https:\\\/\\\/www-preprod.ppcenergy.ro\\\/#website\"},\"primaryImageOfPage\":{\"@id\":\"https:\\\/\\\/www-preprod.ppcenergy.ro\\\/hu\\\/ppc-media\\\/#primaryimage\"},\"image\":{\"@id\":\"https:\\\/\\\/www-preprod.ppcenergy.ro\\\/hu\\\/ppc-media\\\/#primaryimage\"},\"thumbnailUrl\":\"https:\\\/\\\/www-preprod.ppcenergy.ro\\\/wp-content\\\/uploads\\\/media.webp\",\"datePublished\":\"2024-03-18T10:46:41+00:00\",\"dateModified\":\"2025-06-04T06:36:51+00:00\",\"description\":\"A rom\u00e1niai PPC Csoport legfrissebb h\u00edrei, v\u00e1llalati bejelent\u00e9sek \u00e9s hasznos audiovizu\u00e1lis anyagok.\",\"breadcrumb\":{\"@id\":\"https:\\\/\\\/www-preprod.ppcenergy.ro\\\/hu\\\/ppc-media\\\/#breadcrumb\"},\"inLanguage\":\"hu\",\"potentialAction\":[{\"@type\":\"ReadAction\",\"target\":[\"https:\\\/\\\/www-preprod.ppcenergy.ro\\\/hu\\\/ppc-media\\\/\"]}]},{\"@type\":\"ImageObject\",\"inLanguage\":\"hu\",\"@id\":\"https:\\\/\\\/www-preprod.ppcenergy.ro\\\/hu\\\/ppc-media\\\/#primaryimage\",\"url\":\"https:\\\/\\\/www-preprod.ppcenergy.ro\\\/wp-content\\\/uploads\\\/media.webp\",\"contentUrl\":\"https:\\\/\\\/www-preprod.ppcenergy.ro\\\/wp-content\\\/uploads\\\/media.webp\",\"width\":2121,\"height\":1414},{\"@type\":\"BreadcrumbList\",\"@id\":\"https:\\\/\\\/www-preprod.ppcenergy.ro\\\/hu\\\/ppc-media\\\/#breadcrumb\",\"itemListElement\":[{\"@type\":\"ListItem\",\"position\":1,\"name\":\"Home\",\"item\":\"https:\\\/\\\/www-preprod.ppcenergy.ro\\\/hu\\\/\"},{\"@type\":\"ListItem\",\"position\":2,\"name\":\"M\u00e9dia\"}]},{\"@type\":\"WebSite\",\"@id\":\"https:\\\/\\\/www-preprod.ppcenergy.ro\\\/#website\",\"url\":\"https:\\\/\\\/www-preprod.ppcenergy.ro\\\/\",\"name\":\"PPC\",\"description\":\"Energy\",\"publisher\":{\"@id\":\"https:\\\/\\\/www-preprod.ppcenergy.ro\\\/#organization\"},\"potentialAction\":[{\"@type\":\"SearchAction\",\"target\":{\"@type\":\"EntryPoint\",\"urlTemplate\":\"https:\\\/\\\/www-preprod.ppcenergy.ro\\\/?s={search_term_string}\"},\"query-input\":{\"@type\":\"PropertyValueSpecification\",\"valueRequired\":true,\"valueName\":\"search_term_string\"}}],\"inLanguage\":\"hu\"},{\"@type\":\"Organization\",\"@id\":\"https:\\\/\\\/www-preprod.ppcenergy.ro\\\/#organization\",\"name\":\"PPC\",\"url\":\"https:\\\/\\\/www-preprod.ppcenergy.ro\\\/\",\"logo\":{\"@type\":\"ImageObject\",\"inLanguage\":\"hu\",\"@id\":\"https:\\\/\\\/www-preprod.ppcenergy.ro\\\/#\\\/schema\\\/logo\\\/image\\\/\",\"url\":\"https:\\\/\\\/www-preprod.ppcenergy.ro\\\/wp-content\\\/uploads\\\/cropped-favicon.webp\",\"contentUrl\":\"https:\\\/\\\/www-preprod.ppcenergy.ro\\\/wp-content\\\/uploads\\\/cropped-favicon.webp\",\"width\":512,\"height\":512,\"caption\":\"PPC\"},\"image\":{\"@id\":\"https:\\\/\\\/www-preprod.ppcenergy.ro\\\/#\\\/schema\\\/logo\\\/image\\\/\"},\"sameAs\":[\"https:\\\/\\\/www.facebook.com\\\/ppcenergy\",\"https:\\\/\\\/x.com\\\/PPCEnergyRo\",\"https:\\\/\\\/www.instagram.com\\\/ppcenergyro\\\/\",\"https:\\\/\\\/www.youtube.com\\\/@PPCEnergy\",\"https:\\\/\\\/www.linkedin.com\\\/company\\\/ppc-energy\\\/\"]}]}<\/script>\n<!-- \/ Yoast SEO Premium plugin. -->","yoast_head_json":{"title":"Media - PPC - PPC","description":"A rom\u00e1niai PPC Csoport legfrissebb h\u00edrei, v\u00e1llalati bejelent\u00e9sek \u00e9s hasznos audiovizu\u00e1lis anyagok.","robots":{"index":"index","follow":"follow","max-snippet":"max-snippet:-1","max-image-preview":"max-image-preview:large","max-video-preview":"max-video-preview:-1"},"canonical":"https:\/\/www-preprod.ppcenergy.ro\/hu\/ppc-media\/","og_locale":"hu_HU","og_type":"article","og_title":"M\u00e9dia","og_description":"A rom\u00e1niai PPC Csoport legfrissebb h\u00edrei, v\u00e1llalati bejelent\u00e9sek \u00e9s hasznos audiovizu\u00e1lis anyagok.","og_url":"https:\/\/www-preprod.ppcenergy.ro\/hu\/ppc-media\/","og_site_name":"PPC","article_publisher":"https:\/\/www.facebook.com\/ppcenergy","article_modified_time":"2025-06-04T06:36:51+00:00","og_image":[{"width":2121,"height":1414,"url":"https:\/\/www-preprod.ppcenergy.ro\/wp-content\/uploads\/media.webp","type":"image\/webp"}],"twitter_card":"summary_large_image","twitter_title":"M\u00e9dia","twitter_site":"@PPCEnergyRo","twitter_misc":{"Est. reading time":"1 perc"},"schema":{"@context":"https:\/\/schema.org","@graph":[{"@type":"WebPage","@id":"https:\/\/www-preprod.ppcenergy.ro\/hu\/ppc-media\/","url":"https:\/\/www-preprod.ppcenergy.ro\/hu\/ppc-media\/","name":"Media - PPC - PPC","isPartOf":{"@id":"https:\/\/www-preprod.ppcenergy.ro\/#website"},"primaryImageOfPage":{"@id":"https:\/\/www-preprod.ppcenergy.ro\/hu\/ppc-media\/#primaryimage"},"image":{"@id":"https:\/\/www-preprod.ppcenergy.ro\/hu\/ppc-media\/#primaryimage"},"thumbnailUrl":"https:\/\/www-preprod.ppcenergy.ro\/wp-content\/uploads\/media.webp","datePublished":"2024-03-18T10:46:41+00:00","dateModified":"2025-06-04T06:36:51+00:00","description":"A rom\u00e1niai PPC Csoport legfrissebb h\u00edrei, v\u00e1llalati bejelent\u00e9sek \u00e9s hasznos audiovizu\u00e1lis anyagok.","breadcrumb":{"@id":"https:\/\/www-preprod.ppcenergy.ro\/hu\/ppc-media\/#breadcrumb"},"inLanguage":"hu","potentialAction":[{"@type":"ReadAction","target":["https:\/\/www-preprod.ppcenergy.ro\/hu\/ppc-media\/"]}]},{"@type":"ImageObject","inLanguage":"hu","@id":"https:\/\/www-preprod.ppcenergy.ro\/hu\/ppc-media\/#primaryimage","url":"https:\/\/www-preprod.ppcenergy.ro\/wp-content\/uploads\/media.webp","contentUrl":"https:\/\/www-preprod.ppcenergy.ro\/wp-content\/uploads\/media.webp","width":2121,"height":1414},{"@type":"BreadcrumbList","@id":"https:\/\/www-preprod.ppcenergy.ro\/hu\/ppc-media\/#breadcrumb","itemListElement":[{"@type":"ListItem","position":1,"name":"Home","item":"https:\/\/www-preprod.ppcenergy.ro\/hu\/"},{"@type":"ListItem","position":2,"name":"M\u00e9dia"}]},{"@type":"WebSite","@id":"https:\/\/www-preprod.ppcenergy.ro\/#website","url":"https:\/\/www-preprod.ppcenergy.ro\/","name":"PPC","description":"Energy","publisher":{"@id":"https:\/\/www-preprod.ppcenergy.ro\/#organization"},"potentialAction":[{"@type":"SearchAction","target":{"@type":"EntryPoint","urlTemplate":"https:\/\/www-preprod.ppcenergy.ro\/?s={search_term_string}"},"query-input":{"@type":"PropertyValueSpecification","valueRequired":true,"valueName":"search_term_string"}}],"inLanguage":"hu"},{"@type":"Organization","@id":"https:\/\/www-preprod.ppcenergy.ro\/#organization","name":"PPC","url":"https:\/\/www-preprod.ppcenergy.ro\/","logo":{"@type":"ImageObject","inLanguage":"hu","@id":"https:\/\/www-preprod.ppcenergy.ro\/#\/schema\/logo\/image\/","url":"https:\/\/www-preprod.ppcenergy.ro\/wp-content\/uploads\/cropped-favicon.webp","contentUrl":"https:\/\/www-preprod.ppcenergy.ro\/wp-content\/uploads\/cropped-favicon.webp","width":512,"height":512,"caption":"PPC"},"image":{"@id":"https:\/\/www-preprod.ppcenergy.ro\/#\/schema\/logo\/image\/"},"sameAs":["https:\/\/www.facebook.com\/ppcenergy","https:\/\/x.com\/PPCEnergyRo","https:\/\/www.instagram.com\/ppcenergyro\/","https:\/\/www.youtube.com\/@PPCEnergy","https:\/\/www.linkedin.com\/company\/ppc-energy\/"]}]}},"_links":{"self":[{"href":"https:\/\/www-preprod.ppcenergy.ro\/hu\/wp-json\/wp\/v2\/pages\/18365","targetHints":{"allow":["GET"]}}],"collection":[{"href":"https:\/\/www-preprod.ppcenergy.ro\/hu\/wp-json\/wp\/v2\/pages"}],"about":[{"href":"https:\/\/www-preprod.ppcenergy.ro\/hu\/wp-json\/wp\/v2\/types\/page"}],"author":[{"embeddable":true,"href":"https:\/\/www-preprod.ppcenergy.ro\/hu\/wp-json\/wp\/v2\/users\/48"}],"replies":[{"embeddable":true,"href":"https:\/\/www-preprod.ppcenergy.ro\/hu\/wp-json\/wp\/v2\/comments?post=18365"}],"version-history":[{"count":7,"href":"https:\/\/www-preprod.ppcenergy.ro\/hu\/wp-json\/wp\/v2\/pages\/18365\/revisions"}],"predecessor-version":[{"id":18564,"href":"https:\/\/www-preprod.ppcenergy.ro\/hu\/wp-json\/wp\/v2\/pages\/18365\/revisions\/18564"}],"wp:featuredmedia":[{"embeddable":true,"href":"https:\/\/www-preprod.ppcenergy.ro\/hu\/wp-json\/wp\/v2\/media\/18366"}],"wp:attachment":[{"href":"https:\/\/www-preprod.ppcenergy.ro\/hu\/wp-json\/wp\/v2\/media?parent=18365"}],"curies":[{"name":"wp","href":"https:\/\/api.w.org\/{rel}","templated":true}]}}