{"id":18500,"date":"2024-03-19T11:19:52","date_gmt":"2024-03-19T09:19:52","guid":{"rendered":"https:\/\/www-preprod.ppcenergy.ro\/ppc-media\/stories\/"},"modified":"2025-06-03T20:57:07","modified_gmt":"2025-06-03T17:57:07","slug":"tortenetek","status":"publish","type":"page","link":"https:\/\/www-preprod.ppcenergy.ro\/hu\/ppc-media\/tortenetek\/","title":{"rendered":"T\u00f6rt\u00e9netek"},"content":{"rendered":"<section id=\"\" class=\"block-top-product \">\n    <div class='top-product'>\n                <div class=\"full-slide  fullproduct  articles left slider-type-gradient\">\n                                        <div\n                    class='gradient desktop bottomright yellow full eleven_per_row'>\n                    <div class='line line1'><\/div>\n                    <div class='line line2'><\/div>\n                    <div class='line line3'><\/div>\n                    <div class='line line4'><\/div>\n                                                                <div class='line line5'><\/div>\n                        <div class='line line6'><\/div>\n                        <div class='line line7'><\/div>\n                        <div class='line line8'><\/div>\n                        <div class='line line9'><\/div>\n                        <div class='line line10'><\/div>\n                        <div class='line line11'><\/div>\n                                    <\/div>\n                                                    <div class=\"product-textbox  text-color-black\">\n                                            <div\n                            class='gradient mobile bottomright yellow full eleven_per_row'>\n                            <div class='line line1'><\/div>\n                            <div class='line line2'><\/div>\n                            <div class='line line3'><\/div>\n                            <div class='line line4'><\/div>\n                                                                                        <div class='line line5'><\/div>\n                                <div class='line line6'><\/div>\n                                <div class='line line7'><\/div>\n                                <div class='line line8'><\/div>\n                                <div class='line line9'><\/div>\n                                <div class='line line10'><\/div>\n                                <div class='line line11'><\/div>\n                                                    <\/div>\n                    \n                                                                                    <h2 class=\"title\">\n                        T\u00f6rt\u00e9netek                        <\/h2>\n                                                                                    <div class=\"text\">\n                            <p><p>Szolg\u00e1ltat\u00e1sainkr\u00f3l \u00e9s energetikai trendekr\u0151l sz\u00f3l\u00f3 h\u00edrekkel hozzuk k\u00f6zel \u00d6nh\u00f6z az inspir\u00e1ci\u00f3t.<\/p>\n<\/p>\n                        <\/div>\n                                                                                \n                                                        <\/div>\n                    <\/div>\n    <\/div>\n<\/section>\n\n<section id=\"\" class=\"block-breadcrumbs\">\n    <ul id=\"breadcrumbs\" itemprop=\"breadcrumb\" class=\"breadcrumbs\"><li><a rel=\"home\" href=\"https:\/\/www-preprod.ppcenergy.ro\/hu\/\"><span class=\"logo-breadcrumbs\"><\/span><\/a><\/li><\/ul><\/section>\n\n\n<div style=\"height:32px\" aria-hidden=\"true\" class=\"wp-block-spacer\"><\/div>\n\n\n\n<h1 class=\"wp-block-heading\" id=\"h-tortenetek\">T\u00f6rt\u00e9netek<\/h1>\n\n\n\n<div class=\"wp-block-columns is-layout-flex wp-container-core-columns-is-layout-28f84493 wp-block-columns-is-layout-flex\">\n<div class=\"wp-block-column is-layout-flow wp-block-column-is-layout-flow\" style=\"flex-basis:66.66%\">\n<p>Szolg\u00e1ltat\u00e1sainkr\u00f3l \u00e9s energetikai trendekr\u0151l sz\u00f3l\u00f3 h\u00edrekkel hozzuk k\u00f6zel \u00d6nh\u00f6z az inspir\u00e1ci\u00f3t.<\/p>\n<\/div>\n\n\n\n<div class=\"wp-block-column is-layout-flow wp-block-column-is-layout-flow\" style=\"flex-basis:33.33%\"><\/div>\n<\/div>\n\n\n    <section id=\"\" class=\"block-image-carousel background-color-  block-typelist block-per-row2 slide-type-\">\n        <div class=\"gradient gradient-global  \">\n            <div class='line line1' style=\"\"><\/div>\n            <div class='line line2' style=\"\"><\/div>\n            <div class='line line3' style=\"\"><\/div>\n            <div class='line line4' style=\"\"><\/div>\n            <div class='line line5' style=\"\"><\/div>\n            <div class='line line6' style=\"\"><\/div>\n            <div class='line line7' style=\"\"><\/div>\n            <div class='line line8' style=\"\"><\/div>\n            <div class='line line9' style=\"\"><\/div>\n            <div class='line line10' style=\"\"><\/div>\n            <div class='line line11' style=\"\"><\/div>\n        <\/div>\n        <div class=\"pull-wrapper\">\n            <div class=\"upper container-pull\">\n                                            <\/div>\n            <div class='image-carousel-list' data-per-row=\"2\" data-size=\"\">\n                                    <div class=\"carousel-slide text-position-over\">\n                        <a href=\"https:\/\/www-preprod.ppcenergy.ro\/hu\/a-biologiai-sokfeleseg-unneplese\/\" title=\"A biol\u00f3giai sokf\u00e9les\u00e9g \u00fcnnepl\u00e9se\" class=\"carousel-image\">\n                            <img loading=\"lazy\" decoding=\"async\" width=\"1112\" height=\"800\" src=\"https:\/\/www-preprod.ppcenergy.ro\/wp-content\/uploads\/bujori-parcuri-2.jpg?w=1112&amp;h=800&amp;crop=1\" class=\"attachment-carouselimage size-carouselimage\" alt=\"\" srcset=\"https:\/\/www-preprod.ppcenergy.ro\/wp-content\/uploads\/bujori-parcuri-2.jpg?resize=1112,800 1112w, https:\/\/www-preprod.ppcenergy.ro\/wp-content\/uploads\/bujori-parcuri-2.jpg?resize=628,452 628w\" sizes=\"auto, (max-width: 1112px) 100vw, 1112px\" \/>                                                    <div class=\"textbox\">\n                            <h3 class=\"title\">\n                                <a  href=\"https:\/\/www-preprod.ppcenergy.ro\/hu\/a-biologiai-sokfeleseg-unneplese\/\" title=\"A biol\u00f3giai sokf\u00e9les\u00e9g \u00fcnnepl\u00e9se\">\n                                    A biol\u00f3giai sokf\u00e9les\u00e9g \u00fcnnepl\u00e9se                                <\/a>\n                            <\/h3>\n                                                            <p>Nagyra becs\u00fclj\u00fck a term\u00e9szetet, \u00e9s sz\u00e1mos kezdem\u00e9nyez\u00e9st ind\u00edtottunk a n\u00f6v\u00e9ny- \u00e9s \u00e1llatvil\u00e1g v\u00e9delm\u00e9re azokon a ter\u00fcleteken, ahol m\u0171k\u00f6d\u00fcnk.<\/p>\n                                                    <\/div>\n                                                    <\/a>\n                                                <a class=\"global-link\" href=\"https:\/\/www-preprod.ppcenergy.ro\/hu\/a-biologiai-sokfeleseg-unneplese\/\" title=\"A biol\u00f3giai sokf\u00e9les\u00e9g \u00fcnnepl\u00e9se\"><span class=\"long-arrow right\"><\/span><\/a>\n                    <\/div>\n                                <\/div>\n                    <\/div>\n    <\/section>\n","protected":false},"excerpt":{"rendered":"<p>T\u00f6rt\u00e9netek Szolg\u00e1ltat\u00e1sainkr\u00f3l \u00e9s energetikai trendekr\u0151l sz\u00f3l\u00f3 h\u00edrekkel hozzuk k\u00f6zel \u00d6nh\u00f6z az inspir\u00e1ci\u00f3t.<\/p>\n","protected":false},"author":48,"featured_media":0,"parent":18365,"menu_order":0,"comment_status":"closed","ping_status":"closed","template":"","meta":{"_acf_changed":false,"footnotes":""},"class_list":["post-18500","page","type-page","status-publish","hentry"],"acf":[],"yoast_head":"<!-- This site is optimized with the Yoast SEO Premium plugin v21.8 (Yoast SEO v27.3) - https:\/\/yoast.com\/product\/yoast-seo-premium-wordpress\/ -->\n<title>T\u00f6rt\u00e9netek - PPC<\/title>\n<meta name=\"description\" content=\"A legfrissebb h\u00edrek szolg\u00e1ltat\u00e1sainkr\u00f3l \u00e9s az energia\u00e1gazat trendjeir\u0151l.\" \/>\n<meta name=\"robots\" content=\"index, follow, max-snippet:-1, max-image-preview:large, max-video-preview:-1\" \/>\n<link rel=\"canonical\" href=\"https:\/\/www-preprod.ppcenergy.ro\/hu\/ppc-media\/tortenetek\/\" \/>\n<meta property=\"og:locale\" content=\"hu_HU\" \/>\n<meta property=\"og:type\" content=\"article\" \/>\n<meta property=\"og:title\" content=\"T\u00f6rt\u00e9netek\" \/>\n<meta property=\"og:description\" content=\"A legfrissebb h\u00edrek szolg\u00e1ltat\u00e1sainkr\u00f3l \u00e9s az energia\u00e1gazat trendjeir\u0151l.\" \/>\n<meta property=\"og:url\" content=\"https:\/\/www-preprod.ppcenergy.ro\/hu\/ppc-media\/tortenetek\/\" \/>\n<meta property=\"og:site_name\" content=\"PPC\" \/>\n<meta property=\"article:publisher\" content=\"https:\/\/www.facebook.com\/ppcenergy\" \/>\n<meta property=\"article:modified_time\" content=\"2025-06-03T17:57:07+00:00\" \/>\n<meta name=\"twitter:card\" content=\"summary_large_image\" \/>\n<meta name=\"twitter:title\" content=\"T\u00f6rt\u00e9netek\" \/>\n<meta name=\"twitter:site\" content=\"@PPCEnergyRo\" \/>\n<meta name=\"twitter:label1\" content=\"Est. reading time\" \/>\n\t<meta name=\"twitter:data1\" content=\"1 perc\" \/>\n<script type=\"application\/ld+json\" class=\"yoast-schema-graph\">{\"@context\":\"https:\\\/\\\/schema.org\",\"@graph\":[{\"@type\":\"WebPage\",\"@id\":\"https:\\\/\\\/www-preprod.ppcenergy.ro\\\/hu\\\/ppc-media\\\/tortenetek\\\/\",\"url\":\"https:\\\/\\\/www-preprod.ppcenergy.ro\\\/hu\\\/ppc-media\\\/tortenetek\\\/\",\"name\":\"T\u00f6rt\u00e9netek - PPC\",\"isPartOf\":{\"@id\":\"https:\\\/\\\/www-preprod.ppcenergy.ro\\\/#website\"},\"datePublished\":\"2024-03-19T09:19:52+00:00\",\"dateModified\":\"2025-06-03T17:57:07+00:00\",\"description\":\"A legfrissebb h\u00edrek szolg\u00e1ltat\u00e1sainkr\u00f3l \u00e9s az energia\u00e1gazat trendjeir\u0151l.\",\"breadcrumb\":{\"@id\":\"https:\\\/\\\/www-preprod.ppcenergy.ro\\\/hu\\\/ppc-media\\\/tortenetek\\\/#breadcrumb\"},\"inLanguage\":\"hu\",\"potentialAction\":[{\"@type\":\"ReadAction\",\"target\":[\"https:\\\/\\\/www-preprod.ppcenergy.ro\\\/hu\\\/ppc-media\\\/tortenetek\\\/\"]}]},{\"@type\":\"BreadcrumbList\",\"@id\":\"https:\\\/\\\/www-preprod.ppcenergy.ro\\\/hu\\\/ppc-media\\\/tortenetek\\\/#breadcrumb\",\"itemListElement\":[{\"@type\":\"ListItem\",\"position\":1,\"name\":\"Home\",\"item\":\"https:\\\/\\\/www-preprod.ppcenergy.ro\\\/hu\\\/\"},{\"@type\":\"ListItem\",\"position\":2,\"name\":\"M\u00e9dia\",\"item\":\"https:\\\/\\\/www-preprod.ppcenergy.ro\\\/hu\\\/ppc-media\\\/\"},{\"@type\":\"ListItem\",\"position\":3,\"name\":\"T\u00f6rt\u00e9netek\"}]},{\"@type\":\"WebSite\",\"@id\":\"https:\\\/\\\/www-preprod.ppcenergy.ro\\\/#website\",\"url\":\"https:\\\/\\\/www-preprod.ppcenergy.ro\\\/\",\"name\":\"PPC\",\"description\":\"Energy\",\"publisher\":{\"@id\":\"https:\\\/\\\/www-preprod.ppcenergy.ro\\\/#organization\"},\"potentialAction\":[{\"@type\":\"SearchAction\",\"target\":{\"@type\":\"EntryPoint\",\"urlTemplate\":\"https:\\\/\\\/www-preprod.ppcenergy.ro\\\/?s={search_term_string}\"},\"query-input\":{\"@type\":\"PropertyValueSpecification\",\"valueRequired\":true,\"valueName\":\"search_term_string\"}}],\"inLanguage\":\"hu\"},{\"@type\":\"Organization\",\"@id\":\"https:\\\/\\\/www-preprod.ppcenergy.ro\\\/#organization\",\"name\":\"PPC\",\"url\":\"https:\\\/\\\/www-preprod.ppcenergy.ro\\\/\",\"logo\":{\"@type\":\"ImageObject\",\"inLanguage\":\"hu\",\"@id\":\"https:\\\/\\\/www-preprod.ppcenergy.ro\\\/#\\\/schema\\\/logo\\\/image\\\/\",\"url\":\"https:\\\/\\\/www-preprod.ppcenergy.ro\\\/wp-content\\\/uploads\\\/cropped-favicon.webp\",\"contentUrl\":\"https:\\\/\\\/www-preprod.ppcenergy.ro\\\/wp-content\\\/uploads\\\/cropped-favicon.webp\",\"width\":512,\"height\":512,\"caption\":\"PPC\"},\"image\":{\"@id\":\"https:\\\/\\\/www-preprod.ppcenergy.ro\\\/#\\\/schema\\\/logo\\\/image\\\/\"},\"sameAs\":[\"https:\\\/\\\/www.facebook.com\\\/ppcenergy\",\"https:\\\/\\\/x.com\\\/PPCEnergyRo\",\"https:\\\/\\\/www.instagram.com\\\/ppcenergyro\\\/\",\"https:\\\/\\\/www.youtube.com\\\/@PPCEnergy\",\"https:\\\/\\\/www.linkedin.com\\\/company\\\/ppc-energy\\\/\"]}]}<\/script>\n<!-- \/ Yoast SEO Premium plugin. -->","yoast_head_json":{"title":"T\u00f6rt\u00e9netek - PPC","description":"A legfrissebb h\u00edrek szolg\u00e1ltat\u00e1sainkr\u00f3l \u00e9s az energia\u00e1gazat trendjeir\u0151l.","robots":{"index":"index","follow":"follow","max-snippet":"max-snippet:-1","max-image-preview":"max-image-preview:large","max-video-preview":"max-video-preview:-1"},"canonical":"https:\/\/www-preprod.ppcenergy.ro\/hu\/ppc-media\/tortenetek\/","og_locale":"hu_HU","og_type":"article","og_title":"T\u00f6rt\u00e9netek","og_description":"A legfrissebb h\u00edrek szolg\u00e1ltat\u00e1sainkr\u00f3l \u00e9s az energia\u00e1gazat trendjeir\u0151l.","og_url":"https:\/\/www-preprod.ppcenergy.ro\/hu\/ppc-media\/tortenetek\/","og_site_name":"PPC","article_publisher":"https:\/\/www.facebook.com\/ppcenergy","article_modified_time":"2025-06-03T17:57:07+00:00","twitter_card":"summary_large_image","twitter_title":"T\u00f6rt\u00e9netek","twitter_site":"@PPCEnergyRo","twitter_misc":{"Est. reading time":"1 perc"},"schema":{"@context":"https:\/\/schema.org","@graph":[{"@type":"WebPage","@id":"https:\/\/www-preprod.ppcenergy.ro\/hu\/ppc-media\/tortenetek\/","url":"https:\/\/www-preprod.ppcenergy.ro\/hu\/ppc-media\/tortenetek\/","name":"T\u00f6rt\u00e9netek - PPC","isPartOf":{"@id":"https:\/\/www-preprod.ppcenergy.ro\/#website"},"datePublished":"2024-03-19T09:19:52+00:00","dateModified":"2025-06-03T17:57:07+00:00","description":"A legfrissebb h\u00edrek szolg\u00e1ltat\u00e1sainkr\u00f3l \u00e9s az energia\u00e1gazat trendjeir\u0151l.","breadcrumb":{"@id":"https:\/\/www-preprod.ppcenergy.ro\/hu\/ppc-media\/tortenetek\/#breadcrumb"},"inLanguage":"hu","potentialAction":[{"@type":"ReadAction","target":["https:\/\/www-preprod.ppcenergy.ro\/hu\/ppc-media\/tortenetek\/"]}]},{"@type":"BreadcrumbList","@id":"https:\/\/www-preprod.ppcenergy.ro\/hu\/ppc-media\/tortenetek\/#breadcrumb","itemListElement":[{"@type":"ListItem","position":1,"name":"Home","item":"https:\/\/www-preprod.ppcenergy.ro\/hu\/"},{"@type":"ListItem","position":2,"name":"M\u00e9dia","item":"https:\/\/www-preprod.ppcenergy.ro\/hu\/ppc-media\/"},{"@type":"ListItem","position":3,"name":"T\u00f6rt\u00e9netek"}]},{"@type":"WebSite","@id":"https:\/\/www-preprod.ppcenergy.ro\/#website","url":"https:\/\/www-preprod.ppcenergy.ro\/","name":"PPC","description":"Energy","publisher":{"@id":"https:\/\/www-preprod.ppcenergy.ro\/#organization"},"potentialAction":[{"@type":"SearchAction","target":{"@type":"EntryPoint","urlTemplate":"https:\/\/www-preprod.ppcenergy.ro\/?s={search_term_string}"},"query-input":{"@type":"PropertyValueSpecification","valueRequired":true,"valueName":"search_term_string"}}],"inLanguage":"hu"},{"@type":"Organization","@id":"https:\/\/www-preprod.ppcenergy.ro\/#organization","name":"PPC","url":"https:\/\/www-preprod.ppcenergy.ro\/","logo":{"@type":"ImageObject","inLanguage":"hu","@id":"https:\/\/www-preprod.ppcenergy.ro\/#\/schema\/logo\/image\/","url":"https:\/\/www-preprod.ppcenergy.ro\/wp-content\/uploads\/cropped-favicon.webp","contentUrl":"https:\/\/www-preprod.ppcenergy.ro\/wp-content\/uploads\/cropped-favicon.webp","width":512,"height":512,"caption":"PPC"},"image":{"@id":"https:\/\/www-preprod.ppcenergy.ro\/#\/schema\/logo\/image\/"},"sameAs":["https:\/\/www.facebook.com\/ppcenergy","https:\/\/x.com\/PPCEnergyRo","https:\/\/www.instagram.com\/ppcenergyro\/","https:\/\/www.youtube.com\/@PPCEnergy","https:\/\/www.linkedin.com\/company\/ppc-energy\/"]}]}},"_links":{"self":[{"href":"https:\/\/www-preprod.ppcenergy.ro\/hu\/wp-json\/wp\/v2\/pages\/18500","targetHints":{"allow":["GET"]}}],"collection":[{"href":"https:\/\/www-preprod.ppcenergy.ro\/hu\/wp-json\/wp\/v2\/pages"}],"about":[{"href":"https:\/\/www-preprod.ppcenergy.ro\/hu\/wp-json\/wp\/v2\/types\/page"}],"author":[{"embeddable":true,"href":"https:\/\/www-preprod.ppcenergy.ro\/hu\/wp-json\/wp\/v2\/users\/48"}],"replies":[{"embeddable":true,"href":"https:\/\/www-preprod.ppcenergy.ro\/hu\/wp-json\/wp\/v2\/comments?post=18500"}],"version-history":[{"count":3,"href":"https:\/\/www-preprod.ppcenergy.ro\/hu\/wp-json\/wp\/v2\/pages\/18500\/revisions"}],"predecessor-version":[{"id":18540,"href":"https:\/\/www-preprod.ppcenergy.ro\/hu\/wp-json\/wp\/v2\/pages\/18500\/revisions\/18540"}],"up":[{"embeddable":true,"href":"https:\/\/www-preprod.ppcenergy.ro\/hu\/wp-json\/wp\/v2\/pages\/18365"}],"wp:attachment":[{"href":"https:\/\/www-preprod.ppcenergy.ro\/hu\/wp-json\/wp\/v2\/media?parent=18500"}],"curies":[{"name":"wp","href":"https:\/\/api.w.org\/{rel}","templated":true}]}}