{"id":18542,"date":"2024-03-18T14:24:36","date_gmt":"2024-03-18T12:24:36","guid":{"rendered":"https:\/\/www-preprod.ppcenergy.ro\/kik-vagyunk\/vallalatiranyitas\/stop-frauda\/"},"modified":"2025-06-12T12:20:46","modified_gmt":"2025-06-12T09:20:46","slug":"a-csalas-megallitasa","status":"publish","type":"page","link":"https:\/\/www-preprod.ppcenergy.ro\/hu\/kik-vagyunk\/vallalatiranyitas\/a-csalas-megallitasa\/","title":{"rendered":"A csal\u00e1s meg\u00e1ll\u00edt\u00e1sa"},"content":{"rendered":"<section id=\"\" class=\"block-top-product \">\n    <div class='top-product'>\n                <div class=\"full-slide  fullproduct  articles left slider-type-gradient\">\n                                        <div\n                    class='gradient desktop bottomright darkblue full eleven_per_row'>\n                    <div class='line line1'><\/div>\n                    <div class='line line2'><\/div>\n                    <div class='line line3'><\/div>\n                    <div class='line line4'><\/div>\n                                                                <div class='line line5'><\/div>\n                        <div class='line line6'><\/div>\n                        <div class='line line7'><\/div>\n                        <div class='line line8'><\/div>\n                        <div class='line line9'><\/div>\n                        <div class='line line10'><\/div>\n                        <div class='line line11'><\/div>\n                                    <\/div>\n                                                    <div class=\"product-textbox  text-color-white\">\n                                            <div\n                            class='gradient mobile bottomright darkblue full eleven_per_row'>\n                            <div class='line line1'><\/div>\n                            <div class='line line2'><\/div>\n                            <div class='line line3'><\/div>\n                            <div class='line line4'><\/div>\n                                                                                        <div class='line line5'><\/div>\n                                <div class='line line6'><\/div>\n                                <div class='line line7'><\/div>\n                                <div class='line line8'><\/div>\n                                <div class='line line9'><\/div>\n                                <div class='line line10'><\/div>\n                                <div class='line line11'><\/div>\n                                                    <\/div>\n                    \n                                                                                    <h2 class=\"title\">\n                        A csal\u00e1s meg\u00e1ll\u00edt\u00e1sa                        <\/h2>\n                                                                                    <div class=\"text\">\n                            <p><p>Tudja meg, hogyan jelentheti be a csal\u00e1s gyan\u00faj\u00e1t<\/p>\n<\/p>\n                        <\/div>\n                                                                                \n                                                        <\/div>\n                    <\/div>\n    <\/div>\n<\/section>\n\n<section id=\"\" class=\"block-breadcrumbs\">\n    <ul id=\"breadcrumbs\" itemprop=\"breadcrumb\" class=\"breadcrumbs\"><li><a rel=\"home\" href=\"https:\/\/www-preprod.ppcenergy.ro\/hu\/\"><span class=\"logo-breadcrumbs\"><\/span><\/a><\/li><\/ul><\/section>\n\n\n<div style=\"height:32px\" aria-hidden=\"true\" class=\"wp-block-spacer\"><\/div>\n\n\n\n<div class=\"wp-block-columns is-layout-flex wp-container-core-columns-is-layout-28f84493 wp-block-columns-is-layout-flex\">\n<div class=\"wp-block-column is-layout-flow wp-block-column-is-layout-flow\" style=\"flex-basis:66.66%\">\n<h1 class=\"wp-block-heading\" id=\"h-a-csalas-megallitasa\">A csal\u00e1s meg\u00e1ll\u00edt\u00e1sa<\/h1>\n\n\n\n<div style=\"height:16px\" aria-hidden=\"true\" class=\"wp-block-spacer\"><\/div>\n\n\n\n<p style=\"margin-top:var(--wp--preset--spacing--30);margin-bottom:var(--wp--preset--spacing--30)\">A PPC Energie S.A. \u00e1ltal ki\u00e1ll\u00edtott sz\u00e1ml\u00e1k kifizet\u00e9se t\u00f6bbf\u00e9le m\u00f3don t\u00f6rt\u00e9nhet, t\u00f6bbek k\u00f6z\u00f6tt internetes\/mobilbankol\u00e1ssal, myPPC alkalmaz\u00e1ssal, valamint \u00fczleteinkben vagy banki \u00e9s kereskedelmi partnereinkn\u00e9l. Minden fizet\u00e9si m\u00f3d el\u00e9rhet\u0151 itt.<\/p>\n\n\n\n<p>A PPC Energie S.A. munkat\u00e1rsai nem k\u00e9rnek k\u00e9szp\u00e9nzes fizet\u00e9st \u00e9s nem szednek p\u00e9nzt az \u00fcgyfelekt\u0151l. Amennyiben csal\u00e1s gyan\u00faja mer\u00fcl fel, k\u00e9rj\u00fck, forduljon hozz\u00e1nk a 021.9977-es telefonsz\u00e1mon, a 4-es gomb (norm\u00e1l d\u00edjszab\u00e1s\u00fa sz\u00e1m), a kapcsolatfelv\u00e9teli \u0171rlapon kereszt\u00fcl vagy \u00edr\u00e1sban az \u00dcgyf\u00e9lkapcsolati Oszt\u00e1ly figyelm\u00e9be, a k\u00f6vetkez\u0151 c\u00edmre: Bulevardul Mircea Voda, nr. 30, 6. emelet, 6.8-as szoba, 3. szektor, Bukarest.<\/p>\n\n\n\n<p style=\"margin-top:var(--wp--preset--spacing--30);margin-bottom:var(--wp--preset--spacing--30)\">A Stop Csal\u00e1s Elleni Platform c\u00e9lja a villamosenergia-eloszt\u00f3 h\u00e1l\u00f3zathoz val\u00f3 illeg\u00e1lis csatlakoz\u00e1sok \u00e9s a fogyaszt\u00e1sm\u00e9r\u0151 berendez\u00e9sek jogosulatlan manipul\u00e1l\u00e1sa elleni k\u00fczdelem. A be\u00e9rkez\u0151 panaszokat elemezz\u00fck, \u00e9s ellen\u0151rz\u00e9si \u00e9s megold\u00e1si int\u00e9zked\u00e9seket vezet\u00fcnk be, mind a villamosenergia-h\u00e1l\u00f3zat k\u00e1rosod\u00e1s\u00e1nak megel\u0151z\u00e9se \u00e9rdek\u00e9ben, amely negat\u00edv hat\u00e1ssal van t\u00f6bbek k\u00f6z\u00f6tt a szab\u00e1lyosan viselked\u0151 fogyaszt\u00f3k \u00e1ramell\u00e1t\u00e1s\u00e1ra, mind pedig az enged\u00e9ly n\u00e9lk\u00fcli beavatkoz\u00e1sok \u00e1ltal okozott eg\u00e9szs\u00e9g\u00fcgyi \u00e9s biztons\u00e1gi kock\u00e1zatok cs\u00f6kkent\u00e9se \u00e9rdek\u00e9ben. Munk\u00e1nk egy sz\u00e9les k\u00f6r\u0171 folyamat r\u00e9sze, amelynek c\u00e9lja az \u00fcgyfeleknek ny\u00fajtott szolg\u00e1ltat\u00e1saink jav\u00edt\u00e1sa.<\/p>\n<\/div>\n\n\n\n<div class=\"wp-block-column is-layout-flow wp-block-column-is-layout-flow\" style=\"flex-basis:33.33%\"><\/div>\n<\/div>\n\n\n<section id=\"\" class=\"block-accordion\">\n    <div class=\"accordion\">\n                    <div class=\"gradient blue2\">\n                <div class='line line1'><\/div>\n                <div class='line line2'><\/div>\n                <div class='line line3'><\/div>\n                <div class='line line4'><\/div>\n            <\/div>\n                <div class=\"accordion-title\">\n            <div class=\"image-text\">\n                                            <\/div>\n                                        <h3 class=\"title\">Hogyan tehet panaszt?<\/h3>\n                    <\/div>\n        <div class=\"accordion-desc\">\n                            <div class=\"text\"><p>H\u00edvjon minket!<\/p>\n<p>H\u00edv\u00e1sk\u00f6zpont<\/p>\n<p>Munt\u00e9nia r\u00e9gi\u00f3: Bukarest &#8211; 021 9291, Ilfov &#8211; 021 9291, Giurgiu &#8211; 021 9291;<\/p>\n<p>Dobrogea r\u00e9gi\u00f3: Constanta &#8211; 0241 929, Tulcea &#8211; 0240 929, Ialomita &#8211; 0243 929, Calarasi &#8211; 0242 929;<\/p>\n<p>B\u00e1n\u00e1t r\u00e9gi\u00f3: Temesv\u00e1r &#8211; 0256 929, Arad &#8211; 0257 929, Cara\u0219-Severin &#8211; 0255 929, Hunedoara &#8211; 0254 929.<\/p>\n<p>PPC Energie: 021.9977 (norm\u00e1l tarifasz\u00e1m)<\/p>\n<p>&nbsp;<\/p>\n<p>\u00cdrjon nek\u00fcnk e-mailt!<\/p>\n<p>K\u00e9rj\u00fck, hogy hagyjon nek\u00fcnk \u00fczenetet az al\u00e1bbi e-mail c\u00edmen: <a href=\"mailto:sustrageri.energie.ro@ppcgroup.com\">sustrageri.energie.ro@ppcgroup.com<\/a><\/p>\n<p>&nbsp;<\/p>\n<p>K\u00fcldj\u00f6n nek\u00fcnk levelet!<\/p>\n<p>\u00cdr\u00e1sos panaszt k\u00fcldhet nek\u00fcnk a k\u00f6vetkez\u0151 c\u00edmre: Registratura PPC Romania, Bulevardul Mircea Voda, nr. 30, 6. emelet, 6.8-as szoba, 3. szektor, Bukarest.<\/p>\n<p><!-- \/wp:paragraph --><\/p>\n<p><!-- \/wp:paragraph --><\/p>\n<\/div>\n                                            <\/div>\n    <\/div>\n<\/section>","protected":false},"excerpt":{"rendered":"<p>A csal\u00e1s meg\u00e1ll\u00edt\u00e1sa A PPC Energie S.A. \u00e1ltal ki\u00e1ll\u00edtott sz\u00e1ml\u00e1k kifizet\u00e9se t\u00f6bbf\u00e9le m\u00f3don t\u00f6rt\u00e9nhet, t\u00f6bbek k\u00f6z\u00f6tt internetes\/mobilbankol\u00e1ssal, myPPC alkalmaz\u00e1ssal, valamint \u00fczleteinkben vagy banki \u00e9s kereskedelmi partnereinkn\u00e9l. Minden fizet\u00e9si m\u00f3d el\u00e9rhet\u0151 itt. A PPC Energie S.A. munkat\u00e1rsai nem k\u00e9rnek k\u00e9szp\u00e9nzes fizet\u00e9st \u00e9s nem szednek p\u00e9nzt az \u00fcgyfelekt\u0151l. Amennyiben csal\u00e1s gyan\u00faja mer\u00fcl fel, k\u00e9rj\u00fck, forduljon hozz\u00e1nk a [&hellip;]<\/p>\n","protected":false},"author":48,"featured_media":0,"parent":17109,"menu_order":0,"comment_status":"closed","ping_status":"closed","template":"","meta":{"_acf_changed":false,"footnotes":""},"class_list":["post-18542","page","type-page","status-publish","hentry"],"acf":[],"yoast_head":"<!-- This site is optimized with the Yoast SEO Premium plugin v21.8 (Yoast SEO v27.3) - https:\/\/yoast.com\/product\/yoast-seo-premium-wordpress\/ -->\n<title>A csal\u00e1s meg\u00e1ll\u00edt\u00e1sa - PPC<\/title>\n<meta name=\"description\" content=\"Tudja meg, hogyan jelentheti be a csal\u00e1s gyan\u00faj\u00e1t.\" \/>\n<meta name=\"robots\" content=\"index, follow, max-snippet:-1, max-image-preview:large, max-video-preview:-1\" \/>\n<link rel=\"canonical\" href=\"https:\/\/www-preprod.ppcenergy.ro\/hu\/kik-vagyunk\/vallalatiranyitas\/a-csalas-megallitasa\/\" \/>\n<meta property=\"og:locale\" content=\"hu_HU\" \/>\n<meta property=\"og:type\" content=\"article\" \/>\n<meta property=\"og:title\" content=\"A csal\u00e1s meg\u00e1ll\u00edt\u00e1sa\" \/>\n<meta property=\"og:description\" content=\"Tudja meg, hogyan jelentheti be a csal\u00e1s gyan\u00faj\u00e1t!\" \/>\n<meta property=\"og:url\" content=\"https:\/\/www-preprod.ppcenergy.ro\/hu\/kik-vagyunk\/vallalatiranyitas\/a-csalas-megallitasa\/\" \/>\n<meta property=\"og:site_name\" content=\"PPC\" \/>\n<meta property=\"article:publisher\" content=\"https:\/\/www.facebook.com\/ppcenergy\" \/>\n<meta property=\"article:modified_time\" content=\"2025-06-12T09:20:46+00:00\" \/>\n<meta name=\"twitter:card\" content=\"summary_large_image\" \/>\n<meta name=\"twitter:title\" content=\"A csal\u00e1s meg\u00e1ll\u00edt\u00e1sa\" \/>\n<meta name=\"twitter:site\" content=\"@PPCEnergyRo\" \/>\n<meta name=\"twitter:label1\" content=\"Est. reading time\" \/>\n\t<meta name=\"twitter:data1\" content=\"1 perc\" \/>\n<script type=\"application\/ld+json\" class=\"yoast-schema-graph\">{\"@context\":\"https:\\\/\\\/schema.org\",\"@graph\":[{\"@type\":\"WebPage\",\"@id\":\"https:\\\/\\\/www-preprod.ppcenergy.ro\\\/hu\\\/kik-vagyunk\\\/vallalatiranyitas\\\/a-csalas-megallitasa\\\/\",\"url\":\"https:\\\/\\\/www-preprod.ppcenergy.ro\\\/hu\\\/kik-vagyunk\\\/vallalatiranyitas\\\/a-csalas-megallitasa\\\/\",\"name\":\"A csal\u00e1s meg\u00e1ll\u00edt\u00e1sa - PPC\",\"isPartOf\":{\"@id\":\"https:\\\/\\\/www-preprod.ppcenergy.ro\\\/#website\"},\"datePublished\":\"2024-03-18T12:24:36+00:00\",\"dateModified\":\"2025-06-12T09:20:46+00:00\",\"description\":\"Tudja meg, hogyan jelentheti be a csal\u00e1s gyan\u00faj\u00e1t.\",\"breadcrumb\":{\"@id\":\"https:\\\/\\\/www-preprod.ppcenergy.ro\\\/hu\\\/kik-vagyunk\\\/vallalatiranyitas\\\/a-csalas-megallitasa\\\/#breadcrumb\"},\"inLanguage\":\"hu\",\"potentialAction\":[{\"@type\":\"ReadAction\",\"target\":[\"https:\\\/\\\/www-preprod.ppcenergy.ro\\\/hu\\\/kik-vagyunk\\\/vallalatiranyitas\\\/a-csalas-megallitasa\\\/\"]}]},{\"@type\":\"BreadcrumbList\",\"@id\":\"https:\\\/\\\/www-preprod.ppcenergy.ro\\\/hu\\\/kik-vagyunk\\\/vallalatiranyitas\\\/a-csalas-megallitasa\\\/#breadcrumb\",\"itemListElement\":[{\"@type\":\"ListItem\",\"position\":1,\"name\":\"Home\",\"item\":\"https:\\\/\\\/www-preprod.ppcenergy.ro\\\/hu\\\/\"},{\"@type\":\"ListItem\",\"position\":2,\"name\":\"R\u00f3lunk\",\"item\":\"https:\\\/\\\/www-preprod.ppcenergy.ro\\\/hu\\\/kik-vagyunk\\\/\"},{\"@type\":\"ListItem\",\"position\":3,\"name\":\"V\u00e1llalatir\u00e1ny\u00edt\u00e1s\",\"item\":\"https:\\\/\\\/www-preprod.ppcenergy.ro\\\/hu\\\/kik-vagyunk\\\/vallalatiranyitas\\\/\"},{\"@type\":\"ListItem\",\"position\":4,\"name\":\"A csal\u00e1s meg\u00e1ll\u00edt\u00e1sa\"}]},{\"@type\":\"WebSite\",\"@id\":\"https:\\\/\\\/www-preprod.ppcenergy.ro\\\/#website\",\"url\":\"https:\\\/\\\/www-preprod.ppcenergy.ro\\\/\",\"name\":\"PPC\",\"description\":\"Energy\",\"publisher\":{\"@id\":\"https:\\\/\\\/www-preprod.ppcenergy.ro\\\/#organization\"},\"potentialAction\":[{\"@type\":\"SearchAction\",\"target\":{\"@type\":\"EntryPoint\",\"urlTemplate\":\"https:\\\/\\\/www-preprod.ppcenergy.ro\\\/?s={search_term_string}\"},\"query-input\":{\"@type\":\"PropertyValueSpecification\",\"valueRequired\":true,\"valueName\":\"search_term_string\"}}],\"inLanguage\":\"hu\"},{\"@type\":\"Organization\",\"@id\":\"https:\\\/\\\/www-preprod.ppcenergy.ro\\\/#organization\",\"name\":\"PPC\",\"url\":\"https:\\\/\\\/www-preprod.ppcenergy.ro\\\/\",\"logo\":{\"@type\":\"ImageObject\",\"inLanguage\":\"hu\",\"@id\":\"https:\\\/\\\/www-preprod.ppcenergy.ro\\\/#\\\/schema\\\/logo\\\/image\\\/\",\"url\":\"https:\\\/\\\/www-preprod.ppcenergy.ro\\\/wp-content\\\/uploads\\\/cropped-favicon.webp\",\"contentUrl\":\"https:\\\/\\\/www-preprod.ppcenergy.ro\\\/wp-content\\\/uploads\\\/cropped-favicon.webp\",\"width\":512,\"height\":512,\"caption\":\"PPC\"},\"image\":{\"@id\":\"https:\\\/\\\/www-preprod.ppcenergy.ro\\\/#\\\/schema\\\/logo\\\/image\\\/\"},\"sameAs\":[\"https:\\\/\\\/www.facebook.com\\\/ppcenergy\",\"https:\\\/\\\/x.com\\\/PPCEnergyRo\",\"https:\\\/\\\/www.instagram.com\\\/ppcenergyro\\\/\",\"https:\\\/\\\/www.youtube.com\\\/@PPCEnergy\",\"https:\\\/\\\/www.linkedin.com\\\/company\\\/ppc-energy\\\/\"]}]}<\/script>\n<!-- \/ Yoast SEO Premium plugin. -->","yoast_head_json":{"title":"A csal\u00e1s meg\u00e1ll\u00edt\u00e1sa - PPC","description":"Tudja meg, hogyan jelentheti be a csal\u00e1s gyan\u00faj\u00e1t.","robots":{"index":"index","follow":"follow","max-snippet":"max-snippet:-1","max-image-preview":"max-image-preview:large","max-video-preview":"max-video-preview:-1"},"canonical":"https:\/\/www-preprod.ppcenergy.ro\/hu\/kik-vagyunk\/vallalatiranyitas\/a-csalas-megallitasa\/","og_locale":"hu_HU","og_type":"article","og_title":"A csal\u00e1s meg\u00e1ll\u00edt\u00e1sa","og_description":"Tudja meg, hogyan jelentheti be a csal\u00e1s gyan\u00faj\u00e1t!","og_url":"https:\/\/www-preprod.ppcenergy.ro\/hu\/kik-vagyunk\/vallalatiranyitas\/a-csalas-megallitasa\/","og_site_name":"PPC","article_publisher":"https:\/\/www.facebook.com\/ppcenergy","article_modified_time":"2025-06-12T09:20:46+00:00","twitter_card":"summary_large_image","twitter_title":"A csal\u00e1s meg\u00e1ll\u00edt\u00e1sa","twitter_site":"@PPCEnergyRo","twitter_misc":{"Est. reading time":"1 perc"},"schema":{"@context":"https:\/\/schema.org","@graph":[{"@type":"WebPage","@id":"https:\/\/www-preprod.ppcenergy.ro\/hu\/kik-vagyunk\/vallalatiranyitas\/a-csalas-megallitasa\/","url":"https:\/\/www-preprod.ppcenergy.ro\/hu\/kik-vagyunk\/vallalatiranyitas\/a-csalas-megallitasa\/","name":"A csal\u00e1s meg\u00e1ll\u00edt\u00e1sa - PPC","isPartOf":{"@id":"https:\/\/www-preprod.ppcenergy.ro\/#website"},"datePublished":"2024-03-18T12:24:36+00:00","dateModified":"2025-06-12T09:20:46+00:00","description":"Tudja meg, hogyan jelentheti be a csal\u00e1s gyan\u00faj\u00e1t.","breadcrumb":{"@id":"https:\/\/www-preprod.ppcenergy.ro\/hu\/kik-vagyunk\/vallalatiranyitas\/a-csalas-megallitasa\/#breadcrumb"},"inLanguage":"hu","potentialAction":[{"@type":"ReadAction","target":["https:\/\/www-preprod.ppcenergy.ro\/hu\/kik-vagyunk\/vallalatiranyitas\/a-csalas-megallitasa\/"]}]},{"@type":"BreadcrumbList","@id":"https:\/\/www-preprod.ppcenergy.ro\/hu\/kik-vagyunk\/vallalatiranyitas\/a-csalas-megallitasa\/#breadcrumb","itemListElement":[{"@type":"ListItem","position":1,"name":"Home","item":"https:\/\/www-preprod.ppcenergy.ro\/hu\/"},{"@type":"ListItem","position":2,"name":"R\u00f3lunk","item":"https:\/\/www-preprod.ppcenergy.ro\/hu\/kik-vagyunk\/"},{"@type":"ListItem","position":3,"name":"V\u00e1llalatir\u00e1ny\u00edt\u00e1s","item":"https:\/\/www-preprod.ppcenergy.ro\/hu\/kik-vagyunk\/vallalatiranyitas\/"},{"@type":"ListItem","position":4,"name":"A csal\u00e1s meg\u00e1ll\u00edt\u00e1sa"}]},{"@type":"WebSite","@id":"https:\/\/www-preprod.ppcenergy.ro\/#website","url":"https:\/\/www-preprod.ppcenergy.ro\/","name":"PPC","description":"Energy","publisher":{"@id":"https:\/\/www-preprod.ppcenergy.ro\/#organization"},"potentialAction":[{"@type":"SearchAction","target":{"@type":"EntryPoint","urlTemplate":"https:\/\/www-preprod.ppcenergy.ro\/?s={search_term_string}"},"query-input":{"@type":"PropertyValueSpecification","valueRequired":true,"valueName":"search_term_string"}}],"inLanguage":"hu"},{"@type":"Organization","@id":"https:\/\/www-preprod.ppcenergy.ro\/#organization","name":"PPC","url":"https:\/\/www-preprod.ppcenergy.ro\/","logo":{"@type":"ImageObject","inLanguage":"hu","@id":"https:\/\/www-preprod.ppcenergy.ro\/#\/schema\/logo\/image\/","url":"https:\/\/www-preprod.ppcenergy.ro\/wp-content\/uploads\/cropped-favicon.webp","contentUrl":"https:\/\/www-preprod.ppcenergy.ro\/wp-content\/uploads\/cropped-favicon.webp","width":512,"height":512,"caption":"PPC"},"image":{"@id":"https:\/\/www-preprod.ppcenergy.ro\/#\/schema\/logo\/image\/"},"sameAs":["https:\/\/www.facebook.com\/ppcenergy","https:\/\/x.com\/PPCEnergyRo","https:\/\/www.instagram.com\/ppcenergyro\/","https:\/\/www.youtube.com\/@PPCEnergy","https:\/\/www.linkedin.com\/company\/ppc-energy\/"]}]}},"_links":{"self":[{"href":"https:\/\/www-preprod.ppcenergy.ro\/hu\/wp-json\/wp\/v2\/pages\/18542","targetHints":{"allow":["GET"]}}],"collection":[{"href":"https:\/\/www-preprod.ppcenergy.ro\/hu\/wp-json\/wp\/v2\/pages"}],"about":[{"href":"https:\/\/www-preprod.ppcenergy.ro\/hu\/wp-json\/wp\/v2\/types\/page"}],"author":[{"embeddable":true,"href":"https:\/\/www-preprod.ppcenergy.ro\/hu\/wp-json\/wp\/v2\/users\/48"}],"replies":[{"embeddable":true,"href":"https:\/\/www-preprod.ppcenergy.ro\/hu\/wp-json\/wp\/v2\/comments?post=18542"}],"version-history":[{"count":5,"href":"https:\/\/www-preprod.ppcenergy.ro\/hu\/wp-json\/wp\/v2\/pages\/18542\/revisions"}],"predecessor-version":[{"id":19092,"href":"https:\/\/www-preprod.ppcenergy.ro\/hu\/wp-json\/wp\/v2\/pages\/18542\/revisions\/19092"}],"up":[{"embeddable":true,"href":"https:\/\/www-preprod.ppcenergy.ro\/hu\/wp-json\/wp\/v2\/pages\/17109"}],"wp:attachment":[{"href":"https:\/\/www-preprod.ppcenergy.ro\/hu\/wp-json\/wp\/v2\/media?parent=18542"}],"curies":[{"name":"wp","href":"https:\/\/api.w.org\/{rel}","templated":true}]}}