{"id":18686,"date":"2024-03-21T18:29:07","date_gmt":"2024-03-21T16:29:07","guid":{"rendered":"https:\/\/www-preprod.ppcenergy.ro\/?page_id=18686"},"modified":"2025-06-16T10:38:50","modified_gmt":"2025-06-16T07:38:50","slug":"servicii-ppc-asistenta-gaz","status":"publish","type":"page","link":"https:\/\/www-preprod.ppcenergy.ro\/hu\/szolgaltatasok-otthonhoz\/servicii-ppc-asistenta-gaz\/","title":{"rendered":"PPC Asisten\u021b\u0103 Gaz"},"content":{"rendered":"<section id=\"\" class=\"block-top-product \">\n    <div class='top-product'>\n                <div class=\"full-slide  gradientproduct  articles left slider-type-gradinetimage\">\n                                        <div\n                    class='gradient desktop topright neongreen  four_per_row'>\n                    <div class='line line1'><\/div>\n                    <div class='line line2'><\/div>\n                    <div class='line line3'><\/div>\n                    <div class='line line4'><\/div>\n                                                        <\/div>\n                                                            <div class=\"product-image topright neongreen\">\n                        <img loading=\"lazy\" decoding=\"async\" width=\"1024\" height=\"683\" src=\"https:\/\/www-preprod.ppcenergy.ro\/wp-content\/uploads\/electripedia-idei-7.webp?w=1024\" class=\"attachment-gradientproduct size-gradientproduct\" alt=\"\" srcset=\"https:\/\/www-preprod.ppcenergy.ro\/wp-content\/uploads\/electripedia-idei-7.webp 5905w, https:\/\/www-preprod.ppcenergy.ro\/wp-content\/uploads\/electripedia-idei-7.webp?resize=300,200 300w, https:\/\/www-preprod.ppcenergy.ro\/wp-content\/uploads\/electripedia-idei-7.webp?resize=768,512 768w, https:\/\/www-preprod.ppcenergy.ro\/wp-content\/uploads\/electripedia-idei-7.webp?resize=1024,683 1024w, https:\/\/www-preprod.ppcenergy.ro\/wp-content\/uploads\/electripedia-idei-7.webp?resize=1536,1024 1536w, https:\/\/www-preprod.ppcenergy.ro\/wp-content\/uploads\/electripedia-idei-7.webp?resize=2048,1365 2048w, https:\/\/www-preprod.ppcenergy.ro\/wp-content\/uploads\/electripedia-idei-7.webp?resize=75,50 75w\" sizes=\"auto, (max-width: 1024px) 100vw, 1024px\" \/>                    <\/div>\n                \n                                        <div class=\"product-textbox  text-color-black\">\n                                            <div\n                            class='gradient mobile topright neongreen  four_per_row'>\n                            <div class='line line1'><\/div>\n                            <div class='line line2'><\/div>\n                            <div class='line line3'><\/div>\n                            <div class='line line4'><\/div>\n                                                                                <\/div>\n                    \n                                            <div class=\"logo-title\">\n                                                            <div class=\"product-slider-logo\">\n                                    <img loading=\"lazy\" decoding=\"async\" width=\"2000\" height=\"50\" src=\"https:\/\/www-preprod.ppcenergy.ro\/wp-content\/uploads\/PPC_logo_positive.svg?w=2000\" class=\"attachment-product-slider-logo size-product-slider-logo\" alt=\"\" \/>                                <\/div>\n                                                                                        <div>\n                                    <p>Otthoni szolg\u00e1ltat\u00e1sok<\/p>\n                                <\/div>\n                                                    <\/div>\n                                                                                    <h2 class=\"title\">\n                        PPC Asisten\u021b\u0103 Gaz                        <\/h2>\n                                                                                    <div class=\"text\">\n                            <p><p>Szolg\u00e1ltat\u00e1sunk s\u00fcrg\u0151ss\u00e9gi beavatkoz\u00e1sokat k\u00edn\u00e1l g\u00e1zszerel\u00e9si probl\u00e9m\u00e1k eset\u00e9n, valamint mag\u00e1ban foglalja a g\u00e1zszerel\u00e9si m\u0171szaki ellen\u0151rz\u00e9sek elv\u00e9gz\u00e9s\u00e9t is.<\/p>\n<\/p>\n                        <\/div>\n                                                                                \n                                                        <\/div>\n                    <\/div>\n    <\/div>\n<\/section>\n\n<section id=\"\" class=\"block-breadcrumbs\">\n    <ul id=\"breadcrumbs\" itemprop=\"breadcrumb\" class=\"breadcrumbs\"><li><a rel=\"home\" href=\"https:\/\/www-preprod.ppcenergy.ro\/hu\/\"><span class=\"logo-breadcrumbs\"><\/span><\/a><\/li><\/ul><\/section>\n\n\n<div style=\"height:32px\" aria-hidden=\"true\" class=\"wp-block-spacer\"><\/div>\n\n\n\n<h1 class=\"wp-block-heading\" id=\"h-fedezze-fel-a-ppc-gaz-tamogatasat\">Fedezze fel a PPC g\u00e1z t\u00e1mogat\u00e1s\u00e1t<\/h1>\n\n\n\n<div class=\"wp-block-columns is-layout-flex wp-container-core-columns-is-layout-28f84493 wp-block-columns-is-layout-flex\">\n<div class=\"wp-block-column is-layout-flow wp-block-column-is-layout-flow\" style=\"flex-basis:66.66%\"><section id=\"\" class=\"block-productcolumn aside-title-block\">\n            <h3 class=\"title-aside\">J\u00f3 tudni<\/h3>\n    \n    <div class=\"list-aside\">\n        <div class=\"product-column-blocks\">\n\n<p>A Gaz Asisten\u021b\u0103 vagy Gaz Asisten\u021b\u0103+ szolg\u00e1ltat\u00e1s kiz\u00e1r\u00f3lag azoknak a lakoss\u00e1gi \u00fcgyfeleknek \u00e9rhet\u0151 el, akik m\u00e1r megv\u00e1s\u00e1rolt\u00e1k el\u0151fizet\u00e9s\u00fcket. Jelenleg ez a szolg\u00e1ltat\u00e1s nem el\u00e9rhet\u0151 \u00faj \u00e9rt\u00e9kes\u00edt\u00e9sre.<\/p>\n\n\n\n<p><strong>Mennyi a maxim\u00e1lis \u00f6sszeg a s\u00fcrg\u0151ss\u00e9gi g\u00e1zszolg\u00e1ltat\u00e1s\u00e9rt?<\/strong><br>\u00c9vente 2 beavatkoz\u00e1st vehet ig\u00e9nybe, egyenk\u00e9nt maximum 450 lej \u00e9rt\u00e9kben (\u00e1f\u00e1val egy\u00fctt). A szolg\u00e1ltat\u00e1s 24 h\u00f3napig vehet\u0151 ig\u00e9nybe.<\/p>\n\n<\/div>\n    <\/div>\n\n<\/section>\n<\/div>\n\n\n\n<div class=\"wp-block-column is-layout-flow wp-block-column-is-layout-flow\" style=\"flex-basis:33.33%\"><\/div>\n<\/div>\n\n\n    <section id=\"\" class=\"block-carousel background-color- is-style-border\">\n        <div class=\"gradient gradient-global  \">\n            <div class='line line1' style=\"\"><\/div>\n            <div class='line line2' style=\"\"><\/div>\n            <div class='line line3' style=\"\"><\/div>\n            <div class='line line4' style=\"\"><\/div>\n            <div class='line line5' style=\"\"><\/div>\n            <div class='line line6' style=\"\"><\/div>\n            <div class='line line7' style=\"\"><\/div>\n            <div class='line line8' style=\"\"><\/div>\n            <div class='line line9' style=\"\"><\/div>\n            <div class='line line10' style=\"\"><\/div>\n            <div class='line line11' style=\"\"><\/div>\n        <\/div>\n        <div class=\"pull-wrapper\">\n            <div class=\"upper-slider container-pull\">\n                                    <h2 class=\"title\">\n                        Szolg\u00e1ltat\u00e1sok t\u00edpusai                    <\/h2>\n                                <\/div>\n                    <\/div>\n        <div class='carousel-global pull-wrapper carousel-list'\n             data-slide-per-row=\"3\">\n                                 <div class=\"carousel-slide three_per_row\">\n                                            <div class=\"image-carousel\">\n                            <img decoding=\"async\" width=\"1024\" src=\"https:\/\/www-preprod.ppcenergy.ro\/wp-content\/uploads\/icon-service-gaz.svg?w=1024\" class=\"attachment-iconcarousel size-iconcarousel\" alt=\"\" \/>                                                    <\/div>\n                                                                <div class=\"text-carousel\">\n                                                            <h3 class=\"title\">\n                                    Asisten\u021b\u0103 Gaz                                <\/h3>\n                                                                                        <div class=\"text\">\n                                    <p>Tartalmaz 4 s\u00fcrg\u0151ss\u00e9gi beavatkoz\u00e1st a g\u00e1zk\u00e9sz\u00fcl\u00e9ken \u00e9s a g\u00e1zk\u00e9sz\u00fcl\u00e9k m\u0171szaki ellen\u0151rz\u00e9s\u00e9t (2 \u00e9vente egyszer).<\/p>\n                                <\/div>\n                                                    <\/div>\n                                                        <\/div>\n                                <div class=\"carousel-slide three_per_row\">\n                                            <div class=\"image-carousel\">\n                            <img decoding=\"async\" width=\"1024\" src=\"https:\/\/www-preprod.ppcenergy.ro\/wp-content\/uploads\/icon-service-gaz.svg?w=1024\" class=\"attachment-iconcarousel size-iconcarousel\" alt=\"\" \/>                                                    <\/div>\n                                                                <div class=\"text-carousel\">\n                                                            <h3 class=\"title\">\n                                    Asisten\u021b\u0103 Gaz+                                <\/h3>\n                                                                                        <div class=\"text\">\n                                    <p>Tartalmaz 4 s\u00fcrg\u0151ss\u00e9gi beavatkoz\u00e1st a g\u00e1zk\u00e9sz\u00fcl\u00e9ken, a g\u00e1z\u00fczem\u0171 k\u00f6zponti f\u0171t\u00e9si rendszer ellen\u0151rz\u00e9s\u00e9t \u00e9s a g\u00e1zk\u00e9sz\u00fcl\u00e9k m\u0171szaki ellen\u0151rz\u00e9s\u00e9t (2 \u00e9vente).<\/p>\n                                <\/div>\n                                                    <\/div>\n                                                        <\/div>\n                        <\/div>\n            <\/section>\n\n\n    <section id=\"\" class=\"block-documents aside-title-block\">\n                    <h3 class=\"title-aside\">Hasznos dokumentumok<\/h3>\n                                            <div class=\"list-aside documents-list\">\n                    \n                                <div class=\"document\">\n                                    <div class=\"left-document\">\n                                                                                                                            <div class=\"title-document\">\u00c1ltal\u00e1nos szerz\u0151d\u00e9si felt\u00e9telek Asisten\u021b\u0103 Gaz<\/div>\n                                                                                <div class=\"category-date\">\n                                                                                            <div class=\"category-document\"><\/div>\n                                                                                                                                <\/div>\n                                    <\/div>\n                                                                            <a href=\"https:\/\/www-preprod.ppcenergy.ro\/wp-content\/uploads\/conditii-generale-contractuale-ppc-asistenta-gaz.pdf\" target=\"_blank\" class=\"right-document\">\n                                                                                            <div class=\"size-document\">pdf (930,36 KB)<\/div>\n                                                                                    <\/a>\n                                                                    <\/div>\n                                                                        \n                                <div class=\"document\">\n                                    <div class=\"left-document\">\n                                                                                                                            <div class=\"title-document\">\u00c1ltal\u00e1nos szerz\u0151d\u00e9si felt\u00e9telek Asisten\u021b\u0103 Gaz+<\/div>\n                                                                                <div class=\"category-date\">\n                                                                                            <div class=\"category-document\"><\/div>\n                                                                                                                                <\/div>\n                                    <\/div>\n                                                                            <a href=\"https:\/\/www-preprod.ppcenergy.ro\/wp-content\/uploads\/conditii-generale-contractuale-ppc-asistenta-gaz-plus.pdf\" target=\"_blank\" class=\"right-document\">\n                                                                                            <div class=\"size-document\">pdf (939,02 KB)<\/div>\n                                                                                    <\/a>\n                                                                    <\/div>\n                                                                                        <\/div>\n                                <\/section>\n","protected":false},"excerpt":{"rendered":"<p>Fedezze fel a PPC g\u00e1z t\u00e1mogat\u00e1s\u00e1t<\/p>\n","protected":false},"author":48,"featured_media":17724,"parent":17206,"menu_order":0,"comment_status":"closed","ping_status":"closed","template":"","meta":{"_acf_changed":false,"footnotes":""},"class_list":["post-18686","page","type-page","status-publish","has-post-thumbnail","hentry"],"acf":[],"yoast_head":"<!-- This site is optimized with the Yoast SEO Premium plugin v21.8 (Yoast SEO v27.3) - https:\/\/yoast.com\/product\/yoast-seo-premium-wordpress\/ -->\n<title>PPC Gas Asisten\u021b\u0103 | 4 s\u00fcrg\u0151ss\u00e9gi beavatkoz\u00e1s, bele\u00e9rtve a k\u00f6vetkez\u0151ket<\/title>\n<meta name=\"description\" content=\"N\u00e9zze meg, hogyan l\u00e9phet kapcsolatba vel\u00fcnk, ha ig\u00e9nybe vette a PPC Gaz Asisten\u021b\u0103 szolg\u00e1ltat\u00e1st | Minden sz\u00fcks\u00e9ges inform\u00e1ci\u00f3t megtal\u00e1l most\" \/>\n<meta name=\"robots\" content=\"index, follow, max-snippet:-1, max-image-preview:large, max-video-preview:-1\" \/>\n<link rel=\"canonical\" href=\"https:\/\/www-preprod.ppcenergy.ro\/hu\/szolgaltatasok-otthonhoz\/servicii-ppc-asistenta-gaz\/\" \/>\n<meta property=\"og:locale\" content=\"hu_HU\" \/>\n<meta property=\"og:type\" content=\"article\" \/>\n<meta property=\"og:title\" content=\"PPC Gas Assistance | 4 s\u00fcrg\u0151ss\u00e9gi beavatkoz\u00e1s, bele\u00e9rtve a k\u00f6vetkez\u0151ket\" \/>\n<meta property=\"og:description\" content=\"N\u00e9zze meg, hogyan l\u00e9phet kapcsolatba vel\u00fcnk, ha ig\u00e9nybe vette a PPC Gas Assistance szolg\u00e1ltat\u00e1st | Minden sz\u00fcks\u00e9ges inform\u00e1ci\u00f3t megtal\u00e1l most\" \/>\n<meta property=\"og:url\" content=\"https:\/\/www-preprod.ppcenergy.ro\/hu\/szolgaltatasok-otthonhoz\/servicii-ppc-asistenta-gaz\/\" \/>\n<meta property=\"og:site_name\" content=\"PPC\" \/>\n<meta property=\"article:publisher\" content=\"https:\/\/www.facebook.com\/ppcenergy\" \/>\n<meta property=\"article:modified_time\" content=\"2025-06-16T07:38:50+00:00\" \/>\n<meta property=\"og:image\" content=\"https:\/\/www-preprod.ppcenergy.ro\/wp-content\/uploads\/electripedia-idei-7.webp\" \/>\n\t<meta property=\"og:image:width\" content=\"5905\" \/>\n\t<meta property=\"og:image:height\" content=\"3937\" \/>\n\t<meta property=\"og:image:type\" content=\"image\/webp\" \/>\n<meta name=\"twitter:card\" content=\"summary_large_image\" \/>\n<meta name=\"twitter:title\" content=\"PPC Asisten\u021b\u0103 Gaz\" \/>\n<meta name=\"twitter:site\" content=\"@PPCEnergyRo\" \/>\n<meta name=\"twitter:label1\" content=\"Est. reading time\" \/>\n\t<meta name=\"twitter:data1\" content=\"1 perc\" \/>\n<script type=\"application\/ld+json\" class=\"yoast-schema-graph\">{\"@context\":\"https:\\\/\\\/schema.org\",\"@graph\":[{\"@type\":\"WebPage\",\"@id\":\"https:\\\/\\\/www-preprod.ppcenergy.ro\\\/hu\\\/szolgaltatasok-otthonhoz\\\/servicii-ppc-asistenta-gaz\\\/\",\"url\":\"https:\\\/\\\/www-preprod.ppcenergy.ro\\\/hu\\\/szolgaltatasok-otthonhoz\\\/servicii-ppc-asistenta-gaz\\\/\",\"name\":\"PPC Gas Asisten\u021b\u0103 | 4 s\u00fcrg\u0151ss\u00e9gi beavatkoz\u00e1s, bele\u00e9rtve a k\u00f6vetkez\u0151ket\",\"isPartOf\":{\"@id\":\"https:\\\/\\\/www-preprod.ppcenergy.ro\\\/#website\"},\"primaryImageOfPage\":{\"@id\":\"https:\\\/\\\/www-preprod.ppcenergy.ro\\\/hu\\\/szolgaltatasok-otthonhoz\\\/servicii-ppc-asistenta-gaz\\\/#primaryimage\"},\"image\":{\"@id\":\"https:\\\/\\\/www-preprod.ppcenergy.ro\\\/hu\\\/szolgaltatasok-otthonhoz\\\/servicii-ppc-asistenta-gaz\\\/#primaryimage\"},\"thumbnailUrl\":\"https:\\\/\\\/www-preprod.ppcenergy.ro\\\/wp-content\\\/uploads\\\/electripedia-idei-7.webp\",\"datePublished\":\"2024-03-21T16:29:07+00:00\",\"dateModified\":\"2025-06-16T07:38:50+00:00\",\"description\":\"N\u00e9zze meg, hogyan l\u00e9phet kapcsolatba vel\u00fcnk, ha ig\u00e9nybe vette a PPC Gaz Asisten\u021b\u0103 szolg\u00e1ltat\u00e1st | Minden sz\u00fcks\u00e9ges inform\u00e1ci\u00f3t megtal\u00e1l most\",\"breadcrumb\":{\"@id\":\"https:\\\/\\\/www-preprod.ppcenergy.ro\\\/hu\\\/szolgaltatasok-otthonhoz\\\/servicii-ppc-asistenta-gaz\\\/#breadcrumb\"},\"inLanguage\":\"hu\",\"potentialAction\":[{\"@type\":\"ReadAction\",\"target\":[\"https:\\\/\\\/www-preprod.ppcenergy.ro\\\/hu\\\/szolgaltatasok-otthonhoz\\\/servicii-ppc-asistenta-gaz\\\/\"]}]},{\"@type\":\"ImageObject\",\"inLanguage\":\"hu\",\"@id\":\"https:\\\/\\\/www-preprod.ppcenergy.ro\\\/hu\\\/szolgaltatasok-otthonhoz\\\/servicii-ppc-asistenta-gaz\\\/#primaryimage\",\"url\":\"https:\\\/\\\/www-preprod.ppcenergy.ro\\\/wp-content\\\/uploads\\\/electripedia-idei-7.webp\",\"contentUrl\":\"https:\\\/\\\/www-preprod.ppcenergy.ro\\\/wp-content\\\/uploads\\\/electripedia-idei-7.webp\",\"width\":5905,\"height\":3937},{\"@type\":\"BreadcrumbList\",\"@id\":\"https:\\\/\\\/www-preprod.ppcenergy.ro\\\/hu\\\/szolgaltatasok-otthonhoz\\\/servicii-ppc-asistenta-gaz\\\/#breadcrumb\",\"itemListElement\":[{\"@type\":\"ListItem\",\"position\":1,\"name\":\"Home\",\"item\":\"https:\\\/\\\/www-preprod.ppcenergy.ro\\\/hu\\\/\"},{\"@type\":\"ListItem\",\"position\":2,\"name\":\"Otthoni szolg\u00e1ltat\u00e1sok\",\"item\":\"https:\\\/\\\/www-preprod.ppcenergy.ro\\\/hu\\\/szolgaltatasok-otthonhoz\\\/\"},{\"@type\":\"ListItem\",\"position\":3,\"name\":\"PPC Asisten\u021b\u0103 Gaz\"}]},{\"@type\":\"WebSite\",\"@id\":\"https:\\\/\\\/www-preprod.ppcenergy.ro\\\/#website\",\"url\":\"https:\\\/\\\/www-preprod.ppcenergy.ro\\\/\",\"name\":\"PPC\",\"description\":\"Energy\",\"publisher\":{\"@id\":\"https:\\\/\\\/www-preprod.ppcenergy.ro\\\/#organization\"},\"potentialAction\":[{\"@type\":\"SearchAction\",\"target\":{\"@type\":\"EntryPoint\",\"urlTemplate\":\"https:\\\/\\\/www-preprod.ppcenergy.ro\\\/?s={search_term_string}\"},\"query-input\":{\"@type\":\"PropertyValueSpecification\",\"valueRequired\":true,\"valueName\":\"search_term_string\"}}],\"inLanguage\":\"hu\"},{\"@type\":\"Organization\",\"@id\":\"https:\\\/\\\/www-preprod.ppcenergy.ro\\\/#organization\",\"name\":\"PPC\",\"url\":\"https:\\\/\\\/www-preprod.ppcenergy.ro\\\/\",\"logo\":{\"@type\":\"ImageObject\",\"inLanguage\":\"hu\",\"@id\":\"https:\\\/\\\/www-preprod.ppcenergy.ro\\\/#\\\/schema\\\/logo\\\/image\\\/\",\"url\":\"https:\\\/\\\/www-preprod.ppcenergy.ro\\\/wp-content\\\/uploads\\\/cropped-favicon.webp\",\"contentUrl\":\"https:\\\/\\\/www-preprod.ppcenergy.ro\\\/wp-content\\\/uploads\\\/cropped-favicon.webp\",\"width\":512,\"height\":512,\"caption\":\"PPC\"},\"image\":{\"@id\":\"https:\\\/\\\/www-preprod.ppcenergy.ro\\\/#\\\/schema\\\/logo\\\/image\\\/\"},\"sameAs\":[\"https:\\\/\\\/www.facebook.com\\\/ppcenergy\",\"https:\\\/\\\/x.com\\\/PPCEnergyRo\",\"https:\\\/\\\/www.instagram.com\\\/ppcenergyro\\\/\",\"https:\\\/\\\/www.youtube.com\\\/@PPCEnergy\",\"https:\\\/\\\/www.linkedin.com\\\/company\\\/ppc-energy\\\/\"]}]}<\/script>\n<!-- \/ Yoast SEO Premium plugin. -->","yoast_head_json":{"title":"PPC Gas Asisten\u021b\u0103 | 4 s\u00fcrg\u0151ss\u00e9gi beavatkoz\u00e1s, bele\u00e9rtve a k\u00f6vetkez\u0151ket","description":"N\u00e9zze meg, hogyan l\u00e9phet kapcsolatba vel\u00fcnk, ha ig\u00e9nybe vette a PPC Gaz Asisten\u021b\u0103 szolg\u00e1ltat\u00e1st | Minden sz\u00fcks\u00e9ges inform\u00e1ci\u00f3t megtal\u00e1l most","robots":{"index":"index","follow":"follow","max-snippet":"max-snippet:-1","max-image-preview":"max-image-preview:large","max-video-preview":"max-video-preview:-1"},"canonical":"https:\/\/www-preprod.ppcenergy.ro\/hu\/szolgaltatasok-otthonhoz\/servicii-ppc-asistenta-gaz\/","og_locale":"hu_HU","og_type":"article","og_title":"PPC Gas Assistance | 4 s\u00fcrg\u0151ss\u00e9gi beavatkoz\u00e1s, bele\u00e9rtve a k\u00f6vetkez\u0151ket","og_description":"N\u00e9zze meg, hogyan l\u00e9phet kapcsolatba vel\u00fcnk, ha ig\u00e9nybe vette a PPC Gas Assistance szolg\u00e1ltat\u00e1st | Minden sz\u00fcks\u00e9ges inform\u00e1ci\u00f3t megtal\u00e1l most","og_url":"https:\/\/www-preprod.ppcenergy.ro\/hu\/szolgaltatasok-otthonhoz\/servicii-ppc-asistenta-gaz\/","og_site_name":"PPC","article_publisher":"https:\/\/www.facebook.com\/ppcenergy","article_modified_time":"2025-06-16T07:38:50+00:00","og_image":[{"width":5905,"height":3937,"url":"https:\/\/www-preprod.ppcenergy.ro\/wp-content\/uploads\/electripedia-idei-7.webp","type":"image\/webp"}],"twitter_card":"summary_large_image","twitter_title":"PPC Asisten\u021b\u0103 Gaz","twitter_site":"@PPCEnergyRo","twitter_misc":{"Est. reading time":"1 perc"},"schema":{"@context":"https:\/\/schema.org","@graph":[{"@type":"WebPage","@id":"https:\/\/www-preprod.ppcenergy.ro\/hu\/szolgaltatasok-otthonhoz\/servicii-ppc-asistenta-gaz\/","url":"https:\/\/www-preprod.ppcenergy.ro\/hu\/szolgaltatasok-otthonhoz\/servicii-ppc-asistenta-gaz\/","name":"PPC Gas Asisten\u021b\u0103 | 4 s\u00fcrg\u0151ss\u00e9gi beavatkoz\u00e1s, bele\u00e9rtve a k\u00f6vetkez\u0151ket","isPartOf":{"@id":"https:\/\/www-preprod.ppcenergy.ro\/#website"},"primaryImageOfPage":{"@id":"https:\/\/www-preprod.ppcenergy.ro\/hu\/szolgaltatasok-otthonhoz\/servicii-ppc-asistenta-gaz\/#primaryimage"},"image":{"@id":"https:\/\/www-preprod.ppcenergy.ro\/hu\/szolgaltatasok-otthonhoz\/servicii-ppc-asistenta-gaz\/#primaryimage"},"thumbnailUrl":"https:\/\/www-preprod.ppcenergy.ro\/wp-content\/uploads\/electripedia-idei-7.webp","datePublished":"2024-03-21T16:29:07+00:00","dateModified":"2025-06-16T07:38:50+00:00","description":"N\u00e9zze meg, hogyan l\u00e9phet kapcsolatba vel\u00fcnk, ha ig\u00e9nybe vette a PPC Gaz Asisten\u021b\u0103 szolg\u00e1ltat\u00e1st | Minden sz\u00fcks\u00e9ges inform\u00e1ci\u00f3t megtal\u00e1l most","breadcrumb":{"@id":"https:\/\/www-preprod.ppcenergy.ro\/hu\/szolgaltatasok-otthonhoz\/servicii-ppc-asistenta-gaz\/#breadcrumb"},"inLanguage":"hu","potentialAction":[{"@type":"ReadAction","target":["https:\/\/www-preprod.ppcenergy.ro\/hu\/szolgaltatasok-otthonhoz\/servicii-ppc-asistenta-gaz\/"]}]},{"@type":"ImageObject","inLanguage":"hu","@id":"https:\/\/www-preprod.ppcenergy.ro\/hu\/szolgaltatasok-otthonhoz\/servicii-ppc-asistenta-gaz\/#primaryimage","url":"https:\/\/www-preprod.ppcenergy.ro\/wp-content\/uploads\/electripedia-idei-7.webp","contentUrl":"https:\/\/www-preprod.ppcenergy.ro\/wp-content\/uploads\/electripedia-idei-7.webp","width":5905,"height":3937},{"@type":"BreadcrumbList","@id":"https:\/\/www-preprod.ppcenergy.ro\/hu\/szolgaltatasok-otthonhoz\/servicii-ppc-asistenta-gaz\/#breadcrumb","itemListElement":[{"@type":"ListItem","position":1,"name":"Home","item":"https:\/\/www-preprod.ppcenergy.ro\/hu\/"},{"@type":"ListItem","position":2,"name":"Otthoni szolg\u00e1ltat\u00e1sok","item":"https:\/\/www-preprod.ppcenergy.ro\/hu\/szolgaltatasok-otthonhoz\/"},{"@type":"ListItem","position":3,"name":"PPC Asisten\u021b\u0103 Gaz"}]},{"@type":"WebSite","@id":"https:\/\/www-preprod.ppcenergy.ro\/#website","url":"https:\/\/www-preprod.ppcenergy.ro\/","name":"PPC","description":"Energy","publisher":{"@id":"https:\/\/www-preprod.ppcenergy.ro\/#organization"},"potentialAction":[{"@type":"SearchAction","target":{"@type":"EntryPoint","urlTemplate":"https:\/\/www-preprod.ppcenergy.ro\/?s={search_term_string}"},"query-input":{"@type":"PropertyValueSpecification","valueRequired":true,"valueName":"search_term_string"}}],"inLanguage":"hu"},{"@type":"Organization","@id":"https:\/\/www-preprod.ppcenergy.ro\/#organization","name":"PPC","url":"https:\/\/www-preprod.ppcenergy.ro\/","logo":{"@type":"ImageObject","inLanguage":"hu","@id":"https:\/\/www-preprod.ppcenergy.ro\/#\/schema\/logo\/image\/","url":"https:\/\/www-preprod.ppcenergy.ro\/wp-content\/uploads\/cropped-favicon.webp","contentUrl":"https:\/\/www-preprod.ppcenergy.ro\/wp-content\/uploads\/cropped-favicon.webp","width":512,"height":512,"caption":"PPC"},"image":{"@id":"https:\/\/www-preprod.ppcenergy.ro\/#\/schema\/logo\/image\/"},"sameAs":["https:\/\/www.facebook.com\/ppcenergy","https:\/\/x.com\/PPCEnergyRo","https:\/\/www.instagram.com\/ppcenergyro\/","https:\/\/www.youtube.com\/@PPCEnergy","https:\/\/www.linkedin.com\/company\/ppc-energy\/"]}]}},"_links":{"self":[{"href":"https:\/\/www-preprod.ppcenergy.ro\/hu\/wp-json\/wp\/v2\/pages\/18686","targetHints":{"allow":["GET"]}}],"collection":[{"href":"https:\/\/www-preprod.ppcenergy.ro\/hu\/wp-json\/wp\/v2\/pages"}],"about":[{"href":"https:\/\/www-preprod.ppcenergy.ro\/hu\/wp-json\/wp\/v2\/types\/page"}],"author":[{"embeddable":true,"href":"https:\/\/www-preprod.ppcenergy.ro\/hu\/wp-json\/wp\/v2\/users\/48"}],"replies":[{"embeddable":true,"href":"https:\/\/www-preprod.ppcenergy.ro\/hu\/wp-json\/wp\/v2\/comments?post=18686"}],"version-history":[{"count":21,"href":"https:\/\/www-preprod.ppcenergy.ro\/hu\/wp-json\/wp\/v2\/pages\/18686\/revisions"}],"predecessor-version":[{"id":19361,"href":"https:\/\/www-preprod.ppcenergy.ro\/hu\/wp-json\/wp\/v2\/pages\/18686\/revisions\/19361"}],"up":[{"embeddable":true,"href":"https:\/\/www-preprod.ppcenergy.ro\/hu\/wp-json\/wp\/v2\/pages\/17206"}],"wp:featuredmedia":[{"embeddable":true,"href":"https:\/\/www-preprod.ppcenergy.ro\/hu\/wp-json\/wp\/v2\/media\/17724"}],"wp:attachment":[{"href":"https:\/\/www-preprod.ppcenergy.ro\/hu\/wp-json\/wp\/v2\/media?parent=18686"}],"curies":[{"name":"wp","href":"https:\/\/api.w.org\/{rel}","templated":true}]}}