{"id":23026,"date":"2024-03-14T13:45:00","date_gmt":"2024-03-14T11:45:00","guid":{"rendered":"https:\/\/www-preprod.ppcenergy.ro\/institutii-publice\/"},"modified":"2025-09-03T14:56:41","modified_gmt":"2025-09-03T11:56:41","slug":"kozintezmenyek","status":"publish","type":"page","link":"https:\/\/www-preprod.ppcenergy.ro\/hu\/kozintezmenyek\/","title":{"rendered":"K\u00f6zint\u00e9zm\u00e9nyek"},"content":{"rendered":"<section id=\"\" class=\"block-top-product \">\n    <div class='top-product'>\n                <div class=\"full-slide  gradientproduct  articles left slider-type-gradinetimage\">\n                                        <div\n                    class='gradient desktop topright neongreen  seven_per_row'>\n                    <div class='line line1'><\/div>\n                    <div class='line line2'><\/div>\n                    <div class='line line3'><\/div>\n                    <div class='line line4'><\/div>\n                                            <div class='line line5'><\/div>\n                        <div class='line line6'><\/div>\n                        <div class='line line7'><\/div>\n                                                        <\/div>\n                                                            <div class=\"product-image topright neongreen\">\n                        <img loading=\"lazy\" decoding=\"async\" width=\"1024\" height=\"683\" src=\"https:\/\/www-preprod.ppcenergy.ro\/wp-content\/uploads\/institutii-hp-3.webp?w=1024\" class=\"attachment-gradientproduct size-gradientproduct\" alt=\"\" srcset=\"https:\/\/www-preprod.ppcenergy.ro\/wp-content\/uploads\/institutii-hp-3.webp 5600w, https:\/\/www-preprod.ppcenergy.ro\/wp-content\/uploads\/institutii-hp-3.webp?resize=300,200 300w, https:\/\/www-preprod.ppcenergy.ro\/wp-content\/uploads\/institutii-hp-3.webp?resize=768,513 768w, https:\/\/www-preprod.ppcenergy.ro\/wp-content\/uploads\/institutii-hp-3.webp?resize=1024,683 1024w, https:\/\/www-preprod.ppcenergy.ro\/wp-content\/uploads\/institutii-hp-3.webp?resize=1536,1025 1536w, https:\/\/www-preprod.ppcenergy.ro\/wp-content\/uploads\/institutii-hp-3.webp?resize=2048,1367 2048w, https:\/\/www-preprod.ppcenergy.ro\/wp-content\/uploads\/institutii-hp-3.webp?resize=75,50 75w\" sizes=\"auto, (max-width: 1024px) 100vw, 1024px\" \/>                    <\/div>\n                \n                                        <div class=\"product-textbox  text-color-black\">\n                                            <div\n                            class='gradient mobile topright neongreen  seven_per_row'>\n                            <div class='line line1'><\/div>\n                            <div class='line line2'><\/div>\n                            <div class='line line3'><\/div>\n                            <div class='line line4'><\/div>\n                                                            <div class='line line5'><\/div>\n                                <div class='line line6'><\/div>\n                                <div class='line line7'><\/div>\n                                                                                <\/div>\n                    \n                                                                                    <h2 class=\"title\">\n                        K\u00f6zint\u00e9zm\u00e9nyek                        <\/h2>\n                                                                                    <div class=\"text\">\n                            <p><p>Fedezze fel a fotovoltaikus panelek, az intelligens vil\u00e1g\u00edt\u00e1s \u00e9s a fenntarthat\u00f3 k\u00f6zleked\u00e9s el\u0151nyeit a k\u00f6zint\u00e9zm\u00e9nyekben.<\/p>\n<\/p>\n                        <\/div>\n                                                                                \n                                                        <\/div>\n                    <\/div>\n    <\/div>\n<\/section>\n\n<section id=\"\" class=\"block-breadcrumbs\">\n    <ul id=\"breadcrumbs\" itemprop=\"breadcrumb\" class=\"breadcrumbs\"><li><a rel=\"home\" href=\"https:\/\/www-preprod.ppcenergy.ro\/hu\/\"><span class=\"logo-breadcrumbs\"><\/span><\/a><\/li><\/ul><\/section>\n\n\n<div style=\"height:32px\" aria-hidden=\"true\" class=\"wp-block-spacer\"><\/div>\n\n\n\n<div class=\"wp-block-columns is-layout-flex wp-container-core-columns-is-layout-28f84493 wp-block-columns-is-layout-flex\">\n<div class=\"wp-block-column is-layout-flow wp-block-column-is-layout-flow\" style=\"flex-basis:66.66%\">\n<h1 class=\"wp-block-heading\" id=\"h-fobb-szemelyre-szabott-szolgaltatasok-a-kozintezmenyek-szamara\">F\u0151bb szem\u00e9lyre szabott szolg\u00e1ltat\u00e1sok a k\u00f6zint\u00e9zm\u00e9nyek sz\u00e1m\u00e1ra<\/h1>\n<\/div>\n\n\n\n<div class=\"wp-block-column is-layout-flow wp-block-column-is-layout-flow\" style=\"flex-basis:33.33%\"><\/div>\n<\/div>\n\n\n    <section id=\"\" class=\"block-carousel background-color- is-style-without\">\n        <div class=\"gradient gradient-global  \">\n            <div class='line line1' style=\"\"><\/div>\n            <div class='line line2' style=\"\"><\/div>\n            <div class='line line3' style=\"\"><\/div>\n            <div class='line line4' style=\"\"><\/div>\n            <div class='line line5' style=\"\"><\/div>\n            <div class='line line6' style=\"\"><\/div>\n            <div class='line line7' style=\"\"><\/div>\n            <div class='line line8' style=\"\"><\/div>\n            <div class='line line9' style=\"\"><\/div>\n            <div class='line line10' style=\"\"><\/div>\n            <div class='line line11' style=\"\"><\/div>\n        <\/div>\n        <div class=\"pull-wrapper\">\n            <div class=\"upper-slider container-pull\">\n                            <\/div>\n                    <\/div>\n        <div class='carousel-global pull-wrapper carousel-list'\n             data-slide-per-row=\"3\">\n                                 <div class=\"carousel-slide three_per_row\">\n                                                                <div class=\"text-carousel\">\n                                                            <h3 class=\"title\">\n                                    Intelligens vil\u00e1g\u00edt\u00e1s                                <\/h3>\n                                                                                        <div class=\"text\">\n                                    <p>Intelligens vil\u00e1g\u00edt\u00e1si megold\u00e1saink a j\u00f6v\u0151t hozz\u00e1k a jelenbe. Az innov\u00e1ci\u00f3 f\u00e9nye vezeti a k\u00f6zigazgat\u00e1st az energiatakar\u00e9kos k\u00f6zvil\u00e1g\u00edt\u00e1si infrastrukt\u00fara fel\u00e9.<\/p>\n                                <\/div>\n                                                    <\/div>\n                                                                <a class=\"global-link\" href=\"https:\/\/www-preprod.ppcenergy.ro\/hu\/kozintezmenyek\/utcai-vilagitas\/\" title=\"Iluminat stradal\" target=\"_self\">\n                            <span class=\"long-arrow right\"><\/span>\n                        <\/a>\n                                    <\/div>\n                                <div class=\"carousel-slide three_per_row\">\n                                                                <div class=\"text-carousel\">\n                                                            <h3 class=\"title\">\n                                    Fotovoltaikus panelek                                <\/h3>\n                                                                                        <div class=\"text\">\n                                    <p>Az energetikai \u00e1t\u00e1ll\u00e1st felgyors\u00edt\u00f3 \u00e9s az int\u00e9zm\u00e9nyek \u00e9s a k\u00f6zigazgat\u00e1s, valamint az irodahelyis\u00e9gek z\u00f6ld energiafogyaszt\u00e1s\u00e1t \u00f6szt\u00f6nz\u0151 innov\u00e1ci\u00f3k felkarol\u00e1s\u00e1val intelligens v\u00e1rosokat hozunk l\u00e9tre.<\/p>\n                                <\/div>\n                                                    <\/div>\n                                                                <a class=\"global-link\" href=\"https:\/\/www-preprod.ppcenergy.ro\/hu\/kozintezmenyek\/napelemek\/\" title=\"Panouri fotovoltaice\" target=\"_self\">\n                            <span class=\"long-arrow right\"><\/span>\n                        <\/a>\n                                    <\/div>\n                                <div class=\"carousel-slide three_per_row\">\n                                                                <div class=\"text-carousel\">\n                                                            <h3 class=\"title\">\n                                    T\u00f6lt\u0151\u00e1llom\u00e1sok                                <\/h3>\n                                                                                        <div class=\"text\">\n                                    <p>Kulcsrak\u00e9sz megold\u00e1sokat k\u00edn\u00e1lunk a t\u00f6lt\u0151\u00e1llom\u00e1sok telep\u00edt\u00e9s\u00e9hez, majd \u00fczemeltet\u00e9s\u00e9hez sz\u00fcks\u00e9ges eur\u00f3pai \u00e9s helyi forr\u00e1sokhoz val\u00f3 hozz\u00e1f\u00e9r\u00e9shez.<\/p>\n                                <\/div>\n                                                    <\/div>\n                                                                <a class=\"global-link\" href=\"https:\/\/www-preprod.ppcenergy.ro\/hu\/kozintezmenyek\/toltoallomasok\/\" title=\"Statii de reincarcare\" target=\"_self\">\n                            <span class=\"long-arrow right\"><\/span>\n                        <\/a>\n                                    <\/div>\n                        <\/div>\n            <\/section>\n","protected":false},"excerpt":{"rendered":"<p>F\u0151bb szem\u00e9lyre szabott szolg\u00e1ltat\u00e1sok a k\u00f6zint\u00e9zm\u00e9nyek sz\u00e1m\u00e1ra<\/p>\n","protected":false},"author":48,"featured_media":0,"parent":0,"menu_order":0,"comment_status":"closed","ping_status":"closed","template":"","meta":{"_acf_changed":false,"footnotes":""},"class_list":["post-23026","page","type-page","status-publish","hentry"],"acf":[],"yoast_head":"<!-- This site is optimized with the Yoast SEO Premium plugin v21.8 (Yoast SEO v27.3) - https:\/\/yoast.com\/product\/yoast-seo-premium-wordpress\/ -->\n<title>K\u00f6zint\u00e9zm\u00e9nyek - PPC<\/title>\n<meta name=\"robots\" content=\"index, follow, max-snippet:-1, max-image-preview:large, max-video-preview:-1\" \/>\n<link rel=\"canonical\" href=\"https:\/\/www-preprod.ppcenergy.ro\/hu\/kozintezmenyek\/\" \/>\n<meta property=\"og:locale\" content=\"hu_HU\" \/>\n<meta property=\"og:type\" content=\"article\" \/>\n<meta property=\"og:title\" content=\"K\u00f6zint\u00e9zm\u00e9nyek\" \/>\n<meta property=\"og:description\" content=\"F\u0151bb szem\u00e9lyre szabott szolg\u00e1ltat\u00e1sok a k\u00f6zint\u00e9zm\u00e9nyek sz\u00e1m\u00e1ra\" \/>\n<meta property=\"og:url\" content=\"https:\/\/www-preprod.ppcenergy.ro\/hu\/kozintezmenyek\/\" \/>\n<meta property=\"og:site_name\" content=\"PPC\" \/>\n<meta property=\"article:publisher\" content=\"https:\/\/www.facebook.com\/ppcenergy\" \/>\n<meta property=\"article:modified_time\" content=\"2025-09-03T11:56:41+00:00\" \/>\n<meta name=\"twitter:card\" content=\"summary_large_image\" \/>\n<meta name=\"twitter:site\" content=\"@PPCEnergyRo\" \/>\n<meta name=\"twitter:label1\" content=\"Est. reading time\" \/>\n\t<meta name=\"twitter:data1\" content=\"1 perc\" \/>\n<script type=\"application\/ld+json\" class=\"yoast-schema-graph\">{\"@context\":\"https:\\\/\\\/schema.org\",\"@graph\":[{\"@type\":\"WebPage\",\"@id\":\"https:\\\/\\\/www-preprod.ppcenergy.ro\\\/hu\\\/kozintezmenyek\\\/\",\"url\":\"https:\\\/\\\/www-preprod.ppcenergy.ro\\\/hu\\\/kozintezmenyek\\\/\",\"name\":\"K\u00f6zint\u00e9zm\u00e9nyek - PPC\",\"isPartOf\":{\"@id\":\"https:\\\/\\\/www-preprod.ppcenergy.ro\\\/#website\"},\"datePublished\":\"2024-03-14T11:45:00+00:00\",\"dateModified\":\"2025-09-03T11:56:41+00:00\",\"breadcrumb\":{\"@id\":\"https:\\\/\\\/www-preprod.ppcenergy.ro\\\/hu\\\/kozintezmenyek\\\/#breadcrumb\"},\"inLanguage\":\"hu\",\"potentialAction\":[{\"@type\":\"ReadAction\",\"target\":[\"https:\\\/\\\/www-preprod.ppcenergy.ro\\\/hu\\\/kozintezmenyek\\\/\"]}]},{\"@type\":\"BreadcrumbList\",\"@id\":\"https:\\\/\\\/www-preprod.ppcenergy.ro\\\/hu\\\/kozintezmenyek\\\/#breadcrumb\",\"itemListElement\":[{\"@type\":\"ListItem\",\"position\":1,\"name\":\"Home\",\"item\":\"https:\\\/\\\/www-preprod.ppcenergy.ro\\\/hu\\\/\"},{\"@type\":\"ListItem\",\"position\":2,\"name\":\"K\u00f6zint\u00e9zm\u00e9nyek\"}]},{\"@type\":\"WebSite\",\"@id\":\"https:\\\/\\\/www-preprod.ppcenergy.ro\\\/#website\",\"url\":\"https:\\\/\\\/www-preprod.ppcenergy.ro\\\/\",\"name\":\"PPC\",\"description\":\"Energy\",\"publisher\":{\"@id\":\"https:\\\/\\\/www-preprod.ppcenergy.ro\\\/#organization\"},\"potentialAction\":[{\"@type\":\"SearchAction\",\"target\":{\"@type\":\"EntryPoint\",\"urlTemplate\":\"https:\\\/\\\/www-preprod.ppcenergy.ro\\\/?s={search_term_string}\"},\"query-input\":{\"@type\":\"PropertyValueSpecification\",\"valueRequired\":true,\"valueName\":\"search_term_string\"}}],\"inLanguage\":\"hu\"},{\"@type\":\"Organization\",\"@id\":\"https:\\\/\\\/www-preprod.ppcenergy.ro\\\/#organization\",\"name\":\"PPC\",\"url\":\"https:\\\/\\\/www-preprod.ppcenergy.ro\\\/\",\"logo\":{\"@type\":\"ImageObject\",\"inLanguage\":\"hu\",\"@id\":\"https:\\\/\\\/www-preprod.ppcenergy.ro\\\/#\\\/schema\\\/logo\\\/image\\\/\",\"url\":\"https:\\\/\\\/www-preprod.ppcenergy.ro\\\/wp-content\\\/uploads\\\/cropped-favicon.webp\",\"contentUrl\":\"https:\\\/\\\/www-preprod.ppcenergy.ro\\\/wp-content\\\/uploads\\\/cropped-favicon.webp\",\"width\":512,\"height\":512,\"caption\":\"PPC\"},\"image\":{\"@id\":\"https:\\\/\\\/www-preprod.ppcenergy.ro\\\/#\\\/schema\\\/logo\\\/image\\\/\"},\"sameAs\":[\"https:\\\/\\\/www.facebook.com\\\/ppcenergy\",\"https:\\\/\\\/x.com\\\/PPCEnergyRo\",\"https:\\\/\\\/www.instagram.com\\\/ppcenergyro\\\/\",\"https:\\\/\\\/www.youtube.com\\\/@PPCEnergy\",\"https:\\\/\\\/www.linkedin.com\\\/company\\\/ppc-energy\\\/\"]}]}<\/script>\n<!-- \/ Yoast SEO Premium plugin. -->","yoast_head_json":{"title":"K\u00f6zint\u00e9zm\u00e9nyek - PPC","robots":{"index":"index","follow":"follow","max-snippet":"max-snippet:-1","max-image-preview":"max-image-preview:large","max-video-preview":"max-video-preview:-1"},"canonical":"https:\/\/www-preprod.ppcenergy.ro\/hu\/kozintezmenyek\/","og_locale":"hu_HU","og_type":"article","og_title":"K\u00f6zint\u00e9zm\u00e9nyek","og_description":"F\u0151bb szem\u00e9lyre szabott szolg\u00e1ltat\u00e1sok a k\u00f6zint\u00e9zm\u00e9nyek sz\u00e1m\u00e1ra","og_url":"https:\/\/www-preprod.ppcenergy.ro\/hu\/kozintezmenyek\/","og_site_name":"PPC","article_publisher":"https:\/\/www.facebook.com\/ppcenergy","article_modified_time":"2025-09-03T11:56:41+00:00","twitter_card":"summary_large_image","twitter_site":"@PPCEnergyRo","twitter_misc":{"Est. reading time":"1 perc"},"schema":{"@context":"https:\/\/schema.org","@graph":[{"@type":"WebPage","@id":"https:\/\/www-preprod.ppcenergy.ro\/hu\/kozintezmenyek\/","url":"https:\/\/www-preprod.ppcenergy.ro\/hu\/kozintezmenyek\/","name":"K\u00f6zint\u00e9zm\u00e9nyek - PPC","isPartOf":{"@id":"https:\/\/www-preprod.ppcenergy.ro\/#website"},"datePublished":"2024-03-14T11:45:00+00:00","dateModified":"2025-09-03T11:56:41+00:00","breadcrumb":{"@id":"https:\/\/www-preprod.ppcenergy.ro\/hu\/kozintezmenyek\/#breadcrumb"},"inLanguage":"hu","potentialAction":[{"@type":"ReadAction","target":["https:\/\/www-preprod.ppcenergy.ro\/hu\/kozintezmenyek\/"]}]},{"@type":"BreadcrumbList","@id":"https:\/\/www-preprod.ppcenergy.ro\/hu\/kozintezmenyek\/#breadcrumb","itemListElement":[{"@type":"ListItem","position":1,"name":"Home","item":"https:\/\/www-preprod.ppcenergy.ro\/hu\/"},{"@type":"ListItem","position":2,"name":"K\u00f6zint\u00e9zm\u00e9nyek"}]},{"@type":"WebSite","@id":"https:\/\/www-preprod.ppcenergy.ro\/#website","url":"https:\/\/www-preprod.ppcenergy.ro\/","name":"PPC","description":"Energy","publisher":{"@id":"https:\/\/www-preprod.ppcenergy.ro\/#organization"},"potentialAction":[{"@type":"SearchAction","target":{"@type":"EntryPoint","urlTemplate":"https:\/\/www-preprod.ppcenergy.ro\/?s={search_term_string}"},"query-input":{"@type":"PropertyValueSpecification","valueRequired":true,"valueName":"search_term_string"}}],"inLanguage":"hu"},{"@type":"Organization","@id":"https:\/\/www-preprod.ppcenergy.ro\/#organization","name":"PPC","url":"https:\/\/www-preprod.ppcenergy.ro\/","logo":{"@type":"ImageObject","inLanguage":"hu","@id":"https:\/\/www-preprod.ppcenergy.ro\/#\/schema\/logo\/image\/","url":"https:\/\/www-preprod.ppcenergy.ro\/wp-content\/uploads\/cropped-favicon.webp","contentUrl":"https:\/\/www-preprod.ppcenergy.ro\/wp-content\/uploads\/cropped-favicon.webp","width":512,"height":512,"caption":"PPC"},"image":{"@id":"https:\/\/www-preprod.ppcenergy.ro\/#\/schema\/logo\/image\/"},"sameAs":["https:\/\/www.facebook.com\/ppcenergy","https:\/\/x.com\/PPCEnergyRo","https:\/\/www.instagram.com\/ppcenergyro\/","https:\/\/www.youtube.com\/@PPCEnergy","https:\/\/www.linkedin.com\/company\/ppc-energy\/"]}]}},"_links":{"self":[{"href":"https:\/\/www-preprod.ppcenergy.ro\/hu\/wp-json\/wp\/v2\/pages\/23026","targetHints":{"allow":["GET"]}}],"collection":[{"href":"https:\/\/www-preprod.ppcenergy.ro\/hu\/wp-json\/wp\/v2\/pages"}],"about":[{"href":"https:\/\/www-preprod.ppcenergy.ro\/hu\/wp-json\/wp\/v2\/types\/page"}],"author":[{"embeddable":true,"href":"https:\/\/www-preprod.ppcenergy.ro\/hu\/wp-json\/wp\/v2\/users\/48"}],"replies":[{"embeddable":true,"href":"https:\/\/www-preprod.ppcenergy.ro\/hu\/wp-json\/wp\/v2\/comments?post=23026"}],"version-history":[{"count":5,"href":"https:\/\/www-preprod.ppcenergy.ro\/hu\/wp-json\/wp\/v2\/pages\/23026\/revisions"}],"predecessor-version":[{"id":27770,"href":"https:\/\/www-preprod.ppcenergy.ro\/hu\/wp-json\/wp\/v2\/pages\/23026\/revisions\/27770"}],"wp:attachment":[{"href":"https:\/\/www-preprod.ppcenergy.ro\/hu\/wp-json\/wp\/v2\/media?parent=23026"}],"curies":[{"name":"wp","href":"https:\/\/api.w.org\/{rel}","templated":true}]}}