{"id":25992,"date":"2024-03-16T13:29:42","date_gmt":"2024-03-16T11:29:42","guid":{"rendered":"https:\/\/www-preprod.ppcenergy.ro\/uzleti-ugyfelek\/servicii-pentru-afacere\/infrastructura-energetica\/"},"modified":"2025-09-03T15:09:30","modified_gmt":"2025-09-03T12:09:30","slug":"energia-infrastruktura","status":"publish","type":"page","link":"https:\/\/www-preprod.ppcenergy.ro\/hu\/uzleti-ugyfelek\/uzleti-szolgaltatasok\/energia-infrastruktura\/","title":{"rendered":"Energiainfrastrukt\u00fara meg\u00faj\u00edt\u00e1sa"},"content":{"rendered":"<section id=\"\" class=\"block-top-product \">\n    <div class='top-product'>\n                <div class=\"full-slide  gradientproduct  articles left slider-type-gradinetimage\">\n                                        <div\n                    class='gradient desktop bottomleft neongreen  seven_per_row'>\n                    <div class='line line1'><\/div>\n                    <div class='line line2'><\/div>\n                    <div class='line line3'><\/div>\n                    <div class='line line4'><\/div>\n                                            <div class='line line5'><\/div>\n                        <div class='line line6'><\/div>\n                        <div class='line line7'><\/div>\n                                                        <\/div>\n                                                            <div class=\"product-image bottomleft neongreen\">\n                        <img loading=\"lazy\" decoding=\"async\" width=\"1024\" height=\"683\" src=\"https:\/\/www-preprod.ppcenergy.ro\/wp-content\/uploads\/servicii-afacere-produs.webp?w=1024\" class=\"attachment-gradientproduct size-gradientproduct\" alt=\"\" srcset=\"https:\/\/www-preprod.ppcenergy.ro\/wp-content\/uploads\/servicii-afacere-produs.webp 8660w, https:\/\/www-preprod.ppcenergy.ro\/wp-content\/uploads\/servicii-afacere-produs.webp?resize=300,200 300w, https:\/\/www-preprod.ppcenergy.ro\/wp-content\/uploads\/servicii-afacere-produs.webp?resize=768,512 768w, https:\/\/www-preprod.ppcenergy.ro\/wp-content\/uploads\/servicii-afacere-produs.webp?resize=1024,683 1024w, https:\/\/www-preprod.ppcenergy.ro\/wp-content\/uploads\/servicii-afacere-produs.webp?resize=1536,1024 1536w, https:\/\/www-preprod.ppcenergy.ro\/wp-content\/uploads\/servicii-afacere-produs.webp?resize=2048,1365 2048w, https:\/\/www-preprod.ppcenergy.ro\/wp-content\/uploads\/servicii-afacere-produs.webp?resize=75,50 75w\" sizes=\"auto, (max-width: 1024px) 100vw, 1024px\" \/>                    <\/div>\n                \n                                        <div class=\"product-textbox  text-color-black\">\n                                            <div\n                            class='gradient mobile bottomleft neongreen  seven_per_row'>\n                            <div class='line line1'><\/div>\n                            <div class='line line2'><\/div>\n                            <div class='line line3'><\/div>\n                            <div class='line line4'><\/div>\n                                                            <div class='line line5'><\/div>\n                                <div class='line line6'><\/div>\n                                <div class='line line7'><\/div>\n                                                                                <\/div>\n                    \n                                            <div class=\"logo-title\">\n                                                            <div class=\"product-slider-logo\">\n                                    <img loading=\"lazy\" decoding=\"async\" width=\"2000\" height=\"50\" src=\"https:\/\/www-preprod.ppcenergy.ro\/wp-content\/uploads\/logo.svg?w=2000\" class=\"attachment-product-slider-logo size-product-slider-logo\" alt=\"\" \/>                                <\/div>\n                                                                                        <div>\n                                    <p>\u00dczleti szolg\u00e1ltat\u00e1sok<\/p>\n                                <\/div>\n                                                    <\/div>\n                                                                                    <h2 class=\"title\">\n                        Az energetikai infrastrukt\u00fara meg\u00faj\u00edt\u00e1sa                        <\/h2>\n                                                                                    <div class=\"text\">\n                            <p><p>A mai dinamikus \u00e9s kih\u00edv\u00e1sokkal teli \u00fczleti k\u00f6rnyezet folyamatosan megk\u00f6veteli a fejlett technol\u00f3gi\u00e1ba val\u00f3 beruh\u00e1z\u00e1st.<\/p>\n<\/p>\n                        <\/div>\n                                                                                \n                                                        <\/div>\n                    <\/div>\n    <\/div>\n<\/section>\n\n<section id=\"\" class=\"block-breadcrumbs\">\n    <ul id=\"breadcrumbs\" itemprop=\"breadcrumb\" class=\"breadcrumbs\"><li><a rel=\"home\" href=\"https:\/\/www-preprod.ppcenergy.ro\/hu\/\"><span class=\"logo-breadcrumbs\"><\/span><\/a><\/li><\/ul><\/section>\n\n\n<div style=\"height:32px\" aria-hidden=\"true\" class=\"wp-block-spacer\"><\/div>\n\n\n\n<div class=\"wp-block-columns is-layout-flex wp-container-core-columns-is-layout-28f84493 wp-block-columns-is-layout-flex\">\n<div class=\"wp-block-column is-layout-flow wp-block-column-is-layout-flow\" style=\"flex-basis:66.66%\">\n<h1 class=\"wp-block-heading\" id=\"h-az-energetikai-infrastruktura-megujitasa\">Az energetikai infrastrukt\u00fara meg\u00faj\u00edt\u00e1sa<\/h1>\n\n\n\n<p>A PPC-specialist\u00e1kb\u00f3l \u00e1ll\u00f3 csapatok b\u00e1rmikor \u00e9s b\u00e1rhol k\u00e9pesek energi\u00e1t biztos\u00edtani az \u00d6n v\u00e1llalkoz\u00e1s\u00e1nak, hogy robusztus, megb\u00edzhat\u00f3 \u00e9s fenntarthat\u00f3 energiainfrastrukt\u00far\u00e1t hozzanak l\u00e9tre. Sok\u00e9ves tapasztalatunknak k\u00f6sz\u00f6nhet\u0151en megb\u00edzhat\u00f3, kulcsrak\u00e9sz telep\u00edt\u00e9seket tudunk biztos\u00edtani, hogy a lehet\u0151 legkisebbre cs\u00f6kkents\u00fck az \u00e1ll\u00e1sid\u0151t.<\/p>\n\n\n    <section id=\"\" class=\"block-benefits aside-title-block\">\n                    <h3 class=\"title-aside\">F\u0151bb el\u0151ny\u00f6k<\/h3>\n                            <div class=\"list-aside benefits-list\">\n                                    <div class=\"benefit\">\n                                                    <div class=\"title-benefit\">Biztons\u00e1g \u00e9s megb\u00edzhat\u00f3s\u00e1g<\/div>\n                                                                            <div class=\"text-benefit\">Nagyobb biztons\u00e1g a villamosenergia-ell\u00e1t\u00e1sban \u00e9s a tapasztalt m\u00e9rn\u00f6k\u00f6k \u00e1ltal ir\u00e1ny\u00edtott garant\u00e1lt munk\u00e1k.<\/div>\n                                            <\/div>\n                                    <div class=\"benefit\">\n                                                    <div class=\"title-benefit\">Az \u00d6n ig\u00e9nyeire szabott megold\u00e1sok<\/div>\n                                                                            <div class=\"text-benefit\">M\u00e9rn\u00f6keink az \u00e9p\u00fclet felm\u00e9r\u00e9se ut\u00e1n telep\u00edtik a sz\u00fcks\u00e9ges energetikai berendez\u00e9seket a gy\u00e1rban.<\/div>\n                                            <\/div>\n                                    <div class=\"benefit\">\n                                                    <div class=\"title-benefit\">Rugalmass\u00e1g<\/div>\n                                                                            <div class=\"text-benefit\">Ha az energiaig\u00e9nyei megv\u00e1ltoztak, az \u00faj energetikai infrastrukt\u00fara nagyobb rugalmass\u00e1got biztos\u00edt.<\/div>\n                                            <\/div>\n                                    <div class=\"benefit\">\n                                                    <div class=\"title-benefit\">Magas sz\u00ednvonal\u00fa energetikai infrastrukt\u00fara<\/div>\n                                                                            <div class=\"text-benefit\">Az \u00d6n energetikai berendez\u00e9s\u00e9nek fel\u00faj\u00edt\u00e1sa az aktu\u00e1lis szabv\u00e1nyoknak \u00e9s jogszab\u00e1lyoknak megfelel\u0151en t\u00f6rt\u00e9nik.<\/div>\n                                            <\/div>\n                            <\/div>\n            <\/section>\n<\/div>\n\n\n\n<div class=\"wp-block-column is-layout-flow wp-block-column-is-layout-flow\" style=\"flex-basis:33.33%\"><\/div>\n<\/div>\n\n\n    <section id=\"\" class=\"block-faq aside-title-block\">\n                    <h3 class=\"title-aside\">Gyakran ism\u00e9telt k\u00e9rd\u00e9sek<\/h3>\n                            <div class=\"list-aside faq-list\">\n                                    <div class=\"faq\">\n                                                    <div class=\"faq-title\">Mi\u00e9rt \u00e9rdemes meg\u00faj\u00edtani az energetikai infrastrukt\u00far\u00e1t?<\/div>\n                                                                            <div class=\"faq-content\">\n                                                                    <div class=\"text-faq\"><p>A rugalmas energiainfrastrukt\u00fara megval\u00f3s\u00edt\u00e1sa mellett egy ilyen projekt kevesebb mint 5 \u00e9v alatt megt\u00e9r\u00fcl. Felt\u00e9telezve, hogy egy transzform\u00e1tor \u00e1tlagos \u00e9lettartama k\u00f6r\u00fclbel\u00fcl 30 \u00e9v, ez 25 \u00e9vnyi megtakar\u00edt\u00e1st jelent, amelyet m\u00e1s projektekbe lehet befektetni.<\/p>\n<\/div>\n                                                                                            <\/div>\n                                            <\/div>\n                                    <div class=\"faq\">\n                                                    <div class=\"faq-title\">Mi a PPC aj\u00e1nlat a v\u00e1llalkoz\u00e1som sz\u00e1m\u00e1ra?<\/div>\n                                                                            <div class=\"faq-content\">\n                                                                    <div class=\"text-faq\"><p>\u00d6n a legmodernebb technol\u00f3gi\u00e1n alapul\u00f3, kulcsrak\u00e9sz villanyszerel\u00e9s el\u0151nyeit \u00e9lvezheti, amely megfelel a legmagasabb biztons\u00e1gi \u00e9s stabilit\u00e1si el\u0151\u00edr\u00e1soknak. V\u00e1ltoztassa meg, b\u0151v\u00edtse \u00e9s\/vagy korszer\u0171s\u00edtse energetikai infrastrukt\u00far\u00e1j\u00e1t a hat\u00e1lyos szabv\u00e1nyoknak \u00e9s jogszab\u00e1lyoknak megfelel\u0151en, de az\u00e9rt is, mert az \u00d6n ig\u00e9nyei folyamatosan v\u00e1ltoznak.<\/p>\n<\/div>\n                                                                                            <\/div>\n                                            <\/div>\n                                    <div class=\"faq\">\n                                                    <div class=\"faq-title\">Mit tartalmaz az energetikai \u00fajratervez\u00e9si megold\u00e1s?<\/div>\n                                                                            <div class=\"faq-content\">\n                                                                    <div class=\"text-faq\"><p>El\u0151sz\u00f6r is felm\u00e9rj\u00fck azt a ter\u00fcletet, ahol az \u00e9p\u00fcletek \u00e9s\/vagy gy\u00e1rak tal\u00e1lhat\u00f3k, ha m\u00e1r l\u00e9teznek, vagy elemezz\u00fck az ig\u00e9nyeket \u00faj termel\u00e9si l\u00e9tes\u00edtm\u00e9nyek \u00e9p\u00edt\u00e9s\u00e9vel j\u00e1r\u00f3 projektek eset\u00e9ben.<\/p>\n<p>Az ipari elektromos kapacit\u00e1sok, berendez\u00e9sek \u00e9s berendez\u00e9sek korszer\u0171s\u00edt\u00e9s\u00e9nek k\u00f6vetkez\u0151 l\u00e9p\u00e9sei: az elektromos infrastrukt\u00fara, p\u00e9ld\u00e1ul a k\u00f6z\u00e9p- \u00e9s nagyfesz\u00fclts\u00e9g\u0171 eloszt\u00f3h\u00e1l\u00f3zatok \u00e9s transzform\u00e1tor\u00e1llom\u00e1sok tervez\u00e9se \u00e9s fejleszt\u00e9se, valamint telep\u00edt\u00e9se.<\/p>\n<\/div>\n                                                                                            <\/div>\n                                            <\/div>\n                            <\/div>\n            <\/section>\n\n\n\n<div style=\"height:100px\" aria-hidden=\"true\" class=\"wp-block-spacer\"><\/div>\n","protected":false},"excerpt":{"rendered":"<p>Az energetikai infrastrukt\u00fara meg\u00faj\u00edt\u00e1sa A PPC-specialist\u00e1kb\u00f3l \u00e1ll\u00f3 csapatok b\u00e1rmikor \u00e9s b\u00e1rhol k\u00e9pesek energi\u00e1t biztos\u00edtani az \u00d6n v\u00e1llalkoz\u00e1s\u00e1nak, hogy robusztus, megb\u00edzhat\u00f3 \u00e9s fenntarthat\u00f3 energiainfrastrukt\u00far\u00e1t hozzanak l\u00e9tre. Sok\u00e9ves tapasztalatunknak k\u00f6sz\u00f6nhet\u0151en megb\u00edzhat\u00f3, kulcsrak\u00e9sz telep\u00edt\u00e9seket tudunk biztos\u00edtani, hogy a lehet\u0151 legkisebbre cs\u00f6kkents\u00fck az \u00e1ll\u00e1sid\u0151t.<\/p>\n","protected":false},"author":48,"featured_media":0,"parent":25962,"menu_order":0,"comment_status":"closed","ping_status":"closed","template":"","meta":{"_acf_changed":false,"footnotes":""},"class_list":["post-25992","page","type-page","status-publish","hentry"],"acf":[],"yoast_head":"<!-- This site is optimized with the Yoast SEO Premium plugin v21.8 (Yoast SEO v27.3) - https:\/\/yoast.com\/product\/yoast-seo-premium-wordpress\/ -->\n<title>Az energetikai infrastrukt\u00fara meg\u00faj\u00edt\u00e1sa - PPC<\/title>\n<meta name=\"description\" content=\"Az energetikai infrastrukt\u00fara meg\u00faj\u00edt\u00e1sa egy teljes folyamat: az energiafogyaszt\u00e1si \u00e9s energiatermel\u00e9si infrastrukt\u00fara tervez\u00e9se, fejleszt\u00e9se \u00e9s telep\u00edt\u00e9se.\" \/>\n<meta name=\"robots\" content=\"index, follow, max-snippet:-1, max-image-preview:large, max-video-preview:-1\" \/>\n<link rel=\"canonical\" href=\"https:\/\/www-preprod.ppcenergy.ro\/hu\/uzleti-ugyfelek\/uzleti-szolgaltatasok\/energia-infrastruktura\/\" \/>\n<meta property=\"og:locale\" content=\"hu_HU\" \/>\n<meta property=\"og:type\" content=\"article\" \/>\n<meta property=\"og:title\" content=\"Reinnoire infrastructura energetica\" \/>\n<meta property=\"og:description\" content=\"Reinnoirea infrastructurii energetice este un proces complet: proiectarea, dezvoltarea si instalarea infrastructurii de consum si generare de energie.\" \/>\n<meta property=\"og:url\" content=\"https:\/\/www-preprod.ppcenergy.ro\/hu\/uzleti-ugyfelek\/uzleti-szolgaltatasok\/energia-infrastruktura\/\" \/>\n<meta property=\"og:site_name\" content=\"PPC\" \/>\n<meta property=\"article:publisher\" content=\"https:\/\/www.facebook.com\/ppcenergy\" \/>\n<meta property=\"article:modified_time\" content=\"2025-09-03T12:09:30+00:00\" \/>\n<meta name=\"twitter:card\" content=\"summary_large_image\" \/>\n<meta name=\"twitter:title\" content=\"Energiainfrastrukt\u00fara meg\u00faj\u00edt\u00e1sa\" \/>\n<meta name=\"twitter:site\" content=\"@PPCEnergyRo\" \/>\n<meta name=\"twitter:label1\" content=\"Est. reading time\" \/>\n\t<meta name=\"twitter:data1\" content=\"1 perc\" \/>\n<script type=\"application\/ld+json\" class=\"yoast-schema-graph\">{\"@context\":\"https:\\\/\\\/schema.org\",\"@graph\":[{\"@type\":\"WebPage\",\"@id\":\"https:\\\/\\\/www-preprod.ppcenergy.ro\\\/hu\\\/uzleti-ugyfelek\\\/uzleti-szolgaltatasok\\\/energia-infrastruktura\\\/\",\"url\":\"https:\\\/\\\/www-preprod.ppcenergy.ro\\\/hu\\\/uzleti-ugyfelek\\\/uzleti-szolgaltatasok\\\/energia-infrastruktura\\\/\",\"name\":\"Az energetikai infrastrukt\u00fara meg\u00faj\u00edt\u00e1sa - PPC\",\"isPartOf\":{\"@id\":\"https:\\\/\\\/www-preprod.ppcenergy.ro\\\/#website\"},\"datePublished\":\"2024-03-16T11:29:42+00:00\",\"dateModified\":\"2025-09-03T12:09:30+00:00\",\"description\":\"Az energetikai infrastrukt\u00fara meg\u00faj\u00edt\u00e1sa egy teljes folyamat: az energiafogyaszt\u00e1si \u00e9s energiatermel\u00e9si infrastrukt\u00fara tervez\u00e9se, fejleszt\u00e9se \u00e9s telep\u00edt\u00e9se.\",\"breadcrumb\":{\"@id\":\"https:\\\/\\\/www-preprod.ppcenergy.ro\\\/hu\\\/uzleti-ugyfelek\\\/uzleti-szolgaltatasok\\\/energia-infrastruktura\\\/#breadcrumb\"},\"inLanguage\":\"hu\",\"potentialAction\":[{\"@type\":\"ReadAction\",\"target\":[\"https:\\\/\\\/www-preprod.ppcenergy.ro\\\/hu\\\/uzleti-ugyfelek\\\/uzleti-szolgaltatasok\\\/energia-infrastruktura\\\/\"]}]},{\"@type\":\"BreadcrumbList\",\"@id\":\"https:\\\/\\\/www-preprod.ppcenergy.ro\\\/hu\\\/uzleti-ugyfelek\\\/uzleti-szolgaltatasok\\\/energia-infrastruktura\\\/#breadcrumb\",\"itemListElement\":[{\"@type\":\"ListItem\",\"position\":1,\"name\":\"Home\",\"item\":\"https:\\\/\\\/www-preprod.ppcenergy.ro\\\/hu\\\/\"},{\"@type\":\"ListItem\",\"position\":2,\"name\":\"\u00dczleti \u00fcgyfelek\",\"item\":\"https:\\\/\\\/www-preprod.ppcenergy.ro\\\/hu\\\/uzleti-ugyfelek\\\/\"},{\"@type\":\"ListItem\",\"position\":3,\"name\":\"\u00dczleti szolg\u00e1ltat\u00e1sok\",\"item\":\"https:\\\/\\\/www-preprod.ppcenergy.ro\\\/hu\\\/uzleti-ugyfelek\\\/uzleti-szolgaltatasok\\\/\"},{\"@type\":\"ListItem\",\"position\":4,\"name\":\"Energiainfrastrukt\u00fara meg\u00faj\u00edt\u00e1sa\"}]},{\"@type\":\"WebSite\",\"@id\":\"https:\\\/\\\/www-preprod.ppcenergy.ro\\\/#website\",\"url\":\"https:\\\/\\\/www-preprod.ppcenergy.ro\\\/\",\"name\":\"PPC\",\"description\":\"Energy\",\"publisher\":{\"@id\":\"https:\\\/\\\/www-preprod.ppcenergy.ro\\\/#organization\"},\"potentialAction\":[{\"@type\":\"SearchAction\",\"target\":{\"@type\":\"EntryPoint\",\"urlTemplate\":\"https:\\\/\\\/www-preprod.ppcenergy.ro\\\/?s={search_term_string}\"},\"query-input\":{\"@type\":\"PropertyValueSpecification\",\"valueRequired\":true,\"valueName\":\"search_term_string\"}}],\"inLanguage\":\"hu\"},{\"@type\":\"Organization\",\"@id\":\"https:\\\/\\\/www-preprod.ppcenergy.ro\\\/#organization\",\"name\":\"PPC\",\"url\":\"https:\\\/\\\/www-preprod.ppcenergy.ro\\\/\",\"logo\":{\"@type\":\"ImageObject\",\"inLanguage\":\"hu\",\"@id\":\"https:\\\/\\\/www-preprod.ppcenergy.ro\\\/#\\\/schema\\\/logo\\\/image\\\/\",\"url\":\"https:\\\/\\\/www-preprod.ppcenergy.ro\\\/wp-content\\\/uploads\\\/cropped-favicon.webp\",\"contentUrl\":\"https:\\\/\\\/www-preprod.ppcenergy.ro\\\/wp-content\\\/uploads\\\/cropped-favicon.webp\",\"width\":512,\"height\":512,\"caption\":\"PPC\"},\"image\":{\"@id\":\"https:\\\/\\\/www-preprod.ppcenergy.ro\\\/#\\\/schema\\\/logo\\\/image\\\/\"},\"sameAs\":[\"https:\\\/\\\/www.facebook.com\\\/ppcenergy\",\"https:\\\/\\\/x.com\\\/PPCEnergyRo\",\"https:\\\/\\\/www.instagram.com\\\/ppcenergyro\\\/\",\"https:\\\/\\\/www.youtube.com\\\/@PPCEnergy\",\"https:\\\/\\\/www.linkedin.com\\\/company\\\/ppc-energy\\\/\"]}]}<\/script>\n<!-- \/ Yoast SEO Premium plugin. -->","yoast_head_json":{"title":"Az energetikai infrastrukt\u00fara meg\u00faj\u00edt\u00e1sa - PPC","description":"Az energetikai infrastrukt\u00fara meg\u00faj\u00edt\u00e1sa egy teljes folyamat: az energiafogyaszt\u00e1si \u00e9s energiatermel\u00e9si infrastrukt\u00fara tervez\u00e9se, fejleszt\u00e9se \u00e9s telep\u00edt\u00e9se.","robots":{"index":"index","follow":"follow","max-snippet":"max-snippet:-1","max-image-preview":"max-image-preview:large","max-video-preview":"max-video-preview:-1"},"canonical":"https:\/\/www-preprod.ppcenergy.ro\/hu\/uzleti-ugyfelek\/uzleti-szolgaltatasok\/energia-infrastruktura\/","og_locale":"hu_HU","og_type":"article","og_title":"Reinnoire infrastructura energetica","og_description":"Reinnoirea infrastructurii energetice este un proces complet: proiectarea, dezvoltarea si instalarea infrastructurii de consum si generare de energie.","og_url":"https:\/\/www-preprod.ppcenergy.ro\/hu\/uzleti-ugyfelek\/uzleti-szolgaltatasok\/energia-infrastruktura\/","og_site_name":"PPC","article_publisher":"https:\/\/www.facebook.com\/ppcenergy","article_modified_time":"2025-09-03T12:09:30+00:00","twitter_card":"summary_large_image","twitter_title":"Energiainfrastrukt\u00fara meg\u00faj\u00edt\u00e1sa","twitter_site":"@PPCEnergyRo","twitter_misc":{"Est. reading time":"1 perc"},"schema":{"@context":"https:\/\/schema.org","@graph":[{"@type":"WebPage","@id":"https:\/\/www-preprod.ppcenergy.ro\/hu\/uzleti-ugyfelek\/uzleti-szolgaltatasok\/energia-infrastruktura\/","url":"https:\/\/www-preprod.ppcenergy.ro\/hu\/uzleti-ugyfelek\/uzleti-szolgaltatasok\/energia-infrastruktura\/","name":"Az energetikai infrastrukt\u00fara meg\u00faj\u00edt\u00e1sa - PPC","isPartOf":{"@id":"https:\/\/www-preprod.ppcenergy.ro\/#website"},"datePublished":"2024-03-16T11:29:42+00:00","dateModified":"2025-09-03T12:09:30+00:00","description":"Az energetikai infrastrukt\u00fara meg\u00faj\u00edt\u00e1sa egy teljes folyamat: az energiafogyaszt\u00e1si \u00e9s energiatermel\u00e9si infrastrukt\u00fara tervez\u00e9se, fejleszt\u00e9se \u00e9s telep\u00edt\u00e9se.","breadcrumb":{"@id":"https:\/\/www-preprod.ppcenergy.ro\/hu\/uzleti-ugyfelek\/uzleti-szolgaltatasok\/energia-infrastruktura\/#breadcrumb"},"inLanguage":"hu","potentialAction":[{"@type":"ReadAction","target":["https:\/\/www-preprod.ppcenergy.ro\/hu\/uzleti-ugyfelek\/uzleti-szolgaltatasok\/energia-infrastruktura\/"]}]},{"@type":"BreadcrumbList","@id":"https:\/\/www-preprod.ppcenergy.ro\/hu\/uzleti-ugyfelek\/uzleti-szolgaltatasok\/energia-infrastruktura\/#breadcrumb","itemListElement":[{"@type":"ListItem","position":1,"name":"Home","item":"https:\/\/www-preprod.ppcenergy.ro\/hu\/"},{"@type":"ListItem","position":2,"name":"\u00dczleti \u00fcgyfelek","item":"https:\/\/www-preprod.ppcenergy.ro\/hu\/uzleti-ugyfelek\/"},{"@type":"ListItem","position":3,"name":"\u00dczleti szolg\u00e1ltat\u00e1sok","item":"https:\/\/www-preprod.ppcenergy.ro\/hu\/uzleti-ugyfelek\/uzleti-szolgaltatasok\/"},{"@type":"ListItem","position":4,"name":"Energiainfrastrukt\u00fara meg\u00faj\u00edt\u00e1sa"}]},{"@type":"WebSite","@id":"https:\/\/www-preprod.ppcenergy.ro\/#website","url":"https:\/\/www-preprod.ppcenergy.ro\/","name":"PPC","description":"Energy","publisher":{"@id":"https:\/\/www-preprod.ppcenergy.ro\/#organization"},"potentialAction":[{"@type":"SearchAction","target":{"@type":"EntryPoint","urlTemplate":"https:\/\/www-preprod.ppcenergy.ro\/?s={search_term_string}"},"query-input":{"@type":"PropertyValueSpecification","valueRequired":true,"valueName":"search_term_string"}}],"inLanguage":"hu"},{"@type":"Organization","@id":"https:\/\/www-preprod.ppcenergy.ro\/#organization","name":"PPC","url":"https:\/\/www-preprod.ppcenergy.ro\/","logo":{"@type":"ImageObject","inLanguage":"hu","@id":"https:\/\/www-preprod.ppcenergy.ro\/#\/schema\/logo\/image\/","url":"https:\/\/www-preprod.ppcenergy.ro\/wp-content\/uploads\/cropped-favicon.webp","contentUrl":"https:\/\/www-preprod.ppcenergy.ro\/wp-content\/uploads\/cropped-favicon.webp","width":512,"height":512,"caption":"PPC"},"image":{"@id":"https:\/\/www-preprod.ppcenergy.ro\/#\/schema\/logo\/image\/"},"sameAs":["https:\/\/www.facebook.com\/ppcenergy","https:\/\/x.com\/PPCEnergyRo","https:\/\/www.instagram.com\/ppcenergyro\/","https:\/\/www.youtube.com\/@PPCEnergy","https:\/\/www.linkedin.com\/company\/ppc-energy\/"]}]}},"_links":{"self":[{"href":"https:\/\/www-preprod.ppcenergy.ro\/hu\/wp-json\/wp\/v2\/pages\/25992","targetHints":{"allow":["GET"]}}],"collection":[{"href":"https:\/\/www-preprod.ppcenergy.ro\/hu\/wp-json\/wp\/v2\/pages"}],"about":[{"href":"https:\/\/www-preprod.ppcenergy.ro\/hu\/wp-json\/wp\/v2\/types\/page"}],"author":[{"embeddable":true,"href":"https:\/\/www-preprod.ppcenergy.ro\/hu\/wp-json\/wp\/v2\/users\/48"}],"replies":[{"embeddable":true,"href":"https:\/\/www-preprod.ppcenergy.ro\/hu\/wp-json\/wp\/v2\/comments?post=25992"}],"version-history":[{"count":3,"href":"https:\/\/www-preprod.ppcenergy.ro\/hu\/wp-json\/wp\/v2\/pages\/25992\/revisions"}],"predecessor-version":[{"id":27771,"href":"https:\/\/www-preprod.ppcenergy.ro\/hu\/wp-json\/wp\/v2\/pages\/25992\/revisions\/27771"}],"up":[{"embeddable":true,"href":"https:\/\/www-preprod.ppcenergy.ro\/hu\/wp-json\/wp\/v2\/pages\/25962"}],"wp:attachment":[{"href":"https:\/\/www-preprod.ppcenergy.ro\/hu\/wp-json\/wp\/v2\/media?parent=25992"}],"curies":[{"name":"wp","href":"https:\/\/api.w.org\/{rel}","templated":true}]}}